{"id":29839,"date":"2019-09-24T11:22:34","date_gmt":"2019-09-24T09:22:34","guid":{"rendered":"https:\/\/www.creaearredanegozi.it\/?post_type=product&#038;p=29839"},"modified":"2023-07-03T19:57:20","modified_gmt":"2023-07-03T17:57:20","slug":"fleischpokelvitrine-schwarz-kunststoffbeschichteter-stahl-lcd-panel-fleisch-ewig-haltbar","status":"publish","type":"product","link":"https:\/\/www.creaearredanegozi.it\/de\/fleischpokelvitrine-schwarz-kunststoffbeschichteter-stahl-lcd-panel-fleisch-ewig-haltbar\/","title":{"rendered":"Fleischp\u00f6kel-Vitrine schwarz kunststoffbeschichteter Stahl Touch-Panel MEAT Everlasting"},"content":{"rendered":"<h2><strong>Fleisch-\/K\u00e4sereifungsvitrine schwarz kunststoffbeschichteter Stahl MEAT Everlasting<\/strong><\/h2>\n<p>Die Everlasting Seasoning Machine wurde mit Hilfe von Experten und Fachleuten aus der Fleischindustrie entwickelt.<br \/>\nWenn man nicht \u00fcber einen Keller oder einen geeigneten Ort f\u00fcr die Reifung und Lagerung von handwerklichen Produkten verf\u00fcgt, der sicher und vor Klima- und Umwelteinfl\u00fcssen gesch\u00fctzt ist, k\u00f6nnen die Ergebnisse leicht beeintr\u00e4chtigt werden.<\/p>\n<p>Die Seasoning Machine wurde als Antwort auf die Notwendigkeit eines modernen Weinkellers entwickelt, mit dem die perfekten Bedingungen f\u00fcr die Zubereitung von Wein geschaffen werden k\u00f6nnen. <strong>Gew\u00fcrze<\/strong> e <strong>Rollender<\/strong>das ganze Jahr \u00fcber, sicher und auf ganz nat\u00fcrliche Weise.<\/p>\n<p><strong>Merkmale:<\/strong><\/p>\n<ul>\n<li>Innen aus rostfreiem Stahl AISI 304. Au\u00dfen aus schwarzem kunststoffbeschichtetem Stahl.<\/li>\n<li>Geh\u00e4use aus rostfreiem Stahl AISI 304, Glast\u00fcr mit Stahlrahmen.<\/li>\n<li>D\u00c4MMUNG Dicke 75 mm, Polyurethan hoher Dichte<\/li>\n<li>Automatische Kondenswasserverdunstung<\/li>\n<li>KONDENSATSAMMELUNG mit herausnehmbarer Wanne.<\/li>\n<li>H\u00f6henverstellbare F\u00fc\u00dfe aus rostfreiem Stahl (130-200 mm).<\/li>\n<li>LED-Licht (verglaste Modelle).<\/li>\n<li>SELBSTSCHLIESSENDE T\u00dcREN mit 105\u00b0-Rastung, leicht austauschbare Magnetdichtungen, Verriegelung mit KEY.<\/li>\n<li>HACCP ALARMS Management.<\/li>\n<li>Bel\u00fcfteter Verdampfer mit luftgek\u00fchltem Verfl\u00fcssigungssatz - K\u00e4ltemittelgas R290<\/li>\n<li>Innen aus hochglanzpoliertem Edelstahl AISI 304, au\u00dfen aus schwarz kunststoffbeschichtetem Stahl mit Glast\u00fcr.<\/li>\n<li>MITGELIEFERTE AUSR\u00dcSTUNG: FLEISCH &amp; K\u00c4SE: Roste aus Edelstahl AISI 304 f\u00fcr die Reifung von Fleisch und K\u00e4se<\/li>\n<li>Wi-Fi-Anschlussmodul f\u00fcr die Fernverwaltung<\/li>\n<li>STANDARDM\u00c4SSIGE FERNVERBINDUNG: meatico verbindet sich automatisch \u00fcber das Wi-Fi-Netzwerk mit der Cloud und erm\u00f6glicht die Fernverwaltung des Schrankbetriebs und der Parameter \u00fcber die App<\/li>\n<li>Widerstandsbefeuchtereinheit als Standard (Wasseranschluss erforderlich)<\/li>\n<li>Elektronisches Bedienfeld EVERtouch mit 7\"-Touchscreen-Display<\/li>\n<li>Innenbeleuchtung mit 4000K LED-Leisten<\/li>\n<\/ul>\n<hr \/>\n<p><strong>Evertouch-Bedienfeld<\/strong><\/p>\n<p>Touch-Display<\/p>\n<p style=\"text-align: center;\"><a href=\"https:\/\/www.creaearredanegozi.it\/wp-content\/uploads\/2019\/09\/DISPLAY_EVERTOUCH.jpg\"><img decoding=\"async\" class=\"alignnone size-medium wp-image-123796\" src=\"https:\/\/www.creaearredanegozi.it\/wp-content\/uploads\/2019\/09\/DISPLAY_EVERTOUCH-575x400.jpg\" alt=\"\" width=\"575\" height=\"400\" title=\"\" srcset=\"https:\/\/www.creaearredanegozi.it\/wp-content\/uploads\/2019\/09\/DISPLAY_EVERTOUCH-575x400.jpg 575w, https:\/\/www.creaearredanegozi.it\/wp-content\/uploads\/2019\/09\/DISPLAY_EVERTOUCH-516x359.jpg 516w, https:\/\/www.creaearredanegozi.it\/wp-content\/uploads\/2019\/09\/DISPLAY_EVERTOUCH-64x45.jpg 64w, https:\/\/www.creaearredanegozi.it\/wp-content\/uploads\/2019\/09\/DISPLAY_EVERTOUCH-768x535.jpg 768w, https:\/\/www.creaearredanegozi.it\/wp-content\/uploads\/2019\/09\/DISPLAY_EVERTOUCH.jpg 941w\" sizes=\"(max-width: 575px) 100vw, 575px\" \/><\/a><\/p>\n<p><strong>10 voreingestellte Rezepte<\/strong>. Die vorgegebenen Rezepte sind ein Leitfaden, den man befolgen und je nach Bedarf ab\u00e4ndern kann.<\/p>\n<p>150 programmierbare Rezepte<br \/>\n20 einzelne Schritte f\u00fcr jedes Rezept<\/p>\n<p style=\"text-align: left;\"><strong>Funktionen: <\/strong><\/p>\n<table class=\"table table-striped\" style=\"height: 214px;\" width=\"406\">\n<tbody>\n<tr>\n<td width=\"295\">Visualisierung der Sonde<\/td>\n<\/tr>\n<tr>\n<td width=\"295\">Anzeige der aktiven Relais<\/td>\n<\/tr>\n<tr>\n<td style=\"text-align: left;\" width=\"295\">Mehrsprachiges Men\u00fc<\/td>\n<\/tr>\n<tr>\n<td width=\"295\">Automatische Abtauung des Verdampfers<\/td>\n<\/tr>\n<tr>\n<td width=\"295\">HACCP-Alarmprotokoll<\/td>\n<\/tr>\n<tr>\n<td width=\"395\">Keimt\u00f6tende LED-UVC-Lampe (optional)<\/td>\n<\/tr>\n<\/tbody>\n<\/table>\n<p>&nbsp;<\/p>\n<hr \/>\n<p><strong>Technische Daten:<\/strong><\/p>\n<table class=\"table table-striped\">\n<tbody>\n<tr>\n<td>\n<div align=\"left\"><strong>Modell<\/strong><\/div>\n<\/td>\n<td>\n<div align=\"left\"><strong>STG GR\u00dcN ALLE 700<\/strong><br \/>\n<strong>CF SCHWARZ<\/strong><\/div>\n<\/td>\n<\/tr>\n<tr>\n<td>\n<div align=\"left\">Abmessungen (BxTxH mm)<\/div>\n<\/td>\n<td>\n<div align=\"left\">750 x 850 x 2080<\/div>\n<\/td>\n<\/tr>\n<tr>\n<td>\n<div align=\"left\">Kapazit\u00e4t (Lt)<\/div>\n<\/td>\n<td>\n<div align=\"left\">625<\/div>\n<\/td>\n<\/tr>\n<tr>\n<td>\n<div align=\"left\">Temperatur<\/div>\n<\/td>\n<td>\n<div align=\"left\">0\u00b0 + 30\u00b0C<\/div>\n<div align=\"left\">40% - 95% U.R<\/div>\n<\/td>\n<\/tr>\n<tr>\n<td>\n<div align=\"left\">Leistung des K\u00fchlschranks (in Watt)<\/div>\n<\/td>\n<td>\n<div align=\"left\">498<\/div>\n<\/td>\n<\/tr>\n<tr>\n<td>\n<div align=\"left\">Absorption (Watt)<\/div>\n<\/td>\n<td>\n<div align=\"left\">1800<\/div>\n<\/td>\n<\/tr>\n<tr>\n<td>\n<div align=\"left\">Kapazit\u00e4t<\/div>\n<\/td>\n<td>\n<div align=\"left\">Fleisch 150 kg<\/div>\n<div align=\"left\">K\u00e4se 100 kg<\/div>\n<\/td>\n<\/tr>\n<tr>\n<td>\n<div align=\"left\">Anzeige<\/div>\n<\/td>\n<td>\n<div align=\"left\">Evertouch<\/div>\n<\/td>\n<\/tr>\n<tr>\n<td>\n<div align=\"left\">GAS<\/div>\n<\/td>\n<td>\n<div align=\"left\">R290<\/div>\n<\/td>\n<\/tr>\n<tr>\n<td>\n<div align=\"left\">Nettogewicht (kg)<\/div>\n<\/td>\n<td>\n<div align=\"left\">168<\/div>\n<\/td>\n<\/tr>\n<tr>\n<td>\n<div align=\"left\">Bruttogewicht (kg)<\/div>\n<\/td>\n<td>\n<div align=\"left\">188<\/div>\n<\/td>\n<\/tr>\n<\/tbody>\n<\/table>\n<p>&nbsp;<\/p>\n<hr \/>\n<p>STANDARDAUSR\u00dcSTUNG:<\/p>\n<table class=\"table table-striped\" style=\"width: 100%;\">\n<tbody>\n<tr>\n<td>\n<div align=\"left\">\n<p style=\"text-align: center;\">F\u00fchrungspaare aus rostfreiem Stahl <img decoding=\"async\" class=\"aligncenter\" src=\"https:\/\/www.creaearredanegozi.it\/wp-content\/uploads\/2019\/09\/Guide.jpg\" alt=\"\" width=\"80\" height=\"80\" title=\"\"><\/p>\n<\/div>\n<\/td>\n<td style=\"text-align: center;\">\n<div align=\"left\">N\u00b0 5<\/div>\n<\/td>\n<\/tr>\n<tr>\n<td>\n<div style=\"text-align: center;\" align=\"left\">Roste aus rostfreiem Stahl <img decoding=\"async\" class=\"aligncenter\" src=\"https:\/\/www.creaearredanegozi.it\/wp-content\/uploads\/2019\/09\/Griglie-plastificate.jpg\" alt=\"\" width=\"80\" height=\"80\" title=\"\"><\/div>\n<\/td>\n<td style=\"text-align: center;\">\n<div align=\"left\">N\u00b0 5<\/div>\n<\/td>\n<\/tr>\n<\/tbody>\n<\/table>\n<p>&nbsp;<\/p>\n<hr \/>\n<p style=\"text-align: center;\">OPTIONAL<br \/>\n<em>auf Anfrage<\/em><\/p>\n<table style=\"border-collapse: collapse; width: 100%;\">\n<tbody>\n<tr>\n<td style=\"width: 50%; text-align: center;\">\n<div style=\"text-align: center;\" align=\"left\">Keimt\u00f6tende U.V.C.-Lampe<\/div>\n<\/td>\n<td style=\"width: 50%; text-align: center;\">W\u00e4gezelle zum Wiegen von Probenwurst<\/td>\n<\/tr>\n<tr>\n<td style=\"width: 50%; text-align: center;\">Drehbares Karussell zum Aufh\u00e4ngen von W\u00fcrsten<\/td>\n<td style=\"width: 50%; text-align: center;\">Produkttemperatur-Stiftsonde<\/td>\n<\/tr>\n<tr>\n<td style=\"width: 50%; text-align: center;\">Ph-Messsonde in EVERtouch-Elektronik integriert<\/td>\n<td style=\"width: 50%; text-align: center;\">Tragbares Ph-Messger\u00e4t<\/td>\n<\/tr>\n<tr>\n<td style=\"width: 50%; text-align: center;\">Anwendung der R\u00e4der<\/td>\n<td style=\"width: 50%; text-align: center;\">Sockel zur Abdeckung der F\u00fc\u00dfe (nicht verf\u00fcgbar, wenn R\u00e4der vorhanden sind)<\/td>\n<\/tr>\n<\/tbody>\n<\/table>","protected":false},"excerpt":{"rendered":"<div class=\"icon-box featured-box icon-box-right text-right\"  >\n\t\t\t\t\t<div class=\"icon-box-img\" style=\"width: 50px\">\n\t\t\t\t<div class=\"icon\">\n\t\t\t\t\t<div class=\"icon-inner\" >\n\t\t\t\t\t\t<img decoding=\"async\" src=\"https:\/\/www.creaearredanegozi.it\/wp-content\/uploads\/2018\/01\/free_truck.png\" alt=\"Kostenloser Versand nur innerhalb Italiens\"\/>\t\t\t\t\t<\/div>\n\t\t\t\t<\/div>\n\t\t\t<\/div>\n\t\t\t\t<div class=\"icon-box-text last-reset\">\n\t\t\t<h5 class=\"uppercase\">Kostenloser Versand nur innerhalb Italiens<\/h5>\t\t\t\t\t\t\t\t<\/div>\n\t<\/div>","protected":false},"featured_media":123797,"comment_status":"closed","ping_status":"closed","template":"","meta":{"_monsterinsights_skip_tracking":false,"_monsterinsights_sitenote_active":false,"_monsterinsights_sitenote_note":"","_monsterinsights_sitenote_category":0},"product_brand":[743],"product_cat":[21],"product_tag":[],"class_list":{"0":"post-29839","1":"product","2":"type-product","3":"status-publish","4":"has-post-thumbnail","6":"product_brand-everlasting","7":"product_cat-stagionatori-e-frollatori","8":"pa_marca-everlasting","10":"first","11":"instock","12":"taxable","13":"shipping-taxable","14":"purchasable","15":"product-type-simple"},"_links":{"self":[{"href":"https:\/\/www.creaearredanegozi.it\/de\/wp-json\/wp\/v2\/product\/29839","targetHints":{"allow":["GET"]}}],"collection":[{"href":"https:\/\/www.creaearredanegozi.it\/de\/wp-json\/wp\/v2\/product"}],"about":[{"href":"https:\/\/www.creaearredanegozi.it\/de\/wp-json\/wp\/v2\/types\/product"}],"replies":[{"embeddable":true,"href":"https:\/\/www.creaearredanegozi.it\/de\/wp-json\/wp\/v2\/comments?post=29839"}],"wp:featuredmedia":[{"embeddable":true,"href":"https:\/\/www.creaearredanegozi.it\/de\/wp-json\/wp\/v2\/media\/123797"}],"wp:attachment":[{"href":"https:\/\/www.creaearredanegozi.it\/de\/wp-json\/wp\/v2\/media?parent=29839"}],"wp:term":[{"taxonomy":"product_brand","embeddable":true,"href":"https:\/\/www.creaearredanegozi.it\/de\/wp-json\/wp\/v2\/product_brand?post=29839"},{"taxonomy":"product_cat","embeddable":true,"href":"https:\/\/www.creaearredanegozi.it\/de\/wp-json\/wp\/v2\/product_cat?post=29839"},{"taxonomy":"product_tag","embeddable":true,"href":"https:\/\/www.creaearredanegozi.it\/de\/wp-json\/wp\/v2\/product_tag?post=29839"}],"curies":[{"name":"wp","href":"https:\/\/api.w.org\/{rel}","templated":true}]}}