{"id":29890,"date":"2019-09-27T17:19:46","date_gmt":"2019-09-27T15:19:46","guid":{"rendered":"https:\/\/www.creaearredanegozi.it\/?post_type=product&#038;p=29890"},"modified":"2023-07-03T19:57:20","modified_gmt":"2023-07-03T17:57:20","slug":"ausharteraum-weis-kunststoffbeschichtetes-blech-ohne-boden-150x270x249-cm-immerwahrend","status":"publish","type":"product","link":"https:\/\/www.creaearredanegozi.it\/de\/ausharteraum-weis-kunststoffbeschichtetes-blech-ohne-boden-150x270x249-cm-immerwahrend\/","title":{"rendered":"P\u00f6kelzelle f\u00fcr gep\u00f6keltes Fleisch wei\u00df kunststoffbeschichtetes Blech Kapazit\u00e4t 500kg 150x270x249 cm Unverg\u00e4nglich"},"content":{"rendered":"<p><strong>Wursth\u00e4rtezelle wei\u00df kunststoffbeschichtetes Blech ohne Boden Everlasting<\/strong><\/p>\n<p>Die Everlasting Salumi Seasoning Machine wurde mit Hilfe von Experten und Fachleuten aus der Fleischindustrie entwickelt.<br \/>\nWenn man nicht \u00fcber einen Keller oder einen geeigneten Ort f\u00fcr die Reifung und Lagerung von handwerklichen Produkten verf\u00fcgt, der sicher und vor Klima- und Umwelteinfl\u00fcssen gesch\u00fctzt ist, k\u00f6nnen die Ergebnisse leicht beeintr\u00e4chtigt werden.<\/p>\n<p>Die Seasoning Machine wurde als Antwort auf die Notwendigkeit eines modernen Weinkellers entwickelt, mit dem die perfekten Bedingungen f\u00fcr die Zubereitung von Wein geschaffen werden k\u00f6nnen. <strong>Gew\u00fcrze<\/strong> e <strong>Rollender<\/strong>das ganze Jahr \u00fcber, sicher und auf ganz nat\u00fcrliche Weise.<\/p>\n\n\t<section class=\"section dark has-parallax\" id=\"section_1874935806\">\n\t\t<div class=\"section-bg fill\" data-parallax-container=\".section\" data-parallax-background data-parallax=\"-3\">\n\t\t\t<img decoding=\"async\" width=\"1752\" height=\"1104\" src=\"https:\/\/www.creaearredanegozi.it\/wp-content\/uploads\/2019\/09\/Sfondo-Salumi.jpg\" class=\"bg attachment- size-\" alt=\"\" title=\"\">\t\t\t\t\t\t\n\t\t\t\n\n\t\t<\/div>\n\n\t\t\n\n\t\t<div class=\"section-content relative\">\n\t\t\t\n<p style=\"text-align: center;\"><strong>ALLGEMEINE MERKMALE<\/strong><\/p>\n<ul>\n<li>Angedockte modulare Schaltschrankzelle<\/li>\n<li>Ohne Fertigfu\u00dfboden, W\u00e4nde mit Sanit\u00e4rprofilen aus PVC am Boden befestigt<\/li>\n<li>Lebensmittelechter wei\u00dfer kunststoffbeschichteter Stahl innen\/au\u00dfen<\/li>\n<li>70 mm Isolierung aus umweltfreundlichem Polyurethan<\/li>\n<li>Abgerundete Innenecken<\/li>\n<li>Standardt\u00fcr auf Scharnieren mit freier Spannweite 1000x2000H<\/li>\n<li>Zwischendecken- und Wandl\u00fcftungskanal aus Edelstahl AISI 304<\/li>\n<li>Gro\u00dffl\u00e4chige Kupfer\/Aluminium-Verdampfer mit Schutzbeschichtung<\/li>\n<li>K\u00fchlsystem (mit Remote Unit) Verdampfer gro\u00dfz\u00fcgig dimensioniert, um hohe Luftfeuchtigkeit und Leistung auch bei niedriger Gebl\u00e4sedrehzahl zu gew\u00e4hrleisten<\/li>\n<li>Luftgek\u00fchlte Verfl\u00fcssigungss\u00e4tze der ST-Klasse (max. +38\u00b0C)<\/li>\n<li>Verdampfer und Verfl\u00fcssiger werden unter Stickstoff\u00fcberdruck versorgt<\/li>\n<li>Verdampfer mit Abflussrohren zur Ableitung des Kondenswassers ins Freie<\/li>\n<li>Automatische Abtauung mit elektrischem Heizelement<\/li>\n<li>Luftbefeuchter mit elektrischem Widerstandsboiler (Wasseranschluss erforderlich)<\/li>\n<li>K\u00e4ltemittelgas R452A (GWP 2141\/ Gas nicht mitgeliefert)<\/li>\n<li>Temperaturregelbereich 0\u00b0 \/ +30\u00b0C und Feuchtigkeit 40% bis 95%<\/li>\n<li>Elektronisches Bedienfeld EVERtouch mit 7\"-Touchscreen-Display<\/li>\n<li>Innenbeleuchtung mit LED-Scheinwerfern<\/li>\n<li>Tastensperre<\/li>\n<li>Wi-Fi-Anschlussmodul f\u00fcr die Fernverwaltung<\/li>\n<li>HACCP ALARMS Management.<\/li>\n<li>Bel\u00fcfteter Verdampfer mit Fernbedienung, Verkleidung und luftgek\u00fchltem Verfl\u00fcssiger, unter Stickstoff\u00fcberdruck versorgt, max. 15 Meter Abstand. <strong>K\u00e4ltemittelgas R452A und Anschlussschl\u00e4uche NICHT enthalten.<\/strong><\/li>\n<\/ul>\n\t\t<\/div>\n\n\t\t\n<style>\n#section_1874935806 {\n  padding-top: 5px;\n  padding-bottom: 5px;\n  margin-bottom: 0px;\n}\n<\/style>\n\t<\/section>\n\t\n<p><strong>BEL\u00dcFTUNGSSYSTEM:<\/strong> Das Luftverteilungssystem besteht aus Wandkan\u00e4len aus EDELSTAHL AISI 304. Der in der Zelle erzeugte Luftstrom ist gleichm\u00e4\u00dfig und indirekt auf die Produkte gerichtet, um eine Besch\u00e4digung ihrer Oberfl\u00e4che zu vermeiden und eine gleichm\u00e4\u00dfige Reifung zu gew\u00e4hrleisten.<\/p>\n<p><a href=\"https:\/\/www.creaearredanegozi.it\/wp-content\/uploads\/2019\/09\/Ventilazione-Cella-All-in-one.jpg\"><img decoding=\"async\" class=\"alignnone wp-image-123932 size-full\" src=\"https:\/\/www.creaearredanegozi.it\/wp-content\/uploads\/2019\/09\/Ventilazione-Cella-All-in-one.jpg\" alt=\"\" width=\"100%\" height=\"auto\" title=\"\" srcset=\"https:\/\/www.creaearredanegozi.it\/wp-content\/uploads\/2019\/09\/Ventilazione-Cella-All-in-one.jpg 1130w, https:\/\/www.creaearredanegozi.it\/wp-content\/uploads\/2019\/09\/Ventilazione-Cella-All-in-one-516x297.jpg 516w, https:\/\/www.creaearredanegozi.it\/wp-content\/uploads\/2019\/09\/Ventilazione-Cella-All-in-one-64x37.jpg 64w, https:\/\/www.creaearredanegozi.it\/wp-content\/uploads\/2019\/09\/Ventilazione-Cella-All-in-one-695x400.jpg 695w, https:\/\/www.creaearredanegozi.it\/wp-content\/uploads\/2019\/09\/Ventilazione-Cella-All-in-one-768x442.jpg 768w\" sizes=\"(max-width: 1130px) 100vw, 1130px\" \/><\/a><\/p>\n<hr \/>\n<p style=\"text-align: center;\"><strong>EVERtouch-Bedienfeld<\/strong><\/p>\n<div class=\"slider-wrapper relative\" id=\"slider-254651605\" >\n    <div class=\"slider slider-nav-circle slider-nav-large slider-nav-dark slider-style-container\"\n        data-flickity-options='{            \"cellAlign\": \"center\",            \"imagesLoaded\": true,            \"lazyLoad\": 1,            \"freeScroll\": true,            \"wrapAround\": true,            \"autoPlay\": 4500,            \"pauseAutoPlayOnHover\" : true,            \"prevNextButtons\": true,            \"contain\" : true,            \"adaptiveHeight\" : true,            \"dragThreshold\" : 10,            \"percentPosition\": true,            \"pageDots\": true,            \"rightToLeft\": false,            \"draggable\": true,            \"selectedAttraction\": 0.1,            \"parallax\" : 0,            \"friction\": 0.6        }'\n        >\n        \n\t<div class=\"img has-hover x md-x lg-x y md-y lg-y\" id=\"image_1646097704\">\n\t\t\t\t\t\t\t\t<div class=\"img-inner dark\" >\n\t\t\t<img decoding=\"async\" width=\"941\" height=\"655\" src=\"https:\/\/www.creaearredanegozi.it\/wp-content\/uploads\/2023\/04\/DISPLAY_EVERTOUCH_salumi.jpg\" class=\"attachment-large size-large\" alt=\"\" srcset=\"https:\/\/www.creaearredanegozi.it\/wp-content\/uploads\/2023\/04\/DISPLAY_EVERTOUCH_salumi.jpg 941w, https:\/\/www.creaearredanegozi.it\/wp-content\/uploads\/2023\/04\/DISPLAY_EVERTOUCH_salumi-516x359.jpg 516w, https:\/\/www.creaearredanegozi.it\/wp-content\/uploads\/2023\/04\/DISPLAY_EVERTOUCH_salumi-64x45.jpg 64w, https:\/\/www.creaearredanegozi.it\/wp-content\/uploads\/2023\/04\/DISPLAY_EVERTOUCH_salumi-575x400.jpg 575w, https:\/\/www.creaearredanegozi.it\/wp-content\/uploads\/2023\/04\/DISPLAY_EVERTOUCH_salumi-768x535.jpg 768w\" sizes=\"(max-width: 941px) 100vw, 941px\" title=\"\">\t\t\t\t\t\t\n\t\t\t\t\t<\/div>\n\t\t\t\t\t\t\t\t\n<style>\n#image_1646097704 {\n  width: 100%;\n}\n<\/style>\n\t<\/div>\n\t\n\t<div class=\"img has-hover x md-x lg-x y md-y lg-y\" id=\"image_533528837\">\n\t\t\t\t\t\t\t\t<div class=\"img-inner dark\" >\n\t\t\t<img decoding=\"async\" width=\"941\" height=\"655\" src=\"https:\/\/www.creaearredanegozi.it\/wp-content\/uploads\/2023\/04\/DISPLAY_EVERTOUCH_formaggi.jpg\" class=\"attachment-large size-large\" alt=\"\" srcset=\"https:\/\/www.creaearredanegozi.it\/wp-content\/uploads\/2023\/04\/DISPLAY_EVERTOUCH_formaggi.jpg 941w, https:\/\/www.creaearredanegozi.it\/wp-content\/uploads\/2023\/04\/DISPLAY_EVERTOUCH_formaggi-516x359.jpg 516w, https:\/\/www.creaearredanegozi.it\/wp-content\/uploads\/2023\/04\/DISPLAY_EVERTOUCH_formaggi-64x45.jpg 64w, https:\/\/www.creaearredanegozi.it\/wp-content\/uploads\/2023\/04\/DISPLAY_EVERTOUCH_formaggi-575x400.jpg 575w, https:\/\/www.creaearredanegozi.it\/wp-content\/uploads\/2023\/04\/DISPLAY_EVERTOUCH_formaggi-768x535.jpg 768w\" sizes=\"(max-width: 941px) 100vw, 941px\" title=\"\">\t\t\t\t\t\t\n\t\t\t\t\t<\/div>\n\t\t\t\t\t\t\t\t\n<style>\n#image_533528837 {\n  width: 100%;\n}\n<\/style>\n\t<\/div>\n\t\n\t<div class=\"img has-hover x md-x lg-x y md-y lg-y\" id=\"image_565364340\">\n\t\t\t\t\t\t\t\t<div class=\"img-inner dark\" >\n\t\t\t<img decoding=\"async\" width=\"941\" height=\"655\" src=\"https:\/\/www.creaearredanegozi.it\/wp-content\/uploads\/2023\/04\/DISPLAY_EVERTOUCH_carne.jpg\" class=\"attachment-large size-large\" alt=\"\" srcset=\"https:\/\/www.creaearredanegozi.it\/wp-content\/uploads\/2023\/04\/DISPLAY_EVERTOUCH_carne.jpg 941w, https:\/\/www.creaearredanegozi.it\/wp-content\/uploads\/2023\/04\/DISPLAY_EVERTOUCH_carne-516x359.jpg 516w, https:\/\/www.creaearredanegozi.it\/wp-content\/uploads\/2023\/04\/DISPLAY_EVERTOUCH_carne-64x45.jpg 64w, https:\/\/www.creaearredanegozi.it\/wp-content\/uploads\/2023\/04\/DISPLAY_EVERTOUCH_carne-575x400.jpg 575w, https:\/\/www.creaearredanegozi.it\/wp-content\/uploads\/2023\/04\/DISPLAY_EVERTOUCH_carne-768x535.jpg 768w\" sizes=\"(max-width: 941px) 100vw, 941px\" title=\"\">\t\t\t\t\t\t\n\t\t\t\t\t<\/div>\n\t\t\t\t\t\t\t\t\n<style>\n#image_565364340 {\n  width: 100%;\n}\n<\/style>\n\t<\/div>\n\t\n     <\/div>\n\n     <div class=\"loading-spin dark large centered\"><\/div>\n\n\t<\/div>\n\n\n<hr \/>\n<p><strong>10 voreingestellte Rezepte<\/strong>. Die vorgegebenen Rezepte sind ein Leitfaden, den man befolgen und je nach Bedarf ab\u00e4ndern kann.<br \/>\n<strong>150 programmierbare Rezepte<\/strong><br \/>\n<strong>20 einzelne Schritte f\u00fcr jedes Rezept.<\/strong><\/p>\n<p style=\"text-align: left;\"><strong>Funktionen<\/strong><\/p>\n<table class=\"table table-striped\" width=\"100%\">\n<tbody>\n<tr>\n<td width=\"295\">Konstante Anzeige von Raumtemperatur und Luftfeuchtigkeit, Restzeit der aktuellen Phase und Icons mit aktiver Funktion<\/td>\n<\/tr>\n<tr>\n<td width=\"295\">T | HR | PH Graphen<\/td>\n<\/tr>\n<tr>\n<td width=\"295\">Visualisierung der Sonde<\/td>\n<\/tr>\n<tr>\n<td width=\"295\">HACCP-Daten\/Alarmprotokoll<\/td>\n<\/tr>\n<tr>\n<td width=\"295\">Verbleibende Zeit in der Phase<\/td>\n<\/tr>\n<tr>\n<td width=\"395\">Anzeige der aktiven Relais<\/td>\n<\/tr>\n<tr>\n<td width=\"395\">Mehrsprachiges Men\u00fc<\/td>\n<\/tr>\n<tr>\n<td width=\"395\">Schnelle Einstellung und Anzeige von Temperatur, Luftfeuchtigkeit, L\u00fcftungsgeschwindigkeit, Luftaustausch und Betriebsstopp<\/td>\n<\/tr>\n<tr>\n<td width=\"395\">Automatische Abtauung des Verdampfers<\/td>\n<\/tr>\n<tr>\n<td width=\"395\">Software-Aktualisierung<\/td>\n<\/tr>\n<tr>\n<td width=\"395\">USB-Anschluss f\u00fcr den Import\/Export von Rezepten, Parametern, aufgezeichneten Daten und m\u00f6glichen Software-Updates<\/td>\n<\/tr>\n<\/tbody>\n<\/table>\n<hr \/>\n<table style=\"height: auto; width: 100%; border-collapse: collapse;\">\n<tbody>\n<tr style=\"height: 80px;\">\n<td style=\"height: auto; width: 39.9103%; text-align: center;\" colspan=\"4\"><strong>FERNVERBINDUNG ALS STANDARD<\/strong><br \/>\nMeatico stellt \u00fcber ein Wi-Fi-Netzwerk automatisch eine Verbindung zur Cloud her, so dass der Betrieb und die Parameter des Schranks oder der Zelle aus der Ferne verwaltet werden k\u00f6nnen.<\/td>\n<\/tr>\n<tr style=\"height: 284px;\">\n<td style=\"width: 39.9103%;\" rowspan=\"2\"><img decoding=\"async\" class=\"alignnone wp-image-123935 size-full\" src=\"https:\/\/www.creaearredanegozi.it\/wp-content\/uploads\/2019\/09\/App-Everlasting-Celle.jpg\" alt=\"\" width=\"1212\" height=\"2024\" title=\"\" srcset=\"https:\/\/www.creaearredanegozi.it\/wp-content\/uploads\/2019\/09\/App-Everlasting-Celle.jpg 1212w, https:\/\/www.creaearredanegozi.it\/wp-content\/uploads\/2019\/09\/App-Everlasting-Celle-516x862.jpg 516w, https:\/\/www.creaearredanegozi.it\/wp-content\/uploads\/2019\/09\/App-Everlasting-Celle-64x107.jpg 64w, https:\/\/www.creaearredanegozi.it\/wp-content\/uploads\/2019\/09\/App-Everlasting-Celle-240x400.jpg 240w, https:\/\/www.creaearredanegozi.it\/wp-content\/uploads\/2019\/09\/App-Everlasting-Celle-479x800.jpg 479w, https:\/\/www.creaearredanegozi.it\/wp-content\/uploads\/2019\/09\/App-Everlasting-Celle-768x1283.jpg 768w, https:\/\/www.creaearredanegozi.it\/wp-content\/uploads\/2019\/09\/App-Everlasting-Celle-920x1536.jpg 920w\" sizes=\"(max-width: 1212px) 100vw, 1212px\" \/><\/td>\n<td style=\"width: 20%; height: auto; text-align: center;\"><img decoding=\"async\" class=\"alignnone wp-image-123910 size-full\" src=\"https:\/\/www.creaearredanegozi.it\/wp-content\/uploads\/2019\/09\/Ciclo.jpg\" alt=\"\" width=\"120\" height=\"120\" title=\"\" srcset=\"https:\/\/www.creaearredanegozi.it\/wp-content\/uploads\/2019\/09\/Ciclo.jpg 120w, https:\/\/www.creaearredanegozi.it\/wp-content\/uploads\/2019\/09\/Ciclo-100x100.jpg 100w, https:\/\/www.creaearredanegozi.it\/wp-content\/uploads\/2019\/09\/Ciclo-64x64.jpg 64w\" sizes=\"(max-width: 120px) 100vw, 120px\" \/><\/p>\n<p>Visualisierung<br \/>\naktueller Zyklus<\/td>\n<td style=\"width: 20%; height: auto; text-align: center;\"><img decoding=\"async\" class=\"alignnone wp-image-123907 size-full\" src=\"https:\/\/www.creaearredanegozi.it\/wp-content\/uploads\/2019\/09\/Accensione.jpg\" alt=\"\" width=\"113\" height=\"113\" title=\"\" srcset=\"https:\/\/www.creaearredanegozi.it\/wp-content\/uploads\/2019\/09\/Accensione.jpg 113w, https:\/\/www.creaearredanegozi.it\/wp-content\/uploads\/2019\/09\/Accensione-100x100.jpg 100w, https:\/\/www.creaearredanegozi.it\/wp-content\/uploads\/2019\/09\/Accensione-64x64.jpg 64w\" sizes=\"(max-width: 113px) 100vw, 113px\" \/><\/p>\n<p>Ein- und Ausschalten<br \/>\ndes Ger\u00e4ts<\/td>\n<td style=\"width: 20%; height: auto; text-align: center;\"><img decoding=\"async\" class=\"alignnone wp-image-123911 size-full\" src=\"https:\/\/www.creaearredanegozi.it\/wp-content\/uploads\/2019\/09\/Grafico.jpg\" alt=\"\" width=\"120\" height=\"120\" title=\"\" srcset=\"https:\/\/www.creaearredanegozi.it\/wp-content\/uploads\/2019\/09\/Grafico.jpg 120w, https:\/\/www.creaearredanegozi.it\/wp-content\/uploads\/2019\/09\/Grafico-100x100.jpg 100w, https:\/\/www.creaearredanegozi.it\/wp-content\/uploads\/2019\/09\/Grafico-64x64.jpg 64w\" sizes=\"(max-width: 120px) 100vw, 120px\" \/><\/p>\n<p>Visualisierung von Grafiken<br \/>\naktueller Zyklus<\/td>\n<\/tr>\n<tr style=\"height: 51px;\">\n<td style=\"width: 20%; height: 55px; text-align: center;\"><img decoding=\"async\" class=\"alignnone wp-image-123908 size-full\" src=\"https:\/\/www.creaearredanegozi.it\/wp-content\/uploads\/2019\/09\/Allarmi.jpg\" alt=\"\" width=\"120\" height=\"120\" title=\"\" srcset=\"https:\/\/www.creaearredanegozi.it\/wp-content\/uploads\/2019\/09\/Allarmi.jpg 120w, https:\/\/www.creaearredanegozi.it\/wp-content\/uploads\/2019\/09\/Allarmi-100x100.jpg 100w, https:\/\/www.creaearredanegozi.it\/wp-content\/uploads\/2019\/09\/Allarmi-64x64.jpg 64w\" sizes=\"(max-width: 120px) 100vw, 120px\" \/><\/p>\n<p>Bekanntmachung und Verwaltung von<br \/>\nm\u00f6gliche Alarme<\/td>\n<td style=\"width: 20%; height: 55px; text-align: center;\"><img decoding=\"async\" class=\"alignnone wp-image-123913 size-full\" src=\"https:\/\/www.creaearredanegozi.it\/wp-content\/uploads\/2019\/09\/Ricette.jpg\" alt=\"\" width=\"119\" height=\"120\" title=\"\" srcset=\"https:\/\/www.creaearredanegozi.it\/wp-content\/uploads\/2019\/09\/Ricette.jpg 119w, https:\/\/www.creaearredanegozi.it\/wp-content\/uploads\/2019\/09\/Ricette-100x100.jpg 100w, https:\/\/www.creaearredanegozi.it\/wp-content\/uploads\/2019\/09\/Ricette-64x65.jpg 64w\" sizes=\"(max-width: 119px) 100vw, 119px\" \/><\/p>\n<p>Erstellung von<br \/>\nneue Rezepte<\/td>\n<td style=\"width: 20%; height: 55px; text-align: center;\"><img decoding=\"async\" class=\"alignnone wp-image-123912 size-full\" src=\"https:\/\/www.creaearredanegozi.it\/wp-content\/uploads\/2019\/09\/parametri.jpg\" alt=\"\" width=\"120\" height=\"120\" title=\"\" srcset=\"https:\/\/www.creaearredanegozi.it\/wp-content\/uploads\/2019\/09\/parametri.jpg 120w, https:\/\/www.creaearredanegozi.it\/wp-content\/uploads\/2019\/09\/parametri-100x100.jpg 100w, https:\/\/www.creaearredanegozi.it\/wp-content\/uploads\/2019\/09\/parametri-64x64.jpg 64w\" sizes=\"(max-width: 120px) 100vw, 120px\" \/><\/p>\n<p>Visualisierung und<br \/>\nBearbeitungsparameter<\/td>\n<\/tr>\n<\/tbody>\n<\/table>\n<hr \/>\n<p style=\"text-align: center;\"><strong>TECHNISCHE DATEN<\/strong><\/p>\n<table class=\"table table-striped\" width=\"100%\">\n<tbody>\n<tr>\n<td style=\"width: 50%;\">\n<div><strong>Modell<\/strong><\/div>\n<\/td>\n<td style=\"width: 50%;\"><strong>SAW1527AC<\/strong><\/td>\n<\/tr>\n<tr>\n<td>\n<div align=\"left\">Au\u00dfenabmessungen (BxTxH mm)<\/div>\n<\/td>\n<td>\n<div align=\"left\">1500 x 2700 x 2490<\/div>\n<\/td>\n<\/tr>\n<tr>\n<td>\n<div align=\"left\">Innenabmessungen (BxTxH mm)<\/div>\n<\/td>\n<td>\n<div align=\"left\">1178 x 2519 x 2000<\/div>\n<\/td>\n<\/tr>\n<tr>\n<td>\n<div align=\"left\">Volumen (m3)<\/div>\n<\/td>\n<td>8,43<\/td>\n<\/tr>\n<tr>\n<td>T\u00fcr (LxH mm)<\/td>\n<td>\n<div align=\"left\">1000\u00d72000 mm<\/div>\n<\/td>\n<\/tr>\n<tr>\n<td>\n<div align=\"left\">Temperatur<\/div>\n<\/td>\n<td>\n<div align=\"left\">0\u00b0 + 30\u00b0C<\/div>\n<div align=\"left\">40% - 95% U.R.<\/div>\n<\/td>\n<\/tr>\n<tr>\n<td>\n<div align=\"left\">K\u00fchlleistung<\/div>\n<\/td>\n<td>\n<div align=\"left\">2948 Watt<\/div>\n<\/td>\n<\/tr>\n<tr>\n<td>\n<div align=\"left\">Absorption<\/div>\n<\/td>\n<td>\n<div align=\"left\">7 kw<\/div>\n<\/td>\n<\/tr>\n<tr>\n<td>\n<div align=\"left\">Spannung (Volt)<\/div>\n<\/td>\n<td>\n<div align=\"left\">400 | 3N | 50 Hz<\/div>\n<\/td>\n<\/tr>\n<tr>\n<td>\n<div align=\"left\">Kapazit\u00e4t des Produkts<\/div>\n<\/td>\n<td>2 Laufkatzen - 500 kg<\/td>\n<\/tr>\n<tr>\n<td>\n<div align=\"left\">Abmessungen der Au\u00dfeneinheit<\/div>\n<\/td>\n<td>(UTN 250)<\/p>\n<p>1180x450x905 h<\/td>\n<\/tr>\n<\/tbody>\n<\/table>\n<hr \/>\n<p style=\"text-align: center;\"><strong>STANDARDVERSORGUNG<\/strong><\/p>\n<ul>\n<li>Die Zelle wird in Paneelen zerlegt auf Paletten mit Holz-, Karton- und Nylonverpackung geliefert.<\/li>\n<li>Der abgesetzte Verfl\u00fcssigungssatz und der Verdampfer werden bereits ohne K\u00e4ltemittelgas, aber unter Stickstoffdruck gepr\u00fcft geliefert (maximale Entfernung f\u00fcr den Anschluss 15 m).<\/li>\n<\/ul>\n<hr \/>\n<p style=\"text-align: center;\">ZUBEH\u00d6R UND EXTRAS AUF ANFRAGE<\/p>\n<ul>\n<li>Innen- und\/oder Au\u00dfenverkleidung aus rostfreiem Stahl AISI 304 mit 2B-Finish<\/li>\n<li>LED-UVC-Keimt\u00f6tungslampe<\/li>\n<li>W\u00e4gezelle zum Wiegen einer Probe von Wurst oder Fleisch<\/li>\n<li>Produkttemperatur-Stiftsonde<\/li>\n<li>Ph-Messsonde in EVERtouch-Elektronik integriert<\/li>\n<li>Tragbares Ph-Messger\u00e4t<\/li>\n<li>Wurstaufh\u00e4ngewagen aus rostfreiem Stahl AISI 304<\/li>\n<li>Montage- und Pr\u00fcfservice des Herstellers.<\/li>\n<\/ul>\n<p><a href=\"https:\/\/www.creaearredanegozi.it\/wp-content\/uploads\/2019\/09\/Cella-MEATico.jpg\"><img decoding=\"async\" class=\"alignnone size-full wp-image-123941\" src=\"https:\/\/www.creaearredanegozi.it\/wp-content\/uploads\/2019\/09\/Cella-MEATico.jpg\" alt=\"\" width=\"100%\" height=\"auto\" title=\"\" srcset=\"https:\/\/www.creaearredanegozi.it\/wp-content\/uploads\/2019\/09\/Cella-MEATico.jpg 1138w, https:\/\/www.creaearredanegozi.it\/wp-content\/uploads\/2019\/09\/Cella-MEATico-516x290.jpg 516w, https:\/\/www.creaearredanegozi.it\/wp-content\/uploads\/2019\/09\/Cella-MEATico-64x36.jpg 64w, https:\/\/www.creaearredanegozi.it\/wp-content\/uploads\/2019\/09\/Cella-MEATico-712x400.jpg 712w, https:\/\/www.creaearredanegozi.it\/wp-content\/uploads\/2019\/09\/Cella-MEATico-768x431.jpg 768w\" sizes=\"(max-width: 1138px) 100vw, 1138px\" \/><\/a><\/p>","protected":false},"excerpt":{"rendered":"<p>Cella di stagionatura salumi lamiera plastificata bianca senza pavimento Everlasting Lo Stagionatore Salumi Everlasting \u00e8 realizzato con l\u2019aiuto di esperti e professionisti che operano nell&#8217;industria della carne. Quando non si ha a disposizione una cantina o un luogo adatto alla maturazione e conservazione di prodotti artigianali, che sia sicuro e protetto da interferenze climatiche e [&#8230;]","protected":false},"featured_media":29901,"comment_status":"closed","ping_status":"closed","template":"","meta":{"_monsterinsights_skip_tracking":false,"_monsterinsights_sitenote_active":false,"_monsterinsights_sitenote_note":"","_monsterinsights_sitenote_category":0},"product_brand":[743],"product_cat":[21],"product_tag":[],"class_list":{"0":"post-29890","1":"product","2":"type-product","3":"status-publish","4":"has-post-thumbnail","6":"product_brand-everlasting","7":"product_cat-stagionatori-e-frollatori","8":"pa_marca-everlasting","10":"first","11":"instock","12":"taxable","13":"shipping-taxable","14":"purchasable","15":"product-type-simple"},"_links":{"self":[{"href":"https:\/\/www.creaearredanegozi.it\/de\/wp-json\/wp\/v2\/product\/29890","targetHints":{"allow":["GET"]}}],"collection":[{"href":"https:\/\/www.creaearredanegozi.it\/de\/wp-json\/wp\/v2\/product"}],"about":[{"href":"https:\/\/www.creaearredanegozi.it\/de\/wp-json\/wp\/v2\/types\/product"}],"replies":[{"embeddable":true,"href":"https:\/\/www.creaearredanegozi.it\/de\/wp-json\/wp\/v2\/comments?post=29890"}],"wp:featuredmedia":[{"embeddable":true,"href":"https:\/\/www.creaearredanegozi.it\/de\/wp-json\/wp\/v2\/media\/29901"}],"wp:attachment":[{"href":"https:\/\/www.creaearredanegozi.it\/de\/wp-json\/wp\/v2\/media?parent=29890"}],"wp:term":[{"taxonomy":"product_brand","embeddable":true,"href":"https:\/\/www.creaearredanegozi.it\/de\/wp-json\/wp\/v2\/product_brand?post=29890"},{"taxonomy":"product_cat","embeddable":true,"href":"https:\/\/www.creaearredanegozi.it\/de\/wp-json\/wp\/v2\/product_cat?post=29890"},{"taxonomy":"product_tag","embeddable":true,"href":"https:\/\/www.creaearredanegozi.it\/de\/wp-json\/wp\/v2\/product_tag?post=29890"}],"curies":[{"name":"wp","href":"https:\/\/api.w.org\/{rel}","templated":true}]}}