{"id":3019,"date":"2015-07-02T09:41:17","date_gmt":"2015-07-02T07:41:17","guid":{"rendered":"https:\/\/www.creaearredanegozi.it\/?post_type=product&#038;p=3019"},"modified":"2026-01-26T12:21:53","modified_gmt":"2026-01-26T11:21:53","slug":"einzelne-gusseiserne-mittlere-platte-rm1-beckers","status":"publish","type":"product","link":"https:\/\/www.creaearredanegozi.it\/de\/einzelne-gusseiserne-mittlere-platte-rm1-beckers\/","title":{"rendered":"RM1 Beckers einfach gerippte Gusseisen-Mittelplatte"},"content":{"rendered":"<h1>Mittelgro\u00dfe gerippte Grillplatte aus Gusseisen<\/h1>\n<p>Grillplatten sind unverzichtbare Ausr\u00fcstungsgegenst\u00e4nde in jedem Gastronomiebetrieb.<\/p>\n<p>Die Thermostatsteuerung erm\u00f6glicht das schnelle und effektive Garen einer Vielzahl von Lebensmitteln wie Fleisch, Fisch, gef\u00fcllte Toasts, gef\u00fcllte Sandwiches, Gem\u00fcse und K\u00e4se.<\/p>\n<ul>\n<li>Rahmenkonstruktion aus rostfreiem Stahl<\/li>\n<li>Platten aus Gusseisen.<\/li>\n<li>Thermostat mit manueller Steuerung<\/li>\n<li>Ein\/Aus-Schalter<\/li>\n<li>LED zur Aktivierung des Widerstands<\/li>\n<\/ul>\n<table style=\"border-collapse: collapse; width: 100%;\">\n<tbody>\n<tr>\n<td style=\"width: 50%;\">Macht:<\/td>\n<td style=\"width: 50%;\">2,2 kW \/ 230 V<\/td>\n<\/tr>\n<tr>\n<td style=\"width: 50%;\">Abmessungen:<\/td>\n<td style=\"width: 50%;\">430(B) x 310(T) x 220\/520(H) mm<\/td>\n<\/tr>\n<tr>\n<td style=\"width: 50%;\">Kochfeld:<\/td>\n<td style=\"width: 50%;\">335(B) x 230(T)<\/td>\n<\/tr>\n<tr>\n<td style=\"width: 50%;\">Gewicht:<\/td>\n<td style=\"width: 50%;\">38 Kg.<\/td>\n<\/tr>\n<tr>\n<td style=\"width: 50%;\">Temperatur<\/td>\n<td style=\"width: 50%;\">50\u00b0C ~ 300\u00b0C<\/td>\n<\/tr>\n<tr>\n<td style=\"width: 50%;\">Typenschilder<\/td>\n<td style=\"width: 50%;\">Rigata oben - Rigata unten<\/td>\n<\/tr>\n<tr>\n<td style=\"width: 50%;\">Thermostat<\/td>\n<td style=\"width: 50%;\">1 manueller Thermostat<\/td>\n<\/tr>\n<\/tbody>\n<\/table>\n<p>&nbsp;<\/p>","protected":false},"excerpt":{"rendered":"<p>Piastra grill media in ghisa rigata Le piastre grill sono attrezzature indispensabili in ogni attivit\u00e0 di ristorazione. La regolazione del termostato consente la rapida ed efficace cottura di svariati alimenti come carne, pesce, toast farciti, panini imbottiti, verdure, formaggi. Struttura telaio in acciaio inox Piastre in ghisa. Termostato di regolazione manuale Interruttore di accensione\/spegnimento Led [&#8230;]","protected":false},"featured_media":18032,"comment_status":"closed","ping_status":"closed","template":"","meta":{"_monsterinsights_skip_tracking":false,"_monsterinsights_sitenote_active":false,"_monsterinsights_sitenote_note":"","_monsterinsights_sitenote_category":0},"product_brand":[641],"product_cat":[9,89,86,175,723],"product_tag":[363,364],"class_list":{"0":"post-3019","1":"product","2":"type-product","3":"status-publish","4":"has-post-thumbnail","6":"product_brand-beckers","7":"product_cat-attrezzature-pub","8":"product_cat-in-ghisa","9":"product_cat-piastre","10":"product_cat-piastre-ristorazione","11":"product_cat-piastre-cottura","12":"product_tag-piastra-panini","13":"product_tag-piastra-schiacciapanini","14":"product_shipping_class-f","15":"pa_marca-beckers","17":"first","18":"instock","19":"taxable","20":"shipping-taxable","21":"purchasable","22":"product-type-simple"},"_links":{"self":[{"href":"https:\/\/www.creaearredanegozi.it\/de\/wp-json\/wp\/v2\/product\/3019","targetHints":{"allow":["GET"]}}],"collection":[{"href":"https:\/\/www.creaearredanegozi.it\/de\/wp-json\/wp\/v2\/product"}],"about":[{"href":"https:\/\/www.creaearredanegozi.it\/de\/wp-json\/wp\/v2\/types\/product"}],"replies":[{"embeddable":true,"href":"https:\/\/www.creaearredanegozi.it\/de\/wp-json\/wp\/v2\/comments?post=3019"}],"wp:featuredmedia":[{"embeddable":true,"href":"https:\/\/www.creaearredanegozi.it\/de\/wp-json\/wp\/v2\/media\/18032"}],"wp:attachment":[{"href":"https:\/\/www.creaearredanegozi.it\/de\/wp-json\/wp\/v2\/media?parent=3019"}],"wp:term":[{"taxonomy":"product_brand","embeddable":true,"href":"https:\/\/www.creaearredanegozi.it\/de\/wp-json\/wp\/v2\/product_brand?post=3019"},{"taxonomy":"product_cat","embeddable":true,"href":"https:\/\/www.creaearredanegozi.it\/de\/wp-json\/wp\/v2\/product_cat?post=3019"},{"taxonomy":"product_tag","embeddable":true,"href":"https:\/\/www.creaearredanegozi.it\/de\/wp-json\/wp\/v2\/product_tag?post=3019"}],"curies":[{"name":"wp","href":"https:\/\/api.w.org\/{rel}","templated":true}]}}