{"id":3027,"date":"2015-07-02T09:51:13","date_gmt":"2015-07-02T07:51:13","guid":{"rendered":"https:\/\/www.creaearredanegozi.it\/?post_type=product&#038;p=3027"},"modified":"2026-01-26T12:21:53","modified_gmt":"2026-01-26T11:21:53","slug":"doppelte-gusseiserne-platte-r2l2-beckers","status":"publish","type":"product","link":"https:\/\/www.creaearredanegozi.it\/de\/doppelte-gusseiserne-platte-r2l2-beckers\/","title":{"rendered":"Doppelplatte aus Gusseisen R2L2 Beckers"},"content":{"rendered":"<h3 class=\"heading-center\">GRILLPLATTEN AUS GUSSEISEN<\/h3>\n<p>Beckers Italien bietet eine breite Palette der besten <strong>professionelle Gusseisenplatten<\/strong> zum Kochen und Erhitzen von Speisen.<\/p>\n<p>Die Platten des Sortiments haben eine oder zwei unabh\u00e4ngige Platten. Sie k\u00f6nnen gerillt oder glatt sein und k\u00f6nnen daher zum Beispiel als Steakteller oder zum Aufw\u00e4rmen von Sandwiches verwendet werden. . Sie k\u00f6nnen auch in verschiedenen Gr\u00f6\u00dfen geliefert werden.<\/p>\n<p>Alle von Beckers Italy vertriebenen professionellen Kochplatten sind sofort lieferbar und haben einen wettbewerbsf\u00e4higen Preis.<\/p>\n<hr \/>\n<p>&nbsp;<\/p>\n<p>Macht: <strong>1,8 (x2) kW \/ 230 V<\/strong><br \/>\nAbmessungen: <strong>570(B) x 335(T) x 520(H)<\/strong><br \/>\nKochfeld: <strong>475(B) x 230(T)<\/strong><br \/>\nGewicht: <strong>27 Kg.<\/strong><br \/>\nRahmen aus rostfreiem Stahl<br \/>\nTemperatur <strong>50\u00b0C ~ 300\u00b0C<\/strong><br \/>\nGerade links - Gerade rechts<br \/>\n2 separate Thermostate<\/p>","protected":false},"excerpt":{"rendered":"<p>PIASTRE GRILL IN GHISA Beckers Italy propone una vasta gamma delle migliori piastre in ghisa professionali per la cottura e il riscaldamento dei cibi. Le piastre in assortimento hanno una o due pistre indipendenti. Possono essere rigate o lisce e quindi possono essere utilizzate per esempio come bistecchiere o per il riscaldamento di panini. . [&#8230;]","protected":false},"featured_media":7040,"comment_status":"closed","ping_status":"closed","template":"","meta":{"_monsterinsights_skip_tracking":false,"_monsterinsights_sitenote_active":false,"_monsterinsights_sitenote_note":"","_monsterinsights_sitenote_category":0},"product_brand":[641],"product_cat":[192,89,86,723],"product_tag":[363,364],"class_list":{"0":"post-3027","1":"product","2":"type-product","3":"status-publish","4":"has-post-thumbnail","6":"product_brand-beckers","7":"product_cat-cottura","8":"product_cat-in-ghisa","9":"product_cat-piastre","10":"product_cat-piastre-cottura","11":"product_tag-piastra-panini","12":"product_tag-piastra-schiacciapanini","13":"product_shipping_class-f","14":"pa_marca-beckers","16":"first","17":"instock","18":"taxable","19":"shipping-taxable","20":"purchasable","21":"product-type-simple"},"_links":{"self":[{"href":"https:\/\/www.creaearredanegozi.it\/de\/wp-json\/wp\/v2\/product\/3027","targetHints":{"allow":["GET"]}}],"collection":[{"href":"https:\/\/www.creaearredanegozi.it\/de\/wp-json\/wp\/v2\/product"}],"about":[{"href":"https:\/\/www.creaearredanegozi.it\/de\/wp-json\/wp\/v2\/types\/product"}],"replies":[{"embeddable":true,"href":"https:\/\/www.creaearredanegozi.it\/de\/wp-json\/wp\/v2\/comments?post=3027"}],"wp:featuredmedia":[{"embeddable":true,"href":"https:\/\/www.creaearredanegozi.it\/de\/wp-json\/wp\/v2\/media\/7040"}],"wp:attachment":[{"href":"https:\/\/www.creaearredanegozi.it\/de\/wp-json\/wp\/v2\/media?parent=3027"}],"wp:term":[{"taxonomy":"product_brand","embeddable":true,"href":"https:\/\/www.creaearredanegozi.it\/de\/wp-json\/wp\/v2\/product_brand?post=3027"},{"taxonomy":"product_cat","embeddable":true,"href":"https:\/\/www.creaearredanegozi.it\/de\/wp-json\/wp\/v2\/product_cat?post=3027"},{"taxonomy":"product_tag","embeddable":true,"href":"https:\/\/www.creaearredanegozi.it\/de\/wp-json\/wp\/v2\/product_tag?post=3027"}],"curies":[{"name":"wp","href":"https:\/\/api.w.org\/{rel}","templated":true}]}}