{"id":3036,"date":"2015-07-02T10:57:22","date_gmt":"2015-07-02T08:57:22","guid":{"rendered":"https:\/\/www.creaearredanegozi.it\/?post_type=product&#038;p=3036"},"modified":"2023-07-03T19:49:23","modified_gmt":"2023-07-03T17:49:23","slug":"girarrosto-elettrico-e-6p-cb","status":"publish","type":"product","link":"https:\/\/www.creaearredanegozi.it\/de\/girarrosto-elettrico-e-6p-cb\/","title":{"rendered":"Elektrischer Bratspie\u00df f\u00fcr 6 H\u00e4hnchen E-6P CB"},"content":{"rendered":"<h2>Girarrosto elettrico ad aste singole sovrapposte con schidioni completi di forchette, per cucinare fino a 6 polli.<\/h2>\n<ul>\n<li>\u00dcberlappende Einstabbewegung<\/li>\n<li>Feuerungstechnik mit gepanzerten Heizelementen<\/li>\n<li>Manueller Energieregler<\/li>\n<li>Ausgezeichnete Sichtbarkeit und Pr\u00e4sentation der Produkte w\u00e4hrend des Kochens - \u00d6ffnung mit Glast\u00fcren und nat\u00fcrlicher Luftzirkulation<\/li>\n<li>M\u00f6glichkeit des Kochens im Teillastbereich und reduzierter Verbrauch<\/li>\n<\/ul>\n<h3><strong>SPEZIFIKATIONEN<\/strong><\/h3>\n<table class=\"table table-striped\" style=\"width: 100%;\">\n<tbody>\n<tr>\n<td style=\"width: 50%;\">Auktionen<\/td>\n<td style=\"width: 50%;\">2<\/td>\n<\/tr>\n<tr>\n<td>Fassungsverm\u00f6gen (kg)<\/td>\n<td>6<\/td>\n<\/tr>\n<tr>\n<td>Kapazit\u00e4t der H\u00fchner<\/td>\n<td>6<\/td>\n<\/tr>\n<tr>\n<td>Anzahl der Zimmer<\/td>\n<td>1<\/td>\n<\/tr>\n<tr>\n<td>Breite (mm)<\/td>\n<td>700<\/td>\n<\/tr>\n<tr>\n<td>Tiefe (mm)<\/td>\n<td>360<\/td>\n<\/tr>\n<tr>\n<td>H\u00f6he (mm)<\/td>\n<td>530<\/td>\n<\/tr>\n<tr>\n<td>Spannung<\/td>\n<td>230V~<\/td>\n<\/tr>\n<tr>\n<td>Leistungsaufnahme (KW)<\/td>\n<td>2,8<\/td>\n<\/tr>\n<tr>\n<td>Gewicht (kg)<\/td>\n<td>29<\/td>\n<\/tr>\n<\/tbody>\n<\/table>\n<hr \/>\n<p style=\"text-align: center;\">ZUBEH\u00d6R<\/p>\n<hr \/>\n<table style=\"border-collapse: collapse; width: 100%;\">\n<tbody>\n<tr>\n<td>Art. 04040676<\/p>\n<p><strong>Schidione komplett mit Gabeln<\/strong><br \/>\nMisura utile di cottura (mm): 450<\/td>\n<td><img decoding=\"async\" class=\"gallery swiper-slide g-item swiper-container-horizontal\" src=\"https:\/\/img.cb-italy.com\/prodotti\/20190423-2076-04040658.jpg\" alt=\"Gabeln komplett Nutzbare Kochgr\u00f6\u00dfe (mm): 600\" width=\"100%\" height=\"auto\" data-sub-html=\"Schidione completo di forchette&lt;br \/&gt;Misura utile di cottura (mm): 600\" data-src=\"https:\/\/img.cb-italy.com\/prodotti\/20190423-2076-04040658.jpg\" data- title=\"\"><\/td>\n<\/tr>\n<tr>\n<td style=\"width: 50%;\">Art. 14080436<\/p>\n<p><strong>Langgabelrakel<\/strong><br \/>\nMisura utile di cottura (mm): 440<\/td>\n<td style=\"width: 50%;\"><img decoding=\"async\" class=\"aligncenter\" src=\"https:\/\/img.cb-italy.com\/prodotti\/20191129-3356-14080432.070.jpg\" alt=\"Lange Gabel Gabel Squeegee N\u00fctzliches Ma\u00df zum Kochen (mm): 590\" width=\"100%\" height=\"auto\" data-sub-html=\"Schidione a forchetta lunga&lt;br \/&gt;Misura utile di cottura (mm): 590\" data-src=\"https:\/\/img.cb-italy.com\/prodotti\/20191129-3356-14080432.070.jpg\" data- title=\"\"><\/td>\n<\/tr>\n<tr>\n<td style=\"width: 50%;\">Art. 14080280<\/p>\n<p><strong>Schnelle H\u00fchnerschlachtung<\/strong><br \/>\nMisura utile di cottura (mm): 450<\/td>\n<td style=\"width: 50%;\"><img decoding=\"async\" class=\"gallery swiper-slide g-item swiper-container-horizontal\" src=\"https:\/\/img.cb-italy.com\/prodotti\/20191129-3371-14080281.070.jpg\" alt=\"Schnellspalter f\u00fcr H\u00fchner N\u00fctzliche Abmessungen (mm): 610\" width=\"100%\" height=\"auto\" data-sub-html=\"Schidione rapido per polli&lt;br \/&gt;Misura utile di cottura (mm): 610\" data-src=\"https:\/\/img.cb-italy.com\/prodotti\/20191129-3371-14080281.070.jpg\" data- title=\"\"><\/td>\n<\/tr>\n<tr>\n<td style=\"width: 50%;\">Art. 14080116<\/p>\n<p><strong>Flachk\u00e4fig-Wackelpudding<\/strong><br \/>\nMisura utile di cottura (mm): 440<\/td>\n<td style=\"width: 50%;\"><img decoding=\"async\" class=\"gallery swiper-slide g-item swiper-container-horizontal\" src=\"https:\/\/img.cb-italy.com\/prodotti\/20200302-3628-gabbia-piatta.jpg\" alt=\"Gr\u00f6\u00dfe des Flachk\u00e4figs (mm): 570\" width=\"100%\" height=\"auto\" data-sub-html=\"Schidione gabbia piatta&lt;br \/&gt;Misura utile di cottura (mm): 570\" data-src=\"https:\/\/img.cb-italy.com\/prodotti\/20200302-3628-gabbia-piatta.jpg\" data- title=\"\"><\/td>\n<\/tr>\n<tr>\n<td style=\"width: 50%;\">Art. 14080204<\/p>\n<p><strong>Dodge-K\u00e4fig<\/strong><br \/>\nMisura utile di cottura (mm): 440<\/td>\n<td style=\"width: 50%;\"><img decoding=\"async\" class=\"gallery swiper-slide g-item swiper-container-horizontal\" src=\"https:\/\/img.cb-italy.com\/prodotti\/20190423-2127-14080202.jpg\" alt=\"Abgerundeter K\u00e4figschild Brennhilfsmittelma\u00df (mm): 570\" width=\"100%\" height=\"auto\" data-sub-html=\"Schidione gabbia bombata&lt;br \/&gt;Misura utile di cottura (mm): 570\" data-src=\"https:\/\/img.cb-italy.com\/prodotti\/20190423-2127-14080202.jpg\" data- title=\"\"><\/td>\n<\/tr>\n<tr>\n<td style=\"width: 50%;\">Art. 14080115<\/p>\n<p><strong>Schidione f\u00fcr Braten<\/strong><br \/>\nMisura utile di cottura (mm): 375<\/td>\n<td style=\"width: 50%;\"><img decoding=\"async\" class=\"gallery swiper-slide g-item swiper-container-horizontal\" src=\"https:\/\/img.cb-italy.com\/prodotti\/20191129-3351-14080017.070.jpg\" alt=\"Bratrost Nutzma\u00df (mm): 525\" width=\"100%\" height=\"auto\" data-sub-html=\"Schidione per arrosto&lt;br \/&gt;Misura utile di cottura (mm): 525\" data-src=\"https:\/\/img.cb-italy.com\/prodotti\/20191129-3351-14080017.070.jpg\" data- title=\"\"><\/td>\n<\/tr>\n<tr>\n<td style=\"width: 50%;\">Art. 14080131<\/p>\n<p><strong>Abstreifer f\u00fcr geschlossene K\u00f6rbe<\/strong><br \/>\nMisura utile di cottura (mm): 435<\/td>\n<td style=\"width: 50%;\"><img decoding=\"async\" class=\"gallery swiper-slide g-item swiper-container-horizontal\" src=\"https:\/\/img.cb-italy.com\/prodotti\/20190423-2103-14080039.jpg\" alt=\"Geschlossener Korb Brenngr\u00f6\u00dfe (mm): 570\" width=\"443\" height=\"190\" data-sub-html=\"Schidione a cestello chiuso&lt;br \/&gt;Misura utile di cottura (mm): 570\" data-src=\"https:\/\/img.cb-italy.com\/prodotti\/20190423-2103-14080039.jpg\" data- title=\"\"><\/td>\n<\/tr>\n<tr>\n<td style=\"width: 50%;\">Art. 14080133<\/p>\n<p><strong>Maschenkorb<\/strong><br \/>\nMisura utile di cottura (mm): 440<\/td>\n<td style=\"width: 50%;\"><img decoding=\"async\" class=\"gallery swiper-slide g-item swiper-container-horizontal\" src=\"https:\/\/img.cb-italy.com\/prodotti\/20190423-2108-14080114.jpg\" alt=\"Maschenkorb Nutzbare Kochfl\u00e4che (mm): 570\" width=\"443\" height=\"190\" data-sub-html=\"Cestello a rete&lt;br \/&gt;Misura utile di cottura (mm): 570\" data-src=\"https:\/\/img.cb-italy.com\/prodotti\/20190423-2108-14080114.jpg\" data- title=\"\"><\/td>\n<\/tr>\n<tr>\n<td style=\"width: 50%;\">Art. 14080136<\/p>\n<p><strong>Schidione f\u00fcr Spanferkel<\/strong><br \/>\nMisura utile di cottura (mm): 460<\/td>\n<td style=\"width: 50%;\"><a href=\"https:\/\/img.cb-italy.com\/prodotti\/20190423-2120-14080137.jpg\" target=\"_blank\" rel=\"noopener\"><img decoding=\"async\" class=\"alignnone\" src=\"https:\/\/img.cb-italy.com\/prodotti\/20190423-2120-14080137.jpg\" alt=\"Schidione f\u00fcr Spanferkel\" width=\"443\" height=\"178\" title=\"\"><\/a><\/td>\n<\/tr>\n<\/tbody>\n<\/table>","protected":false},"excerpt":{"rendered":"<p>Girarrosto elettrico ad aste singole sovrapposte con schidioni completi di forchette, per cucinare fino a 6 polli. Movimento ad aste singole sovrapposte Tecnologia di cottura con resistenze corazzate Regolatore manuale dell\u2019energia Ottima visibilit\u00e0 e presentazione dei prodotti durante la cottura &#8211; apertura con porte in vetro e con circolazione naturale dell\u2019aria Possibilit\u00e0 di cotture con [&#8230;]","protected":false},"featured_media":124506,"comment_status":"closed","ping_status":"closed","template":"","meta":{"_monsterinsights_skip_tracking":false,"_monsterinsights_sitenote_active":false,"_monsterinsights_sitenote_note":"","_monsterinsights_sitenote_category":0},"product_brand":[741],"product_cat":[114,39],"product_tag":[],"class_list":{"0":"post-3036","1":"product","2":"type-product","3":"status-publish","4":"has-post-thumbnail","6":"product_brand-cb-italy","7":"product_cat-elettrici-girarrosto","8":"product_cat-girarrosto","9":"product_shipping_class-32","10":"pa_marca-cb-italy","12":"first","13":"instock","14":"taxable","15":"shipping-taxable","16":"purchasable","17":"product-type-simple"},"_links":{"self":[{"href":"https:\/\/www.creaearredanegozi.it\/de\/wp-json\/wp\/v2\/product\/3036","targetHints":{"allow":["GET"]}}],"collection":[{"href":"https:\/\/www.creaearredanegozi.it\/de\/wp-json\/wp\/v2\/product"}],"about":[{"href":"https:\/\/www.creaearredanegozi.it\/de\/wp-json\/wp\/v2\/types\/product"}],"replies":[{"embeddable":true,"href":"https:\/\/www.creaearredanegozi.it\/de\/wp-json\/wp\/v2\/comments?post=3036"}],"wp:featuredmedia":[{"embeddable":true,"href":"https:\/\/www.creaearredanegozi.it\/de\/wp-json\/wp\/v2\/media\/124506"}],"wp:attachment":[{"href":"https:\/\/www.creaearredanegozi.it\/de\/wp-json\/wp\/v2\/media?parent=3036"}],"wp:term":[{"taxonomy":"product_brand","embeddable":true,"href":"https:\/\/www.creaearredanegozi.it\/de\/wp-json\/wp\/v2\/product_brand?post=3036"},{"taxonomy":"product_cat","embeddable":true,"href":"https:\/\/www.creaearredanegozi.it\/de\/wp-json\/wp\/v2\/product_cat?post=3036"},{"taxonomy":"product_tag","embeddable":true,"href":"https:\/\/www.creaearredanegozi.it\/de\/wp-json\/wp\/v2\/product_tag?post=3036"}],"curies":[{"name":"wp","href":"https:\/\/api.w.org\/{rel}","templated":true}]}}