{"id":3042,"date":"2015-07-02T11:07:25","date_gmt":"2015-07-02T09:07:25","guid":{"rendered":"https:\/\/www.creaearredanegozi.it\/?post_type=product&#038;p=3042"},"modified":"2023-07-03T19:49:24","modified_gmt":"2023-07-03T17:49:24","slug":"girarrosto-elettrico-e-48p-s8-cb","status":"publish","type":"product","link":"https:\/\/www.creaearredanegozi.it\/de\/girarrosto-elettrico-e-48p-s8-cb\/","title":{"rendered":"E-48P-S8 CB 48-H\u00e4hnchen-Elektrogrill mit \u00fcberlappenden St\u00e4ben"},"content":{"rendered":"<p>Elektrischer Drehspie\u00df mit einzelnen \u00fcberlappenden St\u00e4ben f\u00fcr 48 H\u00e4hnchen und mit 8 St\u00e4ben. M\u00f6glichkeit des Kochens mit Teillast und reduziertem Verbrauch<\/p>\n<ul>\n<li>\u00dcberlappende Einstabbewegung<\/li>\n<li>Feuerungstechnik mit gepanzerten Heizelementen<\/li>\n<li>Manueller Energieregler<\/li>\n<li>Ausgezeichnete Sichtbarkeit und Pr\u00e4sentation der Produkte w\u00e4hrend des Kochens - \u00d6ffnung mit Glast\u00fcren und nat\u00fcrlicher Luftzirkulation<\/li>\n<li>M\u00f6glichkeit des Kochens im Teillastbereich und reduzierter Verbrauch<\/li>\n<\/ul>\n<table class=\"table table-striped\">\n<tbody>\n<tr>\n<td style=\"width: 50%;\">Auktionen<\/td>\n<td style=\"width: 50%;\">8<\/td>\n<\/tr>\n<tr>\n<td style=\"width: 50%;\">Luce<\/td>\n<td style=\"width: 50%;\">100 cm<\/td>\n<\/tr>\n<tr>\n<td style=\"width: 50%;\">H\u00fchner<\/td>\n<td style=\"width: 50%;\">48 (48 kg)<\/td>\n<\/tr>\n<tr>\n<td style=\"width: 50%;\">Breite<\/td>\n<td style=\"width: 50%;\">1270 mm<\/td>\n<\/tr>\n<tr>\n<td style=\"width: 50%;\">Tiefe<\/td>\n<td style=\"width: 50%;\">500 mm<\/td>\n<\/tr>\n<tr>\n<td style=\"width: 50%;\">H\u00f6he<\/td>\n<td style=\"width: 50%;\">2030 mm<\/td>\n<\/tr>\n<tr>\n<td style=\"width: 50%;\">Strom<\/td>\n<td style=\"width: 50%;\">\u00a024 Kw<\/td>\n<\/tr>\n<tr>\n<td style=\"width: 50%;\">Spannung<\/td>\n<td style=\"width: 50%;\">230V 3~\/400V 3N~<\/td>\n<\/tr>\n<tr>\n<td style=\"width: 50%;\">Gewicht<\/td>\n<td style=\"width: 50%;\">180 kg<\/td>\n<\/tr>\n<\/tbody>\n<\/table>","protected":false},"excerpt":{"rendered":"<p>Girarrosto elettrico ad aste singole sovrapposte per 48 polli e con 8 aste. Possibilit\u00e0 di cotture con carico parziale e consumo ridotto Movimento ad aste singole sovrapposte Tecnologia di cottura con resistenze corazzate Regolatore manuale dell\u2019energia Ottima visibilit\u00e0 e presentazione dei prodotti durante la cottura &#8211; apertura con porte in vetro e con circolazione naturale [&#8230;]","protected":false},"featured_media":124467,"comment_status":"closed","ping_status":"closed","template":"","meta":{"_monsterinsights_skip_tracking":false,"_monsterinsights_sitenote_active":false,"_monsterinsights_sitenote_note":"","_monsterinsights_sitenote_category":0},"product_brand":[741],"product_cat":[114,39],"product_tag":[],"class_list":{"0":"post-3042","1":"product","2":"type-product","3":"status-publish","4":"has-post-thumbnail","6":"product_brand-cb-italy","7":"product_cat-elettrici-girarrosto","8":"product_cat-girarrosto","9":"pa_marca-cb-italy","11":"first","12":"instock","13":"taxable","14":"shipping-taxable","15":"purchasable","16":"product-type-simple"},"_links":{"self":[{"href":"https:\/\/www.creaearredanegozi.it\/de\/wp-json\/wp\/v2\/product\/3042","targetHints":{"allow":["GET"]}}],"collection":[{"href":"https:\/\/www.creaearredanegozi.it\/de\/wp-json\/wp\/v2\/product"}],"about":[{"href":"https:\/\/www.creaearredanegozi.it\/de\/wp-json\/wp\/v2\/types\/product"}],"replies":[{"embeddable":true,"href":"https:\/\/www.creaearredanegozi.it\/de\/wp-json\/wp\/v2\/comments?post=3042"}],"wp:featuredmedia":[{"embeddable":true,"href":"https:\/\/www.creaearredanegozi.it\/de\/wp-json\/wp\/v2\/media\/124467"}],"wp:attachment":[{"href":"https:\/\/www.creaearredanegozi.it\/de\/wp-json\/wp\/v2\/media?parent=3042"}],"wp:term":[{"taxonomy":"product_brand","embeddable":true,"href":"https:\/\/www.creaearredanegozi.it\/de\/wp-json\/wp\/v2\/product_brand?post=3042"},{"taxonomy":"product_cat","embeddable":true,"href":"https:\/\/www.creaearredanegozi.it\/de\/wp-json\/wp\/v2\/product_cat?post=3042"},{"taxonomy":"product_tag","embeddable":true,"href":"https:\/\/www.creaearredanegozi.it\/de\/wp-json\/wp\/v2\/product_tag?post=3042"}],"curies":[{"name":"wp","href":"https:\/\/api.w.org\/{rel}","templated":true}]}}