{"id":30456,"date":"2019-10-12T12:44:27","date_gmt":"2019-10-12T10:44:27","guid":{"rendered":"https:\/\/www.creaearredanegozi.it\/?post_type=product&#038;p=30456"},"modified":"2026-02-25T17:04:23","modified_gmt":"2026-02-25T16:04:23","slug":"kuhlvitrine-gn-2-1-beluftet-2c-8c-2-turen-professional-line-forcar-gn1410tng","status":"publish","type":"product","link":"https:\/\/www.creaearredanegozi.it\/de\/kuhlvitrine-gn-2-1-beluftet-2c-8c-2-turen-professional-line-forcar-gn1410tng\/","title":{"rendered":"K\u00fchlvitrine GN 2\/1 bel\u00fcftet -2\u00b0C\/+8\u00b0C 2 T\u00fcren Professional Line Forcar G-GN1410TNG"},"content":{"rendered":"<h3>K\u00fchlvitrine GN 2\/1 bel\u00fcftet -2\u00b0C\/+8\u00b0C 2 T\u00fcren Professional Line Forcar<\/h3>\n<p><strong>GN2\/1 BEL\u00dcFTETE K\u00dcHLSCHR\u00c4NKE G-GN1410TNG<\/strong><\/p>\n<ul>\n<li>GN 2\/1-K\u00fchlm\u00f6bel in <strong>Rostfreier Stahl AISI 304<\/strong>Doppelt\u00fcr.<\/li>\n<li>Bel\u00fcftete K\u00fchlung.<\/li>\n<li>Eingebaute Gruppe.<\/li>\n<li>Der Verdampfer ist verdeckt angebracht, so dass ein Maximum an Platz zur Verf\u00fcgung steht.<\/li>\n<li>Motorraum mit isolierten Seiten.<\/li>\n<li>Elektronische Temperaturregelung mit digitalem Thermostat.<\/li>\n<li>Elektrische Heizung um den T\u00fcrrahmen zur Beseitigung von Kondenswasser.<\/li>\n<li>Automatische Abtauung mit elektrischem Widerstand und automatischer Steuerung des Tauwassers.<\/li>\n<li>Verdampfer gegen Korrosion behandelt.<\/li>\n<li>T\u00fcren mit R\u00fcckholfedern.<\/li>\n<li>T\u00fcrschloss mit Schl\u00fcssel.<\/li>\n<li>Werkzeuglos abnehmbare T\u00fcrdichtung und verzinkte R\u00fcckwand aus Blech.<\/li>\n<li>H\u00f6henverstellbare F\u00fc\u00dfe aus Edelstahl AISI 304.<\/li>\n<\/ul>\n<hr \/>\n<p><strong>Technische Daten:<\/strong><\/p>\n<table class=\"table table-striped\">\n<tbody>\n<tr>\n<td>\n<div align=\"left\"><strong>Modell<\/strong><\/div>\n<\/td>\n<td>\n<div align=\"left\"><b>G-GN1410TNG<\/b><\/div>\n<\/td>\n<\/tr>\n<tr>\n<td>\n<div align=\"left\">Arbeitstemperatur<\/div>\n<\/td>\n<td>\n<div align=\"left\">-2\u00b0C\/+8\u00b0C<\/div>\n<\/td>\n<\/tr>\n<tr>\n<td>\n<div align=\"left\">\u00c4u\u00dfere Abmessungen<\/div>\n<\/td>\n<td>\n<div align=\"left\">1480 x 830 x 2010h mm<\/div>\n<\/td>\n<\/tr>\n<tr>\n<td>\n<div align=\"left\">Innere Abmessungen<\/div>\n<\/td>\n<td>\n<div align=\"left\">1360 x 685 x 1396h mm<\/div>\n<\/td>\n<\/tr>\n<tr>\n<td>\n<div align=\"left\">Kapazit\u00e4t<\/div>\n<\/td>\n<td>\n<div align=\"left\">1325 L<\/div>\n<\/td>\n<\/tr>\n<tr>\n<td>\n<div align=\"left\">Maximale Arbeitstemperatur<\/div>\n<\/td>\n<td>\n<div align=\"left\">+32\u00b0C\/ 55 % HR<\/div>\n<\/td>\n<\/tr>\n<tr>\n<td>\n<div align=\"left\">Art der K\u00fchlung<\/div>\n<\/td>\n<td>\n<div align=\"left\">Bel\u00fcftet<\/div>\n<\/td>\n<\/tr>\n<tr>\n<td>\n<div align=\"left\">Art der Abtauung<\/div>\n<\/td>\n<td>\n<div align=\"left\">Elektrisch<\/div>\n<\/td>\n<\/tr>\n<tr>\n<td>\n<div align=\"left\">Art des K\u00e4ltemittelgases<\/div>\n<\/td>\n<td>\n<div align=\"left\">R290<\/div>\n<\/td>\n<\/tr>\n<tr>\n<td>\n<div align=\"left\">Kondenswasserverdunstung<\/div>\n<\/td>\n<td>\n<div align=\"left\">Automatisch<\/div>\n<\/td>\n<\/tr>\n<tr>\n<td>\n<div align=\"left\">Temperaturkontrolle<\/div>\n<\/td>\n<td>\n<div align=\"left\">Elektronisch<\/div>\n<\/td>\n<\/tr>\n<tr>\n<td>\n<div align=\"left\">Isolierung<\/div>\n<\/td>\n<td>\n<div align=\"left\">60 mm<\/div>\n<\/td>\n<\/tr>\n<tr>\n<td>\n<div align=\"left\">Absorption<\/div>\n<\/td>\n<td>\n<div align=\"left\">500 W<\/div>\n<\/td>\n<\/tr>\n<tr>\n<td>\n<div align=\"left\">Spannung<\/div>\n<\/td>\n<td>\n<div align=\"left\">230V \/ 50 Hz<\/div>\n<\/td>\n<\/tr>\n<tr>\n<td>\n<div align=\"left\">Baumaterial<\/div>\n<\/td>\n<td>\n<div align=\"left\">Rostfreier Stahl AISI 304<\/div>\n<\/td>\n<\/tr>\n<tr>\n<td>\n<div align=\"left\">Umkehrung der T\u00fcr<\/div>\n<\/td>\n<td>\n<div align=\"left\">Nein<\/div>\n<\/td>\n<\/tr>\n<tr>\n<td>\n<div align=\"left\">Innenbeleuchtung<\/div>\n<\/td>\n<td>\n<div align=\"left\">Ja<\/div>\n<\/td>\n<\/tr>\n<tr>\n<td>\n<div align=\"left\">Mitgeliefertes Zubeh\u00f6r<\/div>\n<\/td>\n<td>\n<div align=\"left\">6 GN 2\/1 Grills<\/div>\n<\/td>\n<\/tr>\n<tr>\n<td>\n<div align=\"left\">Nettogewicht<\/div>\n<\/td>\n<td>\n<div align=\"left\">208 kg<\/div>\n<\/td>\n<\/tr>\n<tr>\n<td>\n<div align=\"left\">Bruttogewicht<\/div>\n<\/td>\n<td>\n<div align=\"left\">235 kg<\/div>\n<\/td>\n<\/tr>\n<\/tbody>\n<\/table>\n<p>&nbsp;<\/p>","protected":false},"excerpt":{"rendered":"<p>Vetrina refrigerata GN 2\/1 ventilata -2\u00b0C\/+8\u00b0C 2 porte Professional Line Forcar ARMADI REFRIGERATI GN2\/1 VENTILATI G-GN1410TNG Armadio refrigerato GN 2\/1 in acciaio inox AISI 304, doppia anta. Refrigerazione ventilata. Gruppo incorporato. Evaporatore posizionato a scomparsa in modo da avere massimo spazio disponibile. Vano motore con fianchi coibentati. Controllo temperatura elettronico con termostato digitale. Resistenza elettrica [&#8230;]","protected":false},"featured_media":124352,"comment_status":"closed","ping_status":"closed","template":"","meta":{"_monsterinsights_skip_tracking":false,"_monsterinsights_sitenote_active":false,"_monsterinsights_sitenote_note":"","_monsterinsights_sitenote_category":0},"product_brand":[624],"product_cat":[69,27,753,256,28],"product_tag":[],"class_list":{"0":"post-30456","1":"product","2":"type-product","3":"status-publish","4":"has-post-thumbnail","6":"product_brand-forcar","7":"product_cat-armadi-refrigerati","8":"product_cat-armadi-e-tavoli-refrigerati","9":"product_cat-armadi-refrigerati-pasticcerie","10":"product_cat-fredde","11":"product_cat-vetrine","12":"product_shipping_class-375","13":"pa_classe-energetica-classe-c","14":"pa_marca-forcar","16":"first","17":"instock","18":"taxable","19":"shipping-taxable","20":"purchasable","21":"product-type-simple"},"_links":{"self":[{"href":"https:\/\/www.creaearredanegozi.it\/de\/wp-json\/wp\/v2\/product\/30456","targetHints":{"allow":["GET"]}}],"collection":[{"href":"https:\/\/www.creaearredanegozi.it\/de\/wp-json\/wp\/v2\/product"}],"about":[{"href":"https:\/\/www.creaearredanegozi.it\/de\/wp-json\/wp\/v2\/types\/product"}],"replies":[{"embeddable":true,"href":"https:\/\/www.creaearredanegozi.it\/de\/wp-json\/wp\/v2\/comments?post=30456"}],"wp:featuredmedia":[{"embeddable":true,"href":"https:\/\/www.creaearredanegozi.it\/de\/wp-json\/wp\/v2\/media\/124352"}],"wp:attachment":[{"href":"https:\/\/www.creaearredanegozi.it\/de\/wp-json\/wp\/v2\/media?parent=30456"}],"wp:term":[{"taxonomy":"product_brand","embeddable":true,"href":"https:\/\/www.creaearredanegozi.it\/de\/wp-json\/wp\/v2\/product_brand?post=30456"},{"taxonomy":"product_cat","embeddable":true,"href":"https:\/\/www.creaearredanegozi.it\/de\/wp-json\/wp\/v2\/product_cat?post=30456"},{"taxonomy":"product_tag","embeddable":true,"href":"https:\/\/www.creaearredanegozi.it\/de\/wp-json\/wp\/v2\/product_tag?post=30456"}],"curies":[{"name":"wp","href":"https:\/\/api.w.org\/{rel}","templated":true}]}}