{"id":3047,"date":"2015-07-02T11:18:29","date_gmt":"2015-07-02T09:18:29","guid":{"rendered":"https:\/\/www.creaearredanegozi.it\/?post_type=product&#038;p=3047"},"modified":"2023-07-03T19:49:24","modified_gmt":"2023-07-03T17:49:24","slug":"gas-rotisserie-g-12p-cb","status":"publish","type":"product","link":"https:\/\/www.creaearredanegozi.it\/de\/gas-rotisserie-g-12p-cb\/","title":{"rendered":"Gasdrehspie\u00df f\u00fcr 12 H\u00e4hnchen mit gestapelten St\u00e4ben G-12P CB"},"content":{"rendered":"<p>Gasdrehspie\u00df mit Einstabbewegung (12 H\u00e4hnchen - Nr. 3 St\u00e4be, Spannweite 720 mm)<\/p>\n<h1>Gas-Rotisserie G-12P<\/h1>\n<p class=\"par-dett\">Professioneller Gasgrill mit einzelnen \u00fcberlappenden St\u00e4ben f\u00fcr 12 H\u00e4hnchen und 3 St\u00e4ben komplett mit Gabeln. Gartechnik mit Infrarot-Brennern.<\/p>\n<ul>\n<li>\u00dcberlappende Einstabbewegung<\/li>\n<li>Kochtechnik mit Infrarot-Brennern und Ventilhahn mit Sicherheitsthermoelement<\/li>\n<li>Vertikale Hubglas\u00f6ffnung<\/li>\n<li>Nat\u00fcrliche Luftzirkulation<\/li>\n<li>Mitgelieferte Gabeln<\/li>\n<\/ul>\n<div class=\"dett-sec\">\n<h3><strong>SPEZIFIKATIONEN<\/strong><\/h3>\n<\/div>\n<table class=\"table table-striped\">\n<tbody>\n<tr>\n<td style=\"width: 50%;\">Auktionen<\/td>\n<td style=\"width: 50%;\">3<\/td>\n<\/tr>\n<tr>\n<td>Fassungsverm\u00f6gen (kg)<\/td>\n<td>12<\/td>\n<\/tr>\n<tr>\n<td>Kapazit\u00e4t der H\u00fchner<\/td>\n<td>12<\/td>\n<\/tr>\n<tr>\n<td>Anzahl der Zimmer<\/td>\n<td>1<\/td>\n<\/tr>\n<tr>\n<td>Breite (mm)<\/td>\n<td>900<\/td>\n<\/tr>\n<tr>\n<td>Tiefe (mm)<\/td>\n<td>510<\/td>\n<\/tr>\n<tr>\n<td>H\u00f6he (mm)<\/td>\n<td>780<\/td>\n<\/tr>\n<tr>\n<td>H\u00f6he mit erh\u00f6htem Glas (mm)<\/td>\n<td>1030<\/td>\n<\/tr>\n<tr>\n<td>Brenner<\/td>\n<td>1<\/td>\n<\/tr>\n<tr>\n<td>Spannung<\/td>\n<td>230V~<\/td>\n<\/tr>\n<tr>\n<td>Leistungsaufnahme (KW)<\/td>\n<td>0,13<\/td>\n<\/tr>\n<tr>\n<td>Gasverbrauch G20 (Methan) (m\u00b3\/h)<br \/>\nGasverbrauch G25 (Methan) (m\u00b3\/h)<\/td>\n<td>0,95<br \/>\n1,1<\/td>\n<\/tr>\n<tr>\n<td>Gasverbrauch G30 (LPG) (kg\/h)<\/td>\n<td>0,71<\/td>\n<\/tr>\n<tr>\n<td>Heizleistung (KW)<\/td>\n<td>10<\/td>\n<\/tr>\n<tr>\n<td>Gewicht (kg)<\/td>\n<td>70<\/td>\n<\/tr>\n<\/tbody>\n<\/table>\n<hr \/>\n<p style=\"text-align: center;\">ZUBEH\u00d6R<\/p>\n<hr \/>\n<table style=\"border-collapse: collapse; width: 100%;\">\n<tbody>\n<tr>\n<td>Art. 04040538<br \/>\n<strong>Schidione komplett mit Gabeln<\/strong><br \/>\nNutzbares Brennma\u00df (mm): 615<\/td>\n<td><img decoding=\"async\" class=\"gallery swiper-slide g-item swiper-container-horizontal\" src=\"https:\/\/img.cb-italy.com\/prodotti\/20190423-2076-04040658.jpg\" alt=\"Gabeln komplett Nutzbare Kochgr\u00f6\u00dfe (mm): 600\" width=\"100%\" height=\"auto\" data-sub-html=\"Schidione completo di forchette&lt;br \/&gt;Misura utile di cottura (mm): 600\" data-src=\"https:\/\/img.cb-italy.com\/prodotti\/20190423-2076-04040658.jpg\" data- title=\"\"><\/td>\n<\/tr>\n<tr>\n<td style=\"width: 50%;\">Art. 14080438<\/p>\n<p><strong>Langgabelrakel<\/strong><br \/>\nN\u00fctzliches Schie\u00dfma\u00df (mm): 585<\/td>\n<td style=\"width: 50%;\"><img decoding=\"async\" class=\"aligncenter\" src=\"https:\/\/img.cb-italy.com\/prodotti\/20191129-3356-14080432.070.jpg\" alt=\"Lange Gabel Gabel Squeegee N\u00fctzliches Ma\u00df zum Kochen (mm): 590\" width=\"100%\" height=\"auto\" data-sub-html=\"Schidione a forchetta lunga&lt;br \/&gt;Misura utile di cottura (mm): 590\" data-src=\"https:\/\/img.cb-italy.com\/prodotti\/20191129-3356-14080432.070.jpg\" data- title=\"\"><\/td>\n<\/tr>\n<tr>\n<td style=\"width: 50%;\">Art. 14080316<\/p>\n<p><strong>Schnelle H\u00fchnerschlachtung<\/strong><br \/>\nNutzbares Brennma\u00df (mm): 570<\/td>\n<td style=\"width: 50%;\"><img decoding=\"async\" class=\"gallery swiper-slide g-item swiper-container-horizontal\" src=\"https:\/\/img.cb-italy.com\/prodotti\/20191129-3371-14080281.070.jpg\" alt=\"Schnellspalter f\u00fcr H\u00fchner N\u00fctzliche Abmessungen (mm): 610\" width=\"100%\" height=\"auto\" data-sub-html=\"Schidione rapido per polli&lt;br \/&gt;Misura utile di cottura (mm): 610\" data-src=\"https:\/\/img.cb-italy.com\/prodotti\/20191129-3371-14080281.070.jpg\" data- title=\"\"><\/td>\n<\/tr>\n<tr>\n<td style=\"width: 50%;\">Art. 14080006<\/p>\n<p><strong>Flachk\u00e4fig-Wackelpudding<\/strong><br \/>\nNutzbares Brennma\u00df (mm): 570<\/td>\n<td style=\"width: 50%;\"><img decoding=\"async\" class=\"gallery swiper-slide g-item swiper-container-horizontal\" src=\"https:\/\/img.cb-italy.com\/prodotti\/20200302-3628-gabbia-piatta.jpg\" alt=\"Gr\u00f6\u00dfe des Flachk\u00e4figs (mm): 570\" width=\"100%\" height=\"auto\" data-sub-html=\"Schidione gabbia piatta&lt;br \/&gt;Misura utile di cottura (mm): 570\" data-src=\"https:\/\/img.cb-italy.com\/prodotti\/20200302-3628-gabbia-piatta.jpg\" data- title=\"\"><\/td>\n<\/tr>\n<tr>\n<td style=\"width: 50%;\">Art. 14080210<\/p>\n<p><strong>Dodge-K\u00e4fig<\/strong><br \/>\nNutzbares Brennma\u00df (mm): 570<\/td>\n<td style=\"width: 50%;\"><img decoding=\"async\" class=\"gallery swiper-slide g-item swiper-container-horizontal\" src=\"https:\/\/img.cb-italy.com\/prodotti\/20190423-2127-14080202.jpg\" alt=\"Abgerundeter K\u00e4figschild Brennhilfsmittelma\u00df (mm): 570\" width=\"100%\" height=\"auto\" data-sub-html=\"Schidione gabbia bombata&lt;br \/&gt;Misura utile di cottura (mm): 570\" data-src=\"https:\/\/img.cb-italy.com\/prodotti\/20190423-2127-14080202.jpg\" data- title=\"\"><\/td>\n<\/tr>\n<tr>\n<td style=\"width: 50%;\">Art. 14080008<\/p>\n<p><strong>Schidione f\u00fcr Braten<\/strong><br \/>\nNutzbares Schie\u00dfma\u00df (mm): 550<\/td>\n<td style=\"width: 50%;\"><img decoding=\"async\" class=\"gallery swiper-slide g-item swiper-container-horizontal\" src=\"https:\/\/img.cb-italy.com\/prodotti\/20191129-3351-14080017.070.jpg\" alt=\"Bratrost Nutzma\u00df (mm): 525\" width=\"100%\" height=\"auto\" data-sub-html=\"Schidione per arrosto&lt;br \/&gt;Misura utile di cottura (mm): 525\" data-src=\"https:\/\/img.cb-italy.com\/prodotti\/20191129-3351-14080017.070.jpg\" data- title=\"\"><\/td>\n<\/tr>\n<tr>\n<td style=\"width: 50%;\">Art. 14080132<\/p>\n<p><strong>Abstreifer f\u00fcr geschlossene K\u00f6rbe<\/strong><br \/>\nNutzbares Brennma\u00df (mm): 570<\/td>\n<td style=\"width: 50%;\"><img decoding=\"async\" class=\"gallery swiper-slide g-item swiper-container-horizontal\" src=\"https:\/\/img.cb-italy.com\/prodotti\/20190423-2103-14080039.jpg\" alt=\"Geschlossener Korb Brenngr\u00f6\u00dfe (mm): 570\" width=\"443\" height=\"190\" data-sub-html=\"Schidione a cestello chiuso&lt;br \/&gt;Misura utile di cottura (mm): 570\" data-src=\"https:\/\/img.cb-italy.com\/prodotti\/20190423-2103-14080039.jpg\" data- title=\"\"><\/td>\n<\/tr>\n<tr>\n<td style=\"width: 50%;\">Art. 14080134<\/p>\n<p><strong>Maschenkorb<\/strong><br \/>\nNutzbares Brennma\u00df (mm): 570<\/td>\n<td style=\"width: 50%;\"><img decoding=\"async\" class=\"gallery swiper-slide g-item swiper-container-horizontal\" src=\"https:\/\/img.cb-italy.com\/prodotti\/20190423-2108-14080114.jpg\" alt=\"Maschenkorb Nutzbare Kochfl\u00e4che (mm): 570\" width=\"443\" height=\"190\" data-sub-html=\"Cestello a rete&lt;br \/&gt;Misura utile di cottura (mm): 570\" data-src=\"https:\/\/img.cb-italy.com\/prodotti\/20190423-2108-14080114.jpg\" data- title=\"\"><\/td>\n<\/tr>\n<tr>\n<td style=\"width: 50%;\">Art. 14080137<strong>Schidione f\u00fcr Spanferkel<\/strong><br \/>\nNutzbares Schie\u00dfma\u00df (mm): 630<\/td>\n<td style=\"width: 50%;\"><a href=\"https:\/\/img.cb-italy.com\/prodotti\/20190423-2120-14080137.jpg\" target=\"_blank\" rel=\"noopener\"><img decoding=\"async\" class=\"alignnone\" src=\"https:\/\/img.cb-italy.com\/prodotti\/20190423-2120-14080137.jpg\" alt=\"Schidione f\u00fcr Spanferkel\" width=\"443\" height=\"178\" title=\"\"><\/a><\/td>\n<\/tr>\n<\/tbody>\n<\/table>","protected":false},"excerpt":{"rendered":"<p>Girarrosto a gas con movimento ad asta singola (12 polli &#8211; n\u00b0 3 aste, luce 720 mm) Girarrosto a gas G-12P Girarrosto a gas professionale ad aste singole sovrapposte per 12 polli e 3 aste complete di forchette. Tecnologia di cottura con bruciatori ad infrarossi. Movimento ad aste singole sovrapposte Tecnologia di cottura con bruciatori [&#8230;]","protected":false},"featured_media":124487,"comment_status":"closed","ping_status":"closed","template":"","meta":{"_monsterinsights_skip_tracking":false,"_monsterinsights_sitenote_active":false,"_monsterinsights_sitenote_note":"","_monsterinsights_sitenote_category":0},"product_brand":[741],"product_cat":[113,39],"product_tag":[],"class_list":{"0":"post-3047","1":"product","2":"type-product","3":"status-publish","4":"has-post-thumbnail","6":"product_brand-cb-italy","7":"product_cat-a-gas-girarrosto","8":"product_cat-girarrosto","9":"pa_marca-cb-italy","11":"first","12":"instock","13":"taxable","14":"shipping-taxable","15":"purchasable","16":"product-type-simple"},"_links":{"self":[{"href":"https:\/\/www.creaearredanegozi.it\/de\/wp-json\/wp\/v2\/product\/3047","targetHints":{"allow":["GET"]}}],"collection":[{"href":"https:\/\/www.creaearredanegozi.it\/de\/wp-json\/wp\/v2\/product"}],"about":[{"href":"https:\/\/www.creaearredanegozi.it\/de\/wp-json\/wp\/v2\/types\/product"}],"replies":[{"embeddable":true,"href":"https:\/\/www.creaearredanegozi.it\/de\/wp-json\/wp\/v2\/comments?post=3047"}],"wp:featuredmedia":[{"embeddable":true,"href":"https:\/\/www.creaearredanegozi.it\/de\/wp-json\/wp\/v2\/media\/124487"}],"wp:attachment":[{"href":"https:\/\/www.creaearredanegozi.it\/de\/wp-json\/wp\/v2\/media?parent=3047"}],"wp:term":[{"taxonomy":"product_brand","embeddable":true,"href":"https:\/\/www.creaearredanegozi.it\/de\/wp-json\/wp\/v2\/product_brand?post=3047"},{"taxonomy":"product_cat","embeddable":true,"href":"https:\/\/www.creaearredanegozi.it\/de\/wp-json\/wp\/v2\/product_cat?post=3047"},{"taxonomy":"product_tag","embeddable":true,"href":"https:\/\/www.creaearredanegozi.it\/de\/wp-json\/wp\/v2\/product_tag?post=3047"}],"curies":[{"name":"wp","href":"https:\/\/api.w.org\/{rel}","templated":true}]}}