{"id":3051,"date":"2015-07-02T11:26:54","date_gmt":"2015-07-02T09:26:54","guid":{"rendered":"https:\/\/www.creaearredanegozi.it\/?post_type=product&#038;p=3051"},"modified":"2024-06-17T13:09:12","modified_gmt":"2024-06-17T11:09:12","slug":"elektrischer-planeten-bratrost-p75-20p-cb","status":"publish","type":"product","link":"https:\/\/www.creaearredanegozi.it\/de\/elektrischer-planeten-bratrost-p75-20p-cb\/","title":{"rendered":"Elektro-Planetengrill P7\/5 (20P) CB"},"content":{"rendered":"<p><strong>Elektrischer Planeten-Drehspie\u00df (20 H\u00e4hnchen - Nr. 5 St\u00e4be, Spannweite 708 mm)<\/strong><\/p>\n<table border=\"0\" width=\"98%\" cellspacing=\"0\" cellpadding=\"0\">\n<tbody>\n<tr>\n<td valign=\"top\">\n<table border=\"0\" width=\"98%\" cellspacing=\"0\" cellpadding=\"0\">\n<tbody>\n<tr>\n<td class=\"ar12b\" align=\"center\" bgcolor=\"#b1b1b1\" height=\"60\"><span style=\"color: #ffffff;\">Auktionen<\/span><br \/>\n<span style=\"color: #ffffff;\"> (n\u00b0)<\/span><\/td>\n<td class=\"ar12b\" align=\"center\" bgcolor=\"#b1b1b1\" height=\"60\"><span style=\"color: #ffffff;\">H\u00fchner<\/span><br \/>\n<span style=\"color: #ffffff;\"> (n\u00b0)<\/span><\/td>\n<td class=\"ar12b\" align=\"center\" bgcolor=\"#b1b1b1\" height=\"60\"><span style=\"color: #ffffff;\">Breite<\/span><br \/>\n<span style=\"color: #ffffff;\"> (mm)<\/span><\/td>\n<td class=\"ar12b\" align=\"center\" bgcolor=\"#b1b1b1\" height=\"60\"><span style=\"color: #ffffff;\">Tiefe<\/span><br \/>\n<span style=\"color: #ffffff;\"> (mm)<\/span><\/td>\n<td class=\"ar12b\" align=\"center\" bgcolor=\"#b1b1b1\" height=\"60\"><span style=\"color: #ffffff;\">H\u00f6he<\/span><br \/>\n<span style=\"color: #ffffff;\"> (mm)<\/span><\/td>\n<td class=\"ar12b\" align=\"center\" bgcolor=\"#b1b1b1\" height=\"60\"><span style=\"color: #ffffff;\">Spannung<\/span><\/td>\n<td class=\"ar12b\" align=\"center\" bgcolor=\"#b1b1b1\" height=\"60\"><span style=\"color: #ffffff;\">Gewicht<\/span><br \/>\n<span style=\"color: #ffffff;\"> (Kg)<\/span><\/td>\n<\/tr>\n<tr>\n<td class=\"ar12\" align=\"center\" height=\"60\">5<\/td>\n<td class=\"ar12\" align=\"center\" height=\"60\">20 (20 kg)<\/td>\n<td class=\"ar12\" align=\"center\" height=\"60\">1008<\/td>\n<td class=\"ar12\" align=\"center\" height=\"60\">660<\/td>\n<td class=\"ar12\" align=\"center\" height=\"60\">820<\/td>\n<td class=\"ar12\" align=\"center\" height=\"60\">230V 3~<br \/>\n400V 3N~<br \/>\n7,3 kW<\/td>\n<td class=\"ar12\" align=\"center\" height=\"60\">106<\/td>\n<\/tr>\n<\/tbody>\n<\/table>\n<\/td>\n<\/tr>\n<tr>\n<td height=\"30\">\n<hr \/>\n<\/td>\n<\/tr>\n<tr>\n<td height=\"30\">\n<table border=\"1\" width=\"88%\" cellspacing=\"0\" cellpadding=\"0\" align=\"center\">\n<tbody>\n<tr>\n<td class=\"luc18\" bgcolor=\"#b1b1b1\" height=\"30\"> <span style=\"color: #ffffff;\">ZUBEH\u00d6R<\/span><\/td>\n<\/tr>\n<tr>\n<td align=\"center\">\n<table border=\"0\" width=\"88%\" cellspacing=\"0\" cellpadding=\"0\">\n<tbody>\n<tr>\n<td valign=\"middle\" width=\"135\" height=\"150\"><img decoding=\"async\" src=\"http:\/\/www.cb-italy.com\/public\/prodotti\/04040877.jpg\" alt=\"\" width=\"135\" height=\"135\" border=\"0\" title=\"\"><img decoding=\"async\" src=\"http:\/\/www.cb-italy.com\/public\/prodotti\/04040877_1.jpg\" alt=\"\" width=\"135\" height=\"135\" border=\"0\" title=\"\"><\/td>\n<td width=\"300\">\n<table border=\"0\" width=\"300\" cellspacing=\"0\" cellpadding=\"0\">\n<tbody>\n<tr>\n<td class=\"luc14n\"><strong>04040877<\/strong><\/td>\n<\/tr>\n<tr>\n<td class=\"luc14n\">Komplett mit Gabeln f\u00fcr Elektro- und Gas-Planetenbr\u00e4ter light 1000 (24P - 30P - 36P - 48P - 72P - 96P) und f\u00fcr PLANET 48\/96<\/td>\n<\/tr>\n<\/tbody>\n<\/table>\n<\/td>\n<td valign=\"top\" width=\"135\">&nbsp;<\/p>\n<p>&nbsp;<\/p>\n<p style=\"text-align: center;\">\n<\/td>\n<\/tr>\n<\/tbody>\n<\/table>\n<\/td>\n<\/tr>\n<tr>\n<td align=\"center\">\n<table border=\"0\" width=\"610\" cellspacing=\"0\" cellpadding=\"0\">\n<tbody>\n<tr>\n<td valign=\"top\" width=\"135\" height=\"150\"><img decoding=\"async\" src=\"http:\/\/www.cb-italy.com\/public\/prodotti\/14080007.jpg\" alt=\"\" width=\"135\" height=\"135\" border=\"0\" title=\"\"><img decoding=\"async\" src=\"http:\/\/www.cb-italy.com\/public\/prodotti\/14080007_1.jpg\" alt=\"\" width=\"135\" height=\"135\" border=\"0\" title=\"\"><\/td>\n<td width=\"20\"><\/td>\n<td width=\"300\">\n<table border=\"0\" width=\"300\" cellspacing=\"0\" cellpadding=\"0\">\n<tbody>\n<tr>\n<td class=\"luc14n\"><strong>14080007<\/strong><\/td>\n<\/tr>\n<tr>\n<td class=\"luc14n\">Bratrost f\u00fcr Elektro- und Gas-Planetenbr\u00e4ter light 1000 (24P - 30P - 36P - 48P - 72P - 96P) und f\u00fcr PLANET 48\/96<\/td>\n<\/tr>\n<\/tbody>\n<\/table>\n<\/td>\n<td width=\"20\"><\/td>\n<td valign=\"top\" width=\"135\">&nbsp;<\/p>\n<p>&nbsp;<\/p>\n<p style=\"text-align: center;\"><p class=\"product woocommerce add_to_cart_inline\" style=\"border:4px solid #ccc; padding: 12px;\"><span class=\"woocommerce-Price-amount amount\"><bdi><span class=\"woocommerce-Price-currencySymbol\">\u20ac<\/span>&nbsp;161,00<\/bdi><\/span> <small class=\"woocommerce-price-suffix\">+ MWSt<\/small><a href=\"\/de\/wp-json\/wp\/v2\/product\/3051?add-to-cart=6908\" aria-describedby=\"woocommerce_loop_add_to_cart_link_describedby_6908\" data-quantity=\"1\" class=\"button product_type_simple add_to_cart_button ajax_add_to_cart\" data-product_id=\"6908\" data-product_sku=\"14080017\" aria-label=\"In den Warenkorb legen: \u201eSchidione per arrosto per girarrosto P7\/5 CB\u201c\" rel=\"nofollow\" data-success_message=\"\u201eSchidione per arrosto per girarrosto P7\/5 CB\u201c wurde deinem Warenkorb hinzugef\u00fcgt\" role=\"button\" data-no-translation=\"\" data-trp-gettext=\"\" data-no-translation-aria-label=\"\" data-no-translation-data-success_message=\"\">In den Warenkorb<\/a>\t<span id=\"woocommerce_loop_add_to_cart_link_describedby_6908\" class=\"screen-reader-text\">\n\t\t\t<\/span>\n<\/p>\n<\/td>\n<\/tr>\n<\/tbody>\n<\/table>\n<\/td>\n<\/tr>\n<tr>\n<td><\/td>\n<\/tr>\n<tr>\n<td align=\"center\">\n<table border=\"0\" width=\"610\" cellspacing=\"0\" cellpadding=\"0\">\n<tbody>\n<tr>\n<td valign=\"top\" width=\"135\" height=\"150\"><img decoding=\"async\" src=\"http:\/\/www.cb-italy.com\/public\/prodotti\/14080005.jpg\" alt=\"\" width=\"135\" height=\"135\" border=\"0\" title=\"\"><img decoding=\"async\" src=\"http:\/\/www.cb-italy.com\/public\/prodotti\/14080005_1.jpg\" alt=\"\" width=\"135\" height=\"135\" border=\"0\" title=\"\"><\/td>\n<td width=\"20\"><\/td>\n<td width=\"300\">\n<table border=\"0\" width=\"300\" cellspacing=\"0\" cellpadding=\"0\">\n<tbody>\n<tr>\n<td class=\"luc14n\"><strong>14080005<\/strong><\/td>\n<\/tr>\n<tr>\n<td class=\"luc14n\">H\u00e4hnchenbr\u00e4ter f\u00fcr E-30P-S5, E-36P-S6, E-36PB-S6, E-48P-S8, G-36P-S6 und G-48P-S8 Einstab-Br\u00e4ter und f\u00fcr Elektro- und Gas-Planetenbr\u00e4ter light 1000 (24P - 30P - 36P - 48P - 72P - 96P) und f\u00fcr PLANET 48\/96<\/td>\n<\/tr>\n<\/tbody>\n<\/table>\n<\/td>\n<td width=\"20\"><\/td>\n<td valign=\"top\" width=\"135\">&nbsp;<\/p>\n<p style=\"text-align: center;\"><p class=\"product woocommerce add_to_cart_inline\" style=\"border:4px solid #ccc; padding: 12px;\"><span class=\"woocommerce-Price-amount amount\"><bdi><span class=\"woocommerce-Price-currencySymbol\">\u20ac<\/span>&nbsp;193,00<\/bdi><\/span> <small class=\"woocommerce-price-suffix\">+ MWSt<\/small><a href=\"\/de\/wp-json\/wp\/v2\/product\/3051?add-to-cart=6910\" aria-describedby=\"woocommerce_loop_add_to_cart_link_describedby_6910\" data-quantity=\"1\" class=\"button product_type_simple add_to_cart_button ajax_add_to_cart\" data-product_id=\"6910\" data-product_sku=\"14080005\" aria-label=\"In den Warenkorb legen: \u201eSchidione gabbia piatta per P10\/4- P10\/5 - P10\/6 - P10\/8 CB\u201c\" rel=\"nofollow\" data-success_message=\"\u201eSchidione gabbia piatta per P10\/4- P10\/5 - P10\/6 - P10\/8 CB\u201c wurde deinem Warenkorb hinzugef\u00fcgt\" role=\"button\" data-no-translation=\"\" data-trp-gettext=\"\" data-no-translation-aria-label=\"\" data-no-translation-data-success_message=\"\">In den Warenkorb<\/a>\t<span id=\"woocommerce_loop_add_to_cart_link_describedby_6910\" class=\"screen-reader-text\">\n\t\t\t<\/span>\n<\/p>\n<\/td>\n<\/tr>\n<\/tbody>\n<\/table>\n<\/td>\n<\/tr>\n<tr>\n<td><\/td>\n<\/tr>\n<tr>\n<td align=\"center\">\n<table border=\"0\" width=\"610\" cellspacing=\"0\" cellpadding=\"0\">\n<tbody>\n<tr>\n<td valign=\"top\" width=\"135\" height=\"150\"><img decoding=\"async\" src=\"http:\/\/www.cb-italy.com\/public\/prodotti\/14080040.jpg\" alt=\"\" width=\"135\" height=\"135\" border=\"0\" title=\"\"><img decoding=\"async\" src=\"http:\/\/www.cb-italy.com\/public\/prodotti\/14080040_1.jpg\" alt=\"\" width=\"135\" height=\"135\" border=\"0\" title=\"\"><\/td>\n<td width=\"20\"><\/td>\n<td width=\"300\">\n<table border=\"0\" width=\"300\" cellspacing=\"0\" cellpadding=\"0\">\n<tbody>\n<tr>\n<td class=\"luc14n\"><strong>14080040<\/strong><\/td>\n<\/tr>\n<tr>\n<td class=\"luc14n\">Spezial-R\u00f6stersieb mit geschlossenem Korb f\u00fcr E-30P-S5, E-36P-S6, E-36PB-S6, E-48P-S8, G-36P-S6 und G-48P-S8 Einstab-R\u00f6ster und f\u00fcr Elektro- und Gas-Planetenr\u00f6ster light 1000 (24P - 30P - 36P - 48P - 72P - 96P) und f\u00fcr PLANET 48\/96<\/td>\n<\/tr>\n<\/tbody>\n<\/table>\n<\/td>\n<td width=\"20\"><\/td>\n<td valign=\"top\" width=\"135\">&nbsp;<\/p>\n<p>&nbsp;<\/p>\n<p style=\"text-align: center;\"><p class=\"product woocommerce add_to_cart_inline\" style=\"border:4px solid #ccc; padding: 12px;\"><span class=\"woocommerce-Price-amount amount\"><bdi><span class=\"woocommerce-Price-currencySymbol\">\u20ac<\/span>&nbsp;193,00<\/bdi><\/span> <small class=\"woocommerce-price-suffix\">+ MWSt<\/small><a href=\"\/de\/wp-json\/wp\/v2\/product\/3051?add-to-cart=6910\" aria-describedby=\"woocommerce_loop_add_to_cart_link_describedby_6910\" data-quantity=\"1\" class=\"button product_type_simple add_to_cart_button ajax_add_to_cart\" data-product_id=\"6910\" data-product_sku=\"14080005\" aria-label=\"In den Warenkorb legen: \u201eSchidione gabbia piatta per P10\/4- P10\/5 - P10\/6 - P10\/8 CB\u201c\" rel=\"nofollow\" data-success_message=\"\u201eSchidione gabbia piatta per P10\/4- P10\/5 - P10\/6 - P10\/8 CB\u201c wurde deinem Warenkorb hinzugef\u00fcgt\" role=\"button\" data-no-translation=\"\" data-trp-gettext=\"\" data-no-translation-aria-label=\"\" data-no-translation-data-success_message=\"\">In den Warenkorb<\/a>\t<span id=\"woocommerce_loop_add_to_cart_link_describedby_6910\" class=\"screen-reader-text\">\n\t\t\t<\/span>\n<\/p>\n<\/td>\n<\/tr>\n<\/tbody>\n<\/table>\n<\/td>\n<\/tr>\n<tr>\n<td><\/td>\n<\/tr>\n<tr>\n<td align=\"center\">\n<table border=\"0\" width=\"610\" cellspacing=\"0\" cellpadding=\"0\">\n<tbody>\n<tr>\n<td valign=\"top\" width=\"135\" height=\"150\"><img decoding=\"async\" src=\"http:\/\/www.cb-italy.com\/public\/prodotti\/14080110.jpg\" alt=\"\" width=\"135\" height=\"135\" border=\"0\" title=\"\"><img decoding=\"async\" src=\"http:\/\/www.cb-italy.com\/public\/prodotti\/14080110_1.jpg\" alt=\"\" width=\"135\" height=\"135\" border=\"0\" title=\"\"><\/td>\n<td width=\"20\"><\/td>\n<td width=\"300\">\n<table border=\"0\" width=\"300\" cellspacing=\"0\" cellpadding=\"0\">\n<tbody>\n<tr>\n<td class=\"luc14n\"><strong>14080110<\/strong><\/td>\n<\/tr>\n<tr>\n<td class=\"luc14n\">Spezial-Kartoffelr\u00f6ster mit geschlossenem Korb f\u00fcr die Einstabr\u00f6ster E-30P-S5, E-36P-S6, E-36PB-S6, E-48P-S8, G-36P-S6 und G-48P-S8 sowie f\u00fcr die Elektro- und Gas-Planetenr\u00f6ster light 1000 (24P - 30P - 36P - 48P - 72P - 96P) und f\u00fcr PLANET 48\/96<\/td>\n<\/tr>\n<\/tbody>\n<\/table>\n<\/td>\n<td width=\"20\"><\/td>\n<td valign=\"top\" width=\"135\">&nbsp;<\/p>\n<p>&nbsp;<\/p>\n<p style=\"text-align: center;\">\n<\/td>\n<\/tr>\n<\/tbody>\n<\/table>\n<\/td>\n<\/tr>\n<tr>\n<td><\/td>\n<\/tr>\n<tr>\n<td align=\"center\">\n<table border=\"0\" width=\"610\" cellspacing=\"0\" cellpadding=\"0\">\n<tbody>\n<tr>\n<td valign=\"top\" width=\"135\" height=\"150\"><img decoding=\"async\" src=\"http:\/\/www.cb-italy.com\/public\/prodotti\/14080003.jpg\" alt=\"\" width=\"135\" height=\"135\" border=\"0\" title=\"\"><img decoding=\"async\" src=\"http:\/\/www.cb-italy.com\/public\/prodotti\/14080003_1.jpg\" alt=\"\" width=\"135\" height=\"135\" border=\"0\" title=\"\"><\/td>\n<td width=\"20\"><\/td>\n<td width=\"300\">\n<table border=\"0\" width=\"300\" cellspacing=\"0\" cellpadding=\"0\">\n<tbody>\n<tr>\n<td class=\"luc14n\"><strong>14080003<\/strong><\/td>\n<\/tr>\n<tr>\n<td class=\"luc14n\">Langer Gabelbr\u00e4ter f\u00fcr Elektro- und Gas-Planetenbr\u00e4ter light 1000 (24P - 30P - 36P - 48P - 72P - 96P) und f\u00fcr PLANET 48\/96<\/td>\n<\/tr>\n<\/tbody>\n<\/table>\n<\/td>\n<td width=\"20\"><\/td>\n<td valign=\"top\" width=\"135\">&nbsp;<\/p>\n<p>&nbsp;<\/p>\n<p style=\"text-align: center;\"><p class=\"product woocommerce add_to_cart_inline\" style=\"border:4px solid #ccc; padding: 12px;\"><span class=\"woocommerce-Price-amount amount\"><bdi><span class=\"woocommerce-Price-currencySymbol\">\u20ac<\/span>&nbsp;151,00<\/bdi><\/span> <small class=\"woocommerce-price-suffix\">+ MWSt<\/small><a href=\"\/de\/wp-json\/wp\/v2\/product\/3051?add-to-cart=6913\" aria-describedby=\"woocommerce_loop_add_to_cart_link_describedby_6913\" data-quantity=\"1\" class=\"button product_type_simple add_to_cart_button ajax_add_to_cart\" data-product_id=\"6913\" data-product_sku=\"14080431\" aria-label=\"In den Warenkorb legen: \u201eSchidione a forchetta lunga per girarrosto planetario P10\/4- P10\/5 - P10\/6 - P10\/8\u201c\" rel=\"nofollow\" data-success_message=\"\u201eSchidione a forchetta lunga per girarrosto planetario P10\/4- P10\/5 - P10\/6 - P10\/8\u201c wurde deinem Warenkorb hinzugef\u00fcgt\" role=\"button\" data-no-translation=\"\" data-trp-gettext=\"\" data-no-translation-aria-label=\"\" data-no-translation-data-success_message=\"\">In den Warenkorb<\/a>\t<span id=\"woocommerce_loop_add_to_cart_link_describedby_6913\" class=\"screen-reader-text\">\n\t\t\t<\/span>\n<\/p>\n<\/td>\n<\/tr>\n<\/tbody>\n<\/table>\n<\/td>\n<\/tr>\n<tr>\n<td><\/td>\n<\/tr>\n<tr>\n<td align=\"center\">\n<table border=\"0\" width=\"610\" cellspacing=\"0\" cellpadding=\"0\">\n<tbody>\n<tr>\n<td valign=\"top\" width=\"135\" height=\"150\"><img decoding=\"async\" src=\"http:\/\/www.cb-italy.com\/public\/prodotti\/14080201110415100402.jpg\" alt=\"\" width=\"135\" height=\"135\" border=\"0\" title=\"\"><img decoding=\"async\" src=\"http:\/\/www.cb-italy.com\/public\/prodotti\/14080201_1.jpg\" alt=\"\" width=\"135\" height=\"135\" border=\"0\" title=\"\"><\/td>\n<td width=\"20\"><\/td>\n<td width=\"300\">\n<table border=\"0\" width=\"300\" cellspacing=\"0\" cellpadding=\"0\">\n<tbody>\n<tr>\n<td class=\"luc14n\"><strong>14080201<\/strong><\/td>\n<\/tr>\n<tr>\n<td class=\"luc14n\">Diavola Koteletts f\u00fcr E-30P-S5, E-36PB-S6, E-36P-S6, E-48P-S8 elektrische Vertikalr\u00f6ster, G-36P-S6 und G-48P-S8 gasbeheizte und G-48P-S8 elektrische Planetenr\u00f6ster light 1000 und f\u00fcr PLANET 48\/96<\/td>\n<\/tr>\n<\/tbody>\n<\/table>\n<\/td>\n<td width=\"20\"><\/td>\n<td valign=\"top\" width=\"135\">&nbsp;<\/p>\n<p style=\"text-align: center;\"><p class=\"product woocommerce add_to_cart_inline\" style=\"border:4px solid #ccc; padding: 12px;\"><span class=\"woocommerce-Price-amount amount\"><bdi><span class=\"woocommerce-Price-currencySymbol\">\u20ac<\/span>&nbsp;193,00<\/bdi><\/span> <small class=\"woocommerce-price-suffix\">+ MWSt<\/small><a href=\"https:\/\/www.creaearredanegozi.it\/de\/schidione-per-coscette-alla-diavola-per-girarrosto-planetario-p104-p105-p106-p108\/\" aria-describedby=\"woocommerce_loop_add_to_cart_link_describedby_6914\" data-quantity=\"1\" class=\"button product_type_simple add_to_cart_button\" data-product_id=\"6914\" data-product_sku=\"14080201\" aria-label=\"In den Warenkorb legen: \u201eSchidione per coscette alla Diavola per girarrosto planetario P10\/4- P10\/5 - P10\/6 - P10\/8\u201c\" rel=\"nofollow\" data-success_message=\"\u201eSchidione per coscette alla Diavola per girarrosto planetario P10\/4- P10\/5 - P10\/6 - P10\/8\u201c wurde deinem Warenkorb hinzugef\u00fcgt\" data-no-translation-aria-label=\"\" data-no-translation-data-success_message=\"\">Select options<\/a>\t<span id=\"woocommerce_loop_add_to_cart_link_describedby_6914\" class=\"screen-reader-text\">\n\t\t\t<\/span>\n<\/p>\n<\/td>\n<\/tr>\n<\/tbody>\n<\/table>\n<\/td>\n<\/tr>\n<tr>\n<td><\/td>\n<\/tr>\n<tr>\n<td align=\"center\">\n<table border=\"0\" width=\"610\" cellspacing=\"0\" cellpadding=\"0\">\n<tbody>\n<tr>\n<td valign=\"top\" width=\"135\" height=\"150\"><img decoding=\"async\" src=\"http:\/\/www.cb-italy.com\/public\/prodotti\/14080012.jpg\" alt=\"\" width=\"135\" height=\"135\" border=\"0\" title=\"\"><\/td>\n<td width=\"20\"><\/td>\n<td width=\"300\">\n<table border=\"0\" width=\"300\" cellspacing=\"0\" cellpadding=\"0\">\n<tbody>\n<tr>\n<td class=\"luc14n\"><strong>14080337<\/strong><\/td>\n<\/tr>\n<tr>\n<td class=\"luc14n\">Paar Ferkelgabeln f\u00fcr elektrische und Gas-Planetenbr\u00e4ter (20P - 24P - 30P - 36P - 48P - 72P - 96P) (Preis pro St\u00fcck)<\/td>\n<\/tr>\n<\/tbody>\n<\/table>\n<\/td>\n<td width=\"20\"><\/td>\n<td valign=\"top\" width=\"135\">&nbsp;<\/p>\n<p style=\"text-align: center;\">\n<\/td>\n<\/tr>\n<\/tbody>\n<\/table>\n<\/td>\n<\/tr>\n<tr>\n<td><\/td>\n<\/tr>\n<\/tbody>\n<\/table>\n<\/td>\n<\/tr>\n<\/tbody>\n<\/table>","protected":false},"excerpt":{"rendered":"<p>Girarrosto planetario elettrico (20 polli &#8211; n\u00b0 5 aste, luce 708 mm) Aste (n\u00b0) Polli (n\u00b0) Larghezza (mm) Profondit\u00e0 (mm) Altezza (mm) Tensione Peso (Kg) 5 20 (20 Kg) 1008 660 820 230V 3~ 400V 3N~ 7,3 kW 106 ACCESSORI 04040877 Schidione completo di forchette per girarrosti planetari elettrici e a gas luce 1000 (24P [&#8230;]","protected":false},"featured_media":3052,"comment_status":"closed","ping_status":"closed","template":"","meta":{"_monsterinsights_skip_tracking":false,"_monsterinsights_sitenote_active":false,"_monsterinsights_sitenote_note":"","_monsterinsights_sitenote_category":0},"product_brand":[741],"product_cat":[114,39],"product_tag":[],"class_list":{"0":"post-3051","1":"product","2":"type-product","3":"status-publish","4":"has-post-thumbnail","6":"product_brand-cb-italy","7":"product_cat-elettrici-girarrosto","8":"product_cat-girarrosto","9":"pa_marca-cb-italy","11":"first","12":"instock","13":"taxable","14":"shipping-taxable","15":"purchasable","16":"product-type-simple"},"_links":{"self":[{"href":"https:\/\/www.creaearredanegozi.it\/de\/wp-json\/wp\/v2\/product\/3051","targetHints":{"allow":["GET"]}}],"collection":[{"href":"https:\/\/www.creaearredanegozi.it\/de\/wp-json\/wp\/v2\/product"}],"about":[{"href":"https:\/\/www.creaearredanegozi.it\/de\/wp-json\/wp\/v2\/types\/product"}],"replies":[{"embeddable":true,"href":"https:\/\/www.creaearredanegozi.it\/de\/wp-json\/wp\/v2\/comments?post=3051"}],"wp:featuredmedia":[{"embeddable":true,"href":"https:\/\/www.creaearredanegozi.it\/de\/wp-json\/wp\/v2\/media\/3052"}],"wp:attachment":[{"href":"https:\/\/www.creaearredanegozi.it\/de\/wp-json\/wp\/v2\/media?parent=3051"}],"wp:term":[{"taxonomy":"product_brand","embeddable":true,"href":"https:\/\/www.creaearredanegozi.it\/de\/wp-json\/wp\/v2\/product_brand?post=3051"},{"taxonomy":"product_cat","embeddable":true,"href":"https:\/\/www.creaearredanegozi.it\/de\/wp-json\/wp\/v2\/product_cat?post=3051"},{"taxonomy":"product_tag","embeddable":true,"href":"https:\/\/www.creaearredanegozi.it\/de\/wp-json\/wp\/v2\/product_tag?post=3051"}],"curies":[{"name":"wp","href":"https:\/\/api.w.org\/{rel}","templated":true}]}}