{"id":30645,"date":"2019-10-16T12:40:12","date_gmt":"2019-10-16T10:40:12","guid":{"rendered":"https:\/\/www.creaearredanegozi.it\/?post_type=product&#038;p=30645"},"modified":"2025-12-07T03:41:07","modified_gmt":"2025-12-07T02:41:07","slug":"gekuhlter-deli-tisch-gn1-1-beluftet-3-turen-snack-2c-8c-forcar-g-snack3100tn","status":"publish","type":"product","link":"https:\/\/www.creaearredanegozi.it\/de\/gekuhlter-deli-tisch-gn1-1-beluftet-3-turen-snack-2c-8c-forcar-g-snack3100tn\/","title":{"rendered":"Gek\u00fchlter Gastronomietisch GN1\/1 Bel\u00fcftet 3 T\u00fcren SNACK -2\u00b0C\/+8\u00b0C Forcar G-SNACK3100TN"},"content":{"rendered":"<h3>Gek\u00fchlter Gastronomietisch GN1\/1 bel\u00fcftet 3 T\u00fcren SNACK -2\u00b0C\/+8\u00b0C Professional Line Forcar<\/h3>\n<p><strong>G-SNACK3100TN Gastronomie GN 1\/1 gek\u00fchlter Tisch, mit 3 T\u00fcren. SNACK Linie (Getr\u00e4nkebeh\u00e4lter).<\/strong><\/p>\n<ul>\n<li>Bel\u00fcftete K\u00fchlung.<\/li>\n<li>Herausnehmbare Einbaueinheit f\u00fcr einfache Wartung.<\/li>\n<li>Umw\u00e4lzung kalter Luft, um das Produkt nicht direkt zu ber\u00fchren.<\/li>\n<li>Elektronische Temperaturregelung mit digitalem Thermostat.<\/li>\n<li>Elektrische Heizung um den T\u00fcrrahmen zur Beseitigung von Kondenswasser.<\/li>\n<li>Automatische Abtauung mit elektrischem Heizelement und automatischer Abtauungstemperaturregelung.<\/li>\n<li>Automatische Verdunstung von Kondenswasser.<\/li>\n<li>Verdampfer gegen Korrosion behandelt.<\/li>\n<li>T\u00fcr mit R\u00fcckholfedern.<\/li>\n<li>T\u00fcrdichtung ohne Werkzeug abnehmbar.<\/li>\n<li>Kammerboden mit abgerundeten Ecken.<\/li>\n<li>Einfache Austauschbarkeit der T\u00fcren mit zwei oder drei Schubladenschr\u00e4nken.<\/li>\n<li>Leicht ausziehbare Schubladeneinheiten mit Teleskopschienen aus Edelstahl.<\/li>\n<li>H\u00f6henverstellbare F\u00fc\u00dfe aus Edelstahl AISI 304.<\/li>\n<li>R\u00fcckenlehne aus rostfreiem Stahl.<\/li>\n<li>M\u00f6glichkeit der Wandmontage.<\/li>\n<\/ul>\n<hr \/>\n<p><strong>Technische Daten:<\/strong><\/p>\n<table class=\"table table-striped\">\n<tbody>\n<tr>\n<td>\n<div align=\"left\"><strong>Modell<\/strong><\/div>\n<\/td>\n<td>\n<div align=\"left\"><b>G-SNACK3100TN<\/b><\/div>\n<\/td>\n<\/tr>\n<tr>\n<td>\n<div align=\"left\">Arbeitstemperatur<\/div>\n<\/td>\n<td>\n<div align=\"left\">-2\u00b0C\/+8\u00b0C<\/div>\n<\/td>\n<\/tr>\n<tr>\n<td>\n<div align=\"left\">\u00c4u\u00dfere Abmessungen<\/div>\n<\/td>\n<td>\n<div align=\"left\">1795 x 600 x 860h mm<\/div>\n<\/td>\n<\/tr>\n<tr>\n<td>\n<div align=\"left\">Innere Abmessungen<\/div>\n<\/td>\n<td>\n<div align=\"left\">1337 x 430 x 589h mm<\/div>\n<\/td>\n<\/tr>\n<tr>\n<td>\n<div align=\"left\">Kapazit\u00e4t<\/div>\n<\/td>\n<td>\n<div align=\"left\">339 L<\/div>\n<\/td>\n<\/tr>\n<tr>\n<td>\n<div align=\"left\">Maximale Arbeitstemperatur<\/div>\n<\/td>\n<td>\n<div align=\"left\">+32\u00b0C\/ 55 % HR<\/div>\n<\/td>\n<\/tr>\n<tr>\n<td>\n<div align=\"left\">Art der K\u00fchlung<\/div>\n<\/td>\n<td>\n<div align=\"left\">Bel\u00fcftet<\/div>\n<\/td>\n<\/tr>\n<tr>\n<td>\n<div align=\"left\">Art der Abtauung<\/div>\n<\/td>\n<td>\n<div align=\"left\">Elektrisch<\/div>\n<\/td>\n<\/tr>\n<tr>\n<td>\n<div align=\"left\">Art des K\u00e4ltemittelgases<\/div>\n<\/td>\n<td>\n<div align=\"left\">R290<\/div>\n<\/td>\n<\/tr>\n<tr>\n<td>\n<div align=\"left\">Kondenswasserverdunstung<\/div>\n<\/td>\n<td>\n<div align=\"left\">Automatisch<\/div>\n<\/td>\n<\/tr>\n<tr>\n<td>\n<div align=\"left\">Temperaturkontrolle<\/div>\n<\/td>\n<td>\n<div align=\"left\">Elektronisch<\/div>\n<\/td>\n<\/tr>\n<tr>\n<td>\n<div align=\"left\">Isolierung<\/div>\n<\/td>\n<td>\n<div align=\"left\">60 mm<\/div>\n<\/td>\n<\/tr>\n<tr>\n<td>\n<div align=\"left\">Absorption<\/div>\n<\/td>\n<td>\n<div align=\"left\">260 W<\/div>\n<\/td>\n<\/tr>\n<tr>\n<td>\n<div align=\"left\">Spannung<\/div>\n<\/td>\n<td>\n<div align=\"left\">230V \/ 50 Hz<\/div>\n<\/td>\n<\/tr>\n<tr>\n<td>\n<div align=\"left\">Baumaterial<\/div>\n<\/td>\n<td>\n<div align=\"left\">Rostfreier Stahl AISI 304<\/div>\n<\/td>\n<\/tr>\n<tr>\n<td>\n<div align=\"left\">Umkehrung der T\u00fcr<\/div>\n<\/td>\n<td>\n<div align=\"left\">Nein<\/div>\n<\/td>\n<\/tr>\n<tr>\n<td>\n<div align=\"left\">Innenbeleuchtung<\/div>\n<\/td>\n<td>\n<div align=\"left\">Nein<\/div>\n<\/td>\n<\/tr>\n<tr>\n<td>\n<div align=\"left\">Mitgeliefertes Zubeh\u00f6r<\/div>\n<\/td>\n<td>\n<div align=\"left\">3 Raster 33\u00d743<\/div>\n<\/td>\n<\/tr>\n<tr>\n<td>\n<div align=\"left\">Energieklasse<\/div>\n<\/td>\n<td>\n<div align=\"left\">B<\/div>\n<\/td>\n<\/tr>\n<tr>\n<td>\n<div align=\"left\">Nettogewicht<\/div>\n<\/td>\n<td>\n<div align=\"left\">125 kg<\/div>\n<\/td>\n<\/tr>\n<tr>\n<td>\n<div align=\"left\">Bruttogewicht<\/div>\n<\/td>\n<td>\n<div align=\"left\">156 kg<\/div>\n<\/td>\n<\/tr>\n<\/tbody>\n<\/table>\n<p>&nbsp;<\/p>","protected":false},"excerpt":{"rendered":"<p>Tavolo refrigerato gastronomia GN1\/1 ventilato 3 porte SNACK -2\u00b0C\/+8\u00b0C Professional Line Forcar Tavolo refrigerato G-SNACK3100TN gastronomia GN 1\/1, con 3 ante. Linea SNACK (contenitore di bibite). Refrigerazione ventilata. Gruppo incorporato estraibile per facile manutenzione. Andamento circolare dell&#8217;aria fredda in modo da non toccare direttamente il prodotto. Controllo temperatura elettronico con termostato digitale. Resistenza elettrica intorno [&#8230;]","protected":false},"featured_media":124577,"comment_status":"closed","ping_status":"closed","template":"","meta":{"_monsterinsights_skip_tracking":false,"_monsterinsights_sitenote_active":false,"_monsterinsights_sitenote_note":"","_monsterinsights_sitenote_category":0},"product_brand":[624],"product_cat":[70,27,653],"product_tag":[],"class_list":{"0":"post-30645","1":"product","2":"type-product","3":"status-publish","4":"has-post-thumbnail","6":"product_brand-forcar","7":"product_cat-tavoli-refrigerati","8":"product_cat-armadi-e-tavoli-refrigerati","9":"product_cat-refrigerazione","10":"product_shipping_class-e","11":"pa_classe-energetica-classe-b","12":"pa_marca-forcar","14":"first","15":"instock","16":"taxable","17":"shipping-taxable","18":"purchasable","19":"product-type-simple"},"_links":{"self":[{"href":"https:\/\/www.creaearredanegozi.it\/de\/wp-json\/wp\/v2\/product\/30645","targetHints":{"allow":["GET"]}}],"collection":[{"href":"https:\/\/www.creaearredanegozi.it\/de\/wp-json\/wp\/v2\/product"}],"about":[{"href":"https:\/\/www.creaearredanegozi.it\/de\/wp-json\/wp\/v2\/types\/product"}],"replies":[{"embeddable":true,"href":"https:\/\/www.creaearredanegozi.it\/de\/wp-json\/wp\/v2\/comments?post=30645"}],"wp:featuredmedia":[{"embeddable":true,"href":"https:\/\/www.creaearredanegozi.it\/de\/wp-json\/wp\/v2\/media\/124577"}],"wp:attachment":[{"href":"https:\/\/www.creaearredanegozi.it\/de\/wp-json\/wp\/v2\/media?parent=30645"}],"wp:term":[{"taxonomy":"product_brand","embeddable":true,"href":"https:\/\/www.creaearredanegozi.it\/de\/wp-json\/wp\/v2\/product_brand?post=30645"},{"taxonomy":"product_cat","embeddable":true,"href":"https:\/\/www.creaearredanegozi.it\/de\/wp-json\/wp\/v2\/product_cat?post=30645"},{"taxonomy":"product_tag","embeddable":true,"href":"https:\/\/www.creaearredanegozi.it\/de\/wp-json\/wp\/v2\/product_tag?post=30645"}],"curies":[{"name":"wp","href":"https:\/\/api.w.org\/{rel}","templated":true}]}}