{"id":3071,"date":"2015-07-02T12:08:55","date_gmt":"2015-07-02T10:08:55","guid":{"rendered":"https:\/\/www.creaearredanegozi.it\/?post_type=product&#038;p=3071"},"modified":"2023-07-03T19:49:24","modified_gmt":"2023-07-03T17:49:24","slug":"showcase-vr-20-cb","status":"publish","type":"product","link":"https:\/\/www.creaearredanegozi.it\/de\/showcase-vr-20-cb\/","title":{"rendered":"VR-20 CB Vitrine"},"content":{"rendered":"<p>Hei\u00df bel\u00fcftete Vitrine mit R\u00e4dern f\u00fcr Elektro- und Gasplanetenr\u00f6ster P7\/5<\/p>\n<p>Regale: 2<br \/>\nBetriebstemperatur: 0\u00b0 \u00f7 90\u00b0 C<br \/>\nLarghezza: 1008mm<br \/>\nTiefe: 660 mm<br \/>\nAltezza: 955 mm<br \/>\nSpannung: 230 V~<br \/>\nLeistung: 2,2 kW<br \/>\nPeso: 69 kg<\/p>","protected":false},"excerpt":{"rendered":"<p>Vetrina calda ventilata con ruote per girarrosti planetari elettrici e a gas P7\/5 Ripiani: 2 Temperatura di esercizio: 0\u00b0 \u00f7 90\u00b0 C Larghezza: 1008mm Profondit\u00e0: 660 mm Altezza: 955 mm Tensione: 230 V~ Potenza: 2,2 kW Peso: 69 kg<\/p>","protected":false},"featured_media":3072,"comment_status":"closed","ping_status":"closed","template":"","meta":{"_monsterinsights_skip_tracking":false,"_monsterinsights_sitenote_active":false,"_monsterinsights_sitenote_note":"","_monsterinsights_sitenote_category":0},"product_brand":[741],"product_cat":[255,28],"product_tag":[],"class_list":{"0":"post-3071","1":"product","2":"type-product","3":"status-publish","4":"has-post-thumbnail","6":"product_brand-cb-italy","7":"product_cat-calde","8":"product_cat-vetrine","9":"pa_marca-cb-italy","11":"first","12":"instock","13":"taxable","14":"shipping-taxable","15":"purchasable","16":"product-type-simple"},"_links":{"self":[{"href":"https:\/\/www.creaearredanegozi.it\/de\/wp-json\/wp\/v2\/product\/3071","targetHints":{"allow":["GET"]}}],"collection":[{"href":"https:\/\/www.creaearredanegozi.it\/de\/wp-json\/wp\/v2\/product"}],"about":[{"href":"https:\/\/www.creaearredanegozi.it\/de\/wp-json\/wp\/v2\/types\/product"}],"replies":[{"embeddable":true,"href":"https:\/\/www.creaearredanegozi.it\/de\/wp-json\/wp\/v2\/comments?post=3071"}],"wp:featuredmedia":[{"embeddable":true,"href":"https:\/\/www.creaearredanegozi.it\/de\/wp-json\/wp\/v2\/media\/3072"}],"wp:attachment":[{"href":"https:\/\/www.creaearredanegozi.it\/de\/wp-json\/wp\/v2\/media?parent=3071"}],"wp:term":[{"taxonomy":"product_brand","embeddable":true,"href":"https:\/\/www.creaearredanegozi.it\/de\/wp-json\/wp\/v2\/product_brand?post=3071"},{"taxonomy":"product_cat","embeddable":true,"href":"https:\/\/www.creaearredanegozi.it\/de\/wp-json\/wp\/v2\/product_cat?post=3071"},{"taxonomy":"product_tag","embeddable":true,"href":"https:\/\/www.creaearredanegozi.it\/de\/wp-json\/wp\/v2\/product_tag?post=3071"}],"curies":[{"name":"wp","href":"https:\/\/api.w.org\/{rel}","templated":true}]}}