{"id":3075,"date":"2015-07-02T12:13:55","date_gmt":"2015-07-02T10:13:55","guid":{"rendered":"https:\/\/www.creaearredanegozi.it\/?post_type=product&#038;p=3075"},"modified":"2023-07-03T19:49:25","modified_gmt":"2023-07-03T17:49:25","slug":"vitrine-vr-36-cb","status":"publish","type":"product","link":"https:\/\/www.creaearredanegozi.it\/de\/vitrine-vr-36-cb\/","title":{"rendered":"VR-36 CB Vitrine"},"content":{"rendered":"<p>Hei\u00df bel\u00fcftete Vitrine mit R\u00e4dern f\u00fcr elektrische und Gas-Planetenr\u00f6ster P10\/6<\/p>\n<p>Regale: 2<br \/>\nBetriebstemperatur: 0\u00b0 \u00f7 90\u00b0 C<br \/>\nBreite: 1300mm<br \/>\nTiefe: 730 mm<br \/>\nH\u00f6he: 885 mm<br \/>\nSpannung: 230 V~<br \/>\nLeistung: 2,2 kW<br \/>\nGewicht: 83 kg<\/p>","protected":false},"excerpt":{"rendered":"<p>Vetrina calda ventilata con ruote per girarrosti planetari elettrici e a gas P10\/6 Ripiani: 2 Temperatura di esercizio: 0\u00b0 \u00f7 90\u00b0 C Larghezza: 1300mm Profondit\u00e0: 730 mm Altezza: 885 mm Tensione: 230 V~ Potenza: 2,2 kW Peso: 83 kg<\/p>","protected":false},"featured_media":3076,"comment_status":"closed","ping_status":"closed","template":"","meta":{"_monsterinsights_skip_tracking":false,"_monsterinsights_sitenote_active":false,"_monsterinsights_sitenote_note":"","_monsterinsights_sitenote_category":0},"product_brand":[741],"product_cat":[255,28],"product_tag":[],"class_list":{"0":"post-3075","1":"product","2":"type-product","3":"status-publish","4":"has-post-thumbnail","6":"product_brand-cb-italy","7":"product_cat-calde","8":"product_cat-vetrine","9":"product_shipping_class-c","10":"pa_marca-cb-italy","12":"first","13":"instock","14":"taxable","15":"shipping-taxable","16":"purchasable","17":"product-type-simple"},"_links":{"self":[{"href":"https:\/\/www.creaearredanegozi.it\/de\/wp-json\/wp\/v2\/product\/3075","targetHints":{"allow":["GET"]}}],"collection":[{"href":"https:\/\/www.creaearredanegozi.it\/de\/wp-json\/wp\/v2\/product"}],"about":[{"href":"https:\/\/www.creaearredanegozi.it\/de\/wp-json\/wp\/v2\/types\/product"}],"replies":[{"embeddable":true,"href":"https:\/\/www.creaearredanegozi.it\/de\/wp-json\/wp\/v2\/comments?post=3075"}],"wp:featuredmedia":[{"embeddable":true,"href":"https:\/\/www.creaearredanegozi.it\/de\/wp-json\/wp\/v2\/media\/3076"}],"wp:attachment":[{"href":"https:\/\/www.creaearredanegozi.it\/de\/wp-json\/wp\/v2\/media?parent=3075"}],"wp:term":[{"taxonomy":"product_brand","embeddable":true,"href":"https:\/\/www.creaearredanegozi.it\/de\/wp-json\/wp\/v2\/product_brand?post=3075"},{"taxonomy":"product_cat","embeddable":true,"href":"https:\/\/www.creaearredanegozi.it\/de\/wp-json\/wp\/v2\/product_cat?post=3075"},{"taxonomy":"product_tag","embeddable":true,"href":"https:\/\/www.creaearredanegozi.it\/de\/wp-json\/wp\/v2\/product_tag?post=3075"}],"curies":[{"name":"wp","href":"https:\/\/api.w.org\/{rel}","templated":true}]}}