{"id":3077,"date":"2015-07-02T12:16:42","date_gmt":"2015-07-02T10:16:42","guid":{"rendered":"https:\/\/www.creaearredanegozi.it\/?post_type=product&#038;p=3077"},"modified":"2023-07-03T19:49:25","modified_gmt":"2023-07-03T17:49:25","slug":"showcase-vr-48-cb","status":"publish","type":"product","link":"https:\/\/www.creaearredanegozi.it\/de\/showcase-vr-48-cb\/","title":{"rendered":"VR-48 CB Vitrine"},"content":{"rendered":"<p>Hei\u00df bel\u00fcftete Vitrine mit R\u00e4dern f\u00fcr elektrische und Gas-Planetenr\u00f6ster P10\/8<\/p>\n<p>Regale: 1<br \/>\nBetriebstemperatur: 30\u00b0 \u00f7 90\u00b0 C<br \/>\nBreite: 1300mm<br \/>\nTiefe: 800 mm<br \/>\nH\u00f6he: 815 mm<br \/>\nSpannung: 230 V~<br \/>\nLeistung: 2,2 kW<br \/>\nGewicht: 78 kg<\/p>","protected":false},"excerpt":{"rendered":"<p>Vetrina calda ventilata con ruote per girarrosti planetari elettrici e a gas P10\/8 Ripiani: 1 Temperatura di esercizio: 30\u00b0 \u00f7 90\u00b0 C Larghezza: 1300mm Profondit\u00e0: 800 mm Altezza: 815 mm Tensione: 230 V~ Potenza: 2,2 kW Peso: 78 kg<\/p>","protected":false},"featured_media":3078,"comment_status":"closed","ping_status":"closed","template":"","meta":{"_monsterinsights_skip_tracking":false,"_monsterinsights_sitenote_active":false,"_monsterinsights_sitenote_note":"","_monsterinsights_sitenote_category":0},"product_brand":[741],"product_cat":[255,28],"product_tag":[],"class_list":{"0":"post-3077","1":"product","2":"type-product","3":"status-publish","4":"has-post-thumbnail","6":"product_brand-cb-italy","7":"product_cat-calde","8":"product_cat-vetrine","9":"pa_marca-cb-italy","11":"first","12":"instock","13":"taxable","14":"shipping-taxable","15":"purchasable","16":"product-type-simple"},"_links":{"self":[{"href":"https:\/\/www.creaearredanegozi.it\/de\/wp-json\/wp\/v2\/product\/3077","targetHints":{"allow":["GET"]}}],"collection":[{"href":"https:\/\/www.creaearredanegozi.it\/de\/wp-json\/wp\/v2\/product"}],"about":[{"href":"https:\/\/www.creaearredanegozi.it\/de\/wp-json\/wp\/v2\/types\/product"}],"replies":[{"embeddable":true,"href":"https:\/\/www.creaearredanegozi.it\/de\/wp-json\/wp\/v2\/comments?post=3077"}],"wp:featuredmedia":[{"embeddable":true,"href":"https:\/\/www.creaearredanegozi.it\/de\/wp-json\/wp\/v2\/media\/3078"}],"wp:attachment":[{"href":"https:\/\/www.creaearredanegozi.it\/de\/wp-json\/wp\/v2\/media?parent=3077"}],"wp:term":[{"taxonomy":"product_brand","embeddable":true,"href":"https:\/\/www.creaearredanegozi.it\/de\/wp-json\/wp\/v2\/product_brand?post=3077"},{"taxonomy":"product_cat","embeddable":true,"href":"https:\/\/www.creaearredanegozi.it\/de\/wp-json\/wp\/v2\/product_cat?post=3077"},{"taxonomy":"product_tag","embeddable":true,"href":"https:\/\/www.creaearredanegozi.it\/de\/wp-json\/wp\/v2\/product_tag?post=3077"}],"curies":[{"name":"wp","href":"https:\/\/api.w.org\/{rel}","templated":true}]}}