{"id":30819,"date":"2019-10-20T12:12:32","date_gmt":"2019-10-20T10:12:32","guid":{"rendered":"https:\/\/www.creaearredanegozi.it\/?post_type=product&#038;p=30819"},"modified":"2025-12-07T03:41:07","modified_gmt":"2025-12-07T02:41:07","slug":"kuhlvitrine-eisdiele-beluftet-10c-22c-sweet-line-forcar-g-ge800bt","status":"publish","type":"product","link":"https:\/\/www.creaearredanegozi.it\/de\/kuhlvitrine-eisdiele-beluftet-10c-22c-sweet-line-forcar-g-ge800bt\/","title":{"rendered":"Eiscreme-\/Konditorei-K\u00fchlschrank bel\u00fcftet -10\u00b0C\/-22\u00b0C Sweet Line Forcar G-GE800BT"},"content":{"rendered":"<h3>Eiscreme\/Konditorei K\u00fchltruhe bel\u00fcftet -10\u00b0C\/-22\u00b0C Sweet Line Forcar<\/h3>\n<h2>Professionelle K\u00fchltruhe f\u00fcr Konditoreien und Eisdielen<\/h2>\n<p><b>M\u00f6glichkeit der Aufnahme von Nr. 54 GN 1\/3 Lt. 5 Tabletts<\/b>\u00a0mm 330x165x120h (6 pro Regal). K\u00fchlvitrine f\u00fcr Eis- und Konditoreilabore, hergestellt aus <strong>Rostfreier Stahl AISI 304.<\/strong><\/p>\n<ul>\n<li>Bel\u00fcftete K\u00fchlung.<\/li>\n<li>Eingebaute Gruppe.<\/li>\n<li>Motorraum mit isolierten Seiten.<\/li>\n<li>Der Verdampfer ist verdeckt angebracht, so dass im Inneren ein Maximum an Platz zur Verf\u00fcgung steht.<\/li>\n<li>Elektronische Temperaturregelung mit digitalem Thermostat.<\/li>\n<li>Elektrische Heizung um den T\u00fcrrahmen herum, um Kondensation zu vermeiden.<\/li>\n<li>Automatische Abtauung mit elektrischem Heizelement und automatischer Abtauungstemperaturregelung.<\/li>\n<li>Automatische Verdunstung von Kondenswasser.<\/li>\n<li>Verdampfer gegen Korrosion behandelt.<\/li>\n<li>T\u00fcr mit Federr\u00fcckzug und Wendefunktion.<\/li>\n<li>T\u00fcrschloss mit Schl\u00fcssel.<\/li>\n<li>T\u00fcrdichtung ohne Werkzeug abnehmbar.<\/li>\n<li>Innenbeleuchtung.<\/li>\n<li>Unten mit abgerundeten Ecken.<\/li>\n<li>Au\u00dfenboden und R\u00fcckwand aus verzinktem Blech.<\/li>\n<li>H\u00f6henverstellbare F\u00fc\u00dfe aus Edelstahl AISI 304.<\/li>\n<li>Geliefert mit 10 Gittern\u00a0<\/li>\n<li>Tabletts und Schalen nicht enthalten.<\/li>\n<\/ul>\n<hr \/>\n<p><strong>Technische Daten:<\/strong><\/p>\n<table class=\"table table-striped\" style=\"width: 100%\">\n<tbody>\n<tr>\n<td style=\"width: 50%\">\n<div align=\"left\"><strong>Modell<\/strong><\/div>\n<\/td>\n<td>\n<div align=\"left\"><b>G-GE800BT<\/b><\/div>\n<\/td>\n<\/tr>\n<tr>\n<td>\n<div align=\"left\">Arbeitstemperatur<\/div>\n<\/td>\n<td>\n<div align=\"left\">-10\u00b0C\/-22\u00b0C<\/div>\n<\/td>\n<\/tr>\n<tr>\n<td>\n<div align=\"left\">\u00c4u\u00dfere Abmessungen<\/div>\n<\/td>\n<td>\n<div align=\"left\">740 x 990 x 2010h mm<\/div>\n<\/td>\n<\/tr>\n<tr>\n<td>\n<div align=\"left\">Innere Abmessungen<\/div>\n<\/td>\n<td>\n<div align=\"left\">624 x 846 x 1396h mm<\/div>\n<\/td>\n<\/tr>\n<tr>\n<td>\n<div align=\"left\">Kapazit\u00e4t<\/div>\n<\/td>\n<td>\n<div align=\"left\">737 L<\/div>\n<\/td>\n<\/tr>\n<tr>\n<td>\n<div align=\"left\">Maximale Arbeitstemperatur<\/div>\n<\/td>\n<td>\n<div align=\"left\">+32\u00b0C\/ 55 % HR<\/div>\n<\/td>\n<\/tr>\n<tr>\n<td>\n<div align=\"left\">Art der K\u00fchlung<\/div>\n<\/td>\n<td>\n<div align=\"left\">Bel\u00fcftet<\/div>\n<\/td>\n<\/tr>\n<tr>\n<td>\n<div align=\"left\">Art der Abtauung<\/div>\n<\/td>\n<td>\n<div align=\"left\">Elektrisch<\/div>\n<\/td>\n<\/tr>\n<tr>\n<td>\n<div align=\"left\">Art des K\u00e4ltemittelgases<\/div>\n<\/td>\n<td>\n<div align=\"left\">R290<\/div>\n<\/td>\n<\/tr>\n<tr>\n<td>\n<div align=\"left\">Kondenswasserverdunstung<\/div>\n<\/td>\n<td>\n<div align=\"left\">Automatisch<\/div>\n<\/td>\n<\/tr>\n<tr>\n<td>\n<div align=\"left\">Temperaturkontrolle<\/div>\n<\/td>\n<td>\n<div align=\"left\">Elektronisch<\/div>\n<\/td>\n<\/tr>\n<tr>\n<td>\n<div align=\"left\">Isolierung<\/div>\n<\/td>\n<td>\n<div align=\"left\">60 mm<\/div>\n<\/td>\n<\/tr>\n<tr>\n<td>\n<div align=\"left\">Absorption<\/div>\n<\/td>\n<td>\n<div align=\"left\">700 W<\/div>\n<\/td>\n<\/tr>\n<tr>\n<td>\n<div align=\"left\">Spannung<\/div>\n<\/td>\n<td>\n<div align=\"left\">230V \/ 50 Hz<\/div>\n<\/td>\n<\/tr>\n<tr>\n<td>\n<div align=\"left\">Baumaterial<\/div>\n<\/td>\n<td>\n<div align=\"left\">Rostfreier Stahl AISI 304<\/div>\n<\/td>\n<\/tr>\n<tr>\n<td>\n<div align=\"left\">Umkehrung der T\u00fcr<\/div>\n<\/td>\n<td>\n<div align=\"left\">Ja<\/div>\n<\/td>\n<\/tr>\n<tr>\n<td>\n<div align=\"left\">Innenbeleuchtung<\/div>\n<\/td>\n<td>\n<div align=\"left\">Ja<\/div>\n<\/td>\n<\/tr>\n<tr>\n<td>\n<div align=\"left\">Mitgeliefertes Zubeh\u00f6r<\/div>\n<\/td>\n<td>\n<div align=\"left\">10 Raster<\/div>\n<\/td>\n<\/tr>\n<tr>\n<td>\n<div align=\"left\">Energieklasse<\/div>\n<\/td>\n<td>\n<div align=\"left\">D<\/div>\n<\/td>\n<\/tr>\n<tr>\n<td>\n<div align=\"left\">Nettogewicht<\/div>\n<\/td>\n<td>\n<div align=\"left\">162 kg<\/div>\n<\/td>\n<\/tr>\n<tr>\n<td>\n<div align=\"left\">Bruttogewicht<\/div>\n<\/td>\n<td>\n<div align=\"left\">188 kg<\/div>\n<\/td>\n<\/tr>\n<\/tbody>\n<\/table>\n<p>\u00a0 <img decoding=\"async\" class=\"alignnone size-full wp-image-124069 aligncenter\" src=\"https:\/\/www.creaearredanegozi.it\/wp-content\/uploads\/2019\/10\/GE800BT_Pieno.jpg\" alt=\"\" width=\"174\" height=\"289\" title=\"\" srcset=\"https:\/\/www.creaearredanegozi.it\/wp-content\/uploads\/2019\/10\/GE800BT_Pieno.jpg 174w, https:\/\/www.creaearredanegozi.it\/wp-content\/uploads\/2019\/10\/GE800BT_Pieno-64x106.jpg 64w\" sizes=\"(max-width: 174px) 100vw, 174px\" \/><\/p>","protected":false},"excerpt":{"rendered":"<p>Armadio Refrigerato Gelateria\/Pasticceria Ventilato -10\u00b0C\/-22\u00b0C Sweet Line Forcar Armadio refrigerato professionale Pasticceria e Gelateria Possibilit\u00e0 di contenere n\u00b054 vaschette GN 1\/3 da Lt. 5\u00a0da mm 330x165x120h (6 per piano). Armadio refrigerato per laboratori di gelateria e pasticceria realizzato in acciaio inox AISI 304. Refrigerazione ventilata. Gruppo incorporato. Vano motore con fianchi coibentati. Evaporatore posizionato a [&#8230;]","protected":false},"featured_media":124067,"comment_status":"closed","ping_status":"closed","template":"","meta":{"_monsterinsights_skip_tracking":false,"_monsterinsights_sitenote_active":false,"_monsterinsights_sitenote_note":"","_monsterinsights_sitenote_category":0},"product_brand":[624],"product_cat":[753,69,27,317,708,653],"product_tag":[],"class_list":{"0":"post-30819","1":"product","2":"type-product","3":"status-publish","4":"has-post-thumbnail","6":"product_brand-forcar","7":"product_cat-armadi-refrigerati-pasticcerie","8":"product_cat-armadi-refrigerati","9":"product_cat-armadi-e-tavoli-refrigerati","10":"product_cat-gelaterie","11":"product_cat-pasticcerie","12":"product_cat-refrigerazione","13":"product_shipping_class-h","14":"pa_classe-energetica-classe-d","15":"pa_marca-forcar","17":"first","18":"instock","19":"taxable","20":"shipping-taxable","21":"purchasable","22":"product-type-simple"},"_links":{"self":[{"href":"https:\/\/www.creaearredanegozi.it\/de\/wp-json\/wp\/v2\/product\/30819","targetHints":{"allow":["GET"]}}],"collection":[{"href":"https:\/\/www.creaearredanegozi.it\/de\/wp-json\/wp\/v2\/product"}],"about":[{"href":"https:\/\/www.creaearredanegozi.it\/de\/wp-json\/wp\/v2\/types\/product"}],"replies":[{"embeddable":true,"href":"https:\/\/www.creaearredanegozi.it\/de\/wp-json\/wp\/v2\/comments?post=30819"}],"wp:featuredmedia":[{"embeddable":true,"href":"https:\/\/www.creaearredanegozi.it\/de\/wp-json\/wp\/v2\/media\/124067"}],"wp:attachment":[{"href":"https:\/\/www.creaearredanegozi.it\/de\/wp-json\/wp\/v2\/media?parent=30819"}],"wp:term":[{"taxonomy":"product_brand","embeddable":true,"href":"https:\/\/www.creaearredanegozi.it\/de\/wp-json\/wp\/v2\/product_brand?post=30819"},{"taxonomy":"product_cat","embeddable":true,"href":"https:\/\/www.creaearredanegozi.it\/de\/wp-json\/wp\/v2\/product_cat?post=30819"},{"taxonomy":"product_tag","embeddable":true,"href":"https:\/\/www.creaearredanegozi.it\/de\/wp-json\/wp\/v2\/product_tag?post=30819"}],"curies":[{"name":"wp","href":"https:\/\/api.w.org\/{rel}","templated":true}]}}