{"id":3084,"date":"2015-07-02T12:30:37","date_gmt":"2015-07-02T10:30:37","guid":{"rendered":"https:\/\/www.creaearredanegozi.it\/?post_type=product&#038;p=3084"},"modified":"2023-07-03T19:49:25","modified_gmt":"2023-07-03T17:49:25","slug":"cavalletto-p106","status":"publish","type":"product","link":"https:\/\/www.creaearredanegozi.it\/de\/cavalletto-p106\/","title":{"rendered":"Planeten-Drehspie\u00dfst\u00e4nder Mod. P10\/6 CB"},"content":{"rendered":"<p>Demontierbarer Edelstahlst\u00e4nder mit R\u00e4dern und Zwischenboden f\u00fcr Elektro- und Gas-Planetenbr\u00e4ter P10\/6<\/p>\n<p>Breite: 1300 mm<br \/>\nTiefe: 730 mm<br \/>\nH\u00f6he: 905 mm<br \/>\nPeso: 36 kg<\/p>","protected":false},"excerpt":{"rendered":"<p>Cavalletto smontabile in acciaio inox con ruote e ripiano intermedio per girarrosti planetari elettrici e a gas P10\/6 Larghezza: 1300 mm Profondit\u00e0: 730 mm Altezza: 905 mm Peso: 36 kg<\/p>","protected":false},"featured_media":3085,"comment_status":"closed","ping_status":"closed","template":"","meta":{"_monsterinsights_skip_tracking":false,"_monsterinsights_sitenote_active":false,"_monsterinsights_sitenote_note":"","_monsterinsights_sitenote_category":0},"product_brand":[741],"product_cat":[115,39],"product_tag":[],"class_list":{"0":"post-3084","1":"product","2":"type-product","3":"status-publish","4":"has-post-thumbnail","6":"product_brand-cb-italy","7":"product_cat-cavalletti","8":"product_cat-girarrosto","10":"first","11":"instock","12":"taxable","13":"shipping-taxable","14":"purchasable","15":"product-type-simple"},"_links":{"self":[{"href":"https:\/\/www.creaearredanegozi.it\/de\/wp-json\/wp\/v2\/product\/3084","targetHints":{"allow":["GET"]}}],"collection":[{"href":"https:\/\/www.creaearredanegozi.it\/de\/wp-json\/wp\/v2\/product"}],"about":[{"href":"https:\/\/www.creaearredanegozi.it\/de\/wp-json\/wp\/v2\/types\/product"}],"replies":[{"embeddable":true,"href":"https:\/\/www.creaearredanegozi.it\/de\/wp-json\/wp\/v2\/comments?post=3084"}],"wp:featuredmedia":[{"embeddable":true,"href":"https:\/\/www.creaearredanegozi.it\/de\/wp-json\/wp\/v2\/media\/3085"}],"wp:attachment":[{"href":"https:\/\/www.creaearredanegozi.it\/de\/wp-json\/wp\/v2\/media?parent=3084"}],"wp:term":[{"taxonomy":"product_brand","embeddable":true,"href":"https:\/\/www.creaearredanegozi.it\/de\/wp-json\/wp\/v2\/product_brand?post=3084"},{"taxonomy":"product_cat","embeddable":true,"href":"https:\/\/www.creaearredanegozi.it\/de\/wp-json\/wp\/v2\/product_cat?post=3084"},{"taxonomy":"product_tag","embeddable":true,"href":"https:\/\/www.creaearredanegozi.it\/de\/wp-json\/wp\/v2\/product_tag?post=3084"}],"curies":[{"name":"wp","href":"https:\/\/api.w.org\/{rel}","templated":true}]}}