{"id":3089,"date":"2015-07-02T12:42:31","date_gmt":"2015-07-02T10:42:31","guid":{"rendered":"https:\/\/www.creaearredanegozi.it\/?post_type=product&#038;p=3089"},"modified":"2025-12-03T18:03:20","modified_gmt":"2025-12-03T17:03:20","slug":"bratenherd-ca20-cb","status":"publish","type":"product","link":"https:\/\/www.creaearredanegozi.it\/de\/bratenherd-ca20-cb\/","title":{"rendered":"Elektro-Bratger\u00e4t CA20 CB"},"content":{"rendered":"<p><strong>Elektromotorisch betriebener Arrosticini-Kocher<\/strong><\/p>\n<p>Motorbetriebener Bratenkocher f\u00fcr 20 Braten. Garen mit keramischen Infrarot-Heizelementen, Regulierung und Modulation der Heizelemente nach Sektoren<\/p>\n<p>FEATURES<\/p>\n<ul>\n<li>Infrarotheizungen (leicht abwaschbar)<\/li>\n<li>2 unabh\u00e4ngige Heizzonen<\/li>\n<li>Abnehmbare Fettpfanne<\/li>\n<li>Motorisierte Drehung von Arrosticini<\/li>\n<li>F\u00fcr Braten mit einer maximalen L\u00e4nge von 125 mm und einem maximalen Durchmesser von 22 mm oder 15\u00d715 mm<\/li>\n<\/ul>\n<p>Breite: 400 mm<br \/>\nTiefe: 450 mm<br \/>\nH\u00f6he: 725 mm<br \/>\nAnzahl der R\u00f6stungen: 20*<br \/>\nSpannung: 230V ~<br \/>\nLeistung: 3 kW<br \/>\nGewicht: 23 kg<\/p>\n<p>*F\u00fcr Braten mit einer maximalen L\u00e4nge von 125 mm und einem maximalen Durchmesser von 22 mm oder 15\u00d715 mm<\/p>\n<p>NOTA: Chiedere disponibilit\u00e0 prima dell&#8217;acquisto.<\/p>","protected":false},"excerpt":{"rendered":"<p>Cuoci arrosticini elettrico a motore Cuoci arrosticini a motore per 20 arrosticini. Cottura con resistenze ceramiche ad infrarosso, Regolazione e modulazione resistenze a settori CARATTERISTICHE Resistenze ad infrarosso (facilmente lavabili) 2 zone indipendenti di riscaldamento Bacinella raccogli grasso estraibile Rotazione motorizzata degli arrosticini Per arrosticini di lunghezza max. 125 mm e diametro max. 22 mm [&#8230;]","protected":false},"featured_media":124491,"comment_status":"closed","ping_status":"closed","template":"","meta":{"_monsterinsights_skip_tracking":false,"_monsterinsights_sitenote_active":false,"_monsterinsights_sitenote_note":"","_monsterinsights_sitenote_category":0},"product_brand":[741],"product_cat":[9,114,184],"product_tag":[],"class_list":{"0":"post-3089","1":"product","2":"type-product","3":"status-publish","4":"has-post-thumbnail","6":"product_brand-cb-italy","7":"product_cat-attrezzature-pub","8":"product_cat-elettrici-girarrosto","9":"product_cat-gyros","10":"product_shipping_class-f","11":"pa_marca-cb-italy","13":"first","14":"instock","15":"taxable","16":"shipping-taxable","17":"purchasable","18":"product-type-simple"},"_links":{"self":[{"href":"https:\/\/www.creaearredanegozi.it\/de\/wp-json\/wp\/v2\/product\/3089","targetHints":{"allow":["GET"]}}],"collection":[{"href":"https:\/\/www.creaearredanegozi.it\/de\/wp-json\/wp\/v2\/product"}],"about":[{"href":"https:\/\/www.creaearredanegozi.it\/de\/wp-json\/wp\/v2\/types\/product"}],"replies":[{"embeddable":true,"href":"https:\/\/www.creaearredanegozi.it\/de\/wp-json\/wp\/v2\/comments?post=3089"}],"wp:featuredmedia":[{"embeddable":true,"href":"https:\/\/www.creaearredanegozi.it\/de\/wp-json\/wp\/v2\/media\/124491"}],"wp:attachment":[{"href":"https:\/\/www.creaearredanegozi.it\/de\/wp-json\/wp\/v2\/media?parent=3089"}],"wp:term":[{"taxonomy":"product_brand","embeddable":true,"href":"https:\/\/www.creaearredanegozi.it\/de\/wp-json\/wp\/v2\/product_brand?post=3089"},{"taxonomy":"product_cat","embeddable":true,"href":"https:\/\/www.creaearredanegozi.it\/de\/wp-json\/wp\/v2\/product_cat?post=3089"},{"taxonomy":"product_tag","embeddable":true,"href":"https:\/\/www.creaearredanegozi.it\/de\/wp-json\/wp\/v2\/product_tag?post=3089"}],"curies":[{"name":"wp","href":"https:\/\/api.w.org\/{rel}","templated":true}]}}