{"id":31014,"date":"2019-10-25T12:08:06","date_gmt":"2019-10-25T10:08:06","guid":{"rendered":"https:\/\/www.creaearredanegozi.it\/?post_type=product&#038;p=31014"},"modified":"2025-12-07T03:41:07","modified_gmt":"2025-12-07T02:41:07","slug":"vetrina-refrigerata-pizza-statica-4-gn-1-3-1-gn-1-2-2c-8c-forcar-g-ri14038v","status":"publish","type":"product","link":"https:\/\/www.creaearredanegozi.it\/de\/vetrina-refrigerata-pizza-statica-4-gn-1-3-1-gn-1-2-2c-8c-forcar-g-ri14038v\/","title":{"rendered":"Statische Pizzaschaukel 4 GN 1\/3 + 1 GN 1\/2 +2\u00b0C\/+8\u00b0C Forcar G-RI14038V"},"content":{"rendered":"<h3>Vetrina refrigerata pizza statica 4 GN 1\/3 + 1 GN 1\/2 +2\u00b0C\/+8\u00b0C Forcar<\/h3>\n<p><strong>Professionelle Vitrine f\u00fcr Pizzeria G-RI14038V<\/strong><\/p>\n<p>Gek\u00fchlte Pizzavitrine mit statischer K\u00fchlung.<\/p>\n<ul>\n<li>Struktur in <strong>Rostfreier Stahl AISI 304.<\/strong><\/li>\n<li>Sch\u00fctzendes Glas.<\/li>\n<li>Elektronische Temperaturregelung.<\/li>\n<li>Das Abtauen wurde gestoppt.<\/li>\n<li>Einbauger\u00e4t nur rechte Seite Gas R600a.<\/li>\n<li>Geeignet f\u00fcr die Aufnahme von Gastronorm-, Edelstahl- oder Polycarbonatsch\u00fcsseln (Sch\u00fcsseln NICHT INBEGRIFFEN).<\/li>\n<\/ul>\n<hr \/>\n<p><strong>Technische Daten:<\/strong><\/p>\n<table class=\"table table-striped\">\n<tbody>\n<tr>\n<td>\n<div align=\"left\"><strong>Modell<\/strong><\/div>\n<\/td>\n<td>\n<div align=\"left\"><b>G-RI14038V<\/b><\/div>\n<\/td>\n<\/tr>\n<tr>\n<td>\n<div align=\"left\">Arbeitstemperatur<\/div>\n<\/td>\n<td>\n<div align=\"left\">+2\u00b0C\/+8\u00b0C<\/div>\n<\/td>\n<\/tr>\n<tr>\n<td>\n<div align=\"left\">\u00c4u\u00dfere Abmessungen<\/div>\n<\/td>\n<td>\n<div align=\"left\">Con vetri: 1400 x 380 x 435h mm<\/div>\n<div align=\"left\">Senza vetri: 1400 x 380 x 230h mm<\/div>\n<\/td>\n<\/tr>\n<tr>\n<td>\n<div align=\"left\">Innere Abmessungen<\/div>\n<\/td>\n<td>\n<div align=\"left\">1050 x 305 x 150 h mm<\/div>\n<\/td>\n<\/tr>\n<tr>\n<td>\n<div align=\"left\">Kapazit\u00e4t<\/div>\n<\/td>\n<td>\n<div align=\"left\">N. 4 x GN 1\/3 + N. 1 x GN 1\/2<\/div>\n<\/td>\n<\/tr>\n<tr>\n<td>\n<div align=\"left\">Maximale Arbeitstemperatur<\/div>\n<\/td>\n<td>\n<div align=\"left\">+32\u00b0C\/ 55 % HR<\/div>\n<\/td>\n<\/tr>\n<tr>\n<td>\n<div align=\"left\">Art der K\u00fchlung<\/div>\n<\/td>\n<td>\n<div align=\"left\">Statisch<\/div>\n<\/td>\n<\/tr>\n<tr>\n<td>\n<div align=\"left\">Art der Abtauung<\/div>\n<\/td>\n<td>\n<div align=\"left\">Eine Pause<\/div>\n<\/td>\n<\/tr>\n<tr>\n<td>\n<div align=\"left\">Art des K\u00e4ltemittelgases<\/div>\n<\/td>\n<td>\n<div align=\"left\">R600a<\/div>\n<\/td>\n<\/tr>\n<tr>\n<td>\n<div align=\"left\">Kondenswasserverdunstung<\/div>\n<\/td>\n<td>\n<div align=\"left\">Handbuch<\/div>\n<\/td>\n<\/tr>\n<tr>\n<td>\n<div align=\"left\">Temperaturkontrolle<\/div>\n<\/td>\n<td>\n<div align=\"left\">Elektronisch<\/div>\n<\/td>\n<\/tr>\n<tr>\n<td>\n<div align=\"left\">Isolierung<\/div>\n<\/td>\n<td>\n<div align=\"left\">45 mm<\/div>\n<\/td>\n<\/tr>\n<tr>\n<td>\n<div align=\"left\">Absorption<\/div>\n<\/td>\n<td>\n<div align=\"left\">110 W<\/div>\n<\/td>\n<\/tr>\n<tr>\n<td>\n<div align=\"left\">Spannung<\/div>\n<\/td>\n<td>\n<div align=\"left\">230V \/ 50 Hz<\/div>\n<\/td>\n<\/tr>\n<tr>\n<td>\n<div align=\"left\">Baumaterial<\/div>\n<\/td>\n<td>\n<div align=\"left\">Rostfreier Stahl AISI 304<\/div>\n<\/td>\n<\/tr>\n<tr>\n<td>\n<div align=\"left\">Innenbeleuchtung<\/div>\n<\/td>\n<td>\n<div align=\"left\">Nein<\/div>\n<\/td>\n<\/tr>\n<tr>\n<td>\n<div align=\"left\">Mitgeliefertes Zubeh\u00f6r<\/div>\n<\/td>\n<td>\n<div align=\"left\">Glas-Bausatz<\/div>\n<\/td>\n<\/tr>\n<tr>\n<td>\n<div align=\"left\">Nettogewicht<\/div>\n<\/td>\n<td>\n<div align=\"left\">52 kg<\/div>\n<\/td>\n<\/tr>\n<tr>\n<td>\n<div align=\"left\">Bruttogewicht<\/div>\n<\/td>\n<td>\n<div align=\"left\">66 Kg<\/div>\n<\/td>\n<\/tr>\n<\/tbody>\n<\/table>\n<p>Optional<\/p>\n<ul>\n<li>Paar Konsolen mit F\u00fc\u00dfen (h100-150-200 cm)<\/li>\n<li>Paar Wandhalterungen.<\/li>\n<\/ul>\n<hr \/>\n<p>Verf\u00fcgbare Modelle und Gr\u00f6\u00dfen<\/p>\n<p><img decoding=\"async\" class=\"alignnone size-full wp-image-124701\" src=\"https:\/\/www.creaearredanegozi.it\/wp-content\/uploads\/2019\/10\/serie380.jpg\" alt=\"\" width=\"100%\" height=\"auto\" title=\"\" srcset=\"https:\/\/www.creaearredanegozi.it\/wp-content\/uploads\/2019\/10\/serie380.jpg 600w, https:\/\/www.creaearredanegozi.it\/wp-content\/uploads\/2019\/10\/serie380-250x250.jpg 250w, https:\/\/www.creaearredanegozi.it\/wp-content\/uploads\/2019\/10\/serie380-100x100.jpg 100w, https:\/\/www.creaearredanegozi.it\/wp-content\/uploads\/2019\/10\/serie380-516x516.jpg 516w, https:\/\/www.creaearredanegozi.it\/wp-content\/uploads\/2019\/10\/serie380-64x64.jpg 64w, https:\/\/www.creaearredanegozi.it\/wp-content\/uploads\/2019\/10\/serie380-400x400.jpg 400w, https:\/\/www.creaearredanegozi.it\/wp-content\/uploads\/2019\/10\/serie380-280x280.jpg 280w\" sizes=\"(max-width: 600px) 100vw, 600px\" \/><\/p>","protected":false},"excerpt":{"rendered":"<p>Vetrina refrigerata pizza statica 4 GN 1\/3 + 1 GN 1\/2 +2\u00b0C\/+8\u00b0C Forcar Vetrina professionale per pizzeria G-RI14038V Vetrina refrigerate pizza con refrigerazione statica. Struttura in acciaio inox AISI 304. Vetri di protezione. Controllo temperatura elettronico. Sbrinamento a sosta. Gruppo incorporato solo lato destro gas R600a. Adatta per il contenimento di bacinelle gastronorm, inox o [&#8230;]","protected":false},"featured_media":124710,"comment_status":"closed","ping_status":"closed","template":"","meta":{"_monsterinsights_skip_tracking":false,"_monsterinsights_sitenote_active":false,"_monsterinsights_sitenote_note":"","_monsterinsights_sitenote_category":0},"product_brand":[624],"product_cat":[189],"product_tag":[],"class_list":{"0":"post-31014","1":"product","2":"type-product","3":"status-publish","4":"has-post-thumbnail","6":"product_brand-forcar","7":"product_cat-vetrine-refrigerate-porta-ingredienti-pizzeria","8":"product_shipping_class-206","9":"pa_marca-forcar","11":"first","12":"instock","13":"taxable","14":"shipping-taxable","15":"purchasable","16":"product-type-simple"},"_links":{"self":[{"href":"https:\/\/www.creaearredanegozi.it\/de\/wp-json\/wp\/v2\/product\/31014","targetHints":{"allow":["GET"]}}],"collection":[{"href":"https:\/\/www.creaearredanegozi.it\/de\/wp-json\/wp\/v2\/product"}],"about":[{"href":"https:\/\/www.creaearredanegozi.it\/de\/wp-json\/wp\/v2\/types\/product"}],"replies":[{"embeddable":true,"href":"https:\/\/www.creaearredanegozi.it\/de\/wp-json\/wp\/v2\/comments?post=31014"}],"wp:featuredmedia":[{"embeddable":true,"href":"https:\/\/www.creaearredanegozi.it\/de\/wp-json\/wp\/v2\/media\/124710"}],"wp:attachment":[{"href":"https:\/\/www.creaearredanegozi.it\/de\/wp-json\/wp\/v2\/media?parent=31014"}],"wp:term":[{"taxonomy":"product_brand","embeddable":true,"href":"https:\/\/www.creaearredanegozi.it\/de\/wp-json\/wp\/v2\/product_brand?post=31014"},{"taxonomy":"product_cat","embeddable":true,"href":"https:\/\/www.creaearredanegozi.it\/de\/wp-json\/wp\/v2\/product_cat?post=31014"},{"taxonomy":"product_tag","embeddable":true,"href":"https:\/\/www.creaearredanegozi.it\/de\/wp-json\/wp\/v2\/product_tag?post=31014"}],"curies":[{"name":"wp","href":"https:\/\/api.w.org\/{rel}","templated":true}]}}