{"id":3108,"date":"2015-07-03T11:53:43","date_gmt":"2015-07-03T09:53:43","guid":{"rendered":"https:\/\/www.creaearredanegozi.it\/?post_type=product&#038;p=3108"},"modified":"2023-07-03T19:49:25","modified_gmt":"2023-07-03T17:49:25","slug":"af370vs-vertikale-schneidemaschine-top-swedlinghaus","status":"publish","type":"product","link":"https:\/\/www.creaearredanegozi.it\/de\/af370vs-vertikale-schneidemaschine-top-swedlinghaus\/","title":{"rendered":"AF370VS TOP Swedlinghaus Vertikale Aufschnittmaschine Aufschnittmaschine"},"content":{"rendered":"<p>Riemenantrieb, bel\u00fcfteter Motor, deutsches GB-Messer, Kleinteile aus rostfreiem Stahl, blau eloxierte Aluminiumkn\u00f6pfe und -griffe, eingebauter Gusssch\u00e4rfer mit Bodenschale, Messerschutz aus rostfreiem Stahl, \u00fcbergro\u00dfer und abnehmbarer Messerschutz f\u00fcr eine gr\u00fcndliche Reinigung, gro\u00dfer Abstand zwischen Kopf und Messer. Doppelt verschiebbarer Uniblock-Arm mit abnehmbarer Wurstplatte, Plattenentriegelungssystem und Mikro auf dem Klingenschutz. IP67-Steuerung.<\/p>\n<p>Schnittkapazit\u00e4t Mm 330\u00d7260<br \/>\nSchnittdicke Mm 16<br \/>\nL\u00e4nge Mm 830<br \/>\nBreite Mm 650<br \/>\nH\u00f6he Mm 670<br \/>\nGewicht Kg 49<br \/>\nAbstand zwischen den F\u00fc\u00dfen Mm 405\u00d7570<br \/>\nAbmessungen des Wagens Mm 370\u00d7310<br \/>\nMotor kW 0,370<\/p>","protected":false},"excerpt":{"rendered":"<p>Trasmissione a cinghia, motore ventilato, lama tedesca GB, minuterie in acciaio inox, manopole e impugnature in alluminio anodizzato blu, affilatoio incorporato in fusione con vaschetta inferiore, parafette in acciaio inox, paragrasso maggiorato e smontabile per un&#8217;accurata pulizia, ampia distanza tra testa e lama. Piatto porta merce con doppio scorrimento, braccio uniblock dotato di piastra salumeria [&#8230;]","protected":false},"featured_media":123296,"comment_status":"closed","ping_status":"closed","template":"","meta":{"_monsterinsights_skip_tracking":false,"_monsterinsights_sitenote_active":false,"_monsterinsights_sitenote_note":"","_monsterinsights_sitenote_category":0},"product_brand":[],"product_cat":[51,677,678,26],"product_tag":[],"class_list":{"0":"post-3108","1":"product","2":"type-product","3":"status-publish","4":"has-post-thumbnail","6":"product_cat-affettatrici","7":"product_cat-affettatrici-professionali","8":"product_cat-affettatrici-salumi","9":"product_cat-macelleria-e-gastronomia","10":"product_shipping_class-33","12":"first","13":"instock","14":"taxable","15":"shipping-taxable","16":"purchasable","17":"product-type-simple"},"_links":{"self":[{"href":"https:\/\/www.creaearredanegozi.it\/de\/wp-json\/wp\/v2\/product\/3108","targetHints":{"allow":["GET"]}}],"collection":[{"href":"https:\/\/www.creaearredanegozi.it\/de\/wp-json\/wp\/v2\/product"}],"about":[{"href":"https:\/\/www.creaearredanegozi.it\/de\/wp-json\/wp\/v2\/types\/product"}],"replies":[{"embeddable":true,"href":"https:\/\/www.creaearredanegozi.it\/de\/wp-json\/wp\/v2\/comments?post=3108"}],"wp:featuredmedia":[{"embeddable":true,"href":"https:\/\/www.creaearredanegozi.it\/de\/wp-json\/wp\/v2\/media\/123296"}],"wp:attachment":[{"href":"https:\/\/www.creaearredanegozi.it\/de\/wp-json\/wp\/v2\/media?parent=3108"}],"wp:term":[{"taxonomy":"product_brand","embeddable":true,"href":"https:\/\/www.creaearredanegozi.it\/de\/wp-json\/wp\/v2\/product_brand?post=3108"},{"taxonomy":"product_cat","embeddable":true,"href":"https:\/\/www.creaearredanegozi.it\/de\/wp-json\/wp\/v2\/product_cat?post=3108"},{"taxonomy":"product_tag","embeddable":true,"href":"https:\/\/www.creaearredanegozi.it\/de\/wp-json\/wp\/v2\/product_tag?post=3108"}],"curies":[{"name":"wp","href":"https:\/\/api.w.org\/{rel}","templated":true}]}}