{"id":3110,"date":"2015-07-03T11:57:44","date_gmt":"2015-07-03T09:57:44","guid":{"rendered":"https:\/\/www.creaearredanegozi.it\/?post_type=product&#038;p=3110"},"modified":"2023-10-30T13:54:28","modified_gmt":"2023-10-30T12:54:28","slug":"affettacarne-verticale-af370vm-top-swedlinghaus","status":"publish","type":"product","link":"https:\/\/www.creaearredanegozi.it\/de\/affettacarne-verticale-af370vm-top-swedlinghaus\/","title":{"rendered":"Vertikale Fleischschneidemaschine AF370VM TOP Swedlinghaus"},"content":{"rendered":"<p>Neue Schneidemaschinen f\u00fcr den Gro\u00dfhandel, die aus der Erfahrung und dem direkten Kontakt mit den H\u00e4ndlern und Betreibern des Sektors entstanden sind.<\/p>\n<ul>\n<li>Linea arrotondata e nuovo design tecnico.<\/li>\n<li>Costruita in lega di alluminio anodizzato,<\/li>\n<li>trasmissione a cinghia,<\/li>\n<li>motore ventilato,<\/li>\n<li>lama italiana RASPE,<\/li>\n<li>minuterie in acciaio inox,<\/li>\n<li>manopole e impugnature in alluminio anodizzato blu,<\/li>\n<li>affilatoio incorporato in fusione con vaschetta inferiore,<\/li>\n<li>parafette in acciaio inox,<\/li>\n<li>ampia distanza tra testa e lama,<\/li>\n<li>piatto porta merce con doppio scorrimento,<\/li>\n<li>pressamerce inox amovibile,<\/li>\n<li>sistema di sblocco piatto,<\/li>\n<li>micro sul paralama,<\/li>\n<li>comandi IP67,<\/li>\n<li>anello di tenuta su puleggia,<\/li>\n<li>apertura vela 0\/24 mm<\/li>\n<li>kit di pulizia.<\/li>\n<\/ul>\n<table style=\"border-collapse: collapse; width: 100%;\">\n<tbody>\n<tr>\n<td style=\"width: 50%;\">Capacit\u00e0 di taglio:<\/td>\n<td style=\"width: 50%;\">mm 330&#215;260<\/td>\n<\/tr>\n<tr>\n<td style=\"width: 50%;\">Diametro max salume:<\/td>\n<td style=\"width: 50%;\">mm 260<\/td>\n<\/tr>\n<tr>\n<td style=\"width: 50%;\">Spessore di taglio:<\/td>\n<td style=\"width: 50%;\">mm 0-24mm<\/td>\n<\/tr>\n<tr>\n<td style=\"width: 50%;\">Abmessungen (BxTxH)<\/td>\n<td style=\"width: 50%;\">mm 610x750x560h<\/td>\n<\/tr>\n<tr>\n<td style=\"width: 50%;\">Dimensioni Piatto:<\/td>\n<td style=\"width: 50%;\">mm 360 x 470<\/td>\n<\/tr>\n<tr>\n<td style=\"width: 50%;\">Gewicht<\/td>\n<td style=\"width: 50%;\">Kg 49<\/td>\n<\/tr>\n<tr>\n<td style=\"width: 50%;\">Motor<\/td>\n<td style=\"width: 50%;\">Kw 0,370<\/td>\n<\/tr>\n<\/tbody>\n<\/table>\n<p>&nbsp;<\/p>\n<p><img decoding=\"async\" class=\"alignnone size-full wp-image-123300\" src=\"https:\/\/www.creaearredanegozi.it\/wp-content\/uploads\/2015\/07\/Misure-AF370VM.jpg\" alt=\"\" width=\"100%\" height=\"auto\" title=\"\" srcset=\"https:\/\/www.creaearredanegozi.it\/wp-content\/uploads\/2015\/07\/Misure-AF370VM.jpg 881w, https:\/\/www.creaearredanegozi.it\/wp-content\/uploads\/2015\/07\/Misure-AF370VM-516x469.jpg 516w, https:\/\/www.creaearredanegozi.it\/wp-content\/uploads\/2015\/07\/Misure-AF370VM-64x58.jpg 64w, https:\/\/www.creaearredanegozi.it\/wp-content\/uploads\/2015\/07\/Misure-AF370VM-441x400.jpg 441w, https:\/\/www.creaearredanegozi.it\/wp-content\/uploads\/2015\/07\/Misure-AF370VM-768x697.jpg 768w\" sizes=\"(max-width: 881px) 100vw, 881px\" \/><\/p>","protected":false},"excerpt":{"rendered":"<p>Nuove affettatrici progettate per la grande distribuzione, nate grazie all\u2019esperienza acquisita e al diretto contatto con i propri concessionari e operatori del settore. Linea arrotondata e nuovo design tecnico. Costruita in lega di alluminio anodizzato, trasmissione a cinghia, motore ventilato, lama italiana RASPE, minuterie in acciaio inox, manopole e impugnature in alluminio anodizzato blu, affilatoio [&#8230;]","protected":false},"featured_media":123297,"comment_status":"closed","ping_status":"closed","template":"","meta":{"_monsterinsights_skip_tracking":false,"_monsterinsights_sitenote_active":false,"_monsterinsights_sitenote_note":"","_monsterinsights_sitenote_category":0},"product_brand":[733],"product_cat":[679,51,677,26],"product_tag":[],"class_list":{"0":"post-3110","1":"product","2":"type-product","3":"status-publish","4":"has-post-thumbnail","6":"product_brand-swedlinghaus","7":"product_cat-affettacarne","8":"product_cat-affettatrici","9":"product_cat-affettatrici-professionali","10":"product_cat-macelleria-e-gastronomia","11":"product_shipping_class-33","13":"first","14":"instock","15":"taxable","16":"shipping-taxable","17":"purchasable","18":"product-type-simple"},"_links":{"self":[{"href":"https:\/\/www.creaearredanegozi.it\/de\/wp-json\/wp\/v2\/product\/3110","targetHints":{"allow":["GET"]}}],"collection":[{"href":"https:\/\/www.creaearredanegozi.it\/de\/wp-json\/wp\/v2\/product"}],"about":[{"href":"https:\/\/www.creaearredanegozi.it\/de\/wp-json\/wp\/v2\/types\/product"}],"replies":[{"embeddable":true,"href":"https:\/\/www.creaearredanegozi.it\/de\/wp-json\/wp\/v2\/comments?post=3110"}],"wp:featuredmedia":[{"embeddable":true,"href":"https:\/\/www.creaearredanegozi.it\/de\/wp-json\/wp\/v2\/media\/123297"}],"wp:attachment":[{"href":"https:\/\/www.creaearredanegozi.it\/de\/wp-json\/wp\/v2\/media?parent=3110"}],"wp:term":[{"taxonomy":"product_brand","embeddable":true,"href":"https:\/\/www.creaearredanegozi.it\/de\/wp-json\/wp\/v2\/product_brand?post=3110"},{"taxonomy":"product_cat","embeddable":true,"href":"https:\/\/www.creaearredanegozi.it\/de\/wp-json\/wp\/v2\/product_cat?post=3110"},{"taxonomy":"product_tag","embeddable":true,"href":"https:\/\/www.creaearredanegozi.it\/de\/wp-json\/wp\/v2\/product_tag?post=3110"}],"curies":[{"name":"wp","href":"https:\/\/api.w.org\/{rel}","templated":true}]}}