{"id":31311,"date":"2019-10-30T17:43:30","date_gmt":"2019-10-30T16:43:30","guid":{"rendered":"https:\/\/www.creaearredanegozi.it\/?post_type=product&#038;p=31311"},"modified":"2025-12-07T03:41:14","modified_gmt":"2025-12-07T02:41:14","slug":"vetrina-congelatore-statica-570-lt-18c-22c-acciaio-inox-forcar-eco-line-g-ef600gss","status":"publish","type":"product","link":"https:\/\/www.creaearredanegozi.it\/de\/vetrina-congelatore-statica-570-lt-18c-22c-acciaio-inox-forcar-eco-line-g-ef600gss\/","title":{"rendered":"Statische Tiefk\u00fchltruhen 570 LT -18\u00b0C\/-22\u00b0C Edelstahl Forcar Eco Line G-EF600GSS"},"content":{"rendered":"<h3><strong>Vetrina congelatore statica 570 LT -18\u00b0C\/-22\u00b0C acciaio inox Forcar Eco Line<\/strong><\/h3>\n<p>K\u00fchlvitrine mit statischer K\u00fchlung G-EF600GSS<\/p>\n<ul>\n<li>Externe Struktur in <strong>Rostfreier Stahl AISI 430<\/strong>ABS-Innenausstattung + Doppelverglasung.<\/li>\n<li>Statische K\u00fchlung mit Ventilator f\u00fcr gleichm\u00e4\u00dfige Temperaturen.<\/li>\n<li>Au\u00dfenr\u00fcckwand und Boden aus verzinktem Blech<\/li>\n<\/ul>\n<hr \/>\n<p><strong>Technische Daten:<\/strong><\/p>\n<table class=\"table table-striped\">\n<tbody>\n<tr>\n<td>\n<div align=\"left\"><strong>Modell<\/strong><\/div>\n<\/td>\n<td>\n<div align=\"left\"><b>G-EF600GSS<\/b><\/div>\n<\/td>\n<\/tr>\n<tr>\n<td>\n<div align=\"left\">Arbeitstemperatur<\/div>\n<\/td>\n<td>\n<div align=\"left\">-18\u00b0C\/-22\u00b0C<\/div>\n<\/td>\n<\/tr>\n<tr>\n<td>\n<div align=\"left\">\u00c4u\u00dfere Abmessungen<\/div>\n<\/td>\n<td>\n<div align=\"left\">777 x 695 x 1895h mm<\/div>\n<\/td>\n<\/tr>\n<tr>\n<td>\n<div align=\"left\">Innere Abmessungen<\/div>\n<\/td>\n<td>\n<div align=\"left\">657 x 580 x 1660 h mm<\/div>\n<\/td>\n<\/tr>\n<tr>\n<td>\n<div align=\"left\">Kapazit\u00e4t<\/div>\n<\/td>\n<td>\n<div align=\"left\">570 L<\/div>\n<\/td>\n<\/tr>\n<tr>\n<td>\n<div align=\"left\">Maximale Arbeitstemperatur<\/div>\n<\/td>\n<td>\n<div align=\"left\">+32\u00b0C\/ 55 % HR<\/div>\n<\/td>\n<\/tr>\n<tr>\n<td>\n<div align=\"left\">Art der K\u00fchlung<\/div>\n<\/td>\n<td>\n<div align=\"left\">Regalverdampfer<\/div>\n<\/td>\n<\/tr>\n<tr>\n<td>\n<div align=\"left\">Art der Abtauung<\/div>\n<\/td>\n<td>\n<div align=\"left\">Handbuch<\/div>\n<\/td>\n<\/tr>\n<tr>\n<td>\n<div align=\"left\">Art des K\u00e4ltemittelgases<\/div>\n<\/td>\n<td>\n<div align=\"left\">R290<\/div>\n<\/td>\n<\/tr>\n<tr>\n<td>\n<div align=\"left\">Kondenswasserverdunstung<\/div>\n<\/td>\n<td>\n<div align=\"left\">Handbuch<\/div>\n<\/td>\n<\/tr>\n<tr>\n<td>\n<div align=\"left\">Temperaturkontrolle<\/div>\n<\/td>\n<td>\n<div align=\"left\">Thermostat<\/div>\n<\/td>\n<\/tr>\n<tr>\n<td>\n<div align=\"left\">Isolierung<\/div>\n<\/td>\n<td>\n<div align=\"left\">60 mm<\/div>\n<\/td>\n<\/tr>\n<tr>\n<td>\n<div align=\"left\">Absorption<\/div>\n<\/td>\n<td>\n<div align=\"left\">480 W<\/div>\n<\/td>\n<\/tr>\n<tr>\n<td>\n<div align=\"left\">Spannung<\/div>\n<\/td>\n<td>\n<div align=\"left\">230V \/ 50 Hz<\/div>\n<\/td>\n<\/tr>\n<tr>\n<td>\n<div align=\"left\">Baumaterial<\/div>\n<\/td>\n<td>\n<div align=\"left\">Rostfreier Stahl AISI 430 - ABS +<\/div>\n<div align=\"left\">Vetrocamera con resistenza<\/div>\n<\/td>\n<\/tr>\n<tr>\n<td>\n<div align=\"left\">Umkehrung der T\u00fcr<\/div>\n<\/td>\n<td>\n<div align=\"left\">Nein<\/div>\n<\/td>\n<\/tr>\n<tr>\n<td>\n<div align=\"left\">Innenbeleuchtung<\/div>\n<\/td>\n<td>\n<div align=\"left\">Led<\/div>\n<\/td>\n<\/tr>\n<tr>\n<td>\n<div align=\"left\">Mitgeliefertes Zubeh\u00f6r<\/div>\n<\/td>\n<td>\n<div align=\"left\">6 feste Einlegeb\u00f6den<\/div>\n<\/td>\n<\/tr>\n<tr>\n<td>\n<div align=\"left\">Nettogewicht<\/div>\n<\/td>\n<td>\n<div align=\"left\">94 kg<\/div>\n<\/td>\n<\/tr>\n<tr>\n<td>\n<div align=\"left\">Bruttogewicht<\/div>\n<\/td>\n<td>\n<div align=\"left\">111 Kg<\/div>\n<\/td>\n<\/tr>\n<\/tbody>\n<\/table>\n<p>&nbsp;<\/p>","protected":false},"excerpt":{"rendered":"<p>Vetrina congelatore statica 570 LT -18\u00b0C\/-22\u00b0C acciaio inox Forcar Eco Line Vetrina Refrigerata con refrigerazione statica G-EF600GSS Struttura esterna in acciaio inox AISI 430, interno ABS + vetrocamera. Refrigerazione statica con ventilatore per uniformare la temperatura. Pannelli esterni di fondo e retro in lamiera zincata Dati tecnici: Modello G-EF600GSS Temperatura di lavoro -18\u00b0C\/-22\u00b0C Dimensioni esterne [&#8230;]","protected":false},"featured_media":31312,"comment_status":"closed","ping_status":"closed","template":"","meta":{"_monsterinsights_skip_tracking":false,"_monsterinsights_sitenote_active":false,"_monsterinsights_sitenote_note":"","_monsterinsights_sitenote_category":0},"product_brand":[624],"product_cat":[69,27,256,653,28],"product_tag":[],"class_list":{"0":"post-31311","1":"product","2":"type-product","3":"status-publish","4":"has-post-thumbnail","6":"product_brand-forcar","7":"product_cat-armadi-refrigerati","8":"product_cat-armadi-e-tavoli-refrigerati","9":"product_cat-fredde","10":"product_cat-refrigerazione","11":"product_cat-vetrine","12":"product_shipping_class-45","13":"pa_marca-forcar","15":"first","16":"instock","17":"taxable","18":"shipping-taxable","19":"purchasable","20":"product-type-simple"},"_links":{"self":[{"href":"https:\/\/www.creaearredanegozi.it\/de\/wp-json\/wp\/v2\/product\/31311","targetHints":{"allow":["GET"]}}],"collection":[{"href":"https:\/\/www.creaearredanegozi.it\/de\/wp-json\/wp\/v2\/product"}],"about":[{"href":"https:\/\/www.creaearredanegozi.it\/de\/wp-json\/wp\/v2\/types\/product"}],"replies":[{"embeddable":true,"href":"https:\/\/www.creaearredanegozi.it\/de\/wp-json\/wp\/v2\/comments?post=31311"}],"wp:featuredmedia":[{"embeddable":true,"href":"https:\/\/www.creaearredanegozi.it\/de\/wp-json\/wp\/v2\/media\/31312"}],"wp:attachment":[{"href":"https:\/\/www.creaearredanegozi.it\/de\/wp-json\/wp\/v2\/media?parent=31311"}],"wp:term":[{"taxonomy":"product_brand","embeddable":true,"href":"https:\/\/www.creaearredanegozi.it\/de\/wp-json\/wp\/v2\/product_brand?post=31311"},{"taxonomy":"product_cat","embeddable":true,"href":"https:\/\/www.creaearredanegozi.it\/de\/wp-json\/wp\/v2\/product_cat?post=31311"},{"taxonomy":"product_tag","embeddable":true,"href":"https:\/\/www.creaearredanegozi.it\/de\/wp-json\/wp\/v2\/product_tag?post=31311"}],"curies":[{"name":"wp","href":"https:\/\/api.w.org\/{rel}","templated":true}]}}