{"id":31397,"date":"2019-11-03T17:33:55","date_gmt":"2019-11-03T16:33:55","guid":{"rendered":"https:\/\/www.creaearredanegozi.it\/?post_type=product&#038;p=31397"},"modified":"2025-12-07T03:41:10","modified_gmt":"2025-12-07T02:41:10","slug":"espositore-refrigerato-ventilato-vetro-tondo-400-lt-2c-8c-forcar-arc400rc","status":"publish","type":"product","link":"https:\/\/www.creaearredanegozi.it\/de\/espositore-refrigerato-ventilato-vetro-tondo-400-lt-2c-8c-forcar-arc400rc\/","title":{"rendered":"Bel\u00fcftete Glas-Rund-K\u00fchltheke 400 Lt +2\u00b0C\/+8\u00b0C Forcar ARC400RC"},"content":{"rendered":"<h3>Espositore refrigerato ventilato vetro tondo 400 Lt +2\u00b0C\/+8\u00b0C Forcar<\/h3>\n<p><strong>K\u00fchlvitrine mit Rundglas und bel\u00fcfteter K\u00fchlung ARC400RC<\/strong><\/p>\n<ul>\n<li>Ganzglas-Displayteil mit \u00dcbersicht \u00fcber das gesamte Produkt.<\/li>\n<li>Thermischer Wirkungsgrad.<\/li>\n<li>Automatische Abtauung.<\/li>\n<li>Elektronische Temperaturregelung.<\/li>\n<li>LED-Innenbeleuchtung.<\/li>\n<li>5 ruote di cui 2 con freno.<\/li>\n<\/ul>\n<hr \/>\n<p><strong>Technische Daten:<\/strong><\/p>\n<table class=\"table table-striped\">\n<tbody>\n<tr>\n<td>\n<div align=\"left\"><strong>Modell<\/strong><\/div>\n<\/td>\n<td>\n<div align=\"left\"><strong>ARC400RC<\/strong><\/div>\n<\/td>\n<\/tr>\n<tr>\n<td>\n<div align=\"left\">Arbeitstemperatur<\/div>\n<\/td>\n<td>\n<div align=\"left\">+2\u00b0C\/+8\u00b0C<\/div>\n<\/td>\n<\/tr>\n<tr>\n<td>\n<div align=\"left\">\u00c4u\u00dfere Abmessungen<\/div>\n<\/td>\n<td>\n<div align=\"left\">\u00d8 680 x 1750h mm<\/div>\n<\/td>\n<\/tr>\n<tr>\n<td>\n<div align=\"left\">Innere Abmessungen<\/div>\n<\/td>\n<td>\n<div align=\"left\">\u00d8 350 x 760h mm<\/div>\n<\/td>\n<\/tr>\n<tr>\n<td>\n<div align=\"left\">Kapazit\u00e4t<\/div>\n<\/td>\n<td>\n<div align=\"left\">400 L<\/div>\n<\/td>\n<\/tr>\n<tr>\n<td>\n<div align=\"left\">Maximale Arbeitstemperatur<\/div>\n<\/td>\n<td>\n<div align=\"left\">+30\u00b0C\/55%HR<\/div>\n<\/td>\n<\/tr>\n<tr>\n<td>\n<div align=\"left\">Art der K\u00fchlung<\/div>\n<\/td>\n<td>\n<div align=\"left\">Bel\u00fcftet<\/div>\n<\/td>\n<\/tr>\n<tr>\n<td>\n<div align=\"left\">Art der Abtauung<\/div>\n<\/td>\n<td>\n<div align=\"left\">Automatisch<\/div>\n<\/td>\n<\/tr>\n<tr>\n<td>\n<div align=\"left\">Art des K\u00e4ltemittelgases<\/div>\n<\/td>\n<td>\n<div align=\"left\">R290<\/div>\n<\/td>\n<\/tr>\n<tr>\n<td>\n<div align=\"left\">Kondenswasserverdunstung<\/div>\n<\/td>\n<td>\n<div align=\"left\">Automatisch<\/div>\n<\/td>\n<\/tr>\n<tr>\n<td>\n<div align=\"left\">Temperaturkontrolle<\/div>\n<\/td>\n<td>\n<div align=\"left\">Thermostat<\/div>\n<\/td>\n<\/tr>\n<tr>\n<td>\n<div align=\"left\">Isolierung<\/div>\n<\/td>\n<td>\n<div align=\"left\">30 mm<\/div>\n<\/td>\n<\/tr>\n<tr>\n<td>\n<div align=\"left\">Absorption<\/div>\n<\/td>\n<td>\n<div align=\"left\">210 W<\/div>\n<\/td>\n<\/tr>\n<tr>\n<td>\n<div align=\"left\">Spannung<\/div>\n<\/td>\n<td>\n<div align=\"left\">230V \/ 50 Hz<\/div>\n<\/td>\n<\/tr>\n<tr>\n<td>\n<div align=\"left\">Baumaterial<\/div>\n<\/td>\n<td>\n<div align=\"left\">Rostfreier Stahl AISI 430 + Glas<\/div>\n<\/td>\n<\/tr>\n<tr>\n<td>\n<div align=\"left\">Umkehrung der T\u00fcr<\/div>\n<\/td>\n<td>Nein<\/td>\n<\/tr>\n<tr>\n<td>\n<div align=\"left\">Innenbeleuchtung<\/div>\n<\/td>\n<td>\n<div align=\"left\">Led<\/div>\n<\/td>\n<\/tr>\n<tr>\n<td>\n<div align=\"left\">Mitgeliefertes Zubeh\u00f6r<\/div>\n<\/td>\n<td>\n<div align=\"left\">4 ripiani in vetro<\/div>\n<\/td>\n<\/tr>\n<tr>\n<td>\n<div align=\"left\">Nettogewicht<\/div>\n<\/td>\n<td>\n<div align=\"left\">127 kg<\/div>\n<\/td>\n<\/tr>\n<tr>\n<td>\n<div align=\"left\">Bruttogewicht<\/div>\n<\/td>\n<td>\n<div align=\"left\">152 kg<\/div>\n<\/td>\n<\/tr>\n<\/tbody>\n<\/table>\n<p>&nbsp;<\/p>","protected":false},"excerpt":{"rendered":"<p>Espositore refrigerato ventilato vetro tondo 400 Lt +2\u00b0C\/+8\u00b0C Forcar Espositore refrigerato con vetro tondo e refrigerazione ventilata ARC400RC Parte espositiva tutta in vetro con panoramica di tutto il prodotto. Efficienza termica. Sbrinamento automatico. Controllo temperatura elettronico. Luce interna a Led. 5 ruote di cui 2 con freno. Dati tecnici: Modello ARC400RC Temperatura di lavoro +2\u00b0C\/+8\u00b0C [&#8230;]","protected":false},"featured_media":31398,"comment_status":"closed","ping_status":"closed","template":"","meta":{"_monsterinsights_skip_tracking":false,"_monsterinsights_sitenote_active":false,"_monsterinsights_sitenote_note":"","_monsterinsights_sitenote_category":0},"product_brand":[624],"product_cat":[256,28],"product_tag":[],"class_list":{"0":"post-31397","1":"product","2":"type-product","3":"status-publish","4":"has-post-thumbnail","6":"product_brand-forcar","7":"product_cat-fredde","8":"product_cat-vetrine","9":"product_shipping_class-e","10":"pa_classe-energetica-classe-c","11":"pa_marca-forcar","13":"first","14":"instock","15":"taxable","16":"shipping-taxable","17":"purchasable","18":"product-type-simple"},"_links":{"self":[{"href":"https:\/\/www.creaearredanegozi.it\/de\/wp-json\/wp\/v2\/product\/31397","targetHints":{"allow":["GET"]}}],"collection":[{"href":"https:\/\/www.creaearredanegozi.it\/de\/wp-json\/wp\/v2\/product"}],"about":[{"href":"https:\/\/www.creaearredanegozi.it\/de\/wp-json\/wp\/v2\/types\/product"}],"replies":[{"embeddable":true,"href":"https:\/\/www.creaearredanegozi.it\/de\/wp-json\/wp\/v2\/comments?post=31397"}],"wp:featuredmedia":[{"embeddable":true,"href":"https:\/\/www.creaearredanegozi.it\/de\/wp-json\/wp\/v2\/media\/31398"}],"wp:attachment":[{"href":"https:\/\/www.creaearredanegozi.it\/de\/wp-json\/wp\/v2\/media?parent=31397"}],"wp:term":[{"taxonomy":"product_brand","embeddable":true,"href":"https:\/\/www.creaearredanegozi.it\/de\/wp-json\/wp\/v2\/product_brand?post=31397"},{"taxonomy":"product_cat","embeddable":true,"href":"https:\/\/www.creaearredanegozi.it\/de\/wp-json\/wp\/v2\/product_cat?post=31397"},{"taxonomy":"product_tag","embeddable":true,"href":"https:\/\/www.creaearredanegozi.it\/de\/wp-json\/wp\/v2\/product_tag?post=31397"}],"curies":[{"name":"wp","href":"https:\/\/api.w.org\/{rel}","templated":true}]}}