{"id":31409,"date":"2019-11-03T18:02:10","date_gmt":"2019-11-03T17:02:10","guid":{"rendered":"https:\/\/www.creaearredanegozi.it\/?post_type=product&#038;p=31409"},"modified":"2026-01-16T13:05:40","modified_gmt":"2026-01-16T12:05:40","slug":"statisch-gekuhlter-weinkeller-310-lt-2c-8c-furcar-glass-line-kl2791-kl2791n-und-kl2791w","status":"publish","type":"product","link":"https:\/\/www.creaearredanegozi.it\/de\/statisch-gekuhlter-weinkeller-310-lt-2c-8c-furcar-glass-line-kl2791-kl2791n-und-kl2791w\/","title":{"rendered":"Statisch gek\u00fchlter Weinkeller 310 Lt +2\u00b0C\/+8\u00b0C Forcar Glass Line KL2791 KL2791N und KL2791W"},"content":{"rendered":"<h3>Statischer gek\u00fchlter Weinschrank 310 Lt +2\u00b0C\/+8\u00b0C Forcar Glass Line<\/h3>\n<p><strong>Statischer Weink\u00fchlschrank KL2791 Nussbaum dunkel<\/strong><\/p>\n<p><strong>Statischer Weink\u00fchlschrank KL2791N Helles Nussbaumholz<\/strong><\/p>\n<p><strong>Statischer Weink\u00fchlschrank KL2791CA Carbon<\/strong><\/p>\n<ul>\n<li>Weinkeller mit statischer K\u00fchlung.<\/li>\n<li>Schrank und T\u00fcr aus Holz mit Massivholzrahmen und Doppelverglasung.<\/li>\n<li>Statische K\u00fchlung mit Aluminiumplattenverdampfer an der R\u00fcckwand.<\/li>\n<li>Temperaturregler f\u00fcr die automatische Temperaturkontrolle.<\/li>\n<li>Automatische Kondenswasserverdunstung.<\/li>\n<li>Schaltergesteuerte LED-Beleuchtung.<\/li>\n<li>Interner L\u00fcfter, der direkt an die Stromversorgung angeschlossen ist, um die Temperatur in allen F\u00e4chern gleichm\u00e4\u00dfig zu halten.<\/li>\n<li>Geliefert mit 3 Gittern 505\u00d7415 mm + 1 Gitter 505\u00d7215 mm in der gew\u00e4hlten Innenfarbe<\/li>\n<\/ul>\n<hr \/>\n<p><strong>Technische Daten:<\/strong><\/p>\n<table class=\"table table-striped\" style=\"width: 100%;\">\n<tbody>\n<tr>\n<td style=\"width: 25%;\" width=\"25%\">\n<div align=\"left\"><strong>Modell<\/strong><\/div>\n<\/td>\n<td style=\"width: 25%;\" width=\"25%\">\n<div align=\"left\"><b>KL2791\/N\/CA<\/b><\/div>\n<\/td>\n<\/tr>\n<tr>\n<td style=\"width: 25%;\">\n<div align=\"left\">Arbeitstemperatur<\/div>\n<\/td>\n<td style=\"width: 25%;\">\n<div align=\"left\">+2\u00b0C\/+8\u00b0C<\/div>\n<\/td>\n<\/tr>\n<tr>\n<td style=\"width: 25%;\">\n<div align=\"left\">\u00c4u\u00dfere Abmessungen<\/div>\n<\/td>\n<td style=\"width: 25%;\">\n<div align=\"left\">640 x 610 x 1860h mm<\/div>\n<\/td>\n<\/tr>\n<tr>\n<td style=\"width: 25%;\">\n<div align=\"left\">Innere Abmessungen<\/div>\n<\/td>\n<td style=\"width: 25%;\">\n<div align=\"left\">460 x 450 x 1500h mm<\/div>\n<\/td>\n<\/tr>\n<tr>\n<td style=\"width: 25%;\">\n<div align=\"left\">Kapazit\u00e4t<\/div>\n<\/td>\n<td style=\"width: 25%;\">\n<div align=\"left\">340 L<\/div>\n<\/td>\n<\/tr>\n<tr>\n<td style=\"width: 25%;\">\n<div align=\"left\">Maximale Arbeitstemperatur<\/div>\n<\/td>\n<td style=\"width: 25%;\">\n<div align=\"left\">+32\u00b0C\/55%HR<\/div>\n<\/td>\n<\/tr>\n<tr>\n<td style=\"width: 25%;\">\n<div align=\"left\">Art der K\u00fchlung<\/div>\n<\/td>\n<td style=\"width: 25%;\">\n<div align=\"left\">Plattenverdampfer<\/div>\n<\/td>\n<\/tr>\n<tr>\n<td style=\"width: 25%;\">\n<div align=\"left\">Art der Abtauung<\/div>\n<\/td>\n<td style=\"width: 25%;\">\n<div align=\"left\">Automatisch<\/div>\n<\/td>\n<\/tr>\n<tr>\n<td style=\"width: 25%;\">\n<div align=\"left\">Art des K\u00e4ltemittelgases<\/div>\n<\/td>\n<td style=\"width: 25%;\">\n<div align=\"left\">R600a<\/div>\n<\/td>\n<\/tr>\n<tr>\n<td style=\"width: 25%;\">\n<div align=\"left\">Kondenswasserverdunstung<\/div>\n<\/td>\n<td style=\"width: 25%;\">\n<div align=\"left\">Automatisch<\/div>\n<\/td>\n<\/tr>\n<tr>\n<td style=\"width: 25%;\">\n<div align=\"left\">Temperaturkontrolle<\/div>\n<\/td>\n<td style=\"width: 25%;\">\n<div align=\"left\">Automatisch<\/div>\n<\/td>\n<\/tr>\n<tr>\n<td style=\"width: 25%;\">\n<div align=\"left\">Isolierung<\/div>\n<\/td>\n<td style=\"width: 25%;\">\n<div align=\"left\">45 mm<\/div>\n<\/td>\n<\/tr>\n<tr>\n<td style=\"width: 25%;\">\n<div align=\"left\">Absorption<\/div>\n<\/td>\n<td style=\"width: 25%;\">\n<div align=\"left\">185 W<\/div>\n<\/td>\n<\/tr>\n<tr>\n<td style=\"width: 25%;\">\n<div align=\"left\">Energieklasse<\/div>\n<\/td>\n<td style=\"width: 25%;\">\n<div align=\"left\"><span style=\"color: #ffcc00;\"><strong>B<\/strong><\/span><\/div>\n<\/td>\n<\/tr>\n<tr>\n<td style=\"width: 25%;\">\n<div align=\"left\">Spannung<\/div>\n<\/td>\n<td style=\"width: 25%;\">\n<div align=\"left\">230V \/ 50 Hz<\/div>\n<\/td>\n<\/tr>\n<tr>\n<td style=\"width: 25%;\">\n<div align=\"left\">Baumaterial<\/div>\n<\/td>\n<td style=\"width: 25%;\">\n<div align=\"left\">Au\u00dfen Holz - innen ABS<\/div>\n<\/td>\n<\/tr>\n<tr>\n<td style=\"width: 25%;\">\n<div align=\"left\">Farbe<\/div>\n<\/td>\n<td style=\"width: 25%;\">\n<div align=\"left\">Nussbaum dunkel\/Nussbaum hell\/Carbon<\/div>\n<\/td>\n<\/tr>\n<tr>\n<td style=\"width: 25%;\">\n<div align=\"left\">Umkehrung der T\u00fcr<\/div>\n<\/td>\n<td style=\"width: 25%;\">Nein<\/td>\n<\/tr>\n<tr>\n<td style=\"width: 25%;\">\n<div align=\"left\">Innenbeleuchtung<\/div>\n<\/td>\n<td style=\"width: 25%;\">\n<div align=\"left\">Led<\/div>\n<\/td>\n<\/tr>\n<tr>\n<td style=\"width: 25%;\">\n<div align=\"left\">Mitgeliefertes Zubeh\u00f6r<\/div>\n<\/td>\n<td style=\"width: 25%;\">\n<div align=\"left\">4 Raster 505 x 415 mm<\/div>\n<\/td>\n<\/tr>\n<tr>\n<td style=\"width: 25%;\">\n<div align=\"left\">Nettogewicht<\/div>\n<\/td>\n<td style=\"width: 25%;\">\n<div align=\"left\">130 kg<\/div>\n<\/td>\n<\/tr>\n<tr>\n<td style=\"width: 25%;\">\n<div align=\"left\">Bruttogewicht<\/div>\n<\/td>\n<td style=\"width: 25%;\">\n<div align=\"left\">150 kg<\/div>\n<\/td>\n<\/tr>\n<\/tbody>\n<\/table>\n<p>&nbsp;<\/p>","protected":false},"excerpt":{"rendered":"<p>Cantinetta vino refrigerata statica 310 Lt +2\u00b0C\/+8\u00b0C Forcar Glass Line Cantinetta vino refrigerata statica KL2791 Noce scuro Cantinetta vino refrigerata statica KL2791N Noce chiaro Cantinetta vino refrigerata statica KL2791CA Carbon Cantinette per vini con refrigerazione statica. mobile in legno e porta con telaio in legno massiccio e vetrocamera. Refrigerazione di tipo statico con evaporatore in [&#8230;]","protected":false},"featured_media":125072,"comment_status":"closed","ping_status":"closed","template":"","meta":{"_monsterinsights_skip_tracking":false,"_monsterinsights_sitenote_active":false,"_monsterinsights_sitenote_note":"","_monsterinsights_sitenote_category":0},"product_brand":[624],"product_cat":[256,28],"product_tag":[],"class_list":{"0":"post-31409","1":"product","2":"type-product","3":"status-publish","4":"has-post-thumbnail","6":"product_brand-forcar","7":"product_cat-fredde","8":"product_cat-vetrine","9":"product_shipping_class-45","10":"pa_classe-energetica-classe-b","11":"pa_marca-forcar","13":"first","14":"instock","15":"taxable","16":"shipping-taxable","17":"purchasable","18":"product-type-variable"},"_links":{"self":[{"href":"https:\/\/www.creaearredanegozi.it\/de\/wp-json\/wp\/v2\/product\/31409","targetHints":{"allow":["GET"]}}],"collection":[{"href":"https:\/\/www.creaearredanegozi.it\/de\/wp-json\/wp\/v2\/product"}],"about":[{"href":"https:\/\/www.creaearredanegozi.it\/de\/wp-json\/wp\/v2\/types\/product"}],"replies":[{"embeddable":true,"href":"https:\/\/www.creaearredanegozi.it\/de\/wp-json\/wp\/v2\/comments?post=31409"}],"wp:featuredmedia":[{"embeddable":true,"href":"https:\/\/www.creaearredanegozi.it\/de\/wp-json\/wp\/v2\/media\/125072"}],"wp:attachment":[{"href":"https:\/\/www.creaearredanegozi.it\/de\/wp-json\/wp\/v2\/media?parent=31409"}],"wp:term":[{"taxonomy":"product_brand","embeddable":true,"href":"https:\/\/www.creaearredanegozi.it\/de\/wp-json\/wp\/v2\/product_brand?post=31409"},{"taxonomy":"product_cat","embeddable":true,"href":"https:\/\/www.creaearredanegozi.it\/de\/wp-json\/wp\/v2\/product_cat?post=31409"},{"taxonomy":"product_tag","embeddable":true,"href":"https:\/\/www.creaearredanegozi.it\/de\/wp-json\/wp\/v2\/product_tag?post=31409"}],"curies":[{"name":"wp","href":"https:\/\/api.w.org\/{rel}","templated":true}]}}