{"id":31416,"date":"2019-11-05T17:24:05","date_gmt":"2019-11-05T16:24:05","guid":{"rendered":"https:\/\/www.creaearredanegozi.it\/?post_type=product&#038;p=31416"},"modified":"2026-01-16T13:08:29","modified_gmt":"2026-01-16T12:08:29","slug":"statischer-kuhlweinkeller-310-lt-18c-22c-furcar-kl2791f-kl2791fn-und-kl2791fw","status":"publish","type":"product","link":"https:\/\/www.creaearredanegozi.it\/de\/statischer-kuhlweinkeller-310-lt-18c-22c-furcar-kl2791f-kl2791fn-und-kl2791fw\/","title":{"rendered":"Statischer gek\u00fchlter Weinkeller 310 Lt -18\u00b0C\/-22\u00b0C Forcar KL2791F KL2791FN und KL2791FW"},"content":{"rendered":"<h3>Cantinetta vino refrigerata statica 310 Lt +18\u00b0C\/+22\u00b0C Forcar Glass Line<\/h3>\n<p><strong>Gek\u00fchlter statischer Weinkeller KL2791F Nussbaum dunkel<\/strong><\/p>\n<p><strong>Cantinetta vino refrigerata statica KL2791FN Noce chiaro<\/strong><\/p>\n<p><strong>Cantinetta vino refrigerata statica KL2791FW Wenge&#8217;<\/strong><\/p>\n<ul>\n<li>Weinkeller mit statischer K\u00fchlung.<\/li>\n<li>Schrank und T\u00fcr aus Holz mit Massivholzrahmen und Doppelverglasung.<\/li>\n<li>Statische K\u00fchlung mit Aluminiumplattenverdampfer an der R\u00fcckwand.<\/li>\n<li>Temperaturregler f\u00fcr die automatische Temperaturkontrolle.<\/li>\n<li>Automatische Kondenswasserverdunstung.<\/li>\n<li>Schaltergesteuerte LED-Beleuchtung.<\/li>\n<li>Interner L\u00fcfter, der direkt an die Stromversorgung angeschlossen ist, um die Temperatur in allen F\u00e4chern gleichm\u00e4\u00dfig zu halten.<\/li>\n<\/ul>\n<hr \/>\n<p><strong>Technische Daten:<\/strong><\/p>\n<table class=\"table table-striped mtr-table mtr-tr-td\">\n<tbody>\n<tr>\n<td width=\"25%\" data-mtr-content=\"Modello\" class=\"mtr-td-tag\"><div class=\"mtr-cell-content\">\n<div align=\"left\"><strong>Modell<\/strong><\/div>\n<\/div><\/td>\n<td width=\"25%\" data-mtr-content=\"KL2791F\" class=\"mtr-td-tag\"><div class=\"mtr-cell-content\">\n<div align=\"left\"><b>KL2791F<\/b><\/div>\n<\/div><\/td>\n<td width=\"25%\" data-mtr-content=\"KL2791FN\" class=\"mtr-td-tag\"><div class=\"mtr-cell-content\">\n<div align=\"left\"><b>KL2791FN<\/b><\/div>\n<\/div><\/td>\n<td width=\"25%\" data-mtr-content=\"KL2791FW\" class=\"mtr-td-tag\"><div class=\"mtr-cell-content\">\n<div align=\"left\"><b>KL2791FW<\/b><\/div>\n<\/div><\/td>\n<\/tr>\n<tr>\n<td data-mtr-content=\"Modello\" class=\"mtr-td-tag\"><div class=\"mtr-cell-content\">\n<div align=\"left\">Arbeitstemperatur<\/div>\n<\/div><\/td>\n<td data-mtr-content=\"KL2791F\" class=\"mtr-td-tag\"><div class=\"mtr-cell-content\">\n<div align=\"left\">-18\u00b0C \/ -22\u00b0C<\/div>\n<\/div><\/td>\n<td data-mtr-content=\"KL2791FN\" class=\"mtr-td-tag\"><div class=\"mtr-cell-content\">\n<div align=\"left\">-18\u00b0C \/ -22\u00b0C<\/div>\n<\/div><\/td>\n<td data-mtr-content=\"KL2791FW\" class=\"mtr-td-tag\"><div class=\"mtr-cell-content\">\n<div align=\"left\">-18\u00b0C \/ -22\u00b0C<\/div>\n<\/div><\/td>\n<\/tr>\n<tr>\n<td data-mtr-content=\"Modello\" class=\"mtr-td-tag\"><div class=\"mtr-cell-content\">\n<div align=\"left\">\u00c4u\u00dfere Abmessungen<\/div>\n<\/div><\/td>\n<td data-mtr-content=\"KL2791F\" class=\"mtr-td-tag\"><div class=\"mtr-cell-content\">\n<div align=\"left\">640 x 610 x 1860h mm<\/div>\n<\/div><\/td>\n<td data-mtr-content=\"KL2791FN\" class=\"mtr-td-tag\"><div class=\"mtr-cell-content\">\n<div>640 x 610 x 1860(h) mm<\/div>\n<\/div><\/td>\n<td data-mtr-content=\"KL2791FW\" class=\"mtr-td-tag\"><div class=\"mtr-cell-content\">\n<div align=\"left\">640 x 610 x 1860(h) mm<\/div>\n<\/div><\/td>\n<\/tr>\n<tr>\n<td data-mtr-content=\"Modello\" class=\"mtr-td-tag\"><div class=\"mtr-cell-content\">\n<div align=\"left\">Innere Abmessungen<\/div>\n<\/div><\/td>\n<td data-mtr-content=\"KL2791F\" class=\"mtr-td-tag\"><div class=\"mtr-cell-content\">\n<div align=\"left\">460 x 450 x 1500h mm<\/div>\n<\/div><\/td>\n<td style=\"width: 17.4731%;\" data-mtr-content=\"KL2791FN\" class=\"mtr-td-tag\"><div class=\"mtr-cell-content\">\n<div align=\"left\">460 x 450 x 1500(h) mm<\/div>\n<\/div><\/td>\n<td style=\"width: 1.6129%;\" data-mtr-content=\"KL2791FW\" class=\"mtr-td-tag\"><div class=\"mtr-cell-content\">\n<div align=\"left\">460 x 450 x 1500(h) mm<\/div>\n<\/div><\/td>\n<\/tr>\n<tr>\n<td style=\"width: 25%;\" data-mtr-content=\"Modello\" class=\"mtr-td-tag\"><div class=\"mtr-cell-content\">\n<div align=\"left\">Kapazit\u00e4t<\/div>\n<\/div><\/td>\n<td style=\"width: 25%;\" data-mtr-content=\"KL2791F\" class=\"mtr-td-tag\"><div class=\"mtr-cell-content\">\n<div align=\"left\">310 L<\/div>\n<\/div><\/td>\n<td style=\"width: 25%;\" data-mtr-content=\"KL2791FN\" class=\"mtr-td-tag\"><div class=\"mtr-cell-content\">\n<div align=\"left\">310 L<\/div>\n<\/div><\/td>\n<td style=\"width: 25%;\" data-mtr-content=\"KL2791FW\" class=\"mtr-td-tag\"><div class=\"mtr-cell-content\">\n<div align=\"left\">310 L<\/div>\n<\/div><\/td>\n<\/tr>\n<tr>\n<td style=\"width: 25%;\" data-mtr-content=\"Modello\" class=\"mtr-td-tag\"><div class=\"mtr-cell-content\">\n<div align=\"left\">Maximale Arbeitstemperatur<\/div>\n<\/div><\/td>\n<td style=\"width: 25%;\" data-mtr-content=\"KL2791F\" class=\"mtr-td-tag\"><div class=\"mtr-cell-content\">\n<div align=\"left\">+32\u00b0C\/55%HR<\/div>\n<\/div><\/td>\n<td style=\"width: 25%;\" data-mtr-content=\"KL2791FN\" class=\"mtr-td-tag\"><div class=\"mtr-cell-content\">\n<div align=\"left\">+32\u00b0C \/ 55%HR<\/div>\n<\/div><\/td>\n<td style=\"width: 25%;\" data-mtr-content=\"KL2791FW\" class=\"mtr-td-tag\"><div class=\"mtr-cell-content\">\n<div align=\"left\">+32\u00b0C \/ 55%HR<\/div>\n<\/div><\/td>\n<\/tr>\n<tr>\n<td style=\"width: 25%;\" data-mtr-content=\"Modello\" class=\"mtr-td-tag\"><div class=\"mtr-cell-content\">\n<div align=\"left\">Art der K\u00fchlung<\/div>\n<\/div><\/td>\n<td style=\"width: 25%;\" data-mtr-content=\"KL2791F\" class=\"mtr-td-tag\"><div class=\"mtr-cell-content\">\n<div align=\"left\">Plattenverdampfer<\/div>\n<\/div><\/td>\n<td style=\"width: 25%;\" data-mtr-content=\"KL2791FN\" class=\"mtr-td-tag\"><div class=\"mtr-cell-content\">\n<div align=\"left\">Plattenverdampfer<\/div>\n<\/div><\/td>\n<td style=\"width: 25%;\" data-mtr-content=\"KL2791FW\" class=\"mtr-td-tag\"><div class=\"mtr-cell-content\">\n<div align=\"left\">Plattenverdampfer<\/div>\n<\/div><\/td>\n<\/tr>\n<tr>\n<td style=\"width: 25%;\" data-mtr-content=\"Modello\" class=\"mtr-td-tag\"><div class=\"mtr-cell-content\">\n<div align=\"left\">Art der Abtauung<\/div>\n<\/div><\/td>\n<td style=\"width: 25%;\" data-mtr-content=\"KL2791F\" class=\"mtr-td-tag\"><div class=\"mtr-cell-content\">\n<div align=\"left\">Eine Pause<\/div>\n<\/div><\/td>\n<td style=\"width: 25%;\" data-mtr-content=\"KL2791FN\" class=\"mtr-td-tag\"><div class=\"mtr-cell-content\">\n<div align=\"left\">Eine Pause<\/div>\n<\/div><\/td>\n<td style=\"width: 25%;\" data-mtr-content=\"KL2791FW\" class=\"mtr-td-tag\"><div class=\"mtr-cell-content\">\n<div align=\"left\">Eine Pause<\/div>\n<\/div><\/td>\n<\/tr>\n<tr>\n<td style=\"width: 25%;\" data-mtr-content=\"Modello\" class=\"mtr-td-tag\"><div class=\"mtr-cell-content\">\n<div align=\"left\">Art des K\u00e4ltemittelgases<\/div>\n<\/div><\/td>\n<td style=\"width: 25%;\" data-mtr-content=\"KL2791F\" class=\"mtr-td-tag\"><div class=\"mtr-cell-content\">\n<div align=\"left\">R600a<\/div>\n<\/div><\/td>\n<td style=\"width: 25%;\" data-mtr-content=\"KL2791FN\" class=\"mtr-td-tag\"><div class=\"mtr-cell-content\">\n<div align=\"left\">R600a<\/div>\n<\/div><\/td>\n<td style=\"width: 25%;\" data-mtr-content=\"KL2791FW\" class=\"mtr-td-tag\"><div class=\"mtr-cell-content\">\n<div align=\"left\">R600a<\/div>\n<\/div><\/td>\n<\/tr>\n<tr>\n<td style=\"width: 25%;\" data-mtr-content=\"Modello\" class=\"mtr-td-tag\"><div class=\"mtr-cell-content\">\n<div align=\"left\">Kondenswasserverdunstung<\/div>\n<\/div><\/td>\n<td style=\"width: 25%;\" data-mtr-content=\"KL2791F\" class=\"mtr-td-tag\"><div class=\"mtr-cell-content\">\n<div align=\"left\">Automatisch<\/div>\n<\/div><\/td>\n<td style=\"width: 25%;\" data-mtr-content=\"KL2791FN\" class=\"mtr-td-tag\"><div class=\"mtr-cell-content\">\n<div align=\"left\">Automatisch<\/div>\n<\/div><\/td>\n<td style=\"width: 25%;\" data-mtr-content=\"KL2791FW\" class=\"mtr-td-tag\"><div class=\"mtr-cell-content\">\n<div align=\"left\">Automatisch<\/div>\n<\/div><\/td>\n<\/tr>\n<tr>\n<td style=\"width: 25%;\" data-mtr-content=\"Modello\" class=\"mtr-td-tag\"><div class=\"mtr-cell-content\">\n<div align=\"left\">Temperaturkontrolle<\/div>\n<\/div><\/td>\n<td style=\"width: 25%;\" data-mtr-content=\"KL2791F\" class=\"mtr-td-tag\"><div class=\"mtr-cell-content\">\n<div align=\"left\">Automatisch<\/div>\n<\/div><\/td>\n<td style=\"width: 25%;\" data-mtr-content=\"KL2791FN\" class=\"mtr-td-tag\"><div class=\"mtr-cell-content\">\n<div align=\"left\">Automatisch<\/div>\n<\/div><\/td>\n<td style=\"width: 25%;\" data-mtr-content=\"KL2791FW\" class=\"mtr-td-tag\"><div class=\"mtr-cell-content\">\n<div align=\"left\">Automatisch<\/div>\n<\/div><\/td>\n<\/tr>\n<tr>\n<td style=\"width: 25%;\" data-mtr-content=\"Modello\" class=\"mtr-td-tag\"><div class=\"mtr-cell-content\">\n<div align=\"left\">Isolierung<\/div>\n<\/div><\/td>\n<td style=\"width: 25%;\" data-mtr-content=\"KL2791F\" class=\"mtr-td-tag\"><div class=\"mtr-cell-content\">\n<div align=\"left\">45 mm<\/div>\n<\/div><\/td>\n<td style=\"width: 25%;\" data-mtr-content=\"KL2791FN\" class=\"mtr-td-tag\"><div class=\"mtr-cell-content\">\n<div align=\"left\">45 mm<\/div>\n<\/div><\/td>\n<td style=\"width: 25%;\" data-mtr-content=\"KL2791FW\" class=\"mtr-td-tag\"><div class=\"mtr-cell-content\">\n<div align=\"left\">45 mm<\/div>\n<\/div><\/td>\n<\/tr>\n<tr>\n<td style=\"width: 25%;\" data-mtr-content=\"Modello\" class=\"mtr-td-tag\"><div class=\"mtr-cell-content\">\n<div align=\"left\">Absorption<\/div>\n<\/div><\/td>\n<td style=\"width: 25%;\" data-mtr-content=\"KL2791F\" class=\"mtr-td-tag\"><div class=\"mtr-cell-content\">\n<div align=\"left\">380 W<\/div>\n<\/div><\/td>\n<td style=\"width: 25%;\" data-mtr-content=\"KL2791FN\" class=\"mtr-td-tag\"><div class=\"mtr-cell-content\">\n<div align=\"left\">380 W<\/div>\n<\/div><\/td>\n<td style=\"width: 25%;\" data-mtr-content=\"KL2791FW\" class=\"mtr-td-tag\"><div class=\"mtr-cell-content\">\n<div align=\"left\">380 W<\/div>\n<\/div><\/td>\n<\/tr>\n<tr>\n<td style=\"width: 25%;\" data-mtr-content=\"Modello\" class=\"mtr-td-tag\"><div class=\"mtr-cell-content\">\n<div align=\"left\">Spannung<\/div>\n<\/div><\/td>\n<td style=\"width: 25%;\" data-mtr-content=\"KL2791F\" class=\"mtr-td-tag\"><div class=\"mtr-cell-content\">\n<div align=\"left\">230V \/ 50 Hz<\/div>\n<\/div><\/td>\n<td style=\"width: 25%;\" data-mtr-content=\"KL2791FN\" class=\"mtr-td-tag\"><div class=\"mtr-cell-content\">\n<div align=\"left\">230V \/ 50 Hz<\/div>\n<\/div><\/td>\n<td style=\"width: 25%;\" data-mtr-content=\"KL2791FW\" class=\"mtr-td-tag\"><div class=\"mtr-cell-content\">\n<div align=\"left\">230V \/ 50 Hz<\/div>\n<\/div><\/td>\n<\/tr>\n<tr>\n<td style=\"width: 25%;\" data-mtr-content=\"Modello\" class=\"mtr-td-tag\"><div class=\"mtr-cell-content\">\n<div align=\"left\">Baumaterial<\/div>\n<\/div><\/td>\n<td style=\"width: 25%;\" data-mtr-content=\"KL2791F\" class=\"mtr-td-tag\"><div class=\"mtr-cell-content\">\n<div align=\"left\">Legno \u2013 ABS<\/div>\n<\/div><\/td>\n<td style=\"width: 25%;\" data-mtr-content=\"KL2791FN\" class=\"mtr-td-tag\"><div class=\"mtr-cell-content\">\n<div align=\"left\">Legno \u2013 ABS<\/div>\n<\/div><\/td>\n<td style=\"width: 25%;\" data-mtr-content=\"KL2791FW\" class=\"mtr-td-tag\"><div class=\"mtr-cell-content\">\n<div align=\"left\">Legno \u2013 ABS<\/div>\n<\/div><\/td>\n<\/tr>\n<tr>\n<td style=\"width: 25%;\" data-mtr-content=\"Modello\" class=\"mtr-td-tag\"><div class=\"mtr-cell-content\">\n<div align=\"left\">Farbe<\/div>\n<\/div><\/td>\n<td style=\"width: 25%;\" data-mtr-content=\"KL2791F\" class=\"mtr-td-tag\"><div class=\"mtr-cell-content\">\n<div align=\"left\">Noce scuro<\/div>\n<\/div><\/td>\n<td style=\"width: 25%;\" data-mtr-content=\"KL2791FN\" class=\"mtr-td-tag\"><div class=\"mtr-cell-content\">\n<div align=\"left\">Noce chiaro<\/div>\n<\/div><\/td>\n<td style=\"width: 25%;\" data-mtr-content=\"KL2791FW\" class=\"mtr-td-tag\"><div class=\"mtr-cell-content\">\n<div align=\"left\">Wenge\u2019<\/div>\n<\/div><\/td>\n<\/tr>\n<tr>\n<td style=\"width: 25%;\" data-mtr-content=\"Modello\" class=\"mtr-td-tag\"><div class=\"mtr-cell-content\">\n<div align=\"left\">Umkehrung der T\u00fcr<\/div>\n<\/div><\/td>\n<td style=\"width: 25%;\" data-mtr-content=\"KL2791F\" class=\"mtr-td-tag\"><div class=\"mtr-cell-content\">Nein<\/div><\/td>\n<td style=\"width: 25%;\" data-mtr-content=\"KL2791FN\" class=\"mtr-td-tag\"><div class=\"mtr-cell-content\">Nein<\/div><\/td>\n<td style=\"width: 25%;\" data-mtr-content=\"KL2791FW\" class=\"mtr-td-tag\"><div class=\"mtr-cell-content\">Nein<\/div><\/td>\n<\/tr>\n<tr>\n<td style=\"width: 25%;\" data-mtr-content=\"Modello\" class=\"mtr-td-tag\"><div class=\"mtr-cell-content\">\n<div align=\"left\">Innenbeleuchtung<\/div>\n<\/div><\/td>\n<td style=\"width: 25%;\" data-mtr-content=\"KL2791F\" class=\"mtr-td-tag\"><div class=\"mtr-cell-content\">\n<div align=\"left\">Led<\/div>\n<\/div><\/td>\n<td style=\"width: 25%;\" data-mtr-content=\"KL2791FN\" class=\"mtr-td-tag\"><div class=\"mtr-cell-content\">\n<div align=\"left\">Led<\/div>\n<\/div><\/td>\n<td style=\"width: 25%;\" data-mtr-content=\"KL2791FW\" class=\"mtr-td-tag\"><div class=\"mtr-cell-content\">\n<div align=\"left\">Led<\/div>\n<\/div><\/td>\n<\/tr>\n<tr>\n<td style=\"width: 25%;\" data-mtr-content=\"Modello\" class=\"mtr-td-tag\"><div class=\"mtr-cell-content\">\n<div align=\"left\">Mitgeliefertes Zubeh\u00f6r<\/div>\n<\/div><\/td>\n<td style=\"width: 25%;\" data-mtr-content=\"KL2791F\" class=\"mtr-td-tag\"><div class=\"mtr-cell-content\">\n<div align=\"left\">6 feste Einlegeb\u00f6den<\/div>\n<\/div><\/td>\n<td style=\"width: 25%;\" data-mtr-content=\"KL2791FN\" class=\"mtr-td-tag\"><div class=\"mtr-cell-content\">\n<div align=\"left\">6 feste Einlegeb\u00f6den<\/div>\n<\/div><\/td>\n<td style=\"width: 25%;\" data-mtr-content=\"KL2791FW\" class=\"mtr-td-tag\"><div class=\"mtr-cell-content\">\n<div align=\"left\">6 feste Einlegeb\u00f6den<\/div>\n<\/div><\/td>\n<\/tr>\n<tr>\n<td style=\"width: 25%;\" data-mtr-content=\"Modello\" class=\"mtr-td-tag\"><div class=\"mtr-cell-content\">\n<div align=\"left\">Nettogewicht<\/div>\n<\/div><\/td>\n<td style=\"width: 25%;\" data-mtr-content=\"KL2791F\" class=\"mtr-td-tag\"><div class=\"mtr-cell-content\">\n<div align=\"left\">130 kg<\/div>\n<\/div><\/td>\n<td style=\"width: 25%;\" data-mtr-content=\"KL2791FN\" class=\"mtr-td-tag\"><div class=\"mtr-cell-content\">\n<div align=\"left\">130 kg<\/div>\n<\/div><\/td>\n<td style=\"width: 25%;\" data-mtr-content=\"KL2791FW\" class=\"mtr-td-tag\"><div class=\"mtr-cell-content\">\n<div align=\"left\">130 kg<\/div>\n<\/div><\/td>\n<\/tr>\n<tr>\n<td style=\"width: 25%;\" data-mtr-content=\"Modello\" class=\"mtr-td-tag\"><div class=\"mtr-cell-content\">\n<div align=\"left\">Bruttogewicht<\/div>\n<\/div><\/td>\n<td style=\"width: 25%;\" data-mtr-content=\"KL2791F\" class=\"mtr-td-tag\"><div class=\"mtr-cell-content\">\n<div align=\"left\">150 kg<\/div>\n<\/div><\/td>\n<td style=\"width: 25%;\" data-mtr-content=\"KL2791FN\" class=\"mtr-td-tag\"><div class=\"mtr-cell-content\">\n<div align=\"left\">150 kg<\/div>\n<\/div><\/td>\n<td style=\"width: 25%;\" data-mtr-content=\"KL2791FW\" class=\"mtr-td-tag\"><div class=\"mtr-cell-content\">\n<div align=\"left\">150 kg<\/div>\n<\/div><\/td>\n<\/tr>\n<\/tbody>\n<\/table>\n<p>&nbsp;<\/p>","protected":false},"excerpt":{"rendered":"<p>Cantinetta vino refrigerata statica 310 Lt +18\u00b0C\/+22\u00b0C Forcar Glass Line Cantinetta vino refrigerata statica KL2791F Noce scuro Cantinetta vino refrigerata statica KL2791FN Noce chiaro Cantinetta vino refrigerata statica KL2791FW Wenge&#8217; Cantinette per vini con refrigerazione statica. mobile in legno e porta con telaio in legno massiccio e vetrocamera. Refrigerazione di tipo statico con evaporatore in [&#8230;]","protected":false},"featured_media":125072,"comment_status":"closed","ping_status":"closed","template":"","meta":{"_monsterinsights_skip_tracking":false,"_monsterinsights_sitenote_active":false,"_monsterinsights_sitenote_note":"","_monsterinsights_sitenote_category":0},"product_brand":[624],"product_cat":[256,28],"product_tag":[],"class_list":{"0":"post-31416","1":"product","2":"type-product","3":"status-publish","4":"has-post-thumbnail","6":"product_brand-forcar","7":"product_cat-fredde","8":"product_cat-vetrine","9":"product_shipping_class-n","10":"pa_marca-forcar","12":"first","13":"instock","14":"taxable","15":"shipping-taxable","16":"purchasable","17":"product-type-variable"},"_links":{"self":[{"href":"https:\/\/www.creaearredanegozi.it\/de\/wp-json\/wp\/v2\/product\/31416","targetHints":{"allow":["GET"]}}],"collection":[{"href":"https:\/\/www.creaearredanegozi.it\/de\/wp-json\/wp\/v2\/product"}],"about":[{"href":"https:\/\/www.creaearredanegozi.it\/de\/wp-json\/wp\/v2\/types\/product"}],"replies":[{"embeddable":true,"href":"https:\/\/www.creaearredanegozi.it\/de\/wp-json\/wp\/v2\/comments?post=31416"}],"wp:featuredmedia":[{"embeddable":true,"href":"https:\/\/www.creaearredanegozi.it\/de\/wp-json\/wp\/v2\/media\/125072"}],"wp:attachment":[{"href":"https:\/\/www.creaearredanegozi.it\/de\/wp-json\/wp\/v2\/media?parent=31416"}],"wp:term":[{"taxonomy":"product_brand","embeddable":true,"href":"https:\/\/www.creaearredanegozi.it\/de\/wp-json\/wp\/v2\/product_brand?post=31416"},{"taxonomy":"product_cat","embeddable":true,"href":"https:\/\/www.creaearredanegozi.it\/de\/wp-json\/wp\/v2\/product_cat?post=31416"},{"taxonomy":"product_tag","embeddable":true,"href":"https:\/\/www.creaearredanegozi.it\/de\/wp-json\/wp\/v2\/product_tag?post=31416"}],"curies":[{"name":"wp","href":"https:\/\/api.w.org\/{rel}","templated":true}]}}