{"id":31423,"date":"2019-11-05T17:42:38","date_gmt":"2019-11-05T16:42:38","guid":{"rendered":"https:\/\/www.creaearredanegozi.it\/?post_type=product&#038;p=31423"},"modified":"2026-01-16T13:23:15","modified_gmt":"2026-01-16T12:23:15","slug":"cantinetta-vino-refrigerata-statica-310-lt-2c-8c-forcar-kl2793-kl2793n-e-kl2793w","status":"publish","type":"product","link":"https:\/\/www.creaearredanegozi.it\/de\/cantinetta-vino-refrigerata-statica-310-lt-2c-8c-forcar-kl2793-kl2793n-e-kl2793w\/","title":{"rendered":"Statisch gek\u00fchlter Weinkeller 310 Lt +2\u00b0C\/+8\u00b0C Forcar KL2793 KL2793N und KL2793W"},"content":{"rendered":"<h3>Statischer gek\u00fchlter Weinschrank 310 Lt +2\u00b0C\/+8\u00b0C Forcar Glass Line<\/h3>\n<p><strong>Statischer gek\u00fchlter Weinkeller KL2793 Walnuss dunkel<\/strong><\/p>\n<p><strong>Cantinetta Vino Refrigerata Statica KL2793N Noce chiaro<\/strong><\/p>\n<p><strong>Cantinetta Vino Refrigerata Statica KL2793W wenge&#8217;<\/strong><\/p>\n<ul>\n<li>Weinkeller mit statischer K\u00fchlung.<\/li>\n<li>Schrank und T\u00fcr aus Holz mit Massivholzrahmen und Doppelverglasung.<\/li>\n<li>Statische K\u00fchlung mit Aluminiumplattenverdampfer an der R\u00fcckwand.<\/li>\n<li>Temperaturregler f\u00fcr die automatische Temperaturkontrolle.<\/li>\n<li>Automatische Kondenswasserverdunstung.<\/li>\n<li>Schaltergesteuerte LED-Beleuchtung.<\/li>\n<li>Interner L\u00fcfter, der direkt an die Stromversorgung angeschlossen ist, um die Temperatur in allen F\u00e4chern gleichm\u00e4\u00dfig zu halten.<\/li>\n<\/ul>\n<hr \/>\n<p><strong>Technische Daten:<\/strong><\/p>\n<table class=\"table table-striped\" style=\"width: 100%;\">\n<tbody>\n<tr>\n<td style=\"width: 49.5413%;\" width=\"25%\">\n<div align=\"left\"><strong>Modell<\/strong><\/div>\n<\/td>\n<td style=\"width: 49.5413%;\" width=\"25%\">\n<div align=\"left\"><strong>KL2793\/N\/CA<\/strong><\/div>\n<\/td>\n<\/tr>\n<tr>\n<td style=\"width: 49.5413%;\">\n<div align=\"left\">Arbeitstemperatur<\/div>\n<\/td>\n<td style=\"width: 49.5413%;\">\n<div align=\"left\">+2\u00b0C \/ + 8\u00b0C<\/div>\n<\/td>\n<\/tr>\n<tr>\n<td style=\"width: 49.5413%;\">\n<div align=\"left\">\u00c4u\u00dfere Abmessungen<\/div>\n<\/td>\n<td style=\"width: 49.5413%;\">\n<div align=\"left\">640 x 610 x 870(h) mm<\/div>\n<\/td>\n<\/tr>\n<tr>\n<td style=\"width: 49.5413%;\">\n<div align=\"left\">Innere Abmessungen<\/div>\n<\/td>\n<td style=\"width: 49.5413%;\">\n<div align=\"left\">510 x 485 x 620(h) mm<\/div>\n<\/td>\n<\/tr>\n<tr>\n<td style=\"width: 49.5413%;\">\n<div align=\"left\">Kapazit\u00e4t<\/div>\n<\/td>\n<td style=\"width: 49.5413%;\">\n<div align=\"left\">130 L<\/div>\n<\/td>\n<\/tr>\n<tr>\n<td style=\"width: 49.5413%;\">\n<div align=\"left\">Maximale Arbeitstemperatur<\/div>\n<\/td>\n<td style=\"width: 49.5413%;\">\n<div align=\"left\">+32\u00b0C\/55%HR<\/div>\n<\/td>\n<\/tr>\n<tr>\n<td style=\"width: 49.5413%;\">\n<div align=\"left\">Art der K\u00fchlung<\/div>\n<\/td>\n<td style=\"width: 49.5413%;\">\n<div align=\"left\">Plattenverdampfer<\/div>\n<\/td>\n<\/tr>\n<tr>\n<td style=\"width: 49.5413%;\">\n<div align=\"left\">Art der Abtauung<\/div>\n<\/td>\n<td style=\"width: 49.5413%;\">\n<div align=\"left\">Eine Pause<\/div>\n<\/td>\n<\/tr>\n<tr>\n<td style=\"width: 49.5413%;\">\n<div align=\"left\">Art des K\u00e4ltemittelgases<\/div>\n<\/td>\n<td style=\"width: 49.5413%;\">\n<div align=\"left\">R600a<\/div>\n<\/td>\n<\/tr>\n<tr>\n<td style=\"width: 49.5413%;\">\n<div align=\"left\">Kondenswasserverdunstung<\/div>\n<\/td>\n<td style=\"width: 49.5413%;\">\n<div align=\"left\">Automatisch<\/div>\n<\/td>\n<\/tr>\n<tr>\n<td style=\"width: 49.5413%;\">\n<div align=\"left\">Temperaturkontrolle<\/div>\n<\/td>\n<td style=\"width: 49.5413%;\">\n<div align=\"left\">Automatisch<\/div>\n<\/td>\n<\/tr>\n<tr>\n<td style=\"width: 49.5413%;\">\n<div align=\"left\">Isolierung<\/div>\n<\/td>\n<td style=\"width: 49.5413%;\">\n<div align=\"left\">40 mm<\/div>\n<\/td>\n<\/tr>\n<tr>\n<td style=\"width: 49.5413%;\">\n<div align=\"left\">Absorption<\/div>\n<\/td>\n<td style=\"width: 49.5413%;\">\n<div align=\"left\">105 W<\/div>\n<\/td>\n<\/tr>\n<tr>\n<td style=\"width: 49.5413%;\">\n<div align=\"left\">Energieklasse<\/div>\n<\/td>\n<td style=\"width: 49.5413%;\">\n<div align=\"left\">B<\/div>\n<\/td>\n<\/tr>\n<tr>\n<td style=\"width: 49.5413%;\">\n<div align=\"left\">Spannung<\/div>\n<\/td>\n<td style=\"width: 49.5413%;\">\n<div align=\"left\">230V \/ 50 Hz<\/div>\n<\/td>\n<\/tr>\n<tr>\n<td style=\"width: 49.5413%;\">\n<div align=\"left\">Baumaterial<\/div>\n<\/td>\n<td style=\"width: 49.5413%;\">\n<div align=\"left\">Legno &#8211; ABS<\/div>\n<\/td>\n<\/tr>\n<tr>\n<td style=\"width: 49.5413%;\">\n<div align=\"left\">Farbe<\/div>\n<\/td>\n<td style=\"width: 49.5413%;\">\n<div align=\"left\">Noce scuro\/Noce chiaro\/Carbon<\/div>\n<\/td>\n<\/tr>\n<tr>\n<td style=\"width: 49.5413%;\">\n<div align=\"left\">Umkehrung der T\u00fcr<\/div>\n<\/td>\n<td style=\"width: 49.5413%;\">Ja<\/td>\n<\/tr>\n<tr>\n<td style=\"width: 49.5413%;\">\n<div align=\"left\">Innenbeleuchtung<\/div>\n<\/td>\n<td style=\"width: 49.5413%;\">\n<div align=\"left\">Led<\/div>\n<\/td>\n<\/tr>\n<tr>\n<td style=\"width: 49.5413%;\">\n<div align=\"left\">Mitgeliefertes Zubeh\u00f6r<\/div>\n<\/td>\n<td style=\"width: 49.5413%;\">\n<div align=\"left\">1 griglia 505 x 415 mm<br \/>\n1 Raster 505 x 215 mm<\/div>\n<\/td>\n<\/tr>\n<tr>\n<td style=\"width: 49.5413%;\">\n<div align=\"left\">Nettogewicht<\/div>\n<\/td>\n<td style=\"width: 49.5413%;\">\n<div align=\"left\">44 kg<\/div>\n<\/td>\n<\/tr>\n<tr>\n<td style=\"width: 49.5413%;\">\n<div align=\"left\">Bruttogewicht<\/div>\n<\/td>\n<td style=\"width: 49.5413%;\">\n<div align=\"left\">60 kg<\/div>\n<\/td>\n<\/tr>\n<\/tbody>\n<\/table>\n<p>&nbsp;<\/p>","protected":false},"excerpt":{"rendered":"<p>Cantinetta vino refrigerata statica 310 Lt +2\u00b0C\/+8\u00b0C Forcar Glass Line Cantinetta Vino Refrigerata Statica KL2793 Noce scuro Cantinetta Vino Refrigerata Statica KL2793N Noce chiaro Cantinetta Vino Refrigerata Statica KL2793W wenge&#8217; Cantinette per vini con refrigerazione statica. mobile in legno e porta con telaio in legno massiccio e vetrocamera. Refrigerazione di tipo statico con evaporatore in [&#8230;]","protected":false},"featured_media":125089,"comment_status":"closed","ping_status":"closed","template":"","meta":{"_monsterinsights_skip_tracking":false,"_monsterinsights_sitenote_active":false,"_monsterinsights_sitenote_note":"","_monsterinsights_sitenote_category":0},"product_brand":[624],"product_cat":[256,28],"product_tag":[],"class_list":{"0":"post-31423","1":"product","2":"type-product","3":"status-publish","4":"has-post-thumbnail","6":"product_brand-forcar","7":"product_cat-fredde","8":"product_cat-vetrine","9":"product_shipping_class-33","10":"pa_classe-energetica-classe-b","11":"pa_marca-forcar","13":"first","14":"instock","15":"taxable","16":"shipping-taxable","17":"purchasable","18":"product-type-variable"},"_links":{"self":[{"href":"https:\/\/www.creaearredanegozi.it\/de\/wp-json\/wp\/v2\/product\/31423","targetHints":{"allow":["GET"]}}],"collection":[{"href":"https:\/\/www.creaearredanegozi.it\/de\/wp-json\/wp\/v2\/product"}],"about":[{"href":"https:\/\/www.creaearredanegozi.it\/de\/wp-json\/wp\/v2\/types\/product"}],"replies":[{"embeddable":true,"href":"https:\/\/www.creaearredanegozi.it\/de\/wp-json\/wp\/v2\/comments?post=31423"}],"wp:featuredmedia":[{"embeddable":true,"href":"https:\/\/www.creaearredanegozi.it\/de\/wp-json\/wp\/v2\/media\/125089"}],"wp:attachment":[{"href":"https:\/\/www.creaearredanegozi.it\/de\/wp-json\/wp\/v2\/media?parent=31423"}],"wp:term":[{"taxonomy":"product_brand","embeddable":true,"href":"https:\/\/www.creaearredanegozi.it\/de\/wp-json\/wp\/v2\/product_brand?post=31423"},{"taxonomy":"product_cat","embeddable":true,"href":"https:\/\/www.creaearredanegozi.it\/de\/wp-json\/wp\/v2\/product_cat?post=31423"},{"taxonomy":"product_tag","embeddable":true,"href":"https:\/\/www.creaearredanegozi.it\/de\/wp-json\/wp\/v2\/product_tag?post=31423"}],"curies":[{"name":"wp","href":"https:\/\/api.w.org\/{rel}","templated":true}]}}