{"id":31622,"date":"2019-11-08T13:25:00","date_gmt":"2019-11-08T12:25:00","guid":{"rendered":"https:\/\/www.creaearredanegozi.it\/?post_type=product&#038;p=31622"},"modified":"2025-06-30T19:18:50","modified_gmt":"2025-06-30T17:18:50","slug":"entsafter-und-gemusepresse-mit-zubehor-pb009-easyline-fimar","status":"publish","type":"product","link":"https:\/\/www.creaearredanegozi.it\/de\/entsafter-und-gemusepresse-mit-zubehor-pb009-easyline-fimar\/","title":{"rendered":"Saft- und Gem\u00fcsesauger mit Zubeh\u00f6r PB009 Easyline Fimar"},"content":{"rendered":"<p><strong>Edelstahl-Entsafter 37 U\/min Easyline PB009<\/strong><\/p>\n<p>Ein Ger\u00e4t zum Entsaften von Obst und Gem\u00fcse, bei dem die in den Lebensmitteln nat\u00fcrlich vorhandenen N\u00e4hrstoffe dank des langsamen Extraktionssystems (Slow Juicer) erhalten bleiben.<\/p>\n<ul>\n<li>Konstruktion aus rostfreiem Stahl und lebensmittelechtem Kunststoff.<\/li>\n<li>Automatischer Zellstoffauswurf.<\/li>\n<li>Lieferung mit 2 Kunststoffbeh\u00e4ltern f\u00fcr Abf\u00e4lle und Saft, 1 Filter, Tofuzubereitungsbox, Reinigungsb\u00fcrste, 3 Edelstahlfilter.<\/li>\n<li>Exklusiver Trichter mit breiter \u00d6ffnung, der es erm\u00f6glicht, ganzes Obst und Gem\u00fcse einzuf\u00fchren, ohne es zu zerkleinern, dank einer \u00d6ffnung von \u00f8 80 mm.<\/li>\n<li>CE-konform.<\/li>\n<\/ul>\n<p><strong>Technische Daten:<\/strong><\/p>\n<table class=\"table table-striped\">\n<tbody>\n<tr>\n<td>\n<p class=\"dati_tecnici_label_1\"><strong>Modell<\/strong><\/p>\n<\/td>\n<td><b>PB009<\/b><\/td>\n<\/tr>\n<tr>\n<td><strong>Strom<\/strong><\/td>\n<td align=\"left\">0,4 kW<\/td>\n<\/tr>\n<tr>\n<td><strong>Stromversorgung<\/strong><\/td>\n<td align=\"left\">220-240V\/1N\/50-60Hz<\/td>\n<\/tr>\n<tr>\n<td><b>Geschwindigkeit<\/b><\/td>\n<td align=\"left\">37 Umdrehungen pro Minute<\/td>\n<\/tr>\n<tr>\n<td><b>Abmessungen<\/b><\/td>\n<td align=\"left\">250 x 160 x 450h mm<\/td>\n<\/tr>\n<tr>\n<td><b>Nettogewicht<\/b><\/td>\n<td align=\"left\">9 kg<\/td>\n<\/tr>\n<tr>\n<td><b>Bruttogewicht<\/b><\/td>\n<td align=\"left\">10 kg<\/td>\n<\/tr>\n<\/tbody>\n<\/table>","protected":false},"excerpt":{"rendered":"<p>Estrattore succo acciaio inox 37 rpm Easyline PB009 Macchina per ottenere succhi di frutta e verdura mantenendo intatti gli elementi nutritivi naturalmente presenti nel cibo grazie al sistema di estrazione a bassa velocit\u00e0 (slow juicer). Struttura in acciaio inox e plastica idonea agli alimenti. Espulsione automatica della polpa. In dotazione 2 contenitori in plastica per [&#8230;]","protected":false},"featured_media":120748,"comment_status":"closed","ping_status":"closed","template":"","meta":{"_monsterinsights_skip_tracking":false,"_monsterinsights_sitenote_active":false,"_monsterinsights_sitenote_note":"","_monsterinsights_sitenote_category":0},"product_brand":[623,628],"product_cat":[65,163],"product_tag":[],"class_list":{"0":"post-31622","1":"product","2":"type-product","3":"status-publish","4":"has-post-thumbnail","6":"product_brand-easyline","7":"product_brand-fimar","8":"product_cat-frullatori","9":"product_cat-frullatori-ristorazione","10":"product_shipping_class-f","11":"pa_marca-easyline-by-fimar","13":"first","14":"instock","15":"taxable","16":"shipping-taxable","17":"purchasable","18":"product-type-simple"},"_links":{"self":[{"href":"https:\/\/www.creaearredanegozi.it\/de\/wp-json\/wp\/v2\/product\/31622","targetHints":{"allow":["GET"]}}],"collection":[{"href":"https:\/\/www.creaearredanegozi.it\/de\/wp-json\/wp\/v2\/product"}],"about":[{"href":"https:\/\/www.creaearredanegozi.it\/de\/wp-json\/wp\/v2\/types\/product"}],"replies":[{"embeddable":true,"href":"https:\/\/www.creaearredanegozi.it\/de\/wp-json\/wp\/v2\/comments?post=31622"}],"wp:featuredmedia":[{"embeddable":true,"href":"https:\/\/www.creaearredanegozi.it\/de\/wp-json\/wp\/v2\/media\/120748"}],"wp:attachment":[{"href":"https:\/\/www.creaearredanegozi.it\/de\/wp-json\/wp\/v2\/media?parent=31622"}],"wp:term":[{"taxonomy":"product_brand","embeddable":true,"href":"https:\/\/www.creaearredanegozi.it\/de\/wp-json\/wp\/v2\/product_brand?post=31622"},{"taxonomy":"product_cat","embeddable":true,"href":"https:\/\/www.creaearredanegozi.it\/de\/wp-json\/wp\/v2\/product_cat?post=31622"},{"taxonomy":"product_tag","embeddable":true,"href":"https:\/\/www.creaearredanegozi.it\/de\/wp-json\/wp\/v2\/product_tag?post=31622"}],"curies":[{"name":"wp","href":"https:\/\/api.w.org\/{rel}","templated":true}]}}