{"id":31625,"date":"2019-11-08T21:36:00","date_gmt":"2019-11-08T20:36:00","guid":{"rendered":"https:\/\/www.creaearredanegozi.it\/?post_type=product&#038;p=31625"},"modified":"2024-12-01T00:00:09","modified_gmt":"2024-11-30T23:00:09","slug":"tischplanetenmischer-10-liter-3-geschwindigkeiten-b10k-easyline-fimar","status":"publish","type":"product","link":"https:\/\/www.creaearredanegozi.it\/de\/tischplanetenmischer-10-liter-3-geschwindigkeiten-b10k-easyline-fimar\/","title":{"rendered":"Tisch-Planetenkneter 10 Liter 3 Geschwindigkeiten B10K Easyline Fimar"},"content":{"rendered":"<h3>Profi-Planetenmischer 10 Liter 3 Geschwindigkeiten<\/h3>\n<p><strong>Benchtop-Modell Easyline B10K<\/strong><\/p>\n<p>Maschine f\u00fcr verschiedene Teigsorten wie Pizza, Brot, Kekse, Croissants, Brioche, Beignets, Biskuit, M\u00fcrbeteig, Baiser, P\u00fcrees, Mayonnaise, verschiedene So\u00dfen, Schlagsahne usw.<\/p>\n<ul>\n<li>Die Struktur ist mit kratzfester Farbe beschichtet.<\/li>\n<li>Sch\u00fcssel, Schneebesen und gegrillter Deckel in <strong> Rostfreier Stahl AISI 304.<\/strong><\/li>\n<li>Aluminiumspirale und Spatel.<\/li>\n<li>Mikroschalter an Deckel und Tank.<\/li>\n<li>Herausnehmbares Becken.<\/li>\n<li>Werkzeug-Schnellkupplung.<\/li>\n<li>Mechanisches 3-Gang-Getriebe mit Zahnrad\u00fcbersetzung.<\/li>\n<li>Tischmodell.<\/li>\n<\/ul>\n<p>Zubeh\u00f6r: Zus\u00e4tzliche Wanne.<\/p>\n<p><strong>Technische Daten:<\/strong><\/p>\n<table class=\"table table-striped\">\n<tbody>\n<tr>\n<td>\n<p class=\"dati_tecnici_label_1\"><strong>Modell<\/strong><\/p>\n<\/td>\n<td><b>B10K<\/b><\/td>\n<\/tr>\n<tr>\n<td><strong>Strom<\/strong><\/td>\n<td align=\"left\">0,45 kW (0,6 PS)<\/td>\n<\/tr>\n<tr>\n<td><strong>Einphasige Stromversorgung<\/strong><\/td>\n<td align=\"left\">230V\/1N\/50Hz<\/td>\n<\/tr>\n<tr>\n<td><b>Geschwindigkeit<\/b><\/td>\n<td align=\"left\">113 - 184 - 341 U\/min<\/td>\n<\/tr>\n<tr>\n<td><b>Kapazit\u00e4t<\/b><\/td>\n<td align=\"left\">10 Lt<\/td>\n<\/tr>\n<tr>\n<td><b>Abmessungen<\/b><\/td>\n<td align=\"left\">450 x 420 x 610h mm<\/td>\n<\/tr>\n<tr>\n<td><b>Nettogewicht<\/b><\/td>\n<td align=\"left\">55 kg<\/td>\n<\/tr>\n<tr>\n<td><b>Bruttogewicht<\/b><\/td>\n<td align=\"left\">67 kg<\/td>\n<\/tr>\n<\/tbody>\n<\/table>","protected":false},"excerpt":{"rendered":"<p>Impastatrice planetaria Professionale 10 litri 3 velocit\u00e0 Modello da banco Easyline B10K Macchina per diversi tipi di impasto, quali pizza, pane, biscotti, croissant, brioche, bign\u00e8, pan di spagna, pasta frolla, meringhe, puree, maionese, salse varie, panna montata, ecc. Struttura rivestita con vernice antigraffio. Vasca, frusta e coperchio grigliato in acciaio inox AISI 304. Spirale e [&#8230;]","protected":false},"featured_media":120853,"comment_status":"closed","ping_status":"closed","template":"","meta":{"_monsterinsights_skip_tracking":false,"_monsterinsights_sitenote_active":false,"_monsterinsights_sitenote_note":"","_monsterinsights_sitenote_category":0},"product_brand":[623,628],"product_cat":[17,300],"product_tag":[],"class_list":{"0":"post-31625","1":"product","2":"type-product","3":"status-publish","4":"has-post-thumbnail","6":"product_brand-easyline","7":"product_brand-fimar","8":"product_cat-impastatrici","9":"product_cat-planetarie","10":"product_shipping_class-681","11":"pa_marca-easyline-by-fimar","13":"first","14":"instock","15":"taxable","16":"shipping-taxable","17":"purchasable","18":"product-type-simple"},"_links":{"self":[{"href":"https:\/\/www.creaearredanegozi.it\/de\/wp-json\/wp\/v2\/product\/31625","targetHints":{"allow":["GET"]}}],"collection":[{"href":"https:\/\/www.creaearredanegozi.it\/de\/wp-json\/wp\/v2\/product"}],"about":[{"href":"https:\/\/www.creaearredanegozi.it\/de\/wp-json\/wp\/v2\/types\/product"}],"replies":[{"embeddable":true,"href":"https:\/\/www.creaearredanegozi.it\/de\/wp-json\/wp\/v2\/comments?post=31625"}],"wp:featuredmedia":[{"embeddable":true,"href":"https:\/\/www.creaearredanegozi.it\/de\/wp-json\/wp\/v2\/media\/120853"}],"wp:attachment":[{"href":"https:\/\/www.creaearredanegozi.it\/de\/wp-json\/wp\/v2\/media?parent=31625"}],"wp:term":[{"taxonomy":"product_brand","embeddable":true,"href":"https:\/\/www.creaearredanegozi.it\/de\/wp-json\/wp\/v2\/product_brand?post=31625"},{"taxonomy":"product_cat","embeddable":true,"href":"https:\/\/www.creaearredanegozi.it\/de\/wp-json\/wp\/v2\/product_cat?post=31625"},{"taxonomy":"product_tag","embeddable":true,"href":"https:\/\/www.creaearredanegozi.it\/de\/wp-json\/wp\/v2\/product_tag?post=31625"}],"curies":[{"name":"wp","href":"https:\/\/api.w.org\/{rel}","templated":true}]}}