{"id":31628,"date":"2019-11-08T22:09:18","date_gmt":"2019-11-08T21:09:18","guid":{"rendered":"https:\/\/www.creaearredanegozi.it\/?post_type=product&#038;p=31628"},"modified":"2026-01-29T18:56:28","modified_gmt":"2026-01-29T17:56:28","slug":"tischplanetenmischer-20-liter-3-stufen-b20k-easyline-fimar","status":"publish","type":"product","link":"https:\/\/www.creaearredanegozi.it\/de\/tischplanetenmischer-20-liter-3-stufen-b20k-easyline-fimar\/","title":{"rendered":"Tisch-Planetenkneter 20 Liter 3 Geschwindigkeiten B20K Easyline Fimar"},"content":{"rendered":"<h3>Profi-Planetenmischer 3 Geschwindigkeiten 20 Liter<\/h3>\n<p><strong>Benchtop-Modell Easyline B20K<\/strong><\/p>\n<p>Maschine f\u00fcr verschiedene Teigsorten wie Pizza, Brot, Kekse, Croissants, Brioche, Beignets, Biskuit, M\u00fcrbeteig, Baiser, P\u00fcrees, Mayonnaise, verschiedene So\u00dfen, Schlagsahne usw.<\/p>\n<ul>\n<li>Die Struktur ist mit kratzfester Farbe beschichtet.<\/li>\n<li>Sch\u00fcssel, Schneebesen und gegrillter Deckel in <strong> Rostfreier Stahl AISI 304.<\/strong><\/li>\n<li>Aluminiumspirale und Spatel.<\/li>\n<li>Mikroschalter an Deckel und Tank.<\/li>\n<li>Herausnehmbares Becken.<\/li>\n<li>Werkzeug-Schnellkupplung.<\/li>\n<li>Mechanisches 3-Gang-Getriebe mit Zahnrad\u00fcbersetzung.<\/li>\n<li>Motorschutzschalter<\/li>\n<li>Tischmodell.<\/li>\n<\/ul>\n<p>Zubeh\u00f6r: Zusatztank.<\/p>\n<p><strong>Technische Daten:<\/strong><\/p>\n<table class=\"table table-striped\">\n<tbody>\n<tr>\n<td>\n<p class=\"dati_tecnici_label_1\"><strong>Modell<\/strong><\/p>\n<\/td>\n<td><b>B20K<\/b><\/td>\n<\/tr>\n<tr>\n<td><strong>Strom<\/strong><\/td>\n<td align=\"left\">1,1 kW (1,5 PS)<\/td>\n<\/tr>\n<tr>\n<td><strong>Dreiphasen-Stromversorgung<\/strong><\/td>\n<td align=\"left\">400V\/3N\/50Hz<\/td>\n<\/tr>\n<tr>\n<td><strong>Einphasige Stromversorgung<\/strong><\/td>\n<td align=\"left\">230V\/1N\/50Hz<\/td>\n<\/tr>\n<tr>\n<td><b>Geschwindigkeit<\/b><\/td>\n<td align=\"left\">108 - 161 - 382 U\/min<\/td>\n<\/tr>\n<tr>\n<td><b>Zeitschaltuhr<\/b><\/td>\n<td align=\"left\">0-60&#8242;<\/td>\n<\/tr>\n<tr>\n<td><b>Kapazit\u00e4t<\/b><\/td>\n<td align=\"left\">20 Lt<\/td>\n<\/tr>\n<tr>\n<td><b>Abmessungen<\/b><\/td>\n<td align=\"left\">540 x 505 x 785h mm<\/td>\n<\/tr>\n<tr>\n<td><b>Nettogewicht<\/b><\/td>\n<td align=\"left\">81 kg<\/td>\n<\/tr>\n<tr>\n<td><b>Bruttogewicht<\/b><\/td>\n<td align=\"left\">97 kg<\/td>\n<\/tr>\n<\/tbody>\n<\/table>","protected":false},"excerpt":{"rendered":"<p>Impastatrice planetaria Professionale 3 velocit\u00e0 20 Litri Modello da banco Easyline B20K Macchina per diversi tipi di impasto, quali pizza, pane, biscotti, croissant, brioche, bign\u00e8, pan di spagna, pasta frolla, meringhe, puree, maionese, salse varie, panna montata, ecc. Struttura rivestita con vernice antigraffio. Vasca, frusta e coperchio grigliato in acciaio inox AISI 304. Spirale e [&#8230;]","protected":false},"featured_media":120855,"comment_status":"closed","ping_status":"closed","template":"","meta":{"_monsterinsights_skip_tracking":false,"_monsterinsights_sitenote_active":false,"_monsterinsights_sitenote_note":"","_monsterinsights_sitenote_category":0},"product_brand":[623,628],"product_cat":[17,300],"product_tag":[],"class_list":{"0":"post-31628","1":"product","2":"type-product","3":"status-publish","4":"has-post-thumbnail","6":"product_brand-easyline","7":"product_brand-fimar","8":"product_cat-impastatrici","9":"product_cat-planetarie","10":"product_shipping_class-32","11":"pa_marca-easyline-by-fimar","13":"first","14":"instock","15":"sale","16":"taxable","17":"shipping-taxable","18":"purchasable","19":"product-type-simple"},"_links":{"self":[{"href":"https:\/\/www.creaearredanegozi.it\/de\/wp-json\/wp\/v2\/product\/31628","targetHints":{"allow":["GET"]}}],"collection":[{"href":"https:\/\/www.creaearredanegozi.it\/de\/wp-json\/wp\/v2\/product"}],"about":[{"href":"https:\/\/www.creaearredanegozi.it\/de\/wp-json\/wp\/v2\/types\/product"}],"replies":[{"embeddable":true,"href":"https:\/\/www.creaearredanegozi.it\/de\/wp-json\/wp\/v2\/comments?post=31628"}],"wp:featuredmedia":[{"embeddable":true,"href":"https:\/\/www.creaearredanegozi.it\/de\/wp-json\/wp\/v2\/media\/120855"}],"wp:attachment":[{"href":"https:\/\/www.creaearredanegozi.it\/de\/wp-json\/wp\/v2\/media?parent=31628"}],"wp:term":[{"taxonomy":"product_brand","embeddable":true,"href":"https:\/\/www.creaearredanegozi.it\/de\/wp-json\/wp\/v2\/product_brand?post=31628"},{"taxonomy":"product_cat","embeddable":true,"href":"https:\/\/www.creaearredanegozi.it\/de\/wp-json\/wp\/v2\/product_cat?post=31628"},{"taxonomy":"product_tag","embeddable":true,"href":"https:\/\/www.creaearredanegozi.it\/de\/wp-json\/wp\/v2\/product_tag?post=31628"}],"curies":[{"name":"wp","href":"https:\/\/api.w.org\/{rel}","templated":true}]}}