{"id":31639,"date":"2019-11-08T23:44:26","date_gmt":"2019-11-08T22:44:26","guid":{"rendered":"https:\/\/www.creaearredanegozi.it\/?post_type=product&#038;p=31639"},"modified":"2024-12-01T00:00:09","modified_gmt":"2024-11-30T23:00:09","slug":"planetenmischer-60-liter-3-stufen-b60i-easyline-fimar","status":"publish","type":"product","link":"https:\/\/www.creaearredanegozi.it\/de\/planetenmischer-60-liter-3-stufen-b60i-easyline-fimar\/","title":{"rendered":"Planetenmischer 60 Liter 3 Geschwindigkeiten B60I Easyline Fimar"},"content":{"rendered":"<p><strong>3-Gang-Planetenmischer 60 Liter Easyline B60I<\/strong><\/p>\n<p>Maschine f\u00fcr verschiedene Teigsorten wie Pizza, Brot, Kekse, Croissants, Brioche, Beignets, Biskuit, M\u00fcrbeteig, Baiser, P\u00fcrees, Mayonnaise, verschiedene So\u00dfen, Schlagsahne usw.<\/p>\n<ul>\n<li>Die Struktur ist mit kratzfester Farbe beschichtet.<\/li>\n<li>Sch\u00fcssel, Schneebesen und gegrillter Deckel in <strong> Rostfreier Stahl AISI 430.<\/strong><\/li>\n<li>Aluminiumspirale und Spatel.<\/li>\n<li>Mikroschalter an Deckel und Tank.<\/li>\n<li>Herausnehmbares Becken.<\/li>\n<li>Werkzeug-Schnellkupplung.<\/li>\n<li>Mechanisches 3-Gang-Getriebe mit Zahnrad\u00fcbersetzung.<\/li>\n<li>Motorschutzschalter<\/li>\n<\/ul>\n<p>Optional: Wannenverl\u00e4ngerungswagen; zus\u00e4tzliche Wanne.<\/p>\n<p><strong>Technische Daten:<\/strong><\/p>\n<table class=\"table table-striped\">\n<tbody>\n<tr>\n<td>\n<p class=\"dati_tecnici_label_1\"><strong>Modell<\/strong><\/p>\n<\/td>\n<td><b>B60I<\/b><\/td>\n<\/tr>\n<tr>\n<td><strong>Strom<\/strong><\/td>\n<td align=\"left\">1,5 kW (2 PS)<\/td>\n<\/tr>\n<tr>\n<td><strong>Dreiphasen-Stromversorgung<\/strong><\/td>\n<td align=\"left\">400V\/3N\/50Hz<\/td>\n<\/tr>\n<tr>\n<td><b>Geschwindigkeit<\/b><\/td>\n<td align=\"left\">74 - 150 - 288 U\/min<\/td>\n<\/tr>\n<tr>\n<td><b>Zeitschaltuhr<\/b><\/td>\n<td align=\"left\">0-60&#8242;<\/td>\n<\/tr>\n<tr>\n<td><b>Kapazit\u00e4t<\/b><\/td>\n<td align=\"left\">60 Lt<\/td>\n<\/tr>\n<tr>\n<td><b>Abmessungen<\/b><\/td>\n<td align=\"left\">780 x 640 x 1260h mm<\/td>\n<\/tr>\n<tr>\n<td><b>Nettogewicht<\/b><\/td>\n<td align=\"left\">207 kg<\/td>\n<\/tr>\n<tr>\n<td><b>Bruttogewicht<\/b><\/td>\n<td align=\"left\">237 kg<\/td>\n<\/tr>\n<tr>\n<td><b>Gr\u00f6\u00dfe des Trolleys (optional)<\/b><\/td>\n<td>420 x 420 x 1020(h) mm<\/td>\n<\/tr>\n<tr>\n<td><b>Gewicht des Wagens<\/b><\/td>\n<td>12,2 kg<\/td>\n<\/tr>\n<tr>\n<td><b>Verpackung des Wagens<\/b><\/td>\n<td>640 x 430 x 610(h) mm<\/td>\n<\/tr>\n<\/tbody>\n<\/table>","protected":false},"excerpt":{"rendered":"<p>Impastatrice planetaria 3 velocit\u00e0 60 Litri Easyline B60I Macchina per diversi tipi di impasto, quali pizza, pane, biscotti, croissant, brioche, bign\u00e8, pan di spagna, pasta frolla, meringhe, puree, maionese, salse varie, panna montata, ecc. Struttura rivestita con vernice antigraffio. Vasca, frusta e coperchio grigliato in acciaio inox AISI 430. Spirale e spatola in alluminio. Microinterruttore [&#8230;]","protected":false},"featured_media":120861,"comment_status":"closed","ping_status":"closed","template":"","meta":{"_monsterinsights_skip_tracking":false,"_monsterinsights_sitenote_active":false,"_monsterinsights_sitenote_note":"","_monsterinsights_sitenote_category":0},"product_brand":[623,628],"product_cat":[300,188],"product_tag":[],"class_list":{"0":"post-31639","1":"product","2":"type-product","3":"status-publish","4":"has-post-thumbnail","6":"product_brand-easyline","7":"product_brand-fimar","8":"product_cat-planetarie","9":"product_cat-impastatrici-attrezzature-per-pizzeria","10":"product_shipping_class-m","11":"pa_marca-easyline-by-fimar","13":"first","14":"instock","15":"taxable","16":"shipping-taxable","17":"purchasable","18":"product-type-simple"},"_links":{"self":[{"href":"https:\/\/www.creaearredanegozi.it\/de\/wp-json\/wp\/v2\/product\/31639","targetHints":{"allow":["GET"]}}],"collection":[{"href":"https:\/\/www.creaearredanegozi.it\/de\/wp-json\/wp\/v2\/product"}],"about":[{"href":"https:\/\/www.creaearredanegozi.it\/de\/wp-json\/wp\/v2\/types\/product"}],"replies":[{"embeddable":true,"href":"https:\/\/www.creaearredanegozi.it\/de\/wp-json\/wp\/v2\/comments?post=31639"}],"wp:featuredmedia":[{"embeddable":true,"href":"https:\/\/www.creaearredanegozi.it\/de\/wp-json\/wp\/v2\/media\/120861"}],"wp:attachment":[{"href":"https:\/\/www.creaearredanegozi.it\/de\/wp-json\/wp\/v2\/media?parent=31639"}],"wp:term":[{"taxonomy":"product_brand","embeddable":true,"href":"https:\/\/www.creaearredanegozi.it\/de\/wp-json\/wp\/v2\/product_brand?post=31639"},{"taxonomy":"product_cat","embeddable":true,"href":"https:\/\/www.creaearredanegozi.it\/de\/wp-json\/wp\/v2\/product_cat?post=31639"},{"taxonomy":"product_tag","embeddable":true,"href":"https:\/\/www.creaearredanegozi.it\/de\/wp-json\/wp\/v2\/product_tag?post=31639"}],"curies":[{"name":"wp","href":"https:\/\/api.w.org\/{rel}","templated":true}]}}