{"id":31642,"date":"2019-11-09T00:14:54","date_gmt":"2019-11-08T23:14:54","guid":{"rendered":"https:\/\/www.creaearredanegozi.it\/?post_type=product&#038;p=31642"},"modified":"2024-02-27T10:47:51","modified_gmt":"2024-02-27T09:47:51","slug":"impastatrice-planetaria-professionale-kitchenaid-5-litri-pk5","status":"publish","type":"product","link":"https:\/\/www.creaearredanegozi.it\/de\/impastatrice-planetaria-professionale-kitchenaid-5-litri-pk5\/","title":{"rendered":"Profi-Planetenkneter KitchenAid 5 Liter PK5"},"content":{"rendered":"<h3>Impastatrice planetaria professionale per lavorazione pasta\u00a0 5,2 Litri<\/h3>\n<p><strong>KitchenAid PK5 Modell<\/strong><\/p>\n<ul>\n<li>Maschinen f\u00fcr den professionellen Einsatz<\/li>\n<li>Rahmen aus Metalldruckguss<\/li>\n<li>Original-Planetenbewegung (der R\u00fchrer dreht sich beim Mischen in eine Richtung und dreht sich in die andere, so dass die Zutaten st\u00e4ndig in die Mitte der Sch\u00fcssel gebracht werden)<\/li>\n<li>B\u00fcrstenmotor<\/li>\n<li>Getriebe\u00fcbertragung<\/li>\n<li>10 Geschwindigkeiten verf\u00fcgbar<\/li>\n<li>Schneebesen aus rostfreiem Stahl, emaillierter Aluminiumhaken und Spatel<\/li>\n<li>Abnehmbarer Edelstahltank<\/li>\n<li>Breites Angebot an Zubeh\u00f6r<\/li>\n<li>Leicht abwaschbar<\/li>\n<li>Inklusive: Wanne, Haken, Spatel und Schneebesen<\/li>\n<li>EG-Normen.<\/li>\n<\/ul>\n<p>&nbsp;<\/p>\n<p><strong>Technische Daten:<\/strong><\/p>\n<table class=\"table table-striped\" style=\"width: 36.0224%; height: 323px;\">\n<tbody>\n<tr style=\"height: 50px;\">\n<td style=\"height: 50px;\">\n<p class=\"dati_tecnici_label_1\"><strong>Modell<\/strong><\/p>\n<\/td>\n<td style=\"height: 50px;\"><strong>PK 5<\/strong><\/td>\n<\/tr>\n<tr style=\"height: 21px;\">\n<td style=\"height: 21px;\">Strom<\/td>\n<td style=\"height: 21px;\" align=\"left\">0,325 kW<\/td>\n<\/tr>\n<tr style=\"height: 21px;\">\n<td style=\"height: 21px;\">Einphasige Stromversorgung<\/td>\n<td style=\"height: 21px;\" align=\"left\">230V\/1N\/50-60Hz<\/td>\n<\/tr>\n<tr style=\"height: 21px;\">\n<td style=\"height: 21px;\">Drehzahl RPM<\/td>\n<td style=\"height: 21px;\">58\/220<\/td>\n<\/tr>\n<tr style=\"height: 21px;\">\n<td style=\"height: 21px;\">Gr\u00f6\u00dfe der Schale<\/td>\n<td style=\"height: 21px;\">\u00f8210&#215;170<\/td>\n<\/tr>\n<tr style=\"height: 21px;\">\n<td style=\"height: 21px;\">Pasta frolla<\/td>\n<td style=\"height: 21px;\">0,8<\/td>\n<\/tr>\n<tr style=\"height: 21px;\">\n<td style=\"height: 21px;\">Biskuitkuchen<\/td>\n<td style=\"height: 21px;\">6 uova<\/td>\n<\/tr>\n<tr style=\"height: 21px;\">\n<td style=\"height: 21px;\">Eiklar<\/td>\n<td style=\"height: 21px;\">8 Eier<\/td>\n<\/tr>\n<tr style=\"height: 21px;\">\n<td style=\"height: 21px;\">Kapazit\u00e4t<\/td>\n<td style=\"height: 21px;\" align=\"left\">5,2 L<\/td>\n<\/tr>\n<tr style=\"height: 21px;\">\n<td style=\"height: 21px;\">Nettogewicht<\/td>\n<td style=\"height: 21px;\" align=\"left\">12,5 kg<\/td>\n<\/tr>\n<tr style=\"height: 21px;\">\n<td style=\"height: 21px;\">Bruttogewicht<\/td>\n<td style=\"height: 21px;\" align=\"left\">13,5 kg<\/td>\n<\/tr>\n<tr style=\"height: 21px;\">\n<td style=\"height: 21px;\">Abmessungen mm<\/td>\n<td style=\"height: 21px;\" align=\"left\">280 x 360 x 420 h<\/td>\n<\/tr>\n<tr style=\"height: 21px;\">\n<td style=\"height: 21px;\">Verpackungsgr\u00f6\u00dfe mm<\/td>\n<td style=\"height: 21px;\" align=\"left\">320 x 400 x 500h<\/td>\n<\/tr>\n<tr style=\"height: 21px;\">\n<td style=\"height: 21px;\"><\/td>\n<td style=\"height: 21px;\" align=\"left\"><\/td>\n<\/tr>\n<\/tbody>\n<\/table>\n<p style=\"text-align: center;\"><iframe loading=\"lazy\" title=\"YouTube-Video-Player\" src=\"https:\/\/www.youtube-nocookie.com\/embed\/GcdDRxLKY5M?si=Huld2zlsV8NmI84u&amp;start=20\" width=\"560\" height=\"315\" frameborder=\"0\" allowfullscreen=\"allowfullscreen\"><\/iframe><\/p>\n<hr \/>\n<h3 style=\"text-align: center;\"><\/h3>\n<p>Optional:<\/p>\n<table class=\"table table-striped\" style=\"width: 100%;\" width=\"100%\">\n<tbody>\n<tr>\n<td style=\"width: 34.5291%;\"><a href=\"https:\/\/www.creaearredanegozi.it\/wp-content\/uploads\/2019\/11\/ciotola-con-manico-kitchenaid.jpg\"><img decoding=\"async\" class=\"alignnone size-full wp-image-126868\" src=\"https:\/\/www.creaearredanegozi.it\/wp-content\/uploads\/2019\/11\/ciotola-con-manico-kitchenaid.jpg\" alt=\"\" width=\"300\" height=\"300\" title=\"\" srcset=\"https:\/\/www.creaearredanegozi.it\/wp-content\/uploads\/2019\/11\/ciotola-con-manico-kitchenaid.jpg 300w, https:\/\/www.creaearredanegozi.it\/wp-content\/uploads\/2019\/11\/ciotola-con-manico-kitchenaid-250x250.jpg 250w, https:\/\/www.creaearredanegozi.it\/wp-content\/uploads\/2019\/11\/ciotola-con-manico-kitchenaid-100x100.jpg 100w, https:\/\/www.creaearredanegozi.it\/wp-content\/uploads\/2019\/11\/ciotola-con-manico-kitchenaid-64x64.jpg 64w, https:\/\/www.creaearredanegozi.it\/wp-content\/uploads\/2019\/11\/ciotola-con-manico-kitchenaid-280x280.jpg 280w\" sizes=\"(max-width: 300px) 100vw, 300px\" \/><\/a><\/td>\n<td style=\"width: 64.7982%;\">IK5ASB Ciotola con manico &#8211; 4,83 Lt.<\/td>\n<\/tr>\n<tr>\n<td style=\"width: 34.5291%;\"><a href=\"https:\/\/www.creaearredanegozi.it\/wp-content\/uploads\/2019\/11\/tritacarne-kitchenaid.jpg\"><img decoding=\"async\" class=\"alignnone size-full wp-image-126870\" src=\"https:\/\/www.creaearredanegozi.it\/wp-content\/uploads\/2019\/11\/tritacarne-kitchenaid.jpg\" alt=\"\" width=\"260\" height=\"260\" title=\"\" srcset=\"https:\/\/www.creaearredanegozi.it\/wp-content\/uploads\/2019\/11\/tritacarne-kitchenaid.jpg 260w, https:\/\/www.creaearredanegozi.it\/wp-content\/uploads\/2019\/11\/tritacarne-kitchenaid-250x250.jpg 250w, https:\/\/www.creaearredanegozi.it\/wp-content\/uploads\/2019\/11\/tritacarne-kitchenaid-100x100.jpg 100w, https:\/\/www.creaearredanegozi.it\/wp-content\/uploads\/2019\/11\/tritacarne-kitchenaid-64x64.jpg 64w\" sizes=\"(max-width: 260px) 100vw, 260px\" \/><\/a><\/td>\n<td style=\"text-align: center; width: 64.7982%;\">IKFGA Fleischwolf<br \/>\n<iframe loading=\"lazy\" title=\"YouTube-Video-Player\" src=\"https:\/\/www.youtube-nocookie.com\/embed\/UWFknBO3ILg?si=CeA3uYj-Y953SOhb\" width=\"560\" height=\"315\" frameborder=\"0\" allowfullscreen=\"allowfullscreen\"><\/iframe><\/td>\n<\/tr>\n<tr>\n<td style=\"width: 34.5291%;\"><a href=\"https:\/\/www.creaearredanegozi.it\/wp-content\/uploads\/2019\/11\/grattugia-a-cilindro-kitchenaid.jpg\"><img decoding=\"async\" class=\"alignnone size-full wp-image-126871\" src=\"https:\/\/www.creaearredanegozi.it\/wp-content\/uploads\/2019\/11\/grattugia-a-cilindro-kitchenaid.jpg\" alt=\"\" width=\"300\" height=\"300\" title=\"\" srcset=\"https:\/\/www.creaearredanegozi.it\/wp-content\/uploads\/2019\/11\/grattugia-a-cilindro-kitchenaid.jpg 300w, https:\/\/www.creaearredanegozi.it\/wp-content\/uploads\/2019\/11\/grattugia-a-cilindro-kitchenaid-250x250.jpg 250w, https:\/\/www.creaearredanegozi.it\/wp-content\/uploads\/2019\/11\/grattugia-a-cilindro-kitchenaid-100x100.jpg 100w, https:\/\/www.creaearredanegozi.it\/wp-content\/uploads\/2019\/11\/grattugia-a-cilindro-kitchenaid-64x64.jpg 64w, https:\/\/www.creaearredanegozi.it\/wp-content\/uploads\/2019\/11\/grattugia-a-cilindro-kitchenaid-280x280.jpg 280w\" sizes=\"(max-width: 300px) 100vw, 300px\" \/><\/a><\/td>\n<td style=\"width: 64.7982%;\">IKMVSA Zylinderreibe: Ausgestattet mit drei Zylindern f\u00fcr: Schneiden (Gem\u00fcse),<br \/>\nmittelgrob geschnitten (Julienne-Paniermehl), geschnitten<br \/>\ngrob (Mozzarella, geriebener Parmesan)<\/td>\n<\/tr>\n<tr>\n<td style=\"width: 34.5291%;\"><a href=\"https:\/\/www.creaearredanegozi.it\/wp-content\/uploads\/2019\/11\/insaccatrice-kitchenaid.jpg\"><img decoding=\"async\" class=\"alignnone size-full wp-image-126872\" src=\"https:\/\/www.creaearredanegozi.it\/wp-content\/uploads\/2019\/11\/insaccatrice-kitchenaid.jpg\" alt=\"\" width=\"300\" height=\"300\" title=\"\" srcset=\"https:\/\/www.creaearredanegozi.it\/wp-content\/uploads\/2019\/11\/insaccatrice-kitchenaid.jpg 300w, https:\/\/www.creaearredanegozi.it\/wp-content\/uploads\/2019\/11\/insaccatrice-kitchenaid-250x250.jpg 250w, https:\/\/www.creaearredanegozi.it\/wp-content\/uploads\/2019\/11\/insaccatrice-kitchenaid-100x100.jpg 100w, https:\/\/www.creaearredanegozi.it\/wp-content\/uploads\/2019\/11\/insaccatrice-kitchenaid-64x64.jpg 64w, https:\/\/www.creaearredanegozi.it\/wp-content\/uploads\/2019\/11\/insaccatrice-kitchenaid-280x280.jpg 280w\" sizes=\"(max-width: 300px) 100vw, 300px\" \/><\/a><\/td>\n<td style=\"width: 64.7982%;\">IKSSA-Absackmaschine<\/td>\n<\/tr>\n<tr>\n<td style=\"width: 34.5291%;\"><a href=\"https:\/\/www.creaearredanegozi.it\/wp-content\/uploads\/2019\/11\/set-3-cilindri-gratt.-kitchenaid.jpg\"><img decoding=\"async\" class=\"alignnone size-full wp-image-126873\" src=\"https:\/\/www.creaearredanegozi.it\/wp-content\/uploads\/2019\/11\/set-3-cilindri-gratt.-kitchenaid.jpg\" alt=\"\" width=\"300\" height=\"300\" title=\"\" srcset=\"https:\/\/www.creaearredanegozi.it\/wp-content\/uploads\/2019\/11\/set-3-cilindri-gratt.-kitchenaid.jpg 300w, https:\/\/www.creaearredanegozi.it\/wp-content\/uploads\/2019\/11\/set-3-cilindri-gratt.-kitchenaid-250x250.jpg 250w, https:\/\/www.creaearredanegozi.it\/wp-content\/uploads\/2019\/11\/set-3-cilindri-gratt.-kitchenaid-100x100.jpg 100w, https:\/\/www.creaearredanegozi.it\/wp-content\/uploads\/2019\/11\/set-3-cilindri-gratt.-kitchenaid-64x64.jpg 64w, https:\/\/www.creaearredanegozi.it\/wp-content\/uploads\/2019\/11\/set-3-cilindri-gratt.-kitchenaid-280x280.jpg 280w\" sizes=\"(max-width: 300px) 100vw, 300px\" \/><\/a><\/td>\n<td style=\"width: 64.7982%;\">IKEMVSC 3er-Set Reibwalzen: fein hacken, p\u00fcrieren, St\u00e4bchen julienne<\/td>\n<\/tr>\n<tr>\n<td style=\"width: 34.5291%;\"><a href=\"https:\/\/www.creaearredanegozi.it\/wp-content\/uploads\/2019\/11\/pasta-sfogliatrice-kitchenaid.jpg\"><img decoding=\"async\" class=\"alignnone size-full wp-image-126869\" src=\"https:\/\/www.creaearredanegozi.it\/wp-content\/uploads\/2019\/11\/pasta-sfogliatrice-kitchenaid.jpg\" alt=\"\" width=\"300\" height=\"300\" title=\"\" srcset=\"https:\/\/www.creaearredanegozi.it\/wp-content\/uploads\/2019\/11\/pasta-sfogliatrice-kitchenaid.jpg 300w, https:\/\/www.creaearredanegozi.it\/wp-content\/uploads\/2019\/11\/pasta-sfogliatrice-kitchenaid-250x250.jpg 250w, https:\/\/www.creaearredanegozi.it\/wp-content\/uploads\/2019\/11\/pasta-sfogliatrice-kitchenaid-100x100.jpg 100w, https:\/\/www.creaearredanegozi.it\/wp-content\/uploads\/2019\/11\/pasta-sfogliatrice-kitchenaid-64x64.jpg 64w, https:\/\/www.creaearredanegozi.it\/wp-content\/uploads\/2019\/11\/pasta-sfogliatrice-kitchenaid-280x280.jpg 280w\" sizes=\"(max-width: 300px) 100vw, 300px\" \/><\/a><\/td>\n<td style=\"text-align: center; width: 64.7982%;\" align=\"left\">IKPRA Nudelblatt-Set + 2 Schnitte (Tagliatelle - Nudeln)<br \/>\n<iframe loading=\"lazy\" title=\"YouTube-Video-Player\" src=\"https:\/\/www.youtube-nocookie.com\/embed\/m1h6XbXHXzc?si=-1LHaEFf-sJBj_zv\" width=\"560\" height=\"315\" frameborder=\"0\" allowfullscreen=\"allowfullscreen\"><\/iframe><\/td>\n<\/tr>\n<tr>\n<td style=\"width: 34.5291%;\"><a href=\"https:\/\/www.creaearredanegozi.it\/wp-content\/uploads\/2019\/11\/pasta-corta-kitchenaid.jpg\"><img decoding=\"async\" class=\"alignnone size-full wp-image-126874\" src=\"https:\/\/www.creaearredanegozi.it\/wp-content\/uploads\/2019\/11\/pasta-corta-kitchenaid.jpg\" alt=\"\" width=\"300\" height=\"300\" title=\"\" srcset=\"https:\/\/www.creaearredanegozi.it\/wp-content\/uploads\/2019\/11\/pasta-corta-kitchenaid.jpg 300w, https:\/\/www.creaearredanegozi.it\/wp-content\/uploads\/2019\/11\/pasta-corta-kitchenaid-250x250.jpg 250w, https:\/\/www.creaearredanegozi.it\/wp-content\/uploads\/2019\/11\/pasta-corta-kitchenaid-100x100.jpg 100w, https:\/\/www.creaearredanegozi.it\/wp-content\/uploads\/2019\/11\/pasta-corta-kitchenaid-64x64.jpg 64w, https:\/\/www.creaearredanegozi.it\/wp-content\/uploads\/2019\/11\/pasta-corta-kitchenaid-280x280.jpg 280w\" sizes=\"(max-width: 300px) 100vw, 300px\" \/><\/a><\/td>\n<td style=\"text-align: center; width: 64.7982%;\" align=\"left\">IKPEXTA Pasta corta 6 trafile + accessori (non disponibile per 6,9 Lt. CE)<br \/>\n<iframe loading=\"lazy\" title=\"YouTube-Video-Player\" src=\"https:\/\/www.youtube-nocookie.com\/embed\/O-CeVnWunOk?si=QJ6H2fuI-ioku00V\" width=\"560\" height=\"315\" frameborder=\"0\" allowfullscreen=\"allowfullscreen\"><\/iframe><\/td>\n<\/tr>\n<tr>\n<td style=\"width: 34.5291%;\"><a href=\"https:\/\/www.creaearredanegozi.it\/wp-content\/uploads\/2019\/11\/rullo-sfoglia-kitchenaid.jpg\"><img decoding=\"async\" class=\"alignnone size-full wp-image-126875\" src=\"https:\/\/www.creaearredanegozi.it\/wp-content\/uploads\/2019\/11\/rullo-sfoglia-kitchenaid.jpg\" alt=\"\" width=\"300\" height=\"300\" title=\"\" srcset=\"https:\/\/www.creaearredanegozi.it\/wp-content\/uploads\/2019\/11\/rullo-sfoglia-kitchenaid.jpg 300w, https:\/\/www.creaearredanegozi.it\/wp-content\/uploads\/2019\/11\/rullo-sfoglia-kitchenaid-250x250.jpg 250w, https:\/\/www.creaearredanegozi.it\/wp-content\/uploads\/2019\/11\/rullo-sfoglia-kitchenaid-100x100.jpg 100w, https:\/\/www.creaearredanegozi.it\/wp-content\/uploads\/2019\/11\/rullo-sfoglia-kitchenaid-64x64.jpg 64w, https:\/\/www.creaearredanegozi.it\/wp-content\/uploads\/2019\/11\/rullo-sfoglia-kitchenaid-280x280.jpg 280w\" sizes=\"(max-width: 300px) 100vw, 300px\" \/><\/a><\/td>\n<td style=\"text-align: center; width: 64.7982%;\" align=\"left\">IKPSA Einfacher Bl\u00e4tterteigroller<br \/>\n<iframe loading=\"lazy\" title=\"YouTube-Video-Player\" src=\"https:\/\/www.youtube-nocookie.com\/embed\/Q0noE9GQMeM?si=jnD6Jmw9ciTK7Uo2&amp;start=20\" width=\"560\" height=\"315\" frameborder=\"0\" allowfullscreen=\"allowfullscreen\"><\/iframe><\/td>\n<\/tr>\n<tr>\n<td style=\"width: 34.5291%;\"><a href=\"https:\/\/www.creaearredanegozi.it\/wp-content\/uploads\/2019\/11\/passaverdure-kitchenaid.jpg\"><img decoding=\"async\" class=\"alignnone size-full wp-image-126876\" src=\"https:\/\/www.creaearredanegozi.it\/wp-content\/uploads\/2019\/11\/passaverdure-kitchenaid.jpg\" alt=\"\" width=\"300\" height=\"300\" title=\"\" srcset=\"https:\/\/www.creaearredanegozi.it\/wp-content\/uploads\/2019\/11\/passaverdure-kitchenaid.jpg 300w, https:\/\/www.creaearredanegozi.it\/wp-content\/uploads\/2019\/11\/passaverdure-kitchenaid-250x250.jpg 250w, https:\/\/www.creaearredanegozi.it\/wp-content\/uploads\/2019\/11\/passaverdure-kitchenaid-100x100.jpg 100w, https:\/\/www.creaearredanegozi.it\/wp-content\/uploads\/2019\/11\/passaverdure-kitchenaid-64x64.jpg 64w, https:\/\/www.creaearredanegozi.it\/wp-content\/uploads\/2019\/11\/passaverdure-kitchenaid-280x280.jpg 280w\" sizes=\"(max-width: 300px) 100vw, 300px\" \/><\/a><\/td>\n<td style=\"width: 64.7982%;\" align=\"left\">IKFVSP Gem\u00fcsestampfer<\/td>\n<\/tr>\n<tr>\n<td style=\"width: 34.5291%;\"><a href=\"https:\/\/www.creaearredanegozi.it\/wp-content\/uploads\/2019\/11\/spremiaugrumi-kitchenaid.jpg\"><img decoding=\"async\" class=\"alignnone size-full wp-image-126877\" src=\"https:\/\/www.creaearredanegozi.it\/wp-content\/uploads\/2019\/11\/spremiaugrumi-kitchenaid.jpg\" alt=\"\" width=\"300\" height=\"300\" title=\"\" srcset=\"https:\/\/www.creaearredanegozi.it\/wp-content\/uploads\/2019\/11\/spremiaugrumi-kitchenaid.jpg 300w, https:\/\/www.creaearredanegozi.it\/wp-content\/uploads\/2019\/11\/spremiaugrumi-kitchenaid-250x250.jpg 250w, https:\/\/www.creaearredanegozi.it\/wp-content\/uploads\/2019\/11\/spremiaugrumi-kitchenaid-100x100.jpg 100w, https:\/\/www.creaearredanegozi.it\/wp-content\/uploads\/2019\/11\/spremiaugrumi-kitchenaid-64x64.jpg 64w, https:\/\/www.creaearredanegozi.it\/wp-content\/uploads\/2019\/11\/spremiaugrumi-kitchenaid-280x280.jpg 280w\" sizes=\"(max-width: 300px) 100vw, 300px\" \/><\/a><\/td>\n<td style=\"width: 64.7982%;\">IKJE Spremiagrumi (non disponibile per PK70)<\/td>\n<\/tr>\n<tr>\n<td style=\"width: 34.5291%;\"><a href=\"https:\/\/www.creaearredanegozi.it\/wp-content\/uploads\/2019\/11\/estrattore-lento-kitchenaid.jpg\"><img decoding=\"async\" class=\"alignnone size-full wp-image-126878\" src=\"https:\/\/www.creaearredanegozi.it\/wp-content\/uploads\/2019\/11\/estrattore-lento-kitchenaid.jpg\" alt=\"\" width=\"300\" height=\"300\" title=\"\" srcset=\"https:\/\/www.creaearredanegozi.it\/wp-content\/uploads\/2019\/11\/estrattore-lento-kitchenaid.jpg 300w, https:\/\/www.creaearredanegozi.it\/wp-content\/uploads\/2019\/11\/estrattore-lento-kitchenaid-250x250.jpg 250w, https:\/\/www.creaearredanegozi.it\/wp-content\/uploads\/2019\/11\/estrattore-lento-kitchenaid-100x100.jpg 100w, https:\/\/www.creaearredanegozi.it\/wp-content\/uploads\/2019\/11\/estrattore-lento-kitchenaid-64x64.jpg 64w, https:\/\/www.creaearredanegozi.it\/wp-content\/uploads\/2019\/11\/estrattore-lento-kitchenaid-280x280.jpg 280w\" sizes=\"(max-width: 300px) 100vw, 300px\" \/><\/a><\/td>\n<td style=\"text-align: center; width: 64.7982%;\">IKSM1JA Estrattore lento (non disponibile per PK70)<br \/>\n<iframe loading=\"lazy\" title=\"YouTube-Video-Player\" src=\"https:\/\/www.youtube-nocookie.com\/embed\/3_Qkx-AXxqM?si=ZijdQrfZEEo6utTl\" width=\"560\" height=\"315\" frameborder=\"0\" allowfullscreen=\"allowfullscreen\"><\/iframe><\/td>\n<\/tr>\n<tr>\n<td style=\"width: 34.5291%;\"><a href=\"https:\/\/www.creaearredanegozi.it\/wp-content\/uploads\/2019\/11\/gelatiera-kitchenaid.jpg\"><img decoding=\"async\" class=\"alignnone size-full wp-image-126879\" src=\"https:\/\/www.creaearredanegozi.it\/wp-content\/uploads\/2019\/11\/gelatiera-kitchenaid.jpg\" alt=\"\" width=\"300\" height=\"300\" title=\"\" srcset=\"https:\/\/www.creaearredanegozi.it\/wp-content\/uploads\/2019\/11\/gelatiera-kitchenaid.jpg 300w, https:\/\/www.creaearredanegozi.it\/wp-content\/uploads\/2019\/11\/gelatiera-kitchenaid-250x250.jpg 250w, https:\/\/www.creaearredanegozi.it\/wp-content\/uploads\/2019\/11\/gelatiera-kitchenaid-100x100.jpg 100w, https:\/\/www.creaearredanegozi.it\/wp-content\/uploads\/2019\/11\/gelatiera-kitchenaid-64x64.jpg 64w, https:\/\/www.creaearredanegozi.it\/wp-content\/uploads\/2019\/11\/gelatiera-kitchenaid-280x280.jpg 280w\" sizes=\"(max-width: 300px) 100vw, 300px\" \/><\/a><\/td>\n<td style=\"text-align: center; width: 64.7982%;\">IKICAOWH Speiseeismaschine<br \/>\n<iframe loading=\"lazy\" title=\"YouTube-Video-Player\" src=\"https:\/\/www.youtube-nocookie.com\/embed\/GNTTFLCEIiQ?si=NMM07pSHbc1hN4sI&amp;start=20\" width=\"560\" height=\"315\" frameborder=\"0\" allowfullscreen=\"allowfullscreen\"><\/iframe><\/td>\n<\/tr>\n<tr>\n<td style=\"width: 34.5291%;\"><a href=\"https:\/\/www.creaearredanegozi.it\/wp-content\/uploads\/2019\/11\/macina-cereali-kitchenaid.jpg\"><img decoding=\"async\" class=\"alignnone size-full wp-image-126880\" src=\"https:\/\/www.creaearredanegozi.it\/wp-content\/uploads\/2019\/11\/macina-cereali-kitchenaid.jpg\" alt=\"\" width=\"300\" height=\"300\" title=\"\" srcset=\"https:\/\/www.creaearredanegozi.it\/wp-content\/uploads\/2019\/11\/macina-cereali-kitchenaid.jpg 300w, https:\/\/www.creaearredanegozi.it\/wp-content\/uploads\/2019\/11\/macina-cereali-kitchenaid-250x250.jpg 250w, https:\/\/www.creaearredanegozi.it\/wp-content\/uploads\/2019\/11\/macina-cereali-kitchenaid-100x100.jpg 100w, https:\/\/www.creaearredanegozi.it\/wp-content\/uploads\/2019\/11\/macina-cereali-kitchenaid-64x64.jpg 64w, https:\/\/www.creaearredanegozi.it\/wp-content\/uploads\/2019\/11\/macina-cereali-kitchenaid-280x280.jpg 280w\" sizes=\"(max-width: 300px) 100vw, 300px\" \/><\/a><\/td>\n<td style=\"width: 64.7982%;\">IKGMA Getreidem\u00fchle<\/td>\n<\/tr>\n<tr>\n<td style=\"width: 34.5291%;\"><a href=\"https:\/\/www.creaearredanegozi.it\/wp-content\/uploads\/2019\/11\/PK5-coperchio-versatore-kitchenaid.jpg\"><img decoding=\"async\" class=\"alignnone size-full wp-image-126881\" src=\"https:\/\/www.creaearredanegozi.it\/wp-content\/uploads\/2019\/11\/PK5-coperchio-versatore-kitchenaid.jpg\" alt=\"\" width=\"300\" height=\"300\" title=\"\" srcset=\"https:\/\/www.creaearredanegozi.it\/wp-content\/uploads\/2019\/11\/PK5-coperchio-versatore-kitchenaid.jpg 300w, https:\/\/www.creaearredanegozi.it\/wp-content\/uploads\/2019\/11\/PK5-coperchio-versatore-kitchenaid-250x250.jpg 250w, https:\/\/www.creaearredanegozi.it\/wp-content\/uploads\/2019\/11\/PK5-coperchio-versatore-kitchenaid-100x100.jpg 100w, https:\/\/www.creaearredanegozi.it\/wp-content\/uploads\/2019\/11\/PK5-coperchio-versatore-kitchenaid-64x64.jpg 64w, https:\/\/www.creaearredanegozi.it\/wp-content\/uploads\/2019\/11\/PK5-coperchio-versatore-kitchenaid-280x280.jpg 280w\" sizes=\"(max-width: 300px) 100vw, 300px\" \/><\/a><\/td>\n<td style=\"width: 64.7982%;\">IK5APSC Coperchio versatore<\/td>\n<\/tr>\n<tr>\n<td style=\"width: 34.5291%;\"><a href=\"https:\/\/www.creaearredanegozi.it\/wp-content\/uploads\/2019\/11\/PK5-coperchio-ciotola-kitchenaid.jpg\"><img decoding=\"async\" class=\"alignnone size-full wp-image-126882\" src=\"https:\/\/www.creaearredanegozi.it\/wp-content\/uploads\/2019\/11\/PK5-coperchio-ciotola-kitchenaid.jpg\" alt=\"\" width=\"300\" height=\"300\" title=\"\" srcset=\"https:\/\/www.creaearredanegozi.it\/wp-content\/uploads\/2019\/11\/PK5-coperchio-ciotola-kitchenaid.jpg 300w, https:\/\/www.creaearredanegozi.it\/wp-content\/uploads\/2019\/11\/PK5-coperchio-ciotola-kitchenaid-250x250.jpg 250w, https:\/\/www.creaearredanegozi.it\/wp-content\/uploads\/2019\/11\/PK5-coperchio-ciotola-kitchenaid-100x100.jpg 100w, https:\/\/www.creaearredanegozi.it\/wp-content\/uploads\/2019\/11\/PK5-coperchio-ciotola-kitchenaid-64x64.jpg 64w, https:\/\/www.creaearredanegozi.it\/wp-content\/uploads\/2019\/11\/PK5-coperchio-ciotola-kitchenaid-280x280.jpg 280w\" sizes=\"(max-width: 300px) 100vw, 300px\" \/><\/a><\/td>\n<td style=\"width: 64.7982%;\">IK5BC5N Coperchio ciotola<\/td>\n<\/tr>\n<\/tbody>\n<\/table>\n<p>&nbsp;<\/p>","protected":false},"excerpt":{"rendered":"<p>Impastatrice planetaria professionale per lavorazione pasta\u00a0 5,2 Litri Modello PK5 KitchenAid Macchinario per uso professionale Struttura in metallo pressofuso Movimento planetario originale (lo sbattitore ruota in una direzione mentre mescola e gira nell\u2019altra, in modo che gli ingredienti vengono costantemente portati verso il centro della ciotola) Motore a spazzole Trasmissione a ingranaggi 10 velocit\u00e0 disponibili [&#8230;]","protected":false},"featured_media":120863,"comment_status":"closed","ping_status":"closed","template":"","meta":{"_monsterinsights_skip_tracking":false,"_monsterinsights_sitenote_active":false,"_monsterinsights_sitenote_note":"","_monsterinsights_sitenote_category":0},"product_brand":[704],"product_cat":[300,188],"product_tag":[],"class_list":{"0":"post-31642","1":"product","2":"type-product","3":"status-publish","4":"has-post-thumbnail","6":"product_brand-fama","7":"product_cat-planetarie","8":"product_cat-impastatrici-attrezzature-per-pizzeria","9":"product_shipping_class-206","10":"pa_marca-fama","12":"first","13":"instock","14":"taxable","15":"shipping-taxable","16":"purchasable","17":"product-type-simple"},"_links":{"self":[{"href":"https:\/\/www.creaearredanegozi.it\/de\/wp-json\/wp\/v2\/product\/31642","targetHints":{"allow":["GET"]}}],"collection":[{"href":"https:\/\/www.creaearredanegozi.it\/de\/wp-json\/wp\/v2\/product"}],"about":[{"href":"https:\/\/www.creaearredanegozi.it\/de\/wp-json\/wp\/v2\/types\/product"}],"replies":[{"embeddable":true,"href":"https:\/\/www.creaearredanegozi.it\/de\/wp-json\/wp\/v2\/comments?post=31642"}],"wp:featuredmedia":[{"embeddable":true,"href":"https:\/\/www.creaearredanegozi.it\/de\/wp-json\/wp\/v2\/media\/120863"}],"wp:attachment":[{"href":"https:\/\/www.creaearredanegozi.it\/de\/wp-json\/wp\/v2\/media?parent=31642"}],"wp:term":[{"taxonomy":"product_brand","embeddable":true,"href":"https:\/\/www.creaearredanegozi.it\/de\/wp-json\/wp\/v2\/product_brand?post=31642"},{"taxonomy":"product_cat","embeddable":true,"href":"https:\/\/www.creaearredanegozi.it\/de\/wp-json\/wp\/v2\/product_cat?post=31642"},{"taxonomy":"product_tag","embeddable":true,"href":"https:\/\/www.creaearredanegozi.it\/de\/wp-json\/wp\/v2\/product_tag?post=31642"}],"curies":[{"name":"wp","href":"https:\/\/api.w.org\/{rel}","templated":true}]}}