{"id":31694,"date":"2019-11-09T18:14:51","date_gmt":"2019-11-09T17:14:51","guid":{"rendered":"https:\/\/www.creaearredanegozi.it\/?post_type=product&#038;p=31694"},"modified":"2024-12-01T00:00:13","modified_gmt":"2024-11-30T23:00:13","slug":"hot-dog-kocher-2-nagel-fur-brotchen-und-wurstchen-ykk02a-easyline-fimar","status":"publish","type":"product","link":"https:\/\/www.creaearredanegozi.it\/de\/hot-dog-kocher-2-nagel-fur-brotchen-und-wurstchen-ykk02a-easyline-fimar\/","title":{"rendered":"Hot Dog Kocher 2 N\u00e4gel f\u00fcr Sandwiches und W\u00fcrstchen YKK02A Easyline Fimar"},"content":{"rendered":"<p><strong>HotDog-Kocher 2 N\u00e4gel f\u00fcr Sandwiches und W\u00fcrstchen Easyline YKK02A<\/strong><\/p>\n<p>Maschine zum Erhitzen und Kochen von Sandwiches und W\u00fcrstchen.<\/p>\n<ul>\n<li>Struktur aus rostfreiem Stahl.<\/li>\n<li>2 Schl\u00e4ge zum Erw\u00e4rmen von Brot.<\/li>\n<li>Thermostat.<\/li>\n<li>Glasglocke mit Edelstahlkorb im Inneren zum Garen von Wurst im Bain-Marie.<\/li>\n<\/ul>\n<p><strong>Technische Daten:<\/strong><\/p>\n<table class=\"table table-striped\">\n<tbody>\n<tr>\n<td>\n<p class=\"dati_tecnici_label_1\"><strong>Modell<\/strong><\/p>\n<\/td>\n<td><b>YKK02A<\/b><\/td>\n<\/tr>\n<tr>\n<td><strong>Strom<\/strong><\/td>\n<td align=\"left\">0,44 kW<\/td>\n<\/tr>\n<tr>\n<td><strong>Einphasige Stromversorgung<\/strong><\/td>\n<td align=\"left\">220-240V\/1N\/50Hz<\/td>\n<\/tr>\n<tr>\n<td><b>Abmessungen<\/b><\/td>\n<td align=\"left\">410 x 345 x 315h mm<\/td>\n<\/tr>\n<tr>\n<td><b>Nettogewicht<\/b><\/td>\n<td align=\"left\">5,7 kg<\/td>\n<\/tr>\n<tr>\n<td><b>Bruttogewicht<\/b><\/td>\n<td align=\"left\">6,7 kg<\/td>\n<\/tr>\n<\/tbody>\n<\/table>\n<p>&nbsp;<\/p>","protected":false},"excerpt":{"rendered":"<p>Cuoci HotDog 2 chiodi per panini e wurstel Easyline YKK02A Macchina per riscaldare e cuocere panini e wurstel. Struttura in acciaio inox. 2 punzoni per riscaldare il pane. Termostato. Campana in vetro con all&#8217;interno cestello inox per cottura wurstel a bagno maria. Dati tecnici: Modello YKK02A Potenza 0,44 kW Alimentazione Monofase 220-240V\/1N\/50Hz Dimensioni 410 x [&#8230;]","protected":false},"featured_media":120932,"comment_status":"closed","ping_status":"closed","template":"","meta":{"_monsterinsights_skip_tracking":false,"_monsterinsights_sitenote_active":false,"_monsterinsights_sitenote_note":"","_monsterinsights_sitenote_category":0},"product_brand":[623,628],"product_cat":[94,9],"product_tag":[],"class_list":{"0":"post-31694","1":"product","2":"type-product","3":"status-publish","4":"has-post-thumbnail","6":"product_brand-easyline","7":"product_brand-fimar","8":"product_cat-tostiere","9":"product_cat-attrezzature-pub","10":"product_shipping_class-f","11":"pa_marca-easyline-by-fimar","13":"first","14":"instock","15":"taxable","16":"shipping-taxable","17":"purchasable","18":"product-type-simple"},"_links":{"self":[{"href":"https:\/\/www.creaearredanegozi.it\/de\/wp-json\/wp\/v2\/product\/31694","targetHints":{"allow":["GET"]}}],"collection":[{"href":"https:\/\/www.creaearredanegozi.it\/de\/wp-json\/wp\/v2\/product"}],"about":[{"href":"https:\/\/www.creaearredanegozi.it\/de\/wp-json\/wp\/v2\/types\/product"}],"replies":[{"embeddable":true,"href":"https:\/\/www.creaearredanegozi.it\/de\/wp-json\/wp\/v2\/comments?post=31694"}],"wp:featuredmedia":[{"embeddable":true,"href":"https:\/\/www.creaearredanegozi.it\/de\/wp-json\/wp\/v2\/media\/120932"}],"wp:attachment":[{"href":"https:\/\/www.creaearredanegozi.it\/de\/wp-json\/wp\/v2\/media?parent=31694"}],"wp:term":[{"taxonomy":"product_brand","embeddable":true,"href":"https:\/\/www.creaearredanegozi.it\/de\/wp-json\/wp\/v2\/product_brand?post=31694"},{"taxonomy":"product_cat","embeddable":true,"href":"https:\/\/www.creaearredanegozi.it\/de\/wp-json\/wp\/v2\/product_cat?post=31694"},{"taxonomy":"product_tag","embeddable":true,"href":"https:\/\/www.creaearredanegozi.it\/de\/wp-json\/wp\/v2\/product_tag?post=31694"}],"curies":[{"name":"wp","href":"https:\/\/api.w.org\/{rel}","templated":true}]}}