{"id":31697,"date":"2019-11-09T18:24:07","date_gmt":"2019-11-09T17:24:07","guid":{"rendered":"https:\/\/www.creaearredanegozi.it\/?post_type=product&#038;p=31697"},"modified":"2024-12-01T00:00:13","modified_gmt":"2024-11-30T23:00:13","slug":"hot-dog-wiener-kocher-aus-edelstahl-mit-doppeltem-thermostat-fy011-easyline-fimar","status":"publish","type":"product","link":"https:\/\/www.creaearredanegozi.it\/de\/hot-dog-wiener-kocher-aus-edelstahl-mit-doppeltem-thermostat-fy011-easyline-fimar\/","title":{"rendered":"Hot Dog Wurstelkocher Edelstahl mit Doppelthermostat FY011 Easyline Fimar"},"content":{"rendered":"<p><strong>Professioneller HotDog-W\u00fcrstchenkocher <\/strong><\/p>\n<p><strong>Modell Easyline FY011<\/strong><\/p>\n<p>Maschine zum Erhitzen und Kochen von W\u00fcrstchen. Schnelles und gleichm\u00e4\u00dfiges Garen, das den Produkten den f\u00fcr das Grillen typischen Geschmack und die typische F\u00e4rbung verleiht, ohne dass sie von Hand gewendet werden m\u00fcssen.<\/p>\n<ul>\n<li>Geh\u00e4use aus rostfreiem Stahl.<\/li>\n<li>Rollen aus rostfreiem Stahl AISI 304.<\/li>\n<li>Doppelter Thermostat zur Temperaturregelung.<\/li>\n<li>11 Rollen \u00f8 25 mm und L\u00e4nge 467 mm.<\/li>\n<\/ul>\n<p><strong>Technische Daten:<\/strong><\/p>\n<table class=\"table table-striped\">\n<tbody>\n<tr>\n<td>\n<p class=\"dati_tecnici_label_1\"><strong>Modell<\/strong><\/p>\n<\/td>\n<td><b>GJ011<\/b><\/td>\n<\/tr>\n<tr>\n<td><strong>Strom<\/strong><\/td>\n<td align=\"left\">2,2 kW<\/td>\n<\/tr>\n<tr>\n<td><strong>Einphasige Stromversorgung<\/strong><\/td>\n<td align=\"left\">220-240V\/1N\/50Hz<\/td>\n<\/tr>\n<tr>\n<td><b>Abmessungen der Rollen<\/b><\/td>\n<td align=\"left\">\u00f8 25 mm - 467 mm<\/td>\n<\/tr>\n<tr>\n<td><b>Abmessungen<\/b><\/td>\n<td align=\"left\">560 x 530 x 200h mm<\/td>\n<\/tr>\n<tr>\n<td><b>Nettogewicht<\/b><\/td>\n<td align=\"left\">12 kg<\/td>\n<\/tr>\n<tr>\n<td><b>Bruttogewicht<\/b><\/td>\n<td align=\"left\">12,5 kg<\/td>\n<\/tr>\n<\/tbody>\n<\/table>\n<p>&nbsp;<\/p>","protected":false},"excerpt":{"rendered":"<p>Cuoci HotDog Professionale per Wurstel Modello Easyline FY011 Macchina per riscaldare e cuocere wurstel. Cottura rapida ed uniforme che conferisce ai prodotti il sapore e la colorazione tipica della cottura alla griglia senza che sia necessario rigirarli manualmente. Carcassa in acciaio inox. Rulli in acciaio inox AISI 304. Doppio termostato per la regolazione della temperatura. [&#8230;]","protected":false},"featured_media":120935,"comment_status":"closed","ping_status":"closed","template":"","meta":{"_monsterinsights_skip_tracking":false,"_monsterinsights_sitenote_active":false,"_monsterinsights_sitenote_note":"","_monsterinsights_sitenote_category":0},"product_brand":[623,628],"product_cat":[94,9],"product_tag":[],"class_list":{"0":"post-31697","1":"product","2":"type-product","3":"status-publish","4":"has-post-thumbnail","6":"product_brand-easyline","7":"product_brand-fimar","8":"product_cat-tostiere","9":"product_cat-attrezzature-pub","10":"product_shipping_class-206","11":"pa_marca-easyline-by-fimar","13":"first","14":"instock","15":"taxable","16":"shipping-taxable","17":"purchasable","18":"product-type-simple"},"_links":{"self":[{"href":"https:\/\/www.creaearredanegozi.it\/de\/wp-json\/wp\/v2\/product\/31697","targetHints":{"allow":["GET"]}}],"collection":[{"href":"https:\/\/www.creaearredanegozi.it\/de\/wp-json\/wp\/v2\/product"}],"about":[{"href":"https:\/\/www.creaearredanegozi.it\/de\/wp-json\/wp\/v2\/types\/product"}],"replies":[{"embeddable":true,"href":"https:\/\/www.creaearredanegozi.it\/de\/wp-json\/wp\/v2\/comments?post=31697"}],"wp:featuredmedia":[{"embeddable":true,"href":"https:\/\/www.creaearredanegozi.it\/de\/wp-json\/wp\/v2\/media\/120935"}],"wp:attachment":[{"href":"https:\/\/www.creaearredanegozi.it\/de\/wp-json\/wp\/v2\/media?parent=31697"}],"wp:term":[{"taxonomy":"product_brand","embeddable":true,"href":"https:\/\/www.creaearredanegozi.it\/de\/wp-json\/wp\/v2\/product_brand?post=31697"},{"taxonomy":"product_cat","embeddable":true,"href":"https:\/\/www.creaearredanegozi.it\/de\/wp-json\/wp\/v2\/product_cat?post=31697"},{"taxonomy":"product_tag","embeddable":true,"href":"https:\/\/www.creaearredanegozi.it\/de\/wp-json\/wp\/v2\/product_tag?post=31697"}],"curies":[{"name":"wp","href":"https:\/\/api.w.org\/{rel}","templated":true}]}}