{"id":31700,"date":"2019-11-09T18:42:33","date_gmt":"2019-11-09T17:42:33","guid":{"rendered":"https:\/\/www.creaearredanegozi.it\/?post_type=product&#038;p=31700"},"modified":"2024-12-01T00:00:13","modified_gmt":"2024-11-30T23:00:13","slug":"220-mm-klinge-hbs220js-easyline-fimar-professionelle-gravitationsschneidemaschine","status":"publish","type":"product","link":"https:\/\/www.creaearredanegozi.it\/de\/220-mm-klinge-hbs220js-easyline-fimar-professionelle-gravitationsschneidemaschine\/","title":{"rendered":"Professioneller Schwerkraft-Salamischneider 220 mm Klinge HBS220JS Easyline Fimar"},"content":{"rendered":"<h2 style=\"text-align: center;\">Easyline HBS220JS 22 cm Klinge \u00f8 22 cm Schwerkraft Salamischneider<\/h2>\n<p>Maschine zum Schneiden von Aufschnitt, K\u00e4se usw.<\/p>\n<ul>\n<li>Leichte Struktur aus anodisierter Aluminiumlegierung.<\/li>\n<li>Fester Klingenschutzring.<\/li>\n<li>Abnehmbarer Klingenschutz.<\/li>\n<li>Segeleinstellknopf mit Skala.<\/li>\n<li>Festes Sch\u00e4rfger\u00e4t mit zwei Schleifk\u00f6rpern zum Sch\u00e4rfen der Klinge.<\/li>\n<li>Wohnblock<\/li>\n<li>Segeln<\/li>\n<li>Schnittst\u00e4rke bis zu 12 mm.<\/li>\n<\/ul>\n<p><strong>Technische Daten:<\/strong><\/p>\n<table class=\"table table-striped\">\n<tbody>\n<tr>\n<td>\n<p class=\"dati_tecnici_label_1\"><strong>Modell<\/strong><\/p>\n<\/td>\n<td><b>HBS220JS<\/b><\/td>\n<\/tr>\n<tr>\n<td><strong>Strom<\/strong><\/td>\n<td align=\"left\">0,12 kW<\/td>\n<\/tr>\n<tr>\n<td><strong>Einphasige Stromversorgung<\/strong><\/td>\n<td align=\"left\">230V\/1N\/50Hz<\/td>\n<\/tr>\n<tr>\n<td><b>Gr\u00f6\u00dfe der Klinge<\/b><\/td>\n<td align=\"left\">\u00f8 220 mm<\/td>\n<\/tr>\n<tr>\n<td><b>Schnittst\u00e4rke<\/b><\/td>\n<td align=\"left\">0\u00f712 mm<\/td>\n<\/tr>\n<tr>\n<td><b>Schnittl\u00e4nge<\/b><\/td>\n<td align=\"left\">115 x 130(h) mm<\/td>\n<\/tr>\n<tr>\n<td><b>Abmessungen der Arbeitsplatte<\/b><\/td>\n<td align=\"left\">340 x 240 mm<\/td>\n<\/tr>\n<tr>\n<td><b>Abmessungen der Maschine<\/b><\/td>\n<td align=\"left\">490 x 370 x 330h mm<\/td>\n<\/tr>\n<tr>\n<td><b>Nettogewicht<\/b><\/td>\n<td align=\"left\">12 kg<\/td>\n<\/tr>\n<tr>\n<td><b>Bruttogewicht<\/b><\/td>\n<td align=\"left\">14 kg<\/td>\n<\/tr>\n<\/tbody>\n<\/table>","protected":false},"excerpt":{"rendered":"<p>Affettatrice salumi a gravit\u00e0 lama \u00f8 22 cm Easyline HBS220JS Macchina per affettare salumi, formaggi, ecc. Struttura in lega leggera di alluminio anodizzato. Anello fisso protezione lama. Paralama estraibile. Pomello regolazione vela con scala graduata. Affilatoio fisso con coppia di smerigli per l&#8217;affilatura della lama. Blocco piatto Vela Spessore di taglio fino a 12 mm. [&#8230;]","protected":false},"featured_media":120938,"comment_status":"closed","ping_status":"closed","template":"","meta":{"_monsterinsights_skip_tracking":false,"_monsterinsights_sitenote_active":false,"_monsterinsights_sitenote_note":"","_monsterinsights_sitenote_category":0},"product_brand":[623,628],"product_cat":[51],"product_tag":[],"class_list":{"0":"post-31700","1":"product","2":"type-product","3":"status-publish","4":"has-post-thumbnail","6":"product_brand-easyline","7":"product_brand-fimar","8":"product_cat-affettatrici","9":"product_shipping_class-206","10":"pa_diametro-lama-220-mm","11":"pa_marca-easyline-by-fimar","12":"pa_tipo-piatto-salumi","13":"pa_versione-elettrica","15":"first","16":"instock","17":"taxable","18":"shipping-taxable","19":"purchasable","20":"product-type-simple"},"_links":{"self":[{"href":"https:\/\/www.creaearredanegozi.it\/de\/wp-json\/wp\/v2\/product\/31700","targetHints":{"allow":["GET"]}}],"collection":[{"href":"https:\/\/www.creaearredanegozi.it\/de\/wp-json\/wp\/v2\/product"}],"about":[{"href":"https:\/\/www.creaearredanegozi.it\/de\/wp-json\/wp\/v2\/types\/product"}],"replies":[{"embeddable":true,"href":"https:\/\/www.creaearredanegozi.it\/de\/wp-json\/wp\/v2\/comments?post=31700"}],"wp:featuredmedia":[{"embeddable":true,"href":"https:\/\/www.creaearredanegozi.it\/de\/wp-json\/wp\/v2\/media\/120938"}],"wp:attachment":[{"href":"https:\/\/www.creaearredanegozi.it\/de\/wp-json\/wp\/v2\/media?parent=31700"}],"wp:term":[{"taxonomy":"product_brand","embeddable":true,"href":"https:\/\/www.creaearredanegozi.it\/de\/wp-json\/wp\/v2\/product_brand?post=31700"},{"taxonomy":"product_cat","embeddable":true,"href":"https:\/\/www.creaearredanegozi.it\/de\/wp-json\/wp\/v2\/product_cat?post=31700"},{"taxonomy":"product_tag","embeddable":true,"href":"https:\/\/www.creaearredanegozi.it\/de\/wp-json\/wp\/v2\/product_tag?post=31700"}],"curies":[{"name":"wp","href":"https:\/\/api.w.org\/{rel}","templated":true}]}}