{"id":31713,"date":"2019-11-10T00:19:37","date_gmt":"2019-11-09T23:19:37","guid":{"rendered":"https:\/\/www.creaearredanegozi.it\/?post_type=product&#038;p=31713"},"modified":"2024-11-20T13:41:40","modified_gmt":"2024-11-20T12:41:40","slug":"professionelle-gekuhlte-theke-fleischwolf-platte-22ref-fimar","status":"publish","type":"product","link":"https:\/\/www.creaearredanegozi.it\/de\/professionelle-gekuhlte-theke-fleischwolf-platte-22ref-fimar\/","title":{"rendered":"Professionelle gek\u00fchlte Fleischwolfplatte 22 mit R\u00fcckw\u00e4rtsgang 22REF Fimar"},"content":{"rendered":"<h3>Gek\u00fchlter Fleischwolf Fleischeinlauf \u00f8 52 mm Fimar 22REF<\/h3>\n<p>Ideal f\u00fcr mittelgro\u00dfe Metzgereien, Superm\u00e4rkte und Restaurants.<\/p>\n<ul>\n<li>K\u00fchlung von Trichter, Einf\u00fcllstutzen und Mahlwerk.<\/li>\n<li>Fleischeinlauf T22REF \u00f8 52 mm.<\/li>\n<li>Arbeitstemperatur +4\u00b0.<\/li>\n<li>Fester Trichter.<\/li>\n<li>Gro\u00dfe Vielseitigkeit bei kompakten Abmessungen.<\/li>\n<li>Mahlwerk und Struktur aus rostfreiem Stahl AISI 304.<\/li>\n<li>Vordere Bedienelemente.<\/li>\n<li>Verriegelung der seitlichen Schleifeinheit.<\/li>\n<li>R\u00fcckg\u00e4ngig machen.<\/li>\n<li>Niederspannungssteuerungen.<\/li>\n<\/ul>\n<p><strong>Technische Daten:<\/strong><\/p>\n<p>&nbsp;<\/p>\n<table class=\"table table-striped\">\n<tbody>\n<tr>\n<td>\n<p class=\"dati_tecnici_label_1\"><strong>Modell<\/strong><\/p>\n<\/td>\n<td><b>22REF<\/b><\/td>\n<\/tr>\n<tr>\n<td><strong>Strom<\/strong><\/td>\n<td align=\"left\">1,1 kW (1,5 PS)<\/td>\n<\/tr>\n<tr>\n<td><strong>Dreiphasen-Stromversorgung<\/strong><\/td>\n<td align=\"left\">230-400V\/3N\/50Hz<\/td>\n<\/tr>\n<tr>\n<td><strong>Einphasige Stromversorgung<\/strong><\/td>\n<td align=\"left\">230V\/1N\/50Hz<\/td>\n<\/tr>\n<tr>\n<td><b>St\u00fcndliche Leistung<\/b><\/td>\n<td align=\"left\">150 \u00f7 250 kg\/h<\/td>\n<\/tr>\n<tr>\n<td><b>Art des Gases<\/b><\/td>\n<td align=\"left\">R134a<\/td>\n<\/tr>\n<tr>\n<td><b>Abmessungen<\/b><\/td>\n<td align=\"left\">270 x 410 x 545h mm<\/td>\n<\/tr>\n<tr>\n<td><b>Nettogewicht<\/b><\/td>\n<td align=\"left\">43 kg<\/td>\n<\/tr>\n<tr>\n<td><b>Bruttogewicht<\/b><\/td>\n<td align=\"left\">48 kg<\/td>\n<\/tr>\n<\/tbody>\n<\/table>\n<p>&nbsp;<\/p>\n<p><strong>Optional:<\/strong><\/p>\n<ul>\n<li>Komplettes Unger-System aus Edelstahl f\u00fcr sehr feines Hackfleisch (z.B. Wurst) mit 2 Messern und 3 Platten 0 - 4,5 - 8 mm.<\/li>\n<li>Einf\u00fclltrichter \u00f8 15mm \/ 20mm \/ 30mm.<\/li>\n<\/ul>\n<p>&nbsp;<\/p>\n<div class=\"well\">\n<p><img decoding=\"async\" class=\"alignnone size-full wp-image-17387\" title=\"Edelstahl-Fleischwolf 32 Maul-\u00f8 76 mm Herausnehmbare Mahlwerk 32RS Fimar\" src=\"https:\/\/www.creaearredanegozi.it\/wp-content\/uploads\/2018\/11\/Sistema-Unger-400x300.jpg\" sizes=\"(max-width: 400px) 100vw, 400px\" srcset=\"https:\/\/www.creaearredanegozi.it\/wp-content\/uploads\/2018\/11\/Sistema-Unger-400x300.jpg 400w, https:\/\/www.creaearredanegozi.it\/wp-content\/uploads\/2018\/11\/Sistema-Unger-400x300-64x48.jpg 64w, https:\/\/www.creaearredanegozi.it\/wp-content\/uploads\/2018\/11\/Sistema-Unger-400x300-200x150.jpg 200w\" alt=\"Edelstahl-Fleischwolf 32 Maul-\u00f8 76 mm Herausnehmbare Mahlwerk 32RS Fimar\" width=\"400\" height=\"300\" \/><\/p>\n<p><strong>Standard-Unger-System - 32-22-12<\/strong><\/p>\n<p>(A) Schleiferk\u00f6rper - (B) Schnecke - (C) Schruppplatte 0 - (D) Messer - (E) Platte \u00d88 - (F) Platte \u00d84,5 - (G) Handrad.<\/p>\n<\/div>","protected":false},"excerpt":{"rendered":"<p>Tritacarne refrigerato bocca ingresso carne \u00f8 52 mm Fimar 22REF Ideale per laboratori di macelleria di medie dimensioni, supermercati e per la ristorazione. Refrigerazione della tramoggia, del collo di alimentazione e del gruppo di alimentazione e del gruppo macinazione. Bocca ingresso carne T22REF \u00f8 52 mm. Temperatura di lavoro +4\u00b0. Tramoggia fissa. Grande versatilit\u00e0 in [&#8230;]","protected":false},"featured_media":121183,"comment_status":"closed","ping_status":"closed","template":"","meta":{"_monsterinsights_skip_tracking":false,"_monsterinsights_sitenote_active":false,"_monsterinsights_sitenote_note":"","_monsterinsights_sitenote_category":0},"product_brand":[628],"product_cat":[49,26,25,183],"product_tag":[],"class_list":{"0":"post-31713","1":"product","2":"type-product","3":"status-publish","4":"has-post-thumbnail","6":"product_brand-fimar","7":"product_cat-tritacarne","8":"product_cat-macelleria-e-gastronomia","9":"product_cat-attrezzature-ristoranti-pub-cucine","10":"product_cat-tritacarne-ristorazione","11":"product_shipping_class-33","12":"pa_marca-fimar","14":"first","15":"instock","16":"sale","17":"taxable","18":"shipping-taxable","19":"purchasable","20":"product-type-variable"},"_links":{"self":[{"href":"https:\/\/www.creaearredanegozi.it\/de\/wp-json\/wp\/v2\/product\/31713","targetHints":{"allow":["GET"]}}],"collection":[{"href":"https:\/\/www.creaearredanegozi.it\/de\/wp-json\/wp\/v2\/product"}],"about":[{"href":"https:\/\/www.creaearredanegozi.it\/de\/wp-json\/wp\/v2\/types\/product"}],"replies":[{"embeddable":true,"href":"https:\/\/www.creaearredanegozi.it\/de\/wp-json\/wp\/v2\/comments?post=31713"}],"wp:featuredmedia":[{"embeddable":true,"href":"https:\/\/www.creaearredanegozi.it\/de\/wp-json\/wp\/v2\/media\/121183"}],"wp:attachment":[{"href":"https:\/\/www.creaearredanegozi.it\/de\/wp-json\/wp\/v2\/media?parent=31713"}],"wp:term":[{"taxonomy":"product_brand","embeddable":true,"href":"https:\/\/www.creaearredanegozi.it\/de\/wp-json\/wp\/v2\/product_brand?post=31713"},{"taxonomy":"product_cat","embeddable":true,"href":"https:\/\/www.creaearredanegozi.it\/de\/wp-json\/wp\/v2\/product_cat?post=31713"},{"taxonomy":"product_tag","embeddable":true,"href":"https:\/\/www.creaearredanegozi.it\/de\/wp-json\/wp\/v2\/product_tag?post=31713"}],"curies":[{"name":"wp","href":"https:\/\/api.w.org\/{rel}","templated":true}]}}