{"id":31718,"date":"2019-11-10T00:48:18","date_gmt":"2019-11-09T23:48:18","guid":{"rendered":"https:\/\/www.creaearredanegozi.it\/?post_type=product&#038;p=31718"},"modified":"2024-01-18T10:15:31","modified_gmt":"2024-01-18T09:15:31","slug":"tritacarne-refrigerato-professionale-da-banco-piastra-32-con-inversione-di-marcia-32ref-fimar","status":"publish","type":"product","link":"https:\/\/www.creaearredanegozi.it\/de\/tritacarne-refrigerato-professionale-da-banco-piastra-32-con-inversione-di-marcia-32ref-fimar\/","title":{"rendered":"Professionelle gek\u00fchlte Fleischwolfplatte 32 mit Umkehrgeschwindigkeit 32REFI Fimar"},"content":{"rendered":"<h3>Tritacarne refrigerato bocca ingresso carne \u00f8 80 mm Fimar 32REF<\/h3>\n<p>Ideal f\u00fcr mittelgro\u00dfe Metzgereien, Superm\u00e4rkte und Restaurants.<\/p>\n<ul>\n<li>K\u00fchlung von Trichter, Einf\u00fcllstutzen und Mahlwerk.<\/li>\n<li>Bocca ingresso carne \u00f8 80 mm.<\/li>\n<li>Arbeitstemperatur +4\u00b0.<\/li>\n<li>Fester Trichter.<\/li>\n<li>Gro\u00dfe Vielseitigkeit bei kompakten Abmessungen.<\/li>\n<li>Mahlwerk und Struktur aus rostfreiem Stahl AISI 304.<\/li>\n<li>Vordere Bedienelemente.<\/li>\n<li>Verriegelung der seitlichen Schleifeinheit.<\/li>\n<li>R\u00fcckg\u00e4ngig machen.<\/li>\n<li>Niederspannungssteuerungen.<\/li>\n<\/ul>\n<p><strong>Technische Daten:<\/strong><\/p>\n<table class=\"table table-striped\">\n<tbody>\n<tr>\n<td>\n<p class=\"dati_tecnici_label_1\"><strong>Modell<\/strong><\/p>\n<\/td>\n<td><b>32REFI<\/b><\/td>\n<\/tr>\n<tr>\n<td><strong>Strom<\/strong><\/td>\n<td align=\"left\">1,87 kW (2,54 HP)<\/td>\n<\/tr>\n<tr>\n<td><strong>Dreiphasen-Stromversorgung<\/strong><\/td>\n<td align=\"left\">400V\/3N\/50Hz<\/td>\n<\/tr>\n<tr>\n<td><b>St\u00fcndliche Leistung<\/b><\/td>\n<td align=\"left\">300 bis 500 kg\/h<\/td>\n<\/tr>\n<tr>\n<td><b>Art des Gases<\/b><\/td>\n<td align=\"left\">R134a<\/td>\n<\/tr>\n<tr>\n<td><b>Abmessungen<\/b><\/td>\n<td align=\"left\">350 x 530 x 555h mm<\/td>\n<\/tr>\n<tr>\n<td><b>Nettogewicht<\/b><\/td>\n<td align=\"left\">56 kg<\/td>\n<\/tr>\n<tr>\n<td><b>Bruttogewicht<\/b><\/td>\n<td align=\"left\">61 kg<\/td>\n<\/tr>\n<\/tbody>\n<\/table>\n<hr \/>\n<p><strong>Optional<\/strong><\/p>\n<ul>\n<li>Einf\u00fclltrichter \u00f8 20mm \/ 30mm.<\/li>\n<li>Piastre aggiuntive<\/li>\n<li>Sistema Unger completo in acciaio inox per macinati molto fini (es: w\u00fcrstel) dotato di 2 coltelli e 3 piastre 0 \u2013 4,5 \u2013 8 mm.<\/li>\n<\/ul>\n<p>&nbsp;<\/p>\n<div class=\"well\">\n<table style=\"border-collapse: collapse; width: 100%;\" class=\"mtr-one-row-table mtr-tr-td\">\n<tbody>\n<tr>\n<td style=\"width: 50%;\" class=\"mtr-td-tag\"><img decoding=\"async\" class=\"size-full wp-image-17387 aligncenter\" style=\"color: #555555;\" title=\"Edelstahl-Fleischwolf 32 Maul-\u00f8 76 mm Herausnehmbare Mahlwerk 32RS Fimar\" src=\"https:\/\/www.creaearredanegozi.it\/wp-content\/uploads\/2018\/11\/Sistema-Unger-400x300.jpg\" sizes=\"(max-width: 400px) 100vw, 400px\" srcset=\"https:\/\/www.creaearredanegozi.it\/wp-content\/uploads\/2018\/11\/Sistema-Unger-400x300.jpg 400w, https:\/\/www.creaearredanegozi.it\/wp-content\/uploads\/2018\/11\/Sistema-Unger-400x300-64x48.jpg 64w, https:\/\/www.creaearredanegozi.it\/wp-content\/uploads\/2018\/11\/Sistema-Unger-400x300-200x150.jpg 200w\" alt=\"Edelstahl-Fleischwolf 32 Maul-\u00f8 76 mm Herausnehmbare Mahlwerk 32RS Fimar\" width=\"400\" height=\"300\"><\/td>\n<td style=\"width: 50%;\" class=\"mtr-td-tag\"><strong>System Unger\u00a0<\/strong>\n<p>(A) Corpo tritacarne<\/p>\n<p>(B) Coclea<\/p>\n<p>(C) Piastra sgrossatrice 0<\/p>\n<p>(D) Coltello<\/p>\n<p>(E) Piastra \u00d88<\/p>\n<p>(F) Piastra \u00d84.5<\/p>\n<p>(G) Volantino.<\/p><\/td>\n<\/tr>\n<\/tbody>\n<\/table>\n<p>&nbsp;<\/p>\n<\/div>","protected":false},"excerpt":{"rendered":"<p>Tritacarne refrigerato bocca ingresso carne \u00f8 80 mm Fimar 32REF Ideale per laboratori di macelleria di medie dimensioni, supermercati e per la ristorazione. Refrigerazione della tramoggia, del collo di alimentazione e del gruppo di alimentazione e del gruppo macinazione. Bocca ingresso carne \u00f8 80 mm. Temperatura di lavoro +4\u00b0. Tramoggia fissa. Grande versatilit\u00e0 in dimensioni [&#8230;]","protected":false},"featured_media":121185,"comment_status":"closed","ping_status":"closed","template":"","meta":{"_monsterinsights_skip_tracking":false,"_monsterinsights_sitenote_active":false,"_monsterinsights_sitenote_note":"","_monsterinsights_sitenote_category":0},"product_brand":[628],"product_cat":[49,655,26,25,183,778],"product_tag":[],"class_list":{"0":"post-31718","1":"product","2":"type-product","3":"status-publish","4":"has-post-thumbnail","6":"product_brand-fimar","7":"product_cat-tritacarne","8":"product_cat-lavorazione","9":"product_cat-macelleria-e-gastronomia","10":"product_cat-attrezzature-ristoranti-pub-cucine","11":"product_cat-tritacarne-ristorazione","12":"product_cat-tritacarne-lavorazione","13":"product_shipping_class-681","14":"pa_marca-fimar","16":"first","17":"instock","18":"taxable","19":"shipping-taxable","20":"purchasable","21":"product-type-simple"},"_links":{"self":[{"href":"https:\/\/www.creaearredanegozi.it\/de\/wp-json\/wp\/v2\/product\/31718","targetHints":{"allow":["GET"]}}],"collection":[{"href":"https:\/\/www.creaearredanegozi.it\/de\/wp-json\/wp\/v2\/product"}],"about":[{"href":"https:\/\/www.creaearredanegozi.it\/de\/wp-json\/wp\/v2\/types\/product"}],"replies":[{"embeddable":true,"href":"https:\/\/www.creaearredanegozi.it\/de\/wp-json\/wp\/v2\/comments?post=31718"}],"wp:featuredmedia":[{"embeddable":true,"href":"https:\/\/www.creaearredanegozi.it\/de\/wp-json\/wp\/v2\/media\/121185"}],"wp:attachment":[{"href":"https:\/\/www.creaearredanegozi.it\/de\/wp-json\/wp\/v2\/media?parent=31718"}],"wp:term":[{"taxonomy":"product_brand","embeddable":true,"href":"https:\/\/www.creaearredanegozi.it\/de\/wp-json\/wp\/v2\/product_brand?post=31718"},{"taxonomy":"product_cat","embeddable":true,"href":"https:\/\/www.creaearredanegozi.it\/de\/wp-json\/wp\/v2\/product_cat?post=31718"},{"taxonomy":"product_tag","embeddable":true,"href":"https:\/\/www.creaearredanegozi.it\/de\/wp-json\/wp\/v2\/product_tag?post=31718"}],"curies":[{"name":"wp","href":"https:\/\/api.w.org\/{rel}","templated":true}]}}