{"id":31725,"date":"2019-11-10T12:19:10","date_gmt":"2019-11-10T11:19:10","guid":{"rendered":"https:\/\/www.creaearredanegozi.it\/?post_type=product&#038;p=31725"},"modified":"2024-11-20T13:41:46","modified_gmt":"2024-11-20T12:41:46","slug":"professionelle-edelstahl-fleischwolf-platte-32-einlassoffnung-76-mm-32dep-fimar","status":"publish","type":"product","link":"https:\/\/www.creaearredanegozi.it\/de\/professionelle-edelstahl-fleischwolf-platte-32-einlassoffnung-76-mm-32dep-fimar\/","title":{"rendered":"Professionelle Fleischwolf Edelstahl Platte 32 Mund Einlass 76 mm 32DEP Fimar"},"content":{"rendered":"<h3>Edelstahlwolf mit Fleischeinlauf \u00f8 76 mm Fimar 32DEP<\/h3>\n<ul>\n<li>Geh\u00e4use und Trichter aus rostfreiem Stahl.<\/li>\n<li>Abnehmbare Schleifeinheit aus rostfreiem Stahl AISI 304.<\/li>\n<li><strong>Abgeschalteter Motor<\/strong>.<\/li>\n<li>K\u00fchlgebl\u00e4se.<\/li>\n<li>Fleischeinlauf \u00f8 76 mm.<\/li>\n<li>Sicherheitsmikroschalter am Trichter.<\/li>\n<li>R\u00fcckg\u00e4ngig machen.<\/li>\n<li>Getriebe mit \u00d6lbadgetrieben.<\/li>\n<li><strong>CE professionell.<\/strong><\/li>\n<li>Enterprise-System mit Edelstahlplatte (\u00f8 6 mm L\u00f6cher) und selbstsch\u00e4rfendem Edelstahlmesser inklusive.<\/li>\n<\/ul>\n<p><strong>Technische Daten:<\/strong><\/p>\n<table class=\"table table-striped\">\n<tbody>\n<tr>\n<td>\n<p class=\"dati_tecnici_label_1\"><strong>Modell<\/strong><\/p>\n<\/td>\n<td><b>32DEP<\/b><\/td>\n<\/tr>\n<tr>\n<td><strong>Strom<\/strong><\/td>\n<td align=\"left\">1,6 kW (2 PS)<\/td>\n<\/tr>\n<tr>\n<td><strong>Einphasige Stromversorgung<\/strong><\/td>\n<td align=\"left\">230V\/1N\/50Hz<\/td>\n<\/tr>\n<tr>\n<td><b>St\u00fcndliche Leistung<\/b><\/td>\n<td align=\"left\">300 bis 500 kg\/h<\/td>\n<\/tr>\n<tr>\n<td><b>Abmessungen<\/b><\/td>\n<td align=\"left\">490 x 340 x 530h mm<\/td>\n<\/tr>\n<tr>\n<td><b>Nettogewicht<\/b><\/td>\n<td align=\"left\">41 kg<\/td>\n<\/tr>\n<tr>\n<td><b>Bruttogewicht<\/b><\/td>\n<td align=\"left\">46 kg<\/td>\n<\/tr>\n<\/tbody>\n<\/table>\n<p>Modelle mit Schleifeinheit erh\u00e4ltlich:<\/p>\n<ul>\n<li>Gusseisen<\/li>\n<li>Stahl<\/li>\n<li>Stahl + komplettes Unger-System aus Edelstahl.<\/li>\n<\/ul>\n<p>Optional:<\/p>\n<ul>\n<li>Fleischwolf Trichter f\u00fcr die Absackung \u00f8 20mm \/ 30mm.<\/li>\n<\/ul>","protected":false},"excerpt":{"rendered":"<p>Tritacarne acciaio inox bocca ingresso carne \u00f8 76 mm Fimar 32DEP Carcassa e tramoggia in acciaio inox. Gruppo macinazione in acciaio inox AISI 304 estraibile. Motore depotenziato. Ventola di raffreddamento. Bocca ingresso carne \u00f8 76 mm. Microinterruttori di sicurezza su tramoggia. Inversione di marcia. Riduttore con ingranaggi a bagno d&#8217;olio. CE professionale. In dotazione sistema [&#8230;]","protected":false},"featured_media":121210,"comment_status":"closed","ping_status":"closed","template":"","meta":{"_monsterinsights_skip_tracking":false,"_monsterinsights_sitenote_active":false,"_monsterinsights_sitenote_note":"","_monsterinsights_sitenote_category":0},"product_brand":[628],"product_cat":[49,26,25,183],"product_tag":[],"class_list":{"0":"post-31725","1":"product","2":"type-product","3":"status-publish","4":"has-post-thumbnail","6":"product_brand-fimar","7":"product_cat-tritacarne","8":"product_cat-macelleria-e-gastronomia","9":"product_cat-attrezzature-ristoranti-pub-cucine","10":"product_cat-tritacarne-ristorazione","11":"product_shipping_class-681","12":"pa_marca-fimar","14":"first","15":"outofstock","16":"sale","17":"taxable","18":"shipping-taxable","19":"purchasable","20":"product-type-variable"},"_links":{"self":[{"href":"https:\/\/www.creaearredanegozi.it\/de\/wp-json\/wp\/v2\/product\/31725","targetHints":{"allow":["GET"]}}],"collection":[{"href":"https:\/\/www.creaearredanegozi.it\/de\/wp-json\/wp\/v2\/product"}],"about":[{"href":"https:\/\/www.creaearredanegozi.it\/de\/wp-json\/wp\/v2\/types\/product"}],"replies":[{"embeddable":true,"href":"https:\/\/www.creaearredanegozi.it\/de\/wp-json\/wp\/v2\/comments?post=31725"}],"wp:featuredmedia":[{"embeddable":true,"href":"https:\/\/www.creaearredanegozi.it\/de\/wp-json\/wp\/v2\/media\/121210"}],"wp:attachment":[{"href":"https:\/\/www.creaearredanegozi.it\/de\/wp-json\/wp\/v2\/media?parent=31725"}],"wp:term":[{"taxonomy":"product_brand","embeddable":true,"href":"https:\/\/www.creaearredanegozi.it\/de\/wp-json\/wp\/v2\/product_brand?post=31725"},{"taxonomy":"product_cat","embeddable":true,"href":"https:\/\/www.creaearredanegozi.it\/de\/wp-json\/wp\/v2\/product_cat?post=31725"},{"taxonomy":"product_tag","embeddable":true,"href":"https:\/\/www.creaearredanegozi.it\/de\/wp-json\/wp\/v2\/product_tag?post=31725"}],"curies":[{"name":"wp","href":"https:\/\/api.w.org\/{rel}","templated":true}]}}