{"id":31792,"date":"2019-11-11T02:01:17","date_gmt":"2019-11-11T01:01:17","guid":{"rendered":"https:\/\/www.creaearredanegozi.it\/?post_type=product&#038;p=31792"},"modified":"2023-12-01T09:56:39","modified_gmt":"2023-12-01T08:56:39","slug":"impastatrice-spirale-professionale-testa-sollevabile-vasca-estraibile-capacita-25-kg-25cns-fimar","status":"publish","type":"product","link":"https:\/\/www.creaearredanegozi.it\/de\/impastatrice-spirale-professionale-testa-sollevabile-vasca-estraibile-capacita-25-kg-25cns-fimar\/","title":{"rendered":"Professioneller Spiralkneter mit abnehmbarem Kopf und abnehmbarer Sch\u00fcssel Kapazit\u00e4t 25 kg 25CNS Fimar"},"content":{"rendered":"<h3>Impastatrice a spirale testa sollevabile vasca estraibile capacit\u00e0 25 kg Fimar 25CNS<\/h3>\n<p>Spiralf\u00f6rmiger Mixer mit anhebbarem Kopf und abnehmbarer Sch\u00fcssel.<\/p>\n<p>Maschine zur Herstellung verschiedener Teigsorten, besonders geeignet f\u00fcr weiche Teige wie Brot, Pizza und Piada.<\/p>\n<ul>\n<li>Die Struktur ist mit kratzfester Farbe beschichtet.<\/li>\n<li>Teile, die mit Lebensmitteln in Ber\u00fchrung kommen, wie die Sch\u00fcssel, die Spirale und der Teigspaltstab, sind aus rostfreiem Stahl AISI 304 gefertigt.<\/li>\n<li>Sicherheitsmikroschalter am Tankdeckel.<\/li>\n<li>Standardm\u00e4\u00dfig mit ger\u00e4ucherter Polycarbonatabdeckung.<\/li>\n<li><strong>CE professionell.<\/strong><\/li>\n<\/ul>\n<p>Optional:<\/p>\n<ul>\n<li>Kit ruote H 130mm<\/li>\n<li>Mechanische Zeitschaltuhr<\/li>\n<li>Coperchio Grigliato in <strong>Rostfreier Stahl AISI 304<\/strong><\/li>\n<li>Griffe f\u00fcr T\u00f6pfe<\/li>\n<li>2. Geschwindigkeit zweite Geschwindigkeit (nur bei dreiphasigen Modellen).<\/li>\n<\/ul>\n<p>&nbsp;<\/p>\n<p><strong>Technische Daten:<\/strong><\/p>\n<table class=\"table table-striped\">\n<tbody>\n<tr>\n<td>\n<p class=\"dati_tecnici_label_1\"><strong>Modell<\/strong><\/p>\n<\/td>\n<td><b>25CNS<\/b><\/td>\n<\/tr>\n<tr>\n<td><strong>Strom<\/strong><\/td>\n<td align=\"left\">1,5 kW (2 PS)<br \/>\n1,5\/1,1 kW (2\/1,5 PS) - 2. Geschwindigkeit (optional)<\/td>\n<\/tr>\n<tr>\n<td><strong>Dreiphasen-Stromversorgung<\/strong><\/td>\n<td align=\"left\">400V\/3N\/50Hz<\/td>\n<\/tr>\n<tr>\n<td><b>Einphasige Stromversorgung<\/b><\/td>\n<td align=\"left\">230V\/1N\/50Hz<\/td>\n<\/tr>\n<tr>\n<td><b>St\u00fcndliche Leistung<\/b><\/td>\n<td align=\"left\">75 kg\/h<\/td>\n<\/tr>\n<tr>\n<td><b>Fassungsverm\u00f6gen des Tanks<\/b><\/td>\n<td align=\"left\">25 kg<\/td>\n<\/tr>\n<tr>\n<td><b>Container-Kapazit\u00e4t<\/b><\/td>\n<td align=\"left\">32 L (\u00f8 40 x 26h cm)<\/td>\n<\/tr>\n<tr>\n<td><b>Geschwindigkeit<\/b><\/td>\n<td align=\"left\">90 Umdrehungen pro Minute<br \/>\n90 - 180 U\/min - 2. Geschwindigkeit (optional)<\/td>\n<\/tr>\n<tr>\n<td><b>Abmessungen<\/b><\/td>\n<td align=\"left\">780 x 430 x 730h mm \u00f7 1240h mm<\/td>\n<\/tr>\n<tr>\n<td><b>Nettogewicht<\/b><\/td>\n<td align=\"left\">107 kg<\/td>\n<\/tr>\n<tr>\n<td><b>Bruttogewicht<\/b><\/td>\n<td align=\"left\">118 kg<\/td>\n<\/tr>\n<\/tbody>\n<\/table>","protected":false},"excerpt":{"rendered":"<p>Impastatrice a spirale testa sollevabile vasca estraibile capacit\u00e0 25 kg Fimar 25CNS Impastatrice a spirale con testa sollevabile e vasca estraibile. Macchina per realizzare diversi tipi di impasto, indicata soprattutto per impasti teneri come pane, pizza e piada. Struttura rivestita con vernice antigraffio. Parti a contatto con gli alimenti quali vasca, spirale ed asta spacca [&#8230;]","protected":false},"featured_media":121333,"comment_status":"closed","ping_status":"closed","template":"","meta":{"_monsterinsights_skip_tracking":false,"_monsterinsights_sitenote_active":false,"_monsterinsights_sitenote_note":"","_monsterinsights_sitenote_category":0},"product_brand":[628],"product_cat":[295,17,169,188,692,691],"product_tag":[],"class_list":{"0":"post-31792","1":"product","2":"type-product","3":"status-publish","4":"has-post-thumbnail","6":"product_brand-fimar","7":"product_cat-a-spirale","8":"product_cat-impastatrici","9":"product_cat-impastatrici-ristorazione","10":"product_cat-impastatrici-attrezzature-per-pizzeria","11":"product_cat-impastatrici-panifici","12":"product_cat-panifici","13":"product_shipping_class-33","14":"pa_marca-fimar","15":"pa_versione-monofase","16":"pa_versione-trifase","17":"pa_versione-trifase-doppia-velocita","19":"first","20":"instock","21":"taxable","22":"shipping-taxable","23":"purchasable","24":"product-type-simple"},"_links":{"self":[{"href":"https:\/\/www.creaearredanegozi.it\/de\/wp-json\/wp\/v2\/product\/31792","targetHints":{"allow":["GET"]}}],"collection":[{"href":"https:\/\/www.creaearredanegozi.it\/de\/wp-json\/wp\/v2\/product"}],"about":[{"href":"https:\/\/www.creaearredanegozi.it\/de\/wp-json\/wp\/v2\/types\/product"}],"replies":[{"embeddable":true,"href":"https:\/\/www.creaearredanegozi.it\/de\/wp-json\/wp\/v2\/comments?post=31792"}],"wp:featuredmedia":[{"embeddable":true,"href":"https:\/\/www.creaearredanegozi.it\/de\/wp-json\/wp\/v2\/media\/121333"}],"wp:attachment":[{"href":"https:\/\/www.creaearredanegozi.it\/de\/wp-json\/wp\/v2\/media?parent=31792"}],"wp:term":[{"taxonomy":"product_brand","embeddable":true,"href":"https:\/\/www.creaearredanegozi.it\/de\/wp-json\/wp\/v2\/product_brand?post=31792"},{"taxonomy":"product_cat","embeddable":true,"href":"https:\/\/www.creaearredanegozi.it\/de\/wp-json\/wp\/v2\/product_cat?post=31792"},{"taxonomy":"product_tag","embeddable":true,"href":"https:\/\/www.creaearredanegozi.it\/de\/wp-json\/wp\/v2\/product_tag?post=31792"}],"curies":[{"name":"wp","href":"https:\/\/api.w.org\/{rel}","templated":true}]}}