{"id":31874,"date":"2019-11-19T19:53:43","date_gmt":"2019-11-19T18:53:43","guid":{"rendered":"https:\/\/www.creaearredanegozi.it\/?post_type=product&#038;p=31874"},"modified":"2024-01-24T12:03:50","modified_gmt":"2024-01-24T11:03:50","slug":"impastatrice-spirale-professionale-testa-sollevabile-vasca-fissa-38-kg-38sl-fimar","status":"publish","type":"product","link":"https:\/\/www.creaearredanegozi.it\/de\/impastatrice-spirale-professionale-testa-sollevabile-vasca-fissa-38-kg-38sl-fimar\/","title":{"rendered":"Profi-Spiralkneter mit anhebbarem Kopf und fester Sch\u00fcssel 38 kg 38SL Fimar"},"content":{"rendered":"<h3>Impastatrice a spirale testa sollevabile vasca fissa capacit\u00e0 38 kg Fimar 38SL<\/h3>\n<p>Spiralf\u00f6rmiger Mixer mit anhebbarem Kopf und fester Sch\u00fcssel.<\/p>\n<p>Maschine zur Herstellung verschiedener Teigsorten, besonders geeignet f\u00fcr weiche Teige wie Brot, Pizza und Piada.<\/p>\n<ul>\n<li>Die Struktur ist mit kratzfester Farbe beschichtet.<\/li>\n<li>Teile, die mit Lebensmitteln in Ber\u00fchrung kommen, wie die Sch\u00fcssel, die Spirale und der Teigspaltstab, sind aus rostfreiem Stahl AISI 304 gefertigt.<\/li>\n<li>Sicherheitsmikroschalter am Tankdeckel.<\/li>\n<li>Standardm\u00e4\u00dfig mit ger\u00e4ucherter Polycarbonatabdeckung.<\/li>\n<li><strong>CE professionell.<\/strong><\/li>\n<\/ul>\n<p>Optional:<\/p>\n<ul>\n<li>Kit ruote h130mm<\/li>\n<li>Rasterdeckel in <strong>Rostfreier Stahl AISI 304<\/strong><\/li>\n<li>2 velocit\u00e0 (solo su modelli trifase)<\/li>\n<li>Mechanische Zeitschaltuhr<\/li>\n<li>Digitale Zeitschaltuhr<\/li>\n<\/ul>\n<p><a href=\"https:\/\/www.creaearredanegozi.it\/wp-content\/uploads\/2019\/11\/timer-digitale.jpg\"><img decoding=\"async\" class=\"alignnone size-full wp-image-126596\" src=\"https:\/\/www.creaearredanegozi.it\/wp-content\/uploads\/2019\/11\/timer-digitale.jpg\" alt=\"\" width=\"156\" height=\"200\" title=\"\" srcset=\"https:\/\/www.creaearredanegozi.it\/wp-content\/uploads\/2019\/11\/timer-digitale.jpg 156w, https:\/\/www.creaearredanegozi.it\/wp-content\/uploads\/2019\/11\/timer-digitale-64x82.jpg 64w\" sizes=\"(max-width: 156px) 100vw, 156px\" \/><\/a> <a href=\"https:\/\/www.creaearredanegozi.it\/wp-content\/uploads\/2024\/01\/timer-meccanico.jpg\"><img decoding=\"async\" class=\"alignnone size-full wp-image-126594\" src=\"https:\/\/www.creaearredanegozi.it\/wp-content\/uploads\/2024\/01\/timer-meccanico.jpg\" alt=\"\" width=\"129\" height=\"200\" title=\"\" srcset=\"https:\/\/www.creaearredanegozi.it\/wp-content\/uploads\/2024\/01\/timer-meccanico.jpg 129w, https:\/\/www.creaearredanegozi.it\/wp-content\/uploads\/2024\/01\/timer-meccanico-64x99.jpg 64w\" sizes=\"(max-width: 129px) 100vw, 129px\" \/><\/a> <a href=\"https:\/\/www.creaearredanegozi.it\/wp-content\/uploads\/2019\/11\/coperchio-grigliato.jpg\"><img decoding=\"async\" class=\"alignnone size-full wp-image-126601\" src=\"https:\/\/www.creaearredanegozi.it\/wp-content\/uploads\/2019\/11\/coperchio-grigliato.jpg\" alt=\"\" width=\"260\" height=\"184\" title=\"\" srcset=\"https:\/\/www.creaearredanegozi.it\/wp-content\/uploads\/2019\/11\/coperchio-grigliato.jpg 260w, https:\/\/www.creaearredanegozi.it\/wp-content\/uploads\/2019\/11\/coperchio-grigliato-64x45.jpg 64w\" sizes=\"(max-width: 260px) 100vw, 260px\" \/><\/a><\/p>\n<p><strong>Technische Daten:<\/strong><\/p>\n<table class=\"table table-striped\">\n<tbody>\n<tr>\n<td>\n<p class=\"dati_tecnici_label_1\"><strong>Modell<\/strong><\/p>\n<\/td>\n<td><b>38SL<\/b><\/td>\n<\/tr>\n<tr>\n<td><strong>Strom<\/strong><\/td>\n<td align=\"left\">1,5 kW (2 PS)<br \/>\n1,5\/1,1 kW (2\/1,5 PS) - 2. Geschwindigkeit (optional)<\/td>\n<\/tr>\n<tr>\n<td><strong>Dreiphasen-Stromversorgung<\/strong><\/td>\n<td align=\"left\">400V\/3N\/50Hz<\/td>\n<\/tr>\n<tr>\n<td><strong>Einphasige Stromversorgung<\/strong><\/td>\n<td align=\"left\">230V\/1N\/50Hz<\/td>\n<\/tr>\n<tr>\n<td><b>St\u00fcndliche Leistung<\/b><\/td>\n<td align=\"left\">114 kg\/h<\/td>\n<\/tr>\n<tr>\n<td><b>Fassungsverm\u00f6gen des Tanks<\/b><\/td>\n<td align=\"left\">38 kg<\/td>\n<\/tr>\n<tr>\n<td><b>Container-Kapazit\u00e4t<\/b><\/td>\n<td align=\"left\">42 L (\u00f8 450 x 260(h) mm)<\/td>\n<\/tr>\n<tr>\n<td><b>Geschwindigkeit<\/b><\/td>\n<td align=\"left\">90 Umdrehungen pro Minute<br \/>\n90 - 180 U\/min - 2. Geschwindigkeit (optional)<\/td>\n<\/tr>\n<tr>\n<td><b>Abmessungen<\/b><\/td>\n<td align=\"left\">800 x 474 x 866\u00f71148(h) mm<\/td>\n<\/tr>\n<tr>\n<td><b>Nettogewicht<\/b><\/td>\n<td align=\"left\">97 kg<\/td>\n<\/tr>\n<tr>\n<td><b>Bruttogewicht<\/b><\/td>\n<td align=\"left\">112 kg<\/td>\n<\/tr>\n<\/tbody>\n<\/table>\n<p><a href=\"https:\/\/www.creaearredanegozi.it\/wp-content\/uploads\/2019\/11\/im38-sb.sl_.sr_.jpg\"><img decoding=\"async\" class=\"alignnone size-full wp-image-126597\" src=\"https:\/\/www.creaearredanegozi.it\/wp-content\/uploads\/2019\/11\/im38-sb.sl_.sr_.jpg\" alt=\"\" width=\"330\" height=\"381\" title=\"\" srcset=\"https:\/\/www.creaearredanegozi.it\/wp-content\/uploads\/2019\/11\/im38-sb.sl_.sr_.jpg 330w, https:\/\/www.creaearredanegozi.it\/wp-content\/uploads\/2019\/11\/im38-sb.sl_.sr_-64x74.jpg 64w\" sizes=\"(max-width: 330px) 100vw, 330px\" \/><\/a><\/p>","protected":false},"excerpt":{"rendered":"<p>Impastatrice a spirale testa sollevabile vasca fissa capacit\u00e0 38 kg Fimar 38SL Impastatrice a spirale con testa sollevabile e vasca fissa. Macchina per realizzare diversi tipi di impasto, indicata soprattutto per impasti teneri come pane, pizza e piada. Struttura rivestita con vernice antigraffio. Parti a contatto con gli alimenti quali vasca, spirale ed asta spacca [&#8230;]","protected":false},"featured_media":126602,"comment_status":"closed","ping_status":"closed","template":"","meta":{"_monsterinsights_skip_tracking":false,"_monsterinsights_sitenote_active":false,"_monsterinsights_sitenote_note":"","_monsterinsights_sitenote_category":0},"product_brand":[628],"product_cat":[295,17,169,188,692,691],"product_tag":[],"class_list":{"0":"post-31874","1":"product","2":"type-product","3":"status-publish","4":"has-post-thumbnail","6":"product_brand-fimar","7":"product_cat-a-spirale","8":"product_cat-impastatrici","9":"product_cat-impastatrici-ristorazione","10":"product_cat-impastatrici-attrezzature-per-pizzeria","11":"product_cat-impastatrici-panifici","12":"product_cat-panifici","13":"product_shipping_class-33","14":"pa_marca-fimar","16":"first","17":"instock","18":"taxable","19":"shipping-taxable","20":"purchasable","21":"product-type-simple"},"_links":{"self":[{"href":"https:\/\/www.creaearredanegozi.it\/de\/wp-json\/wp\/v2\/product\/31874","targetHints":{"allow":["GET"]}}],"collection":[{"href":"https:\/\/www.creaearredanegozi.it\/de\/wp-json\/wp\/v2\/product"}],"about":[{"href":"https:\/\/www.creaearredanegozi.it\/de\/wp-json\/wp\/v2\/types\/product"}],"replies":[{"embeddable":true,"href":"https:\/\/www.creaearredanegozi.it\/de\/wp-json\/wp\/v2\/comments?post=31874"}],"wp:featuredmedia":[{"embeddable":true,"href":"https:\/\/www.creaearredanegozi.it\/de\/wp-json\/wp\/v2\/media\/126602"}],"wp:attachment":[{"href":"https:\/\/www.creaearredanegozi.it\/de\/wp-json\/wp\/v2\/media?parent=31874"}],"wp:term":[{"taxonomy":"product_brand","embeddable":true,"href":"https:\/\/www.creaearredanegozi.it\/de\/wp-json\/wp\/v2\/product_brand?post=31874"},{"taxonomy":"product_cat","embeddable":true,"href":"https:\/\/www.creaearredanegozi.it\/de\/wp-json\/wp\/v2\/product_cat?post=31874"},{"taxonomy":"product_tag","embeddable":true,"href":"https:\/\/www.creaearredanegozi.it\/de\/wp-json\/wp\/v2\/product_tag?post=31874"}],"curies":[{"name":"wp","href":"https:\/\/api.w.org\/{rel}","templated":true}]}}