{"id":31929,"date":"2019-11-21T01:06:49","date_gmt":"2019-11-21T00:06:49","guid":{"rendered":"https:\/\/www.creaearredanegozi.it\/?post_type=product&#038;p=31929"},"modified":"2024-02-01T11:00:56","modified_gmt":"2024-02-01T10:00:56","slug":"impastatrice-planetaria-professionale-60lt-variatore-di-velocita-e-comandi-digitali-pln60d-fimar","status":"publish","type":"product","link":"https:\/\/www.creaearredanegozi.it\/de\/impastatrice-planetaria-professionale-60lt-variatore-di-velocita-e-comandi-digitali-pln60d-fimar\/","title":{"rendered":"Professioneller Planetenmischer 60Lt Drehzahlregler und digitale Steuerung PLN60D Fimar"},"content":{"rendered":"<p><strong>Planetenmischer mit variablem Antrieb und digitaler Steuerung 60 Lt PLN60D<\/strong><\/p>\n<p>Planetenmischer mit variabler Geschwindigkeit und digitaler Steuerung. Maschine f\u00fcr verschiedene Teigsorten wie Pizza, Brot, Kekse, Croissants, Brioches, Beignets, Biskuit, M\u00fcrbeteig, Baiser, P\u00fcrees, verschiedene So\u00dfen, Schlagsahne, etc.<\/p>\n<ul>\n<li>Die Struktur ist mit kratzfester Farbe beschichtet.<\/li>\n<li>Oberes Geh\u00e4use aus ABS.<\/li>\n<li>Sch\u00fcssel, Schneebesen und Sch\u00fcsselschutz aus rostfreiem Stahl AISI 304.<\/li>\n<li>Haken und Spatel aus Aluminium.<\/li>\n<li>Mikroschalter zum Schutz von Tank und Wanne.<\/li>\n<li>Herausnehmbares Becken.<\/li>\n<li>Werkzeug-Schnellkupplung.<\/li>\n<li><strong>CE professionell.<\/strong><\/li>\n<\/ul>\n<p>Optional:<\/p>\n<ul>\n<li>Trolley-Wanne<\/li>\n<\/ul>\n<p><strong>Technische Daten:<\/strong><\/p>\n<table class=\"table table-striped\">\n<tbody>\n<tr>\n<td>\n<p class=\"dati_tecnici_label_1\"><strong>Modell<\/strong><\/p>\n<\/td>\n<td><b>PLN60D<\/b><\/td>\n<\/tr>\n<tr>\n<td><strong>Strom<\/strong><\/td>\n<td align=\"left\">3 kW (4 HP)<\/td>\n<\/tr>\n<tr>\n<td><strong>Dreiphasen-Stromversorgung<\/strong><\/td>\n<td align=\"left\">400V\/3N\/50-60Hz<\/td>\n<\/tr>\n<tr>\n<td><strong>Zeitschaltuhr<\/strong><\/td>\n<td align=\"left\">Digital<\/td>\n<\/tr>\n<tr>\n<td><b>Container-Kapazit\u00e4t<\/b><\/td>\n<td align=\"left\">60 L<\/td>\n<\/tr>\n<tr>\n<td><b>Geschwindigkeit<\/b><\/td>\n<td align=\"left\">min. 30 - max. 120 U\/min<\/td>\n<\/tr>\n<tr>\n<td><b>Abmessungen<\/b><\/td>\n<td align=\"left\">1000 x 680 x 1600h mm<\/td>\n<\/tr>\n<tr>\n<td><b>Nettogewicht<\/b><\/td>\n<td align=\"left\">280 kg<\/td>\n<\/tr>\n<tr>\n<td><b>Bruttogewicht<\/b><\/td>\n<td align=\"left\">295 kg<\/td>\n<\/tr>\n<\/tbody>\n<\/table>\n<p>&nbsp;<\/p>","protected":false},"excerpt":{"rendered":"<p>Impastatrice planetaria variatore di velocit\u00e0 e comandi digitali 60 Lt PLN60D Impastatrice planetaria con variatore di velocit\u00e0 e comandi digitali. Macchina per diversi tipi di impasto quali pizza, pane, biscotti, croissant, brioches, bign\u00e8, pan di spagna, pasta frolla, meringhe, puree, salse varie, panna montata, ecc. Struttura rivestita con vernice antigraffio. Carter superiore in ABS. Vasca, [&#8230;]","protected":false},"featured_media":121406,"comment_status":"closed","ping_status":"closed","template":"","meta":{"_monsterinsights_skip_tracking":false,"_monsterinsights_sitenote_active":false,"_monsterinsights_sitenote_note":"","_monsterinsights_sitenote_category":0},"product_brand":[628],"product_cat":[300,17,169,188,692,691],"product_tag":[],"class_list":{"0":"post-31929","1":"product","2":"type-product","3":"status-publish","4":"has-post-thumbnail","6":"product_brand-fimar","7":"product_cat-planetarie","8":"product_cat-impastatrici","9":"product_cat-impastatrici-ristorazione","10":"product_cat-impastatrici-attrezzature-per-pizzeria","11":"product_cat-impastatrici-panifici","12":"product_cat-panifici","13":"product_shipping_class-369","14":"pa_marca-fimar","16":"first","17":"instock","18":"taxable","19":"shipping-taxable","20":"purchasable","21":"product-type-simple"},"_links":{"self":[{"href":"https:\/\/www.creaearredanegozi.it\/de\/wp-json\/wp\/v2\/product\/31929","targetHints":{"allow":["GET"]}}],"collection":[{"href":"https:\/\/www.creaearredanegozi.it\/de\/wp-json\/wp\/v2\/product"}],"about":[{"href":"https:\/\/www.creaearredanegozi.it\/de\/wp-json\/wp\/v2\/types\/product"}],"replies":[{"embeddable":true,"href":"https:\/\/www.creaearredanegozi.it\/de\/wp-json\/wp\/v2\/comments?post=31929"}],"wp:featuredmedia":[{"embeddable":true,"href":"https:\/\/www.creaearredanegozi.it\/de\/wp-json\/wp\/v2\/media\/121406"}],"wp:attachment":[{"href":"https:\/\/www.creaearredanegozi.it\/de\/wp-json\/wp\/v2\/media?parent=31929"}],"wp:term":[{"taxonomy":"product_brand","embeddable":true,"href":"https:\/\/www.creaearredanegozi.it\/de\/wp-json\/wp\/v2\/product_brand?post=31929"},{"taxonomy":"product_cat","embeddable":true,"href":"https:\/\/www.creaearredanegozi.it\/de\/wp-json\/wp\/v2\/product_cat?post=31929"},{"taxonomy":"product_tag","embeddable":true,"href":"https:\/\/www.creaearredanegozi.it\/de\/wp-json\/wp\/v2\/product_tag?post=31929"}],"curies":[{"name":"wp","href":"https:\/\/api.w.org\/{rel}","templated":true}]}}