{"id":31972,"date":"2019-11-21T18:09:33","date_gmt":"2019-11-21T17:09:33","guid":{"rendered":"https:\/\/www.creaearredanegozi.it\/?post_type=product&#038;p=31972"},"modified":"2024-01-12T12:44:37","modified_gmt":"2024-01-12T11:44:37","slug":"impastatrice-planetaria-da-pavimento-80lt-variatore-inverter-e-comandi-meccanici-pln80v-fimar","status":"publish","type":"product","link":"https:\/\/www.creaearredanegozi.it\/de\/impastatrice-planetaria-da-pavimento-80lt-variatore-inverter-e-comandi-meccanici-pln80v-fimar\/","title":{"rendered":"Stand-Planetenmischer 80Lt Inverter-Variator und mechanische Steuerungen PLN80V Fimar"},"content":{"rendered":"<h3>Impastatrice planetaria da pavimento variatore inverter e comandi meccanici 80 Lt PLN80V<\/h3>\n<p>Planetenmischer mit Inverter-Drehzahlregler und mechanischer Steuerung. Maschine f\u00fcr verschiedene Teigsorten wie Pizza, Brot, Kekse, Croissants, Brioches, Beignets, Biskuit, M\u00fcrbeteig, Meringues, P\u00fcrees, verschiedene So\u00dfen, Schlagsahne, etc.<\/p>\n<ul>\n<li>Die Struktur ist mit kratzfester Farbe beschichtet.<\/li>\n<li>Oberes Geh\u00e4use aus ABS.<\/li>\n<li>Sch\u00fcssel, Schneebesen und Sch\u00fcsselschutz aus rostfreiem Stahl AISI 304.<\/li>\n<li>Haken und Spatel aus Aluminium.<\/li>\n<li>Mikroschalter zum Schutz von Tank und Wanne.<\/li>\n<li>Herausnehmbares Becken.<\/li>\n<li>Werkzeug-Schnellkupplung.<\/li>\n<li><strong>CE professionell.<\/strong><\/li>\n<\/ul>\n<p>Optional<\/p>\n<ul>\n<li>Tankwagen<\/li>\n<\/ul>\n<p><strong>Technische Daten:<\/strong><\/p>\n<table class=\"table table-striped\">\n<tbody>\n<tr>\n<td>\n<p class=\"dati_tecnici_label_1\"><strong>Modell<\/strong><\/p>\n<\/td>\n<td><b>PLN80V<\/b><\/td>\n<\/tr>\n<tr>\n<td><strong>Strom<\/strong><\/td>\n<td align=\"left\">3 kW (4 HP)<\/td>\n<\/tr>\n<tr>\n<td><strong>Dreiphasen-Stromversorgung<\/strong><\/td>\n<td align=\"left\">400V\/3N\/50-60Hz<\/td>\n<\/tr>\n<tr>\n<td><strong>Zeitschaltuhr<\/strong><\/td>\n<td align=\"left\">Mechaniker<\/td>\n<\/tr>\n<tr>\n<td><b>Container-Kapazit\u00e4t<\/b><\/td>\n<td align=\"left\">80 L<\/td>\n<\/tr>\n<tr>\n<td><b>Geschwindigkeit<\/b><\/td>\n<td align=\"left\">min. 30 - max. 120 U\/min<\/td>\n<\/tr>\n<tr>\n<td><b>Abmessungen<\/b><\/td>\n<td align=\"left\">1000 x 680 x 1600h mm<\/td>\n<\/tr>\n<tr>\n<td><b>Nettogewicht<\/b><\/td>\n<td align=\"left\">290 kg<\/td>\n<\/tr>\n<tr>\n<td><b>Bruttogewicht<\/b><\/td>\n<td align=\"left\">310 kg<\/td>\n<\/tr>\n<\/tbody>\n<\/table>\n<p>&nbsp;<\/p>","protected":false},"excerpt":{"rendered":"<p>Impastatrice planetaria da pavimento variatore inverter e comandi meccanici 80 Lt PLN80V Impastatrice planetaria con variatore di velocit\u00e0 con inverter e comandi meccanici. Macchina per diversi tipi di impasto quali pizza, pane, biscotti, croissant, brioches, bign\u00e8, pan di spagna, pasta frolla, meringhe, puree, salse varie, panna montata, ecc. Struttura rivestita con vernice antigraffio. Carter superiore [&#8230;]","protected":false},"featured_media":121418,"comment_status":"closed","ping_status":"closed","template":"","meta":{"_monsterinsights_skip_tracking":false,"_monsterinsights_sitenote_active":false,"_monsterinsights_sitenote_note":"","_monsterinsights_sitenote_category":0},"product_brand":[628],"product_cat":[300,17,169,692,710,691],"product_tag":[],"class_list":{"0":"post-31972","1":"product","2":"type-product","3":"status-publish","4":"has-post-thumbnail","6":"product_brand-fimar","7":"product_cat-planetarie","8":"product_cat-impastatrici","9":"product_cat-impastatrici-ristorazione","10":"product_cat-impastatrici-panifici","11":"product_cat-impastatrici-pasticcerie","12":"product_cat-panifici","13":"product_shipping_class-367","14":"pa_marca-fimar","16":"first","17":"instock","18":"taxable","19":"shipping-taxable","20":"purchasable","21":"product-type-simple"},"_links":{"self":[{"href":"https:\/\/www.creaearredanegozi.it\/de\/wp-json\/wp\/v2\/product\/31972","targetHints":{"allow":["GET"]}}],"collection":[{"href":"https:\/\/www.creaearredanegozi.it\/de\/wp-json\/wp\/v2\/product"}],"about":[{"href":"https:\/\/www.creaearredanegozi.it\/de\/wp-json\/wp\/v2\/types\/product"}],"replies":[{"embeddable":true,"href":"https:\/\/www.creaearredanegozi.it\/de\/wp-json\/wp\/v2\/comments?post=31972"}],"wp:featuredmedia":[{"embeddable":true,"href":"https:\/\/www.creaearredanegozi.it\/de\/wp-json\/wp\/v2\/media\/121418"}],"wp:attachment":[{"href":"https:\/\/www.creaearredanegozi.it\/de\/wp-json\/wp\/v2\/media?parent=31972"}],"wp:term":[{"taxonomy":"product_brand","embeddable":true,"href":"https:\/\/www.creaearredanegozi.it\/de\/wp-json\/wp\/v2\/product_brand?post=31972"},{"taxonomy":"product_cat","embeddable":true,"href":"https:\/\/www.creaearredanegozi.it\/de\/wp-json\/wp\/v2\/product_cat?post=31972"},{"taxonomy":"product_tag","embeddable":true,"href":"https:\/\/www.creaearredanegozi.it\/de\/wp-json\/wp\/v2\/product_tag?post=31972"}],"curies":[{"name":"wp","href":"https:\/\/api.w.org\/{rel}","templated":true}]}}