{"id":31983,"date":"2020-01-01T08:00:35","date_gmt":"2020-01-01T07:00:35","guid":{"rendered":"https:\/\/www.creaearredanegozi.it\/?post_type=product&#038;p=31983"},"modified":"2024-11-20T13:41:46","modified_gmt":"2024-11-20T12:41:46","slug":"professionelle-frische-nudelmaschine-mit-matrizen-2-kg-edelstahl-aisi-304-pf25e-fimar","status":"publish","type":"product","link":"https:\/\/www.creaearredanegozi.it\/de\/professionelle-frische-nudelmaschine-mit-matrizen-2-kg-edelstahl-aisi-304-pf25e-fimar\/","title":{"rendered":"Professionelle frische Nudelmaschine 2 Kg Edelstahl AISI 304 PF25EN Fimar"},"content":{"rendered":"<h3>Fimar PF25E frische Nudelmaschine AISI304 Edelstahl 2 kg<\/h3>\n<p>Frische Nudelmaschine, ideal zum Kneten und Extrudieren von Teig in verschiedenen Formen. Geh\u00e4use, Sch\u00fcssel, Sch\u00fcsseltr\u00e4ger, Knethaken und Propeller aus Edelstahl AISI 304 - Mikroschalter auf dem Sch\u00fcsseldeckel - vergitterter Deckel, um das Einf\u00fcllen von Zutaten auch w\u00e4hrend der Verarbeitung zu erm\u00f6glichen - digitales Bedienfeld - vollst\u00e4ndig herausnehmbare Sch\u00fcssel zum einfachen und schnellen Waschen.<br \/>\nZubeh\u00f6r: Bronzeformen verschiedener Typen, Nudelschneidemesser.<\/p>\n<p>Frischteigwarenmaschine, ideal zum Kneten und Extrudieren von Teig in verschiedenen Formaten.<\/p>\n<ul>\n<li>STEMPEL NICHT ENTHALTEN<\/li>\n<li>Geh\u00e4use, Sch\u00fcssel, Sch\u00fcsseltr\u00e4ger, Knethaken und Propeller aus rostfreiem Stahl AISI 304.<\/li>\n<li>Mikroschalter am Tankdeckel.<\/li>\n<li>Gegrillter Deckel, damit die Zutaten w\u00e4hrend der Verarbeitung hinzugef\u00fcgt werden k\u00f6nnen.<\/li>\n<li>Digitales Bedienfeld.<\/li>\n<li>Vollst\u00e4ndig abnehmbarer Tank f\u00fcr einfaches und schnelles Waschen<\/li>\n<li>Werkzeug-Schnellkupplung.<\/li>\n<li><strong>CE professionell.<\/strong><\/li>\n<li><strong>Optional: <\/strong>Messing-Bronze-Legierung stirbt von verschiedenen Arten, Nudelschneider Messer.<\/li>\n<\/ul>\n<p><strong>Technische Daten:<\/strong><\/p>\n<table class=\"table table-striped\">\n<tbody>\n<tr>\n<td>\n<p class=\"dati_tecnici_label_1\"><strong>Modell<\/strong><\/p>\n<\/td>\n<td><b>Fimar PF25EN<\/b><\/td>\n<\/tr>\n<tr>\n<td><strong>Strom<\/strong><\/td>\n<td align=\"left\">0,37 kW (0,5 PS)<\/td>\n<\/tr>\n<tr>\n<td><strong>Dreiphasen-Stromversorgung<\/strong><\/td>\n<td align=\"left\">400V\/3N\/50Hz<\/td>\n<\/tr>\n<tr>\n<td><strong>Einphasige Stromversorgung<\/strong><\/td>\n<td align=\"left\">230V\/1N\/50Hz<\/td>\n<\/tr>\n<tr>\n<td><strong>St\u00fcndliche Leistung<\/strong><\/td>\n<td align=\"left\">8 kg\/h<\/td>\n<\/tr>\n<tr>\n<td><b>Fassungsverm\u00f6gen des Tanks<\/b><\/td>\n<td align=\"left\">2 kg<\/td>\n<\/tr>\n<tr>\n<td><b>Zeichnung<\/b><\/td>\n<td align=\"left\">\u00f8 57 mm<\/td>\n<\/tr>\n<tr>\n<td><b>Abmessungen<\/b><\/td>\n<td align=\"left\">310 x 550 x 420\/540h mm<\/td>\n<\/tr>\n<tr>\n<td><b>Nettogewicht<\/b><\/td>\n<td align=\"left\">26,5 kg<\/td>\n<\/tr>\n<tr>\n<td><b>Bruttogewicht<\/b><\/td>\n<td align=\"left\">33,5 kg<\/td>\n<\/tr>\n<\/tbody>\n<\/table>\n<p>&nbsp;<\/p>","protected":false},"excerpt":{"rendered":"<p>Macchina pasta fresca Fimar PF25E acciaio inox AISI304 2 kg Macchina per la pasta fresca ideale per impastare ed estrudere impasti in diversi formati. Carcassa, vasca, supporto vasca, gancio impastatore ed elica in acciaio inox AISI 304 \u2013 microinterruttore su coperchio vasca \u2013 coperchio grigliato per permettere l\u2019inserimento di ingredienti anche durante la lavorazione \u2013 [&#8230;]","protected":false},"featured_media":121433,"comment_status":"closed","ping_status":"closed","template":"","meta":{"_monsterinsights_skip_tracking":false,"_monsterinsights_sitenote_active":false,"_monsterinsights_sitenote_note":"","_monsterinsights_sitenote_category":0},"product_brand":[628],"product_cat":[301,17,169],"product_tag":[],"class_list":{"0":"post-31983","1":"product","2":"type-product","3":"status-publish","4":"has-post-thumbnail","6":"product_brand-fimar","7":"product_cat-con-trafile","8":"product_cat-impastatrici","9":"product_cat-impastatrici-ristorazione","10":"product_shipping_class-f","11":"pa_marca-fimar","13":"first","14":"instock","15":"sale","16":"taxable","17":"shipping-taxable","18":"purchasable","19":"product-type-variable"},"_links":{"self":[{"href":"https:\/\/www.creaearredanegozi.it\/de\/wp-json\/wp\/v2\/product\/31983","targetHints":{"allow":["GET"]}}],"collection":[{"href":"https:\/\/www.creaearredanegozi.it\/de\/wp-json\/wp\/v2\/product"}],"about":[{"href":"https:\/\/www.creaearredanegozi.it\/de\/wp-json\/wp\/v2\/types\/product"}],"replies":[{"embeddable":true,"href":"https:\/\/www.creaearredanegozi.it\/de\/wp-json\/wp\/v2\/comments?post=31983"}],"wp:featuredmedia":[{"embeddable":true,"href":"https:\/\/www.creaearredanegozi.it\/de\/wp-json\/wp\/v2\/media\/121433"}],"wp:attachment":[{"href":"https:\/\/www.creaearredanegozi.it\/de\/wp-json\/wp\/v2\/media?parent=31983"}],"wp:term":[{"taxonomy":"product_brand","embeddable":true,"href":"https:\/\/www.creaearredanegozi.it\/de\/wp-json\/wp\/v2\/product_brand?post=31983"},{"taxonomy":"product_cat","embeddable":true,"href":"https:\/\/www.creaearredanegozi.it\/de\/wp-json\/wp\/v2\/product_cat?post=31983"},{"taxonomy":"product_tag","embeddable":true,"href":"https:\/\/www.creaearredanegozi.it\/de\/wp-json\/wp\/v2\/product_tag?post=31983"}],"curies":[{"name":"wp","href":"https:\/\/api.w.org\/{rel}","templated":true}]}}