{"id":31993,"date":"2019-11-21T20:49:08","date_gmt":"2019-11-21T19:49:08","guid":{"rendered":"https:\/\/www.creaearredanegozi.it\/?post_type=product&#038;p=31993"},"modified":"2024-11-20T13:41:46","modified_gmt":"2024-11-20T12:41:46","slug":"professionelle-frische-nudelmaschine-3-5-kg-edelstahl-aisi-304-pf40e-fimar","status":"publish","type":"product","link":"https:\/\/www.creaearredanegozi.it\/de\/professionelle-frische-nudelmaschine-3-5-kg-edelstahl-aisi-304-pf40e-fimar\/","title":{"rendered":"Professionelle Frischnudelmaschine 3,5 kg Edelstahl AISI 304 PF40EN Fimar"},"content":{"rendered":"<p><strong>Frischteigwarenmaschine aus Edelstahl AISI 304 3,5 kg PF40E Fimar<\/strong><\/p>\n<p>Frischteigwarenmaschine, ideal zum Kneten und Extrudieren von Teig in verschiedenen Formaten.<\/p>\n<ul>\n<li>STEMPEL NICHT ENTHALTEN<\/li>\n<li>Geh\u00e4use, Sch\u00fcssel, Sch\u00fcsseltr\u00e4ger, Knethaken und Propeller aus rostfreiem Stahl AISI 304.<\/li>\n<li>Mikroschalter am Tankdeckel.<\/li>\n<li>Gegrillter Deckel, damit die Zutaten w\u00e4hrend der Verarbeitung hinzugef\u00fcgt werden k\u00f6nnen.<\/li>\n<li>Digitales Bedienfeld.<\/li>\n<li>Vollst\u00e4ndig abnehmbarer Tank f\u00fcr einfaches und schnelles Waschen<\/li>\n<li>Herausnehmbares Becken.<\/li>\n<li>Werkzeug-Schnellkupplung.<\/li>\n<li>Das Modell PF40E ist mit einer wassergek\u00fchlten Extrusions\u00f6ffnung und einem Nudelschneidemesser ausgestattet.<\/li>\n<li><strong>CE professionell.<\/strong><\/li>\n<\/ul>\n<p>&nbsp;<\/p>\n<p><strong>Optional: <\/strong><\/p>\n<ul>\n<li>Matrizen aus Messing-Bronze-Legierung in verschiedenen Ausf\u00fchrungen.<\/li>\n<li>Motor mit Nudelschneider<\/li>\n<\/ul>\n<p><strong>Technische Daten:<\/strong><\/p>\n<table class=\"table table-striped\">\n<tbody>\n<tr>\n<td>\n<p class=\"dati_tecnici_label_1\"><strong>Modell<\/strong><\/p>\n<\/td>\n<td><b>PF40EN<\/b><\/td>\n<\/tr>\n<tr>\n<td><strong>Strom<\/strong><\/td>\n<td align=\"left\">0,75 kW (1 PS)<\/td>\n<\/tr>\n<tr>\n<td><strong>Dreiphasen-Stromversorgung<\/strong><\/td>\n<td align=\"left\">400V\/3N\/50Hz<\/td>\n<\/tr>\n<tr>\n<td><strong>Einphasige Stromversorgung<\/strong><\/td>\n<td align=\"left\">230V\/1N\/50Hz<\/td>\n<\/tr>\n<tr>\n<td><strong>St\u00fcndliche Leistung<\/strong><\/td>\n<td align=\"left\">13 kg\/h<\/td>\n<\/tr>\n<tr>\n<td><b>Fassungsverm\u00f6gen des Tanks<\/b><\/td>\n<td align=\"left\">3,5 kg<\/td>\n<\/tr>\n<tr>\n<td><b>Zeichnung<\/b><\/td>\n<td align=\"left\">\u00f8 57 mm<\/td>\n<\/tr>\n<tr>\n<td><b>Abmessungen<\/b><\/td>\n<td align=\"left\">320 x 595 x 525\/630h mm<\/td>\n<\/tr>\n<tr>\n<td><b>Nettogewicht<\/b><\/td>\n<td align=\"left\">35 kg<\/td>\n<\/tr>\n<tr>\n<td><b>Bruttogewicht<\/b><\/td>\n<td align=\"left\">46 kg<\/td>\n<\/tr>\n<\/tbody>\n<\/table>\n<p>&nbsp;<\/p>\n<p>&nbsp;<\/p>","protected":false},"excerpt":{"rendered":"<p>Macchina pasta fresca acciaio inox AISI 304 3,5 kg PF40E Fimar Macchina per la pasta fresca ideale per impastare ed estrudere impasti in diversi formati. TRAFILE NON INCLUSE Carcassa, vasca, supporto vasca, gancio impastatore ed elica in acciaio inox AISI 304. Microinterruttore sul coperchio vasca. Coperchio grigliato per permettere l&#8217;inserimento di ingredienti anche durante la [&#8230;]","protected":false},"featured_media":126360,"comment_status":"closed","ping_status":"closed","template":"","meta":{"_monsterinsights_skip_tracking":false,"_monsterinsights_sitenote_active":false,"_monsterinsights_sitenote_note":"","_monsterinsights_sitenote_category":0},"product_brand":[628],"product_cat":[301,17,169],"product_tag":[],"class_list":{"0":"post-31993","1":"product","2":"type-product","3":"status-publish","4":"has-post-thumbnail","6":"product_brand-fimar","7":"product_cat-con-trafile","8":"product_cat-impastatrici","9":"product_cat-impastatrici-ristorazione","10":"product_shipping_class-38","11":"pa_marca-fimar","13":"first","14":"instock","15":"sale","16":"taxable","17":"shipping-taxable","18":"purchasable","19":"product-type-variable"},"_links":{"self":[{"href":"https:\/\/www.creaearredanegozi.it\/de\/wp-json\/wp\/v2\/product\/31993","targetHints":{"allow":["GET"]}}],"collection":[{"href":"https:\/\/www.creaearredanegozi.it\/de\/wp-json\/wp\/v2\/product"}],"about":[{"href":"https:\/\/www.creaearredanegozi.it\/de\/wp-json\/wp\/v2\/types\/product"}],"replies":[{"embeddable":true,"href":"https:\/\/www.creaearredanegozi.it\/de\/wp-json\/wp\/v2\/comments?post=31993"}],"wp:featuredmedia":[{"embeddable":true,"href":"https:\/\/www.creaearredanegozi.it\/de\/wp-json\/wp\/v2\/media\/126360"}],"wp:attachment":[{"href":"https:\/\/www.creaearredanegozi.it\/de\/wp-json\/wp\/v2\/media?parent=31993"}],"wp:term":[{"taxonomy":"product_brand","embeddable":true,"href":"https:\/\/www.creaearredanegozi.it\/de\/wp-json\/wp\/v2\/product_brand?post=31993"},{"taxonomy":"product_cat","embeddable":true,"href":"https:\/\/www.creaearredanegozi.it\/de\/wp-json\/wp\/v2\/product_cat?post=31993"},{"taxonomy":"product_tag","embeddable":true,"href":"https:\/\/www.creaearredanegozi.it\/de\/wp-json\/wp\/v2\/product_tag?post=31993"}],"curies":[{"name":"wp","href":"https:\/\/api.w.org\/{rel}","templated":true}]}}