{"id":32075,"date":"2019-11-23T12:20:26","date_gmt":"2019-11-23T11:20:26","guid":{"rendered":"https:\/\/www.creaearredanegozi.it\/?post_type=product&#038;p=32075"},"modified":"2023-11-30T11:05:08","modified_gmt":"2023-11-30T10:05:08","slug":"affettatrice-volano-manuale-per-salumi-lama-o-35cm-spessore-taglio-da-0-a-25-mm-vv350-fimar","status":"publish","type":"product","link":"https:\/\/www.creaearredanegozi.it\/de\/affettatrice-volano-manuale-per-salumi-lama-o-35cm-spessore-taglio-da-0-a-25-mm-vv350-fimar\/","title":{"rendered":"Volano Manueller Salamischneider Klinge \u00f8 35cm Schnittst\u00e4rke von 0 bis 25 mm VV350 Fimar"},"content":{"rendered":"<h3>Affettatrice a volano manuale salumi lama \u00f8 35cm Fimar VV350<\/h3>\n<p>Manuelle Maschine zum Schneiden von Aufschnitt. Rot oder schwarz einbrennlackierte Struktur - fester Messerschutzring - Schnittst\u00e4rkeneinstellung und automatischer Wagenvorschub. Schnittdicke von 0 bis 25 mm. Zubeh\u00f6r: Sockel aus Gusseisen, rot oder schwarz lackiert.<\/p>\n<p>Macchina manuale per affettare salumi.<\/p>\n<ul>\n<li>Struttura verniciata a fuoco di colore rosso o nero.<\/li>\n<li>Fester Klingenschutzring.<\/li>\n<li>Regolazione spessore taglio e avanzamento automatico del carrello<\/li>\n<li>Spessore taglio da 0 a 25 mm.<\/li>\n<li>Optional: Piedistallo in ghisa verniciato di colore rosso o nero.<\/li>\n<li>A-Normen <strong>EC.<\/strong><\/li>\n<\/ul>\n<p><strong>Technische Daten:<\/strong><\/p>\n<table class=\"table table-striped\">\n<tbody>\n<tr>\n<td>\n<p class=\"dati_tecnici_label_1\"><strong>Modell<\/strong><\/p>\n<\/td>\n<td><b>VV350<\/b><\/td>\n<\/tr>\n<tr>\n<td><b>Gr\u00f6\u00dfe der Klinge<\/b><\/td>\n<td align=\"left\">\u00f8 350 mm<\/td>\n<\/tr>\n<tr>\n<td><strong>N\u00fctzlicher Schnitt<\/strong><\/td>\n<td align=\"left\">320 x 245h mm<\/td>\n<\/tr>\n<tr>\n<td><b>Abmessungen der Arbeitsplatte<\/b><\/td>\n<td align=\"left\">660 x 550 mm<\/td>\n<\/tr>\n<tr>\n<td><strong>Abmessungen<\/strong><\/td>\n<td align=\"left\">830x720x640h (mm)<\/td>\n<\/tr>\n<tr>\n<td><b>Nettogewicht<\/b><\/td>\n<td align=\"left\">91 kg<\/td>\n<\/tr>\n<tr>\n<td><strong>Bruttogewicht<\/strong><\/td>\n<td align=\"left\">123 kg<\/td>\n<\/tr>\n<\/tbody>\n<\/table>\n<table border=\"0\" cellspacing=\"0\">\n<colgroup width=\"172\"><\/colgroup>\n<colgroup width=\"200\"><\/colgroup>\n<tbody>\n<tr>\n<td align=\"left\" height=\"21\"><strong>Piedistallo<\/strong><\/td>\n<td align=\"left\"><\/td>\n<\/tr>\n<tr>\n<td align=\"left\" height=\"21\"><span style=\"font-family: OpenSans-Light;\">Gr\u00f6\u00dfe<\/span><\/td>\n<td align=\"left\">730 x 600 x 800(h) mm<\/td>\n<\/tr>\n<tr>\n<td align=\"left\" height=\"21\">Nettogewicht<\/td>\n<td align=\"left\">74 kg<\/td>\n<\/tr>\n<tr>\n<td align=\"left\" height=\"21\">Bruttogewicht<\/td>\n<td align=\"left\">106 KG<\/td>\n<\/tr>\n<tr>\n<td align=\"left\" height=\"21\">Dimensioni Spedizioni<\/td>\n<td align=\"left\">1000 x 900 x 980(h) mm<\/td>\n<\/tr>\n<\/tbody>\n<\/table>\n<p style=\"text-align: center;\">","protected":false},"excerpt":{"rendered":"<p>Affettatrice a volano manuale salumi lama \u00f8 35cm Fimar VV350 Macchina manuale per affettare salumi. Struttura verniciata a fuoco di colore rosso o nero \u2013 anello fisso protezione lama \u2013 regolazione spessore taglio e avanzamento automatico del carrello. Spessore taglio da 0 a 25 mm. Accessori: piedistallo in ghisa verniciato di colore rosso o nero. [&#8230;]","protected":false},"featured_media":121619,"comment_status":"closed","ping_status":"closed","template":"","meta":{"_monsterinsights_skip_tracking":false,"_monsterinsights_sitenote_active":false,"_monsterinsights_sitenote_note":"","_monsterinsights_sitenote_category":0},"product_brand":[628],"product_cat":[678,51,677,26],"product_tag":[],"class_list":{"0":"post-32075","1":"product","2":"type-product","3":"status-publish","4":"has-post-thumbnail","6":"product_brand-fimar","7":"product_cat-affettatrici-salumi","8":"product_cat-affettatrici","9":"product_cat-affettatrici-professionali","10":"product_cat-macelleria-e-gastronomia","11":"product_shipping_class-m","12":"pa_marca-fimar","14":"first","15":"instock","16":"taxable","17":"shipping-taxable","18":"purchasable","19":"product-type-simple"},"_links":{"self":[{"href":"https:\/\/www.creaearredanegozi.it\/de\/wp-json\/wp\/v2\/product\/32075","targetHints":{"allow":["GET"]}}],"collection":[{"href":"https:\/\/www.creaearredanegozi.it\/de\/wp-json\/wp\/v2\/product"}],"about":[{"href":"https:\/\/www.creaearredanegozi.it\/de\/wp-json\/wp\/v2\/types\/product"}],"replies":[{"embeddable":true,"href":"https:\/\/www.creaearredanegozi.it\/de\/wp-json\/wp\/v2\/comments?post=32075"}],"wp:featuredmedia":[{"embeddable":true,"href":"https:\/\/www.creaearredanegozi.it\/de\/wp-json\/wp\/v2\/media\/121619"}],"wp:attachment":[{"href":"https:\/\/www.creaearredanegozi.it\/de\/wp-json\/wp\/v2\/media?parent=32075"}],"wp:term":[{"taxonomy":"product_brand","embeddable":true,"href":"https:\/\/www.creaearredanegozi.it\/de\/wp-json\/wp\/v2\/product_brand?post=32075"},{"taxonomy":"product_cat","embeddable":true,"href":"https:\/\/www.creaearredanegozi.it\/de\/wp-json\/wp\/v2\/product_cat?post=32075"},{"taxonomy":"product_tag","embeddable":true,"href":"https:\/\/www.creaearredanegozi.it\/de\/wp-json\/wp\/v2\/product_tag?post=32075"}],"curies":[{"name":"wp","href":"https:\/\/api.w.org\/{rel}","templated":true}]}}