{"id":32077,"date":"2019-11-23T12:25:06","date_gmt":"2019-11-23T11:25:06","guid":{"rendered":"https:\/\/www.creaearredanegozi.it\/?post_type=product&#038;p=32077"},"modified":"2023-11-24T10:06:40","modified_gmt":"2023-11-24T09:06:40","slug":"affettatrice-salumi-professionale-lama-o-22-cm-affilatoio-amovibile-incluso-eco220-fimar","status":"publish","type":"product","link":"https:\/\/www.creaearredanegozi.it\/de\/affettatrice-salumi-professionale-lama-o-22-cm-affilatoio-amovibile-incluso-eco220-fimar\/","title":{"rendered":"Professioneller Salumi-Hobel Klinge \u00f8 22 cm Abnehmbarer Sch\u00e4rfer inklusive ECO220 Fimar"},"content":{"rendered":"<h3>Affettatrice salumi lama \u00f8 22 cm serie ECO Fimar ECO220<\/h3>\n<p>Maschine zum Schneiden von Aufschnitt, K\u00e4se, Fleisch usw. f\u00fcr den professionellen Einsatz.<\/p>\n<ul>\n<li>Struktur aus lackierter Aluminium-Leichtmetalllegierung.<\/li>\n<li>Segelplattenblock mit 'Easy Clean'-System f\u00fcr einfache Reinigung.<\/li>\n<li>Fester Klingenschutzring.<\/li>\n<li>Schnittdicke bis zu 14\u00f716 mm.<\/li>\n<li>Affilatoio amovibile incluso (inserito nel vano inferiore della macchina).<\/li>\n<li>A-Normen <strong>EC.<\/strong><\/li>\n<\/ul>\n<p><strong>Technische Daten:<\/strong><\/p>\n<table class=\"table table-striped\">\n<tbody>\n<tr>\n<td>\n<p class=\"dati_tecnici_label_1\"><strong>Modell<\/strong><\/p>\n<\/td>\n<td><b>ECO220<\/b><\/td>\n<\/tr>\n<tr>\n<td><b>Strom<\/b><\/td>\n<td align=\"left\">0,14 kW (0,19 PS)<\/td>\n<\/tr>\n<tr>\n<td><b>Einphasige Stromversorgung<\/b><\/td>\n<td align=\"left\">230V\/1N\/50HZ<\/td>\n<\/tr>\n<tr>\n<td><b>Gr\u00f6\u00dfe der Klinge<\/b><\/td>\n<td align=\"left\">\u00f8 220 mm<\/td>\n<\/tr>\n<tr>\n<td><strong>N\u00fctzlicher Schnitt<\/strong><\/td>\n<td align=\"left\">210 x 145h mm<\/td>\n<\/tr>\n<tr>\n<td><b>Abmessungen der Arbeitsplatte<\/b><\/td>\n<td align=\"left\">400 x 250 mm<\/td>\n<\/tr>\n<tr>\n<td><strong>Abmessungen<\/strong><\/td>\n<td align=\"left\">530x480x320h (mm)<\/td>\n<\/tr>\n<tr>\n<td><b>Nettogewicht<\/b><\/td>\n<td align=\"left\">12,5 kg<\/td>\n<\/tr>\n<tr>\n<td><strong>Bruttogewicht<\/strong><\/td>\n<td align=\"left\">14 kg<\/td>\n<\/tr>\n<\/tbody>\n<\/table>\n<p style=\"text-align: center;\">","protected":false},"excerpt":{"rendered":"<p>Affettatrice salumi lama \u00f8 22 cm serie ECO Fimar ECO220 Macchina per affettare salumi, formaggi, carni, ecc uso professionale. Struttura in lega leggera di alluminio verniciato. Blocco piatto vela con sistema &#8220;Easy Clean&#8221; per una facile pulizia. Anello fisso protezione lama. Spessore taglio fino a 14\u00f716 mm. Affilatoio amovibile incluso (inserito nel vano inferiore della [&#8230;]","protected":false},"featured_media":121622,"comment_status":"closed","ping_status":"closed","template":"","meta":{"_monsterinsights_skip_tracking":false,"_monsterinsights_sitenote_active":false,"_monsterinsights_sitenote_note":"","_monsterinsights_sitenote_category":0},"product_brand":[628],"product_cat":[51,677,678,26],"product_tag":[],"class_list":{"0":"post-32077","1":"product","2":"type-product","3":"status-publish","4":"has-post-thumbnail","6":"product_brand-fimar","7":"product_cat-affettatrici","8":"product_cat-affettatrici-professionali","9":"product_cat-affettatrici-salumi","10":"product_cat-macelleria-e-gastronomia","11":"product_shipping_class-f","12":"pa_diametro-lama-220-mm","13":"pa_marca-fimar","14":"pa_tipo-piatto-salumi","15":"pa_versione-elettrica","17":"first","18":"instock","19":"taxable","20":"shipping-taxable","21":"purchasable","22":"product-type-simple"},"_links":{"self":[{"href":"https:\/\/www.creaearredanegozi.it\/de\/wp-json\/wp\/v2\/product\/32077","targetHints":{"allow":["GET"]}}],"collection":[{"href":"https:\/\/www.creaearredanegozi.it\/de\/wp-json\/wp\/v2\/product"}],"about":[{"href":"https:\/\/www.creaearredanegozi.it\/de\/wp-json\/wp\/v2\/types\/product"}],"replies":[{"embeddable":true,"href":"https:\/\/www.creaearredanegozi.it\/de\/wp-json\/wp\/v2\/comments?post=32077"}],"wp:featuredmedia":[{"embeddable":true,"href":"https:\/\/www.creaearredanegozi.it\/de\/wp-json\/wp\/v2\/media\/121622"}],"wp:attachment":[{"href":"https:\/\/www.creaearredanegozi.it\/de\/wp-json\/wp\/v2\/media?parent=32077"}],"wp:term":[{"taxonomy":"product_brand","embeddable":true,"href":"https:\/\/www.creaearredanegozi.it\/de\/wp-json\/wp\/v2\/product_brand?post=32077"},{"taxonomy":"product_cat","embeddable":true,"href":"https:\/\/www.creaearredanegozi.it\/de\/wp-json\/wp\/v2\/product_cat?post=32077"},{"taxonomy":"product_tag","embeddable":true,"href":"https:\/\/www.creaearredanegozi.it\/de\/wp-json\/wp\/v2\/product_tag?post=32077"}],"curies":[{"name":"wp","href":"https:\/\/api.w.org\/{rel}","templated":true}]}}