{"id":32095,"date":"2019-11-26T16:38:51","date_gmt":"2019-11-26T15:38:51","guid":{"rendered":"https:\/\/www.creaearredanegozi.it\/?post_type=product&#038;p=32095"},"modified":"2026-03-24T11:29:24","modified_gmt":"2026-03-24T10:29:24","slug":"professionelle-salamischneider-klinge-o-25-cm-feste-scharfer-eco250-fimar","status":"publish","type":"product","link":"https:\/\/www.creaearredanegozi.it\/de\/professionelle-salamischneider-klinge-o-25-cm-feste-scharfer-eco250-fimar\/","title":{"rendered":"Professionelle Wurstschneidemaschine Klinge \u00f8 25 cm Fester Sch\u00e4rfer ECO250 Fimar"},"content":{"rendered":"<h2 style=\"text-align: center;\">Wurstschneidemesser \u00f8 25 cm ECO-Serie Fimar ECO250<\/h2>\n<p>Maschine zum Schneiden von Aufschnitt, K\u00e4se, Fleisch usw. f\u00fcr den professionellen Einsatz.<\/p>\n<ul>\n<li>Struktur aus lackierter Aluminium-Leichtmetalllegierung.<\/li>\n<li>Segelplattenblock mit 'Easy Clean'-System f\u00fcr einfache Reinigung.<\/li>\n<li>Fester Klingenschutzring.<\/li>\n<li>Schnittdicke bis zu 14\u00f716 mm.<\/li>\n<li>Festes Sch\u00e4rfger\u00e4t mit zwei Schleifk\u00f6rpern zum Sch\u00e4rfen der Klinge.<\/li>\n<li>A-Normen <strong>EC.<\/strong><\/li>\n<\/ul>\n<p><strong>Technische Daten:<\/strong><\/p>\n<table class=\"table table-striped\">\n<tbody>\n<tr>\n<td>\n<p class=\"dati_tecnici_label_1\"><strong>Modell<\/strong><\/p>\n<\/td>\n<td><b>ECO250<\/b><\/td>\n<\/tr>\n<tr>\n<td><b>Strom<\/b><\/td>\n<td align=\"left\">0,14 kW (0,19 PS)<\/td>\n<\/tr>\n<tr>\n<td><b>Einphasige Stromversorgung<\/b><\/td>\n<td align=\"left\">230V\/1N\/50HZ<\/td>\n<\/tr>\n<tr>\n<td><b>Gr\u00f6\u00dfe der Klinge<\/b><\/td>\n<td align=\"left\">\u00f8 250 mm<\/td>\n<\/tr>\n<tr>\n<td><strong>N\u00fctzlicher Schnitt<\/strong><\/td>\n<td align=\"left\">220 x 160h mm<\/td>\n<\/tr>\n<tr>\n<td><b>Abmessungen der Arbeitsplatte<\/b><\/td>\n<td align=\"left\">400 x 250 mm<\/td>\n<\/tr>\n<tr>\n<td><strong>Abmessungen<\/strong><\/td>\n<td align=\"left\">530x480x375h (mm)<\/td>\n<\/tr>\n<tr>\n<td><b>Nettogewicht<\/b><\/td>\n<td align=\"left\">14 kg<\/td>\n<\/tr>\n<tr>\n<td><strong>Bruttogewicht<\/strong><\/td>\n<td align=\"left\">15 kg<\/td>\n<\/tr>\n<\/tbody>\n<\/table>\n<p style=\"text-align: center;\">","protected":false},"excerpt":{"rendered":"<p>Affettatrice salumi lama \u00f8 25 cm serie ECO Fimar ECO250 Macchina per affettare salumi, formaggi, carni, ecc. ad uso professionale. Struttura in lega leggera di alluminio verniciato. Blocco piatto vela con sistema &#8220;Easy Clean&#8221; per una facile pulizia. Anello fisso protezione lama. Spessore taglio fino a 14\u00f716 mm. Affilatoio fisso con coppia di smerigli per [&#8230;]","protected":false},"featured_media":121626,"comment_status":"closed","ping_status":"closed","template":"","meta":{"_monsterinsights_skip_tracking":false,"_monsterinsights_sitenote_active":false,"_monsterinsights_sitenote_note":"","_monsterinsights_sitenote_category":0},"product_brand":[628],"product_cat":[678,51,677,26],"product_tag":[],"class_list":{"0":"post-32095","1":"product","2":"type-product","3":"status-publish","4":"has-post-thumbnail","6":"product_brand-fimar","7":"product_cat-affettatrici-salumi","8":"product_cat-affettatrici","9":"product_cat-affettatrici-professionali","10":"product_cat-macelleria-e-gastronomia","11":"product_shipping_class-f","12":"pa_diametro-lama-250-mm","13":"pa_marca-fimar","14":"pa_tipo-piatto-salumi","15":"pa_versione-elettrica","17":"first","18":"instock","19":"sale","20":"taxable","21":"shipping-taxable","22":"purchasable","23":"product-type-variable"},"_links":{"self":[{"href":"https:\/\/www.creaearredanegozi.it\/de\/wp-json\/wp\/v2\/product\/32095","targetHints":{"allow":["GET"]}}],"collection":[{"href":"https:\/\/www.creaearredanegozi.it\/de\/wp-json\/wp\/v2\/product"}],"about":[{"href":"https:\/\/www.creaearredanegozi.it\/de\/wp-json\/wp\/v2\/types\/product"}],"replies":[{"embeddable":true,"href":"https:\/\/www.creaearredanegozi.it\/de\/wp-json\/wp\/v2\/comments?post=32095"}],"wp:featuredmedia":[{"embeddable":true,"href":"https:\/\/www.creaearredanegozi.it\/de\/wp-json\/wp\/v2\/media\/121626"}],"wp:attachment":[{"href":"https:\/\/www.creaearredanegozi.it\/de\/wp-json\/wp\/v2\/media?parent=32095"}],"wp:term":[{"taxonomy":"product_brand","embeddable":true,"href":"https:\/\/www.creaearredanegozi.it\/de\/wp-json\/wp\/v2\/product_brand?post=32095"},{"taxonomy":"product_cat","embeddable":true,"href":"https:\/\/www.creaearredanegozi.it\/de\/wp-json\/wp\/v2\/product_cat?post=32095"},{"taxonomy":"product_tag","embeddable":true,"href":"https:\/\/www.creaearredanegozi.it\/de\/wp-json\/wp\/v2\/product_tag?post=32095"}],"curies":[{"name":"wp","href":"https:\/\/api.w.org\/{rel}","templated":true}]}}