{"id":32122,"date":"2019-12-02T10:35:26","date_gmt":"2019-12-02T09:35:26","guid":{"rendered":"https:\/\/www.creaearredanegozi.it\/?post_type=product&#038;p=32122"},"modified":"2024-02-13T10:46:15","modified_gmt":"2024-02-13T09:46:15","slug":"forno-misto-touch-convezione-e-vapore-diretto-4-teglie-gn1-1-o-60x40cm-fimar-top4t","status":"publish","type":"product","link":"https:\/\/www.creaearredanegozi.it\/de\/forno-misto-touch-convezione-e-vapore-diretto-4-teglie-gn1-1-o-60x40cm-fimar-top4t\/","title":{"rendered":"Konvektions- und Direktdampfbackofen mit 4 Backblechen GN1\/1 oder 60x40cm Fimar TOP4TN"},"content":{"rendered":"<h3>Forno misto touch convezione e vapore diretto GN1\/1 N. 4 60&#215;40 Fimar TOP4T<\/h3>\n<p><strong>GEMISCHTER UMLUFT-DAMPFBACKOFEN DIRECT TOUCH TOP4TN<\/strong><\/p>\n<ul>\n<li>Kombinierter Konvektions-\/Direktdampfbackofen.<\/li>\n<li>Struktur aus rostfreiem Stahl.<\/li>\n<li>LED-Innenbeleuchtung.<\/li>\n<li>Ventilatore centrifugo con autoreverse, modello con 2 ventole.<\/li>\n<li>Doppelt verglaste T\u00fcr (Innenverglasung zum \u00d6ffnen).<\/li>\n<li>Wasserableitung.<\/li>\n<li>kit lavaggio di serie<\/li>\n<li>Supporto universale per teglie GN 1\/1 o pasticceria 60&#215;40 cm.<\/li>\n<li>Tabletts nicht enthalten.<\/li>\n<li>Touch-Bedienung mit 120 Programmen (20 Rezepte bereits gespeichert).<\/li>\n<li>Bis zu 6 Brennvorg\u00e4nge im automatischen Ablauf pro Programm.<\/li>\n<li>Automatisches Vorheizen.<\/li>\n<li>Gebl\u00e4se mit bis zu 2 Geschwindigkeiten.<\/li>\n<li>Dampfdruckregler.<\/li>\n<li>Digitale Steuerung der Wassereinspritzung.<\/li>\n<li>Sonde zum Herzen.<\/li>\n<li>Integriertes Management des offenen\/geschlossenen Entl\u00fcftungsventils.<\/li>\n<li>Kapazitiver 5-Zoll-Touchscreen.<\/li>\n<li>Anschlussm\u00f6glichkeiten \u00fcber USB 2.0.<\/li>\n<li>In \u00dcbereinstimmung mit <strong>EC.<\/strong><\/li>\n<\/ul>\n<p>Optional:<\/p>\n<ul>\n<li>Cappa a condensazione: in acciaio inox &#8211; due filtri antigrasso in acciaio inox &#8211; due velocit\u00e0 di estrazione.<\/li>\n<li>Supporti per forni: struttura in acciaio inox forniti in kit di montaggio.<\/li>\n<li>Edelstahl-Kartoffelnetz GN1\/1 h40.<\/li>\n<li>Gitterrost aus rostfreiem Stahl GN1\/1.<\/li>\n<li>Rostfreier Stahl Grill 60X40CM.<\/li>\n<li>Edelstahlwanne GN1\/1 H20.<\/li>\n<li>Tablett aus rostfreiem Stahl GN1\/1 H40.<\/li>\n<li>Tablett aus rostfreiem Stahl GN1\/1 H65.<\/li>\n<li>Teglia smaltata GN1\/1 h20.<\/li>\n<li>Teglia smaltata GN1\/1 h40.<\/li>\n<li>Teglia smaltata GN1\/1 h65.<\/li>\n<li>Aluminium-Backblech GN1\/1.<\/li>\n<li>Teglia alluminio 60X40CM h20.<\/li>\n<li>Teglia forata alluminio 60X40 CM h20.<\/li>\n<li>Teglia alluminata 60X40 CM h20.<\/li>\n<li>Teglia blurex 60X40 CM h20.<\/li>\n<\/ul>\n<p><strong>Technische Daten:<\/strong><\/p>\n<table class=\"table table-striped\">\n<tbody>\n<tr>\n<td>\n<p class=\"dati_tecnici_label_1\"><strong>Modell<\/strong><\/p>\n<\/td>\n<td>TOP4TN<\/td>\n<\/tr>\n<tr>\n<td><b>Strom<\/b><\/td>\n<td align=\"left\">10,5 kW<\/td>\n<\/tr>\n<tr>\n<td><b>Dreiphasen-Stromversorgung<\/b><\/td>\n<td align=\"left\">400V\/3N\/50-60HZ<\/td>\n<\/tr>\n<tr>\n<td><b>Arbeitstemperaturen<\/b><\/td>\n<td align=\"left\">50 \u00f7 260 \u00b0C<\/td>\n<\/tr>\n<tr>\n<td><strong>Zeitschaltuhr<\/strong><\/td>\n<td align=\"left\">Digital<\/td>\n<\/tr>\n<tr>\n<td><b>Numero di teglie (non incluse)<\/b><\/td>\n<td align=\"left\">4 x 600 x 400 mm*<br \/>\nGN1\/1 &#8211; P= 80 mm<\/td>\n<\/tr>\n<tr>\n<td><strong>Kammergr\u00f6\u00dfe Kapazit\u00e4t<\/strong><\/td>\n<td align=\"left\">660 x 490 x 452h mm<\/td>\n<\/tr>\n<tr>\n<td><b>Abmessungen<\/b><\/td>\n<td align=\"left\">937 x 821\/885* x 715h mm<\/p>\n<p>*mit\/mit Griff<\/td>\n<\/tr>\n<tr>\n<td><b>Nettogewicht<\/b><\/td>\n<td align=\"left\">89 kg<\/td>\n<\/tr>\n<tr>\n<td><strong>Bruttogewicht<\/strong><\/td>\n<td align=\"left\">105 kg<\/td>\n<\/tr>\n<tr>\n<td><strong>Dimensioni Cappa (optional)<\/strong><\/td>\n<td>790 x 1120 x 300(h) mm \/ 39kg<\/td>\n<\/tr>\n<tr>\n<td><strong>Dimensioni Supporto (optional)<\/strong><\/td>\n<td>920 x 620 x 800(h) mm \/ 23kg<\/td>\n<\/tr>\n<\/tbody>\n<\/table>\n<p>&nbsp;<\/p>\n<p>* Teglie non incluse.<\/p>","protected":false},"excerpt":{"rendered":"<p>Forno misto touch convezione e vapore diretto GN1\/1 N. 4 60&#215;40 Fimar TOP4T FORNO MISTO CONVEZIONE-VAPORE DIRETTO TOUCH TOP4TN Forno misto touch a convezione\/vapore diretto. Struttura in acciaio inox. Illuminazione interna a led. Ventilatore centrifugo con autoreverse, modello con 2 ventole. Porta con doppio vetro (vetro interno apribile). Scarico acqua. kit lavaggio di serie Supporto [&#8230;]","protected":false},"featured_media":126491,"comment_status":"closed","ping_status":"closed","template":"","meta":{"_monsterinsights_skip_tracking":false,"_monsterinsights_sitenote_active":false,"_monsterinsights_sitenote_note":"","_monsterinsights_sitenote_category":0},"product_brand":[628],"product_cat":[667,84,9,16,64,83,159,10],"product_tag":[],"class_list":{"0":"post-32122","1":"product","2":"type-product","3":"status-publish","4":"has-post-thumbnail","6":"product_brand-fimar","7":"product_cat-convezione-forni","8":"product_cat-a-convenzione","9":"product_cat-attrezzature-pub","10":"product_cat-forni","11":"product_cat-forni-attrezzature-bar","12":"product_cat-forni-attrezzature-pub","13":"product_cat-forni-ristorazione","14":"product_cat-attrezzature-bar","15":"product_shipping_class-d","16":"pa_marca-fimar","18":"first","19":"instock","20":"taxable","21":"shipping-taxable","22":"purchasable","23":"product-type-simple"},"_links":{"self":[{"href":"https:\/\/www.creaearredanegozi.it\/de\/wp-json\/wp\/v2\/product\/32122","targetHints":{"allow":["GET"]}}],"collection":[{"href":"https:\/\/www.creaearredanegozi.it\/de\/wp-json\/wp\/v2\/product"}],"about":[{"href":"https:\/\/www.creaearredanegozi.it\/de\/wp-json\/wp\/v2\/types\/product"}],"replies":[{"embeddable":true,"href":"https:\/\/www.creaearredanegozi.it\/de\/wp-json\/wp\/v2\/comments?post=32122"}],"wp:featuredmedia":[{"embeddable":true,"href":"https:\/\/www.creaearredanegozi.it\/de\/wp-json\/wp\/v2\/media\/126491"}],"wp:attachment":[{"href":"https:\/\/www.creaearredanegozi.it\/de\/wp-json\/wp\/v2\/media?parent=32122"}],"wp:term":[{"taxonomy":"product_brand","embeddable":true,"href":"https:\/\/www.creaearredanegozi.it\/de\/wp-json\/wp\/v2\/product_brand?post=32122"},{"taxonomy":"product_cat","embeddable":true,"href":"https:\/\/www.creaearredanegozi.it\/de\/wp-json\/wp\/v2\/product_cat?post=32122"},{"taxonomy":"product_tag","embeddable":true,"href":"https:\/\/www.creaearredanegozi.it\/de\/wp-json\/wp\/v2\/product_tag?post=32122"}],"curies":[{"name":"wp","href":"https:\/\/api.w.org\/{rel}","templated":true}]}}