{"id":32127,"date":"2019-12-02T11:23:41","date_gmt":"2019-12-02T10:23:41","guid":{"rendered":"https:\/\/www.creaearredanegozi.it\/?post_type=product&#038;p=32127"},"modified":"2024-01-15T11:21:42","modified_gmt":"2024-01-15T10:21:42","slug":"gemischter-backofen-touch-umluft-und-direktdampf-4-backformen-gn1-1-oder-60x40-cm-fimar-top6t","status":"publish","type":"product","link":"https:\/\/www.creaearredanegozi.it\/de\/gemischter-backofen-touch-umluft-und-direktdampf-4-backformen-gn1-1-oder-60x40-cm-fimar-top6t\/","title":{"rendered":"Kombinierter Konvektions- und Direktdampfbackofen 4 Backbleche GN1\/1 oder 60\u00d740 cm Fimar TOP6TN"},"content":{"rendered":"<h3>Backofen mit Umluft und Direktdampf GN1\/1 Nr. 6 60\u00d740 cm Fimar TOP6T<\/h3>\n<p><strong>GEMISCHTER UMLUFT-DAMPFBACKOFEN DIRECT TOUCH TOP6T<\/strong><\/p>\n<ul>\n<li>Kombinierter Konvektions-\/Direktdampfbackofen.<\/li>\n<li>Struktur aus rostfreiem Stahl.<\/li>\n<li>LED-Innenbeleuchtung.<\/li>\n<li>Radialventilatoren mit automatischer Umkehrung, Modell mit 2 Ventilatoren.<\/li>\n<li>Doppelt verglaste T\u00fcr (Innenverglasung zum \u00d6ffnen).<\/li>\n<li>Wasserableitung.<\/li>\n<li>Waschanlage als Standard.<\/li>\n<li>Vorbereitung f\u00fcr das Waschset.<\/li>\n<li>Universalst\u00e4nder f\u00fcr GN 1\/1 oder Backbleche 60\u00d740 cm. (Backbleche nicht enthalten).<\/li>\n<li>Touch-Bedienung mit 120 Programmen (20 Rezepte bereits gespeichert).<\/li>\n<li>Bis zu 6 Brennvorg\u00e4nge im automatischen Ablauf pro Programm.<\/li>\n<li>Automatisches Vorheizen.<\/li>\n<li>Gebl\u00e4se mit bis zu 2 Geschwindigkeiten.<\/li>\n<li>Dampfdruckregler.<\/li>\n<li>Digitale Steuerung der Wassereinspritzung.<\/li>\n<li>Sonde zum Herzen.<\/li>\n<li>Integriertes Management des offenen\/geschlossenen Entl\u00fcftungsventils.<\/li>\n<li>Kapazitiver 5-Zoll-Touchscreen.<\/li>\n<li>Anschlussm\u00f6glichkeiten \u00fcber USB 2.0.<\/li>\n<li>Tabletts nicht enthalten.<\/li>\n<li>A-Normen <strong>EC.<\/strong><\/li>\n<\/ul>\n<p>Optional:<\/p>\n<ul>\n<li>Kondensationshaube aus Edelstahl, 2 Fettfilter aus Edelstahl, 2 Absauggeschwindigkeiten.<\/li>\n<li>Backofenst\u00e4nder mit Edelstahlrahmen wird als Bausatz geliefert.<\/li>\n<li>Edelstahl-Kartoffelnetz GN1\/1 h40.<\/li>\n<li>Gitterrost aus rostfreiem Stahl GN1\/1.<\/li>\n<li>Rostfreier Stahl Grill 60X40CM.<\/li>\n<li>Edelstahltablett GN1\/1 H20 Edelstahltablett GN1\/1 H40.<\/li>\n<li>Tablett aus rostfreiem Stahl GN1\/1 H65.<\/li>\n<li>Emailliertes Backblech GN1\/1 H20.<\/li>\n<li>Emailliertes Backblech GN1\/1 H40.<\/li>\n<li>Emailliertes Backblech GN1\/1 H65.<\/li>\n<li>Aluminium-Backblech GN1\/1.<\/li>\n<li>Aluminium-Backblech 60X40CM H20.<\/li>\n<li>Perforierte Aluminiumschale 60X40 CM H20.<\/li>\n<li>Aluminisiertes Backblech 60X40 CM H20.<\/li>\n<li>Blurex Backblech 60X40 CM H20.<\/li>\n<\/ul>\n<p><strong>Technische Daten:<\/strong><\/p>\n<table class=\"table table-striped\">\n<tbody>\n<tr>\n<td>\n<p class=\"dati_tecnici_label_1\"><strong>Modell<\/strong><\/p>\n<\/td>\n<td>TOP6T<\/td>\n<\/tr>\n<tr>\n<td><b>Strom<\/b><\/td>\n<td align=\"left\">12,7 kW<\/td>\n<\/tr>\n<tr>\n<td><b>Dreiphasen-Stromversorgung<\/b><\/td>\n<td align=\"left\">400V\/3N\/50-60HZ<\/td>\n<\/tr>\n<tr>\n<td><b>Arbeitstemperaturen<\/b><\/td>\n<td align=\"left\">50 \u00f7 260 \u00b0C<\/td>\n<\/tr>\n<tr>\n<td><strong>Zeitschaltuhr<\/strong><\/td>\n<td align=\"left\">Digital<\/td>\n<\/tr>\n<tr>\n<td><b>Fassungsverm\u00f6gen des Fachs <\/b>(Pfannen nicht inbegriffen)<\/td>\n<td align=\"left\">6 x 60\u00d740 cm oder GN 1\/1 - D=80 mm<\/td>\n<\/tr>\n<tr>\n<td><strong>Kammergr\u00f6\u00dfe Kapazit\u00e4t<\/strong><\/td>\n<td align=\"left\">660 x 490 x 612h mm<\/td>\n<\/tr>\n<tr>\n<td><b>Abmessungen<\/b><\/td>\n<td align=\"left\">937 x 821\/885* x 875h mm<\/p>\n<p>*mit\/mit Griff<\/td>\n<\/tr>\n<tr>\n<td><b>Nettogewicht<\/b><\/td>\n<td align=\"left\">98 kg<\/td>\n<\/tr>\n<tr>\n<td><strong>Bruttogewicht<\/strong><\/td>\n<td align=\"left\">115 kg<\/td>\n<\/tr>\n<tr>\n<td><strong>Abmessungen der Haube<\/strong><\/td>\n<td>790x1120x300(h)mm\/39kg<\/td>\n<\/tr>\n<tr>\n<td><strong>Abmessungen Unterst\u00fctzung<\/strong><\/td>\n<td>920x620x800(h)mm\/23kg<\/td>\n<\/tr>\n<\/tbody>\n<\/table>\n<p style=\"text-align: center;\">","protected":false},"excerpt":{"rendered":"<p>Forno misto touch convezione e vapore diretto GN1\/1 N. 6 60&#215;40 cm Fimar TOP6T FORNO MISTO CONVEZIONE-VAPORE DIRETTO TOUCH TOP6T Forno misto touch a convezione\/vapore diretto. Struttura in acciaio inox. Illuminazione interna a led. Ventilatori centrifugo con autoreverse, modello con 2 ventole. Porta con doppio vetro (vetro interno apribile). Scarico acqua. kit lavaggio di serie. [&#8230;]","protected":false},"featured_media":126492,"comment_status":"closed","ping_status":"closed","template":"","meta":{"_monsterinsights_skip_tracking":false,"_monsterinsights_sitenote_active":false,"_monsterinsights_sitenote_note":"","_monsterinsights_sitenote_category":0},"product_brand":[628],"product_cat":[667,84,16,64,83,159,10],"product_tag":[],"class_list":{"0":"post-32127","1":"product","2":"type-product","3":"status-publish","4":"has-post-thumbnail","6":"product_brand-fimar","7":"product_cat-convezione-forni","8":"product_cat-a-convenzione","9":"product_cat-forni","10":"product_cat-forni-attrezzature-bar","11":"product_cat-forni-attrezzature-pub","12":"product_cat-forni-ristorazione","13":"product_cat-attrezzature-bar","14":"product_shipping_class-d","15":"pa_marca-fimar","17":"first","18":"instock","19":"taxable","20":"shipping-taxable","21":"purchasable","22":"product-type-simple"},"_links":{"self":[{"href":"https:\/\/www.creaearredanegozi.it\/de\/wp-json\/wp\/v2\/product\/32127","targetHints":{"allow":["GET"]}}],"collection":[{"href":"https:\/\/www.creaearredanegozi.it\/de\/wp-json\/wp\/v2\/product"}],"about":[{"href":"https:\/\/www.creaearredanegozi.it\/de\/wp-json\/wp\/v2\/types\/product"}],"replies":[{"embeddable":true,"href":"https:\/\/www.creaearredanegozi.it\/de\/wp-json\/wp\/v2\/comments?post=32127"}],"wp:featuredmedia":[{"embeddable":true,"href":"https:\/\/www.creaearredanegozi.it\/de\/wp-json\/wp\/v2\/media\/126492"}],"wp:attachment":[{"href":"https:\/\/www.creaearredanegozi.it\/de\/wp-json\/wp\/v2\/media?parent=32127"}],"wp:term":[{"taxonomy":"product_brand","embeddable":true,"href":"https:\/\/www.creaearredanegozi.it\/de\/wp-json\/wp\/v2\/product_brand?post=32127"},{"taxonomy":"product_cat","embeddable":true,"href":"https:\/\/www.creaearredanegozi.it\/de\/wp-json\/wp\/v2\/product_cat?post=32127"},{"taxonomy":"product_tag","embeddable":true,"href":"https:\/\/www.creaearredanegozi.it\/de\/wp-json\/wp\/v2\/product_tag?post=32127"}],"curies":[{"name":"wp","href":"https:\/\/api.w.org\/{rel}","templated":true}]}}