{"id":32132,"date":"2019-12-02T11:55:44","date_gmt":"2019-12-02T10:55:44","guid":{"rendered":"https:\/\/www.creaearredanegozi.it\/?post_type=product&#038;p=32132"},"modified":"2024-01-15T11:28:32","modified_gmt":"2024-01-15T10:28:32","slug":"professioneller-gemischter-backofen-mit-umluft-und-direktdampf-10-backbleche-gn1-1-oder-60x40-cm-fimar-top10t","status":"publish","type":"product","link":"https:\/\/www.creaearredanegozi.it\/de\/professioneller-gemischter-backofen-mit-umluft-und-direktdampf-10-backbleche-gn1-1-oder-60x40-cm-fimar-top10t\/","title":{"rendered":"Mixed Touch Professional Konvektions- und Direktdampfbackofen 10 Backbleche GN1\/1 oder 60\u00d740 cm Fimar TOP10TN"},"content":{"rendered":"<h3>Backofen mit Umluft und Direktdampf GN1\/1 Nr. 10 60\u00d740 cm Fimar TOP10T<\/h3>\n<div><strong>GEMISCHTER UMLUFT-DAMPFBACKOFEN DIRECT TOUCH TOP10T<\/strong><\/div>\n<ul>\n<li>Kombinierter Konvektions-\/Direktdampfbackofen.<\/li>\n<li>Struktur aus rostfreiem Stahl.<\/li>\n<li>LED-Innenbeleuchtung.<\/li>\n<li>Radialventilator mit Autoreverse, 3-Ventilator-Modell.<\/li>\n<li>Doppelt verglaste T\u00fcr (Innenverglasung zum \u00d6ffnen).<\/li>\n<li>Wasserableitung.<\/li>\n<li>Waschanlage als Standard.<\/li>\n<li>Universalst\u00e4nder f\u00fcr GN 1\/1 oder Geb\u00e4ckschalen 60\u00d740 cm (Schalen nicht im Lieferumfang enthalten).<\/li>\n<li>Touch-Bedienung mit 120 Programmen (20 Rezepte bereits gespeichert).<\/li>\n<li>Bis zu 6 Brennvorg\u00e4nge im automatischen Ablauf pro Programm.<\/li>\n<li>Automatisches Vorheizen.<\/li>\n<li>Gebl\u00e4se mit bis zu 2 Geschwindigkeiten.<\/li>\n<li>Dampfdruckregler.<\/li>\n<li>Digitale Steuerung der Wassereinspritzung.<\/li>\n<li>Sonde zum Herzen.<\/li>\n<li>Integriertes Management des offenen\/geschlossenen Entl\u00fcftungsventils.<\/li>\n<li>Kapazitiver 5-Zoll-Touchscreen.<\/li>\n<li>Anschlussm\u00f6glichkeiten \u00fcber USB 2.0.<\/li>\n<li>Tabletts nicht enthalten.<\/li>\n<li>A-Normen <strong>EC.<\/strong><\/li>\n<\/ul>\n<p>Optional<\/p>\n<ul>\n<li>Kondensationshaube aus Edelstahl, 2 Fettfilter aus Edelstahl, 2 Absauggeschwindigkeiten.<\/li>\n<li>Backofenst\u00e4nder mit Edelstahlrahmen wird als Bausatz geliefert.<\/li>\n<li>Edelstahl-Kartoffelnetz GN1\/1 h40.<\/li>\n<li>Gitterrost aus rostfreiem Stahl GN1\/1.<\/li>\n<li>Rostfreier Stahl Grill 60X40CM.<\/li>\n<li>Edelstahlwanne GN1\/1 H20.<\/li>\n<li>Tablett aus rostfreiem Stahl GN1\/1 H40.<\/li>\n<li>Tablett aus rostfreiem Stahl GN1\/1 H65.<\/li>\n<li>Emailliertes Backblech GN1\/1 H20.<\/li>\n<li>Emailliertes Backblech GN1\/1 H40.<\/li>\n<li>Emailliertes Backblech GN1\/1 H65.<\/li>\n<li>Aluminium-Backblech GN1\/1.<\/li>\n<li>Aluminium Grill 60X40CM H20.<\/li>\n<li>Perforierte Aluminiumschale 60X40 CM H20.<\/li>\n<li>Aluminisiertes Backblech 60X40 CM H20.<\/li>\n<li>Blurex Backblech 60X40 CM H20.<\/li>\n<\/ul>\n<p><strong>Technische Daten:<\/strong><\/p>\n<table class=\"table table-striped\">\n<tbody>\n<tr>\n<td>\n<p class=\"dati_tecnici_label_1\"><strong>Modell<\/strong><\/p>\n<\/td>\n<td>TOP10TN<\/td>\n<\/tr>\n<tr>\n<td><b>Strom<\/b><\/td>\n<td align=\"left\">15,7 kW<\/td>\n<\/tr>\n<tr>\n<td><b>Dreiphasen-Stromversorgung<\/b><\/td>\n<td align=\"left\">400V\/3N\/50-60HZ<\/td>\n<\/tr>\n<tr>\n<td><b>Arbeitstemperaturen<\/b><\/td>\n<td align=\"left\">50 \u00f7 260 \u00b0C<\/td>\n<\/tr>\n<tr>\n<td><strong>Zeitschaltuhr<\/strong><\/td>\n<td align=\"left\">Digital<\/td>\n<\/tr>\n<tr>\n<td><b>Anzahl der Pfannen<\/b><\/td>\n<td align=\"left\">10 x 60\u00d740 cm<\/p>\n<p>GN 1\/1 - D=80 mm<\/td>\n<\/tr>\n<tr>\n<td><strong>Kammergr\u00f6\u00dfe Kapazit\u00e4t<\/strong><\/td>\n<td align=\"left\">660 x 490 x 948h mm<\/td>\n<\/tr>\n<tr>\n<td><b>Abmessungen<\/b><\/td>\n<td align=\"left\">937 x 827\/890* x 1211h mm<\/p>\n<p>*mit\/mit Griff<\/td>\n<\/tr>\n<tr>\n<td><b>Nettogewicht<\/b><\/td>\n<td align=\"left\">135 kg<\/td>\n<\/tr>\n<tr>\n<td><strong>Bruttogewicht<\/strong><\/td>\n<td align=\"left\">149 kg<\/td>\n<\/tr>\n<\/tbody>\n<\/table>\n<p style=\"text-align: center;\">","protected":false},"excerpt":{"rendered":"<p>Forno misto touch convezione e vapore diretto GN1\/1 N. 10 60&#215;40 cm Fimar TOP10T FORNO MISTO CONVEZIONE-VAPORE DIRETTO TOUCH TOP10T Forno misto touch a convezione\/vapore diretto. Struttura in acciaio inox. Illuminazione interna a led. Ventilatore centrifugo con autoreverse, modello con 3 ventole. Porta con doppio vetro (vetro interno apribile). Scarico acqua. kit lavaggio di serie. [&#8230;]","protected":false},"featured_media":126495,"comment_status":"closed","ping_status":"closed","template":"","meta":{"_monsterinsights_skip_tracking":false,"_monsterinsights_sitenote_active":false,"_monsterinsights_sitenote_note":"","_monsterinsights_sitenote_category":0},"product_brand":[628],"product_cat":[667,84,9,16,64,159,10,25],"product_tag":[],"class_list":{"0":"post-32132","1":"product","2":"type-product","3":"status-publish","4":"has-post-thumbnail","6":"product_brand-fimar","7":"product_cat-convezione-forni","8":"product_cat-a-convenzione","9":"product_cat-attrezzature-pub","10":"product_cat-forni","11":"product_cat-forni-attrezzature-bar","12":"product_cat-forni-ristorazione","13":"product_cat-attrezzature-bar","14":"product_cat-attrezzature-ristoranti-pub-cucine","15":"product_shipping_class-45","16":"pa_marca-fimar","18":"first","19":"instock","20":"taxable","21":"shipping-taxable","22":"purchasable","23":"product-type-simple"},"_links":{"self":[{"href":"https:\/\/www.creaearredanegozi.it\/de\/wp-json\/wp\/v2\/product\/32132","targetHints":{"allow":["GET"]}}],"collection":[{"href":"https:\/\/www.creaearredanegozi.it\/de\/wp-json\/wp\/v2\/product"}],"about":[{"href":"https:\/\/www.creaearredanegozi.it\/de\/wp-json\/wp\/v2\/types\/product"}],"replies":[{"embeddable":true,"href":"https:\/\/www.creaearredanegozi.it\/de\/wp-json\/wp\/v2\/comments?post=32132"}],"wp:featuredmedia":[{"embeddable":true,"href":"https:\/\/www.creaearredanegozi.it\/de\/wp-json\/wp\/v2\/media\/126495"}],"wp:attachment":[{"href":"https:\/\/www.creaearredanegozi.it\/de\/wp-json\/wp\/v2\/media?parent=32132"}],"wp:term":[{"taxonomy":"product_brand","embeddable":true,"href":"https:\/\/www.creaearredanegozi.it\/de\/wp-json\/wp\/v2\/product_brand?post=32132"},{"taxonomy":"product_cat","embeddable":true,"href":"https:\/\/www.creaearredanegozi.it\/de\/wp-json\/wp\/v2\/product_cat?post=32132"},{"taxonomy":"product_tag","embeddable":true,"href":"https:\/\/www.creaearredanegozi.it\/de\/wp-json\/wp\/v2\/product_tag?post=32132"}],"curies":[{"name":"wp","href":"https:\/\/api.w.org\/{rel}","templated":true}]}}