{"id":32486,"date":"2020-01-18T12:46:25","date_gmt":"2020-01-18T11:46:25","guid":{"rendered":"https:\/\/www.creaearredanegozi.it\/?post_type=product&#038;p=32486"},"modified":"2023-11-07T13:50:11","modified_gmt":"2023-11-07T12:50:11","slug":"bagnomaria-elettrico-1-vasca-gn-2-1-60x60x28h-cm-copia","status":"publish","type":"product","link":"https:\/\/www.creaearredanegozi.it\/de\/bagnomaria-elettrico-1-vasca-gn-2-1-60x60x28h-cm-copia\/","title":{"rendered":"Elektrischer Nudelkocher 1 Becken 14 Lt 3 kW 30x60x28h cm"},"content":{"rendered":"<p><strong>Elektrischer Nudelkocher 1 Becken 14 Lt 3 kW 30x60x28h cm<\/strong><\/p>\n<p>Piano, cestelli e supporto cestelli sono realizzati in acciaio inox AISI 304; la vasca \u00e8 realizzata in acciaio inox AISI 316, capacit\u00e0 14 L. Il rubinetto con leva di sicurezza per lo scarico \u00e8 posto sul cruscotto.<br \/>\nMit 4-Stufen-Schalter und gepanzerten Widerst\u00e4nden im Inneren des Tanks. Anzeigelampe f\u00fcr Stromversorgung und Widerstandsbetrieb.<\/p>\n<p><strong>Technische Merkmale:<\/strong><\/p>\n<ul>\n<li>AISI 304 und AISI 316 Stahl<\/li>\n<li>Manuelle Wasserbef\u00fcllung und Sicherheitshebel zum Entleeren<\/li>\n<li>Abmessungen: <strong>30x60x28h cm<\/strong><\/li>\n<li>Peso: 18 kg<\/li>\n<li>Leistung: 3 kW<\/li>\n<li>Alimentazione: 220-240V\/1N\/50-60Hz<\/li>\n<\/ul>","protected":false},"excerpt":{"rendered":"<p>Cuocipasta elettrico 1 vasca 14 Lt 3 kW 30x60x28h cm Piano, cestelli e supporto cestelli sono realizzati in acciaio inox AISI 304; la vasca \u00e8 realizzata in acciaio inox AISI 316, capacit\u00e0 14 L. Il rubinetto con leva di sicurezza per lo scarico \u00e8 posto sul cruscotto. Presenta commutatore a 4 posizioni e resistenze corazzate [&#8230;]","protected":false},"featured_media":32488,"comment_status":"closed","ping_status":"closed","template":"","meta":{"_monsterinsights_skip_tracking":false,"_monsterinsights_sitenote_active":false,"_monsterinsights_sitenote_note":"","_monsterinsights_sitenote_category":0},"product_brand":[775],"product_cat":[157,155],"product_tag":[],"class_list":{"0":"post-32486","1":"product","2":"type-product","3":"status-publish","4":"has-post-thumbnail","6":"product_brand-function","7":"product_cat-elettriche-cuocipasta","8":"product_cat-cuocipasta","9":"product_shipping_class-f","10":"pa_marca-function","12":"first","13":"instock","14":"taxable","15":"shipping-taxable","16":"purchasable","17":"product-type-simple"},"_links":{"self":[{"href":"https:\/\/www.creaearredanegozi.it\/de\/wp-json\/wp\/v2\/product\/32486","targetHints":{"allow":["GET"]}}],"collection":[{"href":"https:\/\/www.creaearredanegozi.it\/de\/wp-json\/wp\/v2\/product"}],"about":[{"href":"https:\/\/www.creaearredanegozi.it\/de\/wp-json\/wp\/v2\/types\/product"}],"replies":[{"embeddable":true,"href":"https:\/\/www.creaearredanegozi.it\/de\/wp-json\/wp\/v2\/comments?post=32486"}],"wp:featuredmedia":[{"embeddable":true,"href":"https:\/\/www.creaearredanegozi.it\/de\/wp-json\/wp\/v2\/media\/32488"}],"wp:attachment":[{"href":"https:\/\/www.creaearredanegozi.it\/de\/wp-json\/wp\/v2\/media?parent=32486"}],"wp:term":[{"taxonomy":"product_brand","embeddable":true,"href":"https:\/\/www.creaearredanegozi.it\/de\/wp-json\/wp\/v2\/product_brand?post=32486"},{"taxonomy":"product_cat","embeddable":true,"href":"https:\/\/www.creaearredanegozi.it\/de\/wp-json\/wp\/v2\/product_cat?post=32486"},{"taxonomy":"product_tag","embeddable":true,"href":"https:\/\/www.creaearredanegozi.it\/de\/wp-json\/wp\/v2\/product_tag?post=32486"}],"curies":[{"name":"wp","href":"https:\/\/api.w.org\/{rel}","templated":true}]}}