{"id":32760,"date":"2020-03-18T16:13:56","date_gmt":"2020-03-18T15:13:56","guid":{"rendered":"https:\/\/www.creaearredanegozi.it\/?post_type=product&#038;p=32760"},"modified":"2023-11-10T12:03:19","modified_gmt":"2023-11-10T11:03:19","slug":"elektrischer-nudelkocher-1-becken-30-lt-9-kw-60x60x28h-cm-copia-2","status":"publish","type":"product","link":"https:\/\/www.creaearredanegozi.it\/de\/elektrischer-nudelkocher-1-becken-30-lt-9-kw-60x60x28h-cm-copia-2\/","title":{"rendered":"Elektrischer Nudelkocher 1 Becken 40 Lt 9 kW 70x65x28h cm"},"content":{"rendered":"<p><strong>Elektrischer Nudelkocher 1 Becken 40 Lt 9 kW 70x65x28h cm<\/strong><\/p>\n<p>Deckel, K\u00f6rbe und Korbtr\u00e4ger sind aus rostfreiem Stahl AISI 304; der Tank ist aus rostfreiem Stahl AISI 316, Fassungsverm\u00f6gen 40 l. Der Wasserhahn mit Sicherheitshebel f\u00fcr die Entleerung befindet sich auf dem Armaturenbrett.<br \/>\nMit 4-Stufen-Schalter und gepanzerten Widerst\u00e4nden im Inneren des Tanks. Anzeigelampe f\u00fcr Stromversorgung und Widerstandsbetrieb.<\/p>\n<p><strong>Technische Merkmale:<\/strong><\/p>\n<ul>\n<li>AISI 304 und AISI 316 Stahl<\/li>\n<li>Manuelle Wasserbef\u00fcllung und Sicherheitshebel zum Entleeren<\/li>\n<li>Abmessungen: <strong>70x65x28h cm<\/strong><\/li>\n<li>Gewicht: 32 kg<\/li>\n<li>Leistung: 9 kW<\/li>\n<li>Alimentazione: 380-415V\/3N\/50-60Hz<\/li>\n<\/ul>","protected":false},"excerpt":{"rendered":"<p>Cuocipasta elettrico 1 vasca 40 Lt 9 kW 70x65x28h cm Piano, cestelli e supporto cestelli sono realizzati in acciaio inox AISI 304; la vasca \u00e8 realizzata in acciaio inox AISI 316, capacit\u00e0 40 L. Il rubinetto con leva di sicurezza per lo scarico \u00e8 posto sul cruscotto. Presenta commutatore a 4 posizioni e resistenze corazzate [&#8230;]","protected":false},"featured_media":32640,"comment_status":"closed","ping_status":"closed","template":"","meta":{"_monsterinsights_skip_tracking":false,"_monsterinsights_sitenote_active":false,"_monsterinsights_sitenote_note":"","_monsterinsights_sitenote_category":0},"product_brand":[775],"product_cat":[157,155],"product_tag":[],"class_list":{"0":"post-32760","1":"product","2":"type-product","3":"status-publish","4":"has-post-thumbnail","6":"product_brand-function","7":"product_cat-elettriche-cuocipasta","8":"product_cat-cuocipasta","9":"product_shipping_class-38","10":"pa_marca-function","12":"first","13":"instock","14":"taxable","15":"shipping-taxable","16":"purchasable","17":"product-type-simple"},"_links":{"self":[{"href":"https:\/\/www.creaearredanegozi.it\/de\/wp-json\/wp\/v2\/product\/32760","targetHints":{"allow":["GET"]}}],"collection":[{"href":"https:\/\/www.creaearredanegozi.it\/de\/wp-json\/wp\/v2\/product"}],"about":[{"href":"https:\/\/www.creaearredanegozi.it\/de\/wp-json\/wp\/v2\/types\/product"}],"replies":[{"embeddable":true,"href":"https:\/\/www.creaearredanegozi.it\/de\/wp-json\/wp\/v2\/comments?post=32760"}],"wp:featuredmedia":[{"embeddable":true,"href":"https:\/\/www.creaearredanegozi.it\/de\/wp-json\/wp\/v2\/media\/32640"}],"wp:attachment":[{"href":"https:\/\/www.creaearredanegozi.it\/de\/wp-json\/wp\/v2\/media?parent=32760"}],"wp:term":[{"taxonomy":"product_brand","embeddable":true,"href":"https:\/\/www.creaearredanegozi.it\/de\/wp-json\/wp\/v2\/product_brand?post=32760"},{"taxonomy":"product_cat","embeddable":true,"href":"https:\/\/www.creaearredanegozi.it\/de\/wp-json\/wp\/v2\/product_cat?post=32760"},{"taxonomy":"product_tag","embeddable":true,"href":"https:\/\/www.creaearredanegozi.it\/de\/wp-json\/wp\/v2\/product_tag?post=32760"}],"curies":[{"name":"wp","href":"https:\/\/api.w.org\/{rel}","templated":true}]}}