{"id":3394,"date":"2015-07-08T16:35:52","date_gmt":"2015-07-08T14:35:52","guid":{"rendered":"https:\/\/www.creaearredanegozi.it\/?post_type=product&#038;p=3394"},"modified":"2026-02-04T01:14:19","modified_gmt":"2026-02-04T00:14:19","slug":"summa-waage-waage","status":"publish","type":"product","link":"https:\/\/www.creaearredanegozi.it\/de\/summa-waage-waage\/","title":{"rendered":"Elektronische Tischwaage 12-30Kg Summa"},"content":{"rendered":"<div class=\"fusion-one-half fusion-layout-column fusion-spacing-yes\">\n<div class=\"fusion-column-wrapper\">\n<div class=\"fusion-title title fusion-sep-none fusion-title-size-four fusion-border-below-title\">\n<div>\n<div class=\"fusion-title title fusion-sep-none fusion-title-size-three fusion-border-below-title\">\n<p data-fontsize=\"17\" data-lineheight=\"23\"><strong>Tischwaage 12-30Kg Summa<\/strong><\/p>\n<p class=\"title-heading-left\" data-fontsize=\"17\" data-lineheight=\"23\">Eine Mischung aus Ideen und Erfahrung mit einem modernen Design und drei verf\u00fcgbaren Farben: schwarz, wei\u00df und rot. Duales LCD-Display zur Anzeige von Gewicht, Preis und Betrag. EASYLOADING-Drucker f\u00fcr schnelles Einlegen von Papier und langlebige Batterien.<\/p>\n<\/div>\n<div class=\"fusion-title title fusion-sep-none fusion-title-size-three fusion-border-below-title\">\n<p class=\"title-heading-left\" data-fontsize=\"17\" data-lineheight=\"23\">Erf\u00fcllt die Bed\u00fcrfnisse des Stra\u00dfenh\u00e4ndlers und des mittelgro\u00dfen Gesch\u00e4fts<\/p>\n<\/div>\n<\/div>\n<div><strong>Eigenschaften<\/strong><\/div>\n<div>Tastatur bestehend aus 61 Tasten auf Mikroschaltern<\/div>\n<div>Uhr und Datum automatisch wiederaufladbare interne Batterien<\/div>\n<div>6 Tasten f\u00fcr direkten Funktionsaufruf<\/div>\n<div>4 Betreiber + 4 Betreiber<\/div>\n<div>Name des einzelnen Betreibers<\/div>\n<div>Quittungskopf bestehend aus 5 Zeilen mit 26 Zeichen<\/div>\n<div>Logo auf der Quittung<\/div>\n<div>Halbautomatisch, manuelles Tarieren<\/div>\n<div>Wiederer\u00f6ffnung der Quittung auf Operator<\/div>\n<div>Kopie der Quittung pro Betreiber<\/div>\n<div>Preisblock - Tara-Block<\/div>\n<div>Direkte PLUs - Tastaturartikel 30\u00d72<\/div>\n<div>500 Artikel - PLUs \u00fcber die Tastatur aufrufbar<\/div>\n<div>200 programmierbare R\u00fcckverfolgbarkeit<\/div>\n<div>200 Chargencodes und 200 Rezepte - programmierbare Zutaten 6 Zeilen mit 26 Zeichen<\/div>\n<div>Druck Verpackungsdatum\/Verfallsdatum\/EAN-Strichcode 13<br \/>\nEinzelposten\/Gesamtposten<\/div>\n<div>3 Arbeitsmodi: Bon, Einzelposten, Etikett auf tr\u00e4gerlosem Papier drucken<\/div>\n<\/div>\n<\/div>\n<\/div>\n<hr \/>\n<h2><strong>Technische Daten<\/strong><\/h2>\n<div><strong>DRUCKER<\/strong><\/div>\n<div>Thermopapier 57\u00d720 mt x 12<\/div>\n<div>LINERLESS-Papier<\/div>\n<div class=\"span4\">EASYLOADING (schneller Papiereinzug)<\/div>\n<div class=\"fusion-title title fusion-sep-none fusion-title-size-four fusion-border-below-title\">\n<div><\/div>\n<div class=\"span4\"><strong>ANSCHLUSSF\u00c4HIGKEIT\u00a0<\/strong><\/div>\n<div class=\"span4\">\n<div>\n<div>RS 232-Schnittstelle zum Anschluss an einen PC<\/div>\n<div>ETHERNET-Schnittstelle zum Anschluss der Waage an ein lokales Netzwerk<\/div>\n<div>RS 232-Schnittstelle f\u00fcr Kassenanschluss XON-XOFF-Protokoll<\/div>\n<\/div>\n<\/div>\n<div class=\"span4\"><\/div>\n<\/div>\n<div class=\"fusion-title title fusion-sep-none fusion-title-size-four fusion-border-below-title\">\n<div class=\"span4\"><strong>ABMESSUNGEN<\/strong><\/div>\n<div class=\"span4\">\n<div>LXPXA 390x370x190\/610h<\/div>\n<div>Plattengr\u00f6\u00dfe 360\u00d7270<\/div>\n<\/div>\n<\/div>\n<p><strong>Farben: <\/strong><\/p>\n<ul>\n<li>Schwarz<\/li>\n<li>Wei\u00df<\/li>\n<li>Rot<\/li>\n<\/ul>\n<a href=\"https:\/\/www.creaearredanegozi.it\/wp-content\/uploads\/2015\/07\/summa.pdf\" target=\"_blank\" class=\"button primary is-primary is-medium\" rel=\"noopener\" >\n\t\t<span>Brosch\u00fcre<\/span>\n\t<\/a>","protected":false},"excerpt":{"rendered":"<div class=\"icon-box featured-box icon-box-right text-right\"  >\n\t\t\t\t\t<div class=\"icon-box-img\" style=\"width: 50px\">\n\t\t\t\t<div class=\"icon\">\n\t\t\t\t\t<div class=\"icon-inner\" >\n\t\t\t\t\t\t<img decoding=\"async\" src=\"https:\/\/www.creaearredanegozi.it\/wp-content\/uploads\/2018\/01\/free_truck.png\" alt=\"Kostenloser Versand nur innerhalb Italiens\"\/>\t\t\t\t\t<\/div>\n\t\t\t\t<\/div>\n\t\t\t<\/div>\n\t\t\t\t<div class=\"icon-box-text last-reset\">\n\t\t\t<h5 class=\"uppercase\">Kostenloser Versand nur innerhalb Italiens<\/h5>\t\t\t\t\t\t\t\t<\/div>\n\t<\/div>","protected":false},"featured_media":123424,"comment_status":"closed","ping_status":"closed","template":"","meta":{"_monsterinsights_skip_tracking":false,"_monsterinsights_sitenote_active":false,"_monsterinsights_sitenote_note":"","_monsterinsights_sitenote_category":0},"product_brand":[735],"product_cat":[130,23],"product_tag":[],"class_list":{"0":"post-3394","1":"product","2":"type-product","3":"status-publish","4":"has-post-thumbnail","6":"product_brand-waage","7":"product_cat-bilance","8":"product_cat-bilance-bilici","10":"first","11":"instock","12":"taxable","13":"shipping-taxable","14":"purchasable","15":"product-type-variable"},"_links":{"self":[{"href":"https:\/\/www.creaearredanegozi.it\/de\/wp-json\/wp\/v2\/product\/3394","targetHints":{"allow":["GET"]}}],"collection":[{"href":"https:\/\/www.creaearredanegozi.it\/de\/wp-json\/wp\/v2\/product"}],"about":[{"href":"https:\/\/www.creaearredanegozi.it\/de\/wp-json\/wp\/v2\/types\/product"}],"replies":[{"embeddable":true,"href":"https:\/\/www.creaearredanegozi.it\/de\/wp-json\/wp\/v2\/comments?post=3394"}],"wp:featuredmedia":[{"embeddable":true,"href":"https:\/\/www.creaearredanegozi.it\/de\/wp-json\/wp\/v2\/media\/123424"}],"wp:attachment":[{"href":"https:\/\/www.creaearredanegozi.it\/de\/wp-json\/wp\/v2\/media?parent=3394"}],"wp:term":[{"taxonomy":"product_brand","embeddable":true,"href":"https:\/\/www.creaearredanegozi.it\/de\/wp-json\/wp\/v2\/product_brand?post=3394"},{"taxonomy":"product_cat","embeddable":true,"href":"https:\/\/www.creaearredanegozi.it\/de\/wp-json\/wp\/v2\/product_cat?post=3394"},{"taxonomy":"product_tag","embeddable":true,"href":"https:\/\/www.creaearredanegozi.it\/de\/wp-json\/wp\/v2\/product_tag?post=3394"}],"curies":[{"name":"wp","href":"https:\/\/api.w.org\/{rel}","templated":true}]}}